{"id":38957,"date":"2021-05-02T10:21:14","date_gmt":"2021-05-02T08:21:14","guid":{"rendered":"https:\/\/kinqsta.com\/?page_id=92464"},"modified":"2024-03-18T21:59:04","modified_gmt":"2024-03-18T21:59:04","slug":"webbplatssakerhet-cheat-sheet","status":"publish","type":"page","link":"https:\/\/kinqsta.com\/se\/cheat-sheets\/webbplatssakerhet-cheat-sheet\/","title":{"rendered":"Webbplatss\u00e4kerhet cheat sheat"},"content":{"rendered":"\n<header class=\"wp-block-kinsta-hero-title is-style-center-screenshot alignfull\"><div class=\"wp-block-kinsta-hero-title__inner\">\n<div class=\"wp-block-kinsta-columns is-vertical-center\">\n<div class=\"wp-block-kinsta-column wp-block-kinsta-columns__column\">\n<div class=\"wp-block-kinsta-hero-title-content wp-block-kinsta-hero-title__content\"><h1 class=\"wp-block-kinsta-hero-title__title\">Webbplatss\u00e4kerhet cheat sheat<\/h1>\n<p>Kom ig\u00e5ng med att skydda ditt varum\u00e4rkes rykte och minska risken f\u00f6r s\u00e4kerhetsintr\u00e5ng med dessa fem kraftfulla s\u00e4tt att st\u00e4rka din webbplats och din datas\u00e4kerhet.<\/p>\n\n\n\n<div class=\"wp-block-kinsta-buttons alignleft\">\n<a class=\"wp-block-kinsta-button has-turquoise-color\" href=\"#download\">Ladda ner gratis<\/a>\n\n\n<\/div>\n<\/div>\n<\/div>\n\n\n\n<div class=\"wp-block-kinsta-column wp-block-kinsta-columns__column\">\n<div class=\"wp-block-kinsta-hero-title-secondary wp-block-kinsta-hero-title__secondary\"><\/div>\n<\/div>\n<\/div>\n<\/div><\/header>\n\n\n<dialog  id=\"download\" class=\"dialog\" aria-hidden=\"true\">\n    <header class=\"dialog__header\">\n                    <h2 class=\"dialog__title\">\n                Ladda ner Cheatsheet            <\/h2>\n            <\/header>\n\n    <div class=\"dialog__content\">\n        <div class=\"signup-modal\">\n    <kinsta-form show-name=\"true\" show-message=\"false\" submit-button-text=\"Ladda ner\" success-title=\"Tack!\" success-message=\"Vi hoppas att du tycker om det!\" hubspot-source=\"site-security-cheat-sheet\" show-phone=\"false\" show-website=\"false\" show-company=\"true\" show-disk-space=\"false\" show-monthly-visits=\"false\" show-average-project-budget=\"false\" show-services-provided=\"false\" show-number-of-websites=\"false\" submit-button-text-loading=\"Startar nedladdning\" success-redirect=\"https:\/\/kinqsta.com\/se\/wp-content\/uploads\/sites\/9\/2024\/03\/SE-site-security-cheat-sheet.pdf\"><\/kinsta-form>\n<\/div>\n    <\/div>\n\n    <\/dialog>\n\n\n\n<div class=\"wp-block-kinsta-columns is-vertical-center\">\n<div class=\"wp-block-kinsta-column wp-block-kinsta-columns__column\">\n<h2 class=\"wp-block-heading\" id=\"h-h-r-r-hur-du-tar-din-s-kerhet-ett-steg-l-ngre\">H\u00e4r \u00e4r hur du tar din s\u00e4kerhet ett steg l\u00e4ngre<\/h2>\n\n\n\n<p>T\u00e4nk p\u00e5 v\u00e5rt <strong>Webbplatss\u00e4kerhet cheat sheat<\/strong> som trailern f\u00f6r v\u00e5r l\u00e5ngfilm, eller i det h\u00e4r fallet gratis e-bok.. <a href=\"https:\/\/kinqsta.com\/se\/ebooks\/wordpress\/hur-man-sakrar-wordpress-webbplatser\/\"><strong>The Ultimate Guide to Securing Client Sites<\/strong><\/a><strong> <\/strong>t\u00e4cker ytterligare 11 rekommendationer som du kan implementera f\u00f6r att minska sannolikheten f\u00f6r hack eller s\u00e4kerhetsintr\u00e5ng.<\/p>\n\n\n\n<h3 class=\"wp-block-heading\" id=\"h-vad-du-l-r-dig\">Vad du l\u00e4r dig:<\/h3>\n\n\n\n<ul class=\"wp-block-list\">\n<li>Komplexa anv\u00e4ndarnamn och l\u00f6senord<\/li>\n\n\n\n<li>Anv\u00e4nda HTTPS f\u00f6r krypterade anslutningar, \u00e4ven f\u00f6r webbplatser som inte \u00e4r e-handel<\/li>\n\n\n\n<li>Inaktiverar XML RPC<\/li>\n\n\n\n<li>L\u00e4gga till de senaste HTTP- s\u00e4kerhetsrubrikerna<\/li>\n\n\n\n<li>S\u00e4kerhetsplugin<\/li>\n<\/ul>\n\n\n\n<div class=\"wp-block-kinsta-buttons\">\n<a class=\"wp-block-kinsta-button\" href=\"https:\/\/kinqsta.com\/se\/ebooks\/wordpress\/hur-man-sakrar-wordpress-webbplatser\/\">Ladda ner e-boken<\/a>\n<\/div>\n<\/div>\n\n\n\n<div class=\"wp-block-kinsta-column wp-block-kinsta-columns__column\">\n<figure class=\"wp-block-image aligncenter size-large is-style-plain\"><a href=\"https:\/\/kinqsta.com\/wp-content\/uploads\/2021\/04\/EBOOK-securing-client-sites.png\"><img decoding=\"async\" src=\"https:\/\/kinqsta.com\/wp-content\/uploads\/2021\/04\/EBOOK-securing-client-sites.png\" alt class=\"wp-image-93936\"><\/a><\/figure>\n<\/div>\n<\/div>\n","protected":false},"excerpt":{"rendered":"","protected":false},"author":155,"featured_media":54725,"parent":38951,"menu_order":0,"comment_status":"closed","ping_status":"closed","template":"","meta":{"_kinsta_gated_content":false,"_kinsta_gated_content_redirect":"\/cheatsheets\/","footnotes":""},"class_list":["post-38957","page","type-page","status-publish","has-post-thumbnail","hentry"],"yoast_head":"<!-- This site is optimized with the Yoast SEO Premium plugin v24.6 (Yoast SEO v24.6) - https:\/\/yoast.com\/wordpress\/plugins\/seo\/ -->\n<title>Webbplatss\u00e4kerhet cheat sheat - Kinsta\u00ae<\/title>\n<meta name=\"description\" content=\"Skydda ditt varum\u00e4rkes rykte och minska risken f\u00f6r s\u00e4kerhetsintr\u00e5ng med dessa 5 effektiva s\u00e4tt att st\u00e4rka din webbplats och datas\u00e4kerhet.\" \/>\n<meta name=\"robots\" content=\"index, follow, max-snippet:-1, max-image-preview:large, max-video-preview:-1\" \/>\n<link rel=\"canonical\" href=\"https:\/\/kinqsta.com\/se\/cheat-sheets\/webbplatssakerhet-cheat-sheet\/\" \/>\n<meta property=\"og:locale\" content=\"sv_SE\" \/>\n<meta property=\"og:type\" content=\"article\" \/>\n<meta property=\"og:title\" content=\"Webbplatss\u00e4kerhet cheat sheat\" \/>\n<meta property=\"og:description\" content=\"Skydda ditt varum\u00e4rkes rykte och minska risken f\u00f6r s\u00e4kerhetsintr\u00e5ng med dessa 5 effektiva s\u00e4tt att st\u00e4rka din webbplats och datas\u00e4kerhet.\" \/>\n<meta property=\"og:url\" content=\"https:\/\/kinqsta.com\/se\/cheat-sheets\/webbplatssakerhet-cheat-sheet\/\" \/>\n<meta property=\"og:site_name\" content=\"Kinsta\u00ae\" \/>\n<meta property=\"article:publisher\" content=\"https:\/\/www.facebook.com\/kinstasweden\/\" \/>\n<meta property=\"article:modified_time\" content=\"2024-03-18T21:59:04+00:00\" \/>\n<meta property=\"og:image\" content=\"https:\/\/kinqsta.com\/se\/wp-content\/uploads\/sites\/9\/2023\/08\/Site-Security-SE.jpg\" \/>\n\t<meta property=\"og:image:width\" content=\"1200\" \/>\n\t<meta property=\"og:image:height\" content=\"628\" \/>\n\t<meta property=\"og:image:type\" content=\"image\/jpeg\" \/>\n<meta name=\"twitter:card\" content=\"summary_large_image\" \/>\n<meta name=\"twitter:description\" content=\"Skydda ditt varum\u00e4rkes rykte och minska risken f\u00f6r s\u00e4kerhetsintr\u00e5ng med dessa 5 effektiva s\u00e4tt att st\u00e4rka din webbplats och datas\u00e4kerhet.\" \/>\n<meta name=\"twitter:image\" content=\"https:\/\/kinqsta.com\/se\/wp-content\/uploads\/sites\/9\/2023\/08\/Site-Security-SE.jpg\" \/>\n<meta name=\"twitter:site\" content=\"@kinsta_se\" \/>\n<meta name=\"twitter:label1\" content=\"Ber\u00e4knad l\u00e4stid\" \/>\n\t<meta name=\"twitter:data1\" content=\"1 minut\" \/>\n<script type=\"application\/ld+json\" class=\"yoast-schema-graph\">{\"@context\":\"https:\/\/schema.org\",\"@graph\":[{\"@type\":\"WebPage\",\"@id\":\"https:\/\/kinqsta.com\/se\/cheat-sheets\/webbplatssakerhet-cheat-sheet\/\",\"url\":\"https:\/\/kinqsta.com\/se\/cheat-sheets\/webbplatssakerhet-cheat-sheet\/\",\"name\":\"Webbplatss\u00e4kerhet cheat sheat - Kinsta\u00ae\",\"isPartOf\":{\"@id\":\"https:\/\/kinqsta.com\/se\/#website\"},\"primaryImageOfPage\":{\"@id\":\"https:\/\/kinqsta.com\/se\/cheat-sheets\/webbplatssakerhet-cheat-sheet\/#primaryimage\"},\"image\":{\"@id\":\"https:\/\/kinqsta.com\/se\/cheat-sheets\/webbplatssakerhet-cheat-sheet\/#primaryimage\"},\"thumbnailUrl\":\"https:\/\/kinqsta.com\/se\/wp-content\/uploads\/sites\/9\/2023\/08\/Site-Security-SE.jpg\",\"datePublished\":\"2021-05-02T08:21:14+00:00\",\"dateModified\":\"2024-03-18T21:59:04+00:00\",\"description\":\"Skydda ditt varum\u00e4rkes rykte och minska risken f\u00f6r s\u00e4kerhetsintr\u00e5ng med dessa 5 effektiva s\u00e4tt att st\u00e4rka din webbplats och datas\u00e4kerhet.\",\"breadcrumb\":{\"@id\":\"https:\/\/kinqsta.com\/se\/cheat-sheets\/webbplatssakerhet-cheat-sheet\/#breadcrumb\"},\"inLanguage\":\"sv-SE\",\"potentialAction\":[{\"@type\":\"ReadAction\",\"target\":[\"https:\/\/kinqsta.com\/se\/cheat-sheets\/webbplatssakerhet-cheat-sheet\/\"]}]},{\"@type\":\"ImageObject\",\"inLanguage\":\"sv-SE\",\"@id\":\"https:\/\/kinqsta.com\/se\/cheat-sheets\/webbplatssakerhet-cheat-sheet\/#primaryimage\",\"url\":\"https:\/\/kinqsta.com\/se\/wp-content\/uploads\/sites\/9\/2023\/08\/Site-Security-SE.jpg\",\"contentUrl\":\"https:\/\/kinqsta.com\/se\/wp-content\/uploads\/sites\/9\/2023\/08\/Site-Security-SE.jpg\",\"width\":1200,\"height\":628},{\"@type\":\"BreadcrumbList\",\"@id\":\"https:\/\/kinqsta.com\/se\/cheat-sheets\/webbplatssakerhet-cheat-sheet\/#breadcrumb\",\"itemListElement\":[{\"@type\":\"ListItem\",\"position\":1,\"name\":\"Home\",\"item\":\"https:\/\/kinqsta.com\/se\/\"},{\"@type\":\"ListItem\",\"position\":2,\"name\":\"Cheat Sheets\",\"item\":\"https:\/\/kinqsta.com\/se\/cheat-sheets\/\"},{\"@type\":\"ListItem\",\"position\":3,\"name\":\"Webbplatss\u00e4kerhet cheat sheat\"}]},{\"@type\":\"WebSite\",\"@id\":\"https:\/\/kinqsta.com\/se\/#website\",\"url\":\"https:\/\/kinqsta.com\/se\/\",\"name\":\"Kinsta\u00ae\",\"description\":\"Snabba, s\u00e4kra, premium hosting-l\u00f6sningar\",\"publisher\":{\"@id\":\"https:\/\/kinqsta.com\/se\/#organization\"},\"potentialAction\":[{\"@type\":\"SearchAction\",\"target\":{\"@type\":\"EntryPoint\",\"urlTemplate\":\"https:\/\/kinqsta.com\/se\/?s={search_term_string}\"},\"query-input\":{\"@type\":\"PropertyValueSpecification\",\"valueRequired\":true,\"valueName\":\"search_term_string\"}}],\"inLanguage\":\"sv-SE\"},{\"@type\":\"Organization\",\"@id\":\"https:\/\/kinqsta.com\/se\/#organization\",\"name\":\"Kinsta\",\"url\":\"https:\/\/kinqsta.com\/se\/\",\"logo\":{\"@type\":\"ImageObject\",\"inLanguage\":\"sv-SE\",\"@id\":\"https:\/\/kinqsta.com\/se\/#\/schema\/logo\/image\/\",\"url\":\"https:\/\/kinqsta.com\/se\/wp-content\/uploads\/sites\/9\/2023\/12\/kinsta-logo.jpeg\",\"contentUrl\":\"https:\/\/kinqsta.com\/se\/wp-content\/uploads\/sites\/9\/2023\/12\/kinsta-logo.jpeg\",\"width\":500,\"height\":500,\"caption\":\"Kinsta\"},\"image\":{\"@id\":\"https:\/\/kinqsta.com\/se\/#\/schema\/logo\/image\/\"},\"sameAs\":[\"https:\/\/www.facebook.com\/kinstasweden\/\",\"https:\/\/x.com\/kinsta_se\",\"https:\/\/www.instagram.com\/kinstahosting\/\",\"https:\/\/www.linkedin.com\/company\/kinsta\/\",\"https:\/\/www.pinterest.com\/kinstahosting\/\",\"https:\/\/www.youtube.com\/c\/Kinsta\"]}]}<\/script>\n<!-- \/ Yoast SEO Premium plugin. -->","yoast_head_json":{"title":"Webbplatss\u00e4kerhet cheat sheat - Kinsta\u00ae","description":"Skydda ditt varum\u00e4rkes rykte och minska risken f\u00f6r s\u00e4kerhetsintr\u00e5ng med dessa 5 effektiva s\u00e4tt att st\u00e4rka din webbplats och datas\u00e4kerhet.","robots":{"index":"index","follow":"follow","max-snippet":"max-snippet:-1","max-image-preview":"max-image-preview:large","max-video-preview":"max-video-preview:-1"},"canonical":"https:\/\/kinqsta.com\/se\/cheat-sheets\/webbplatssakerhet-cheat-sheet\/","og_locale":"sv_SE","og_type":"article","og_title":"Webbplatss\u00e4kerhet cheat sheat","og_description":"Skydda ditt varum\u00e4rkes rykte och minska risken f\u00f6r s\u00e4kerhetsintr\u00e5ng med dessa 5 effektiva s\u00e4tt att st\u00e4rka din webbplats och datas\u00e4kerhet.","og_url":"https:\/\/kinqsta.com\/se\/cheat-sheets\/webbplatssakerhet-cheat-sheet\/","og_site_name":"Kinsta\u00ae","article_publisher":"https:\/\/www.facebook.com\/kinstasweden\/","article_modified_time":"2024-03-18T21:59:04+00:00","og_image":[{"width":1200,"height":628,"url":"https:\/\/kinqsta.com\/se\/wp-content\/uploads\/sites\/9\/2023\/08\/Site-Security-SE.jpg","type":"image\/jpeg"}],"twitter_card":"summary_large_image","twitter_description":"Skydda ditt varum\u00e4rkes rykte och minska risken f\u00f6r s\u00e4kerhetsintr\u00e5ng med dessa 5 effektiva s\u00e4tt att st\u00e4rka din webbplats och datas\u00e4kerhet.","twitter_image":"https:\/\/kinqsta.com\/se\/wp-content\/uploads\/sites\/9\/2023\/08\/Site-Security-SE.jpg","twitter_site":"@kinsta_se","twitter_misc":{"Ber\u00e4knad l\u00e4stid":"1 minut"},"schema":{"@context":"https:\/\/schema.org","@graph":[{"@type":"WebPage","@id":"https:\/\/kinqsta.com\/se\/cheat-sheets\/webbplatssakerhet-cheat-sheet\/","url":"https:\/\/kinqsta.com\/se\/cheat-sheets\/webbplatssakerhet-cheat-sheet\/","name":"Webbplatss\u00e4kerhet cheat sheat - Kinsta\u00ae","isPartOf":{"@id":"https:\/\/kinqsta.com\/se\/#website"},"primaryImageOfPage":{"@id":"https:\/\/kinqsta.com\/se\/cheat-sheets\/webbplatssakerhet-cheat-sheet\/#primaryimage"},"image":{"@id":"https:\/\/kinqsta.com\/se\/cheat-sheets\/webbplatssakerhet-cheat-sheet\/#primaryimage"},"thumbnailUrl":"https:\/\/kinqsta.com\/se\/wp-content\/uploads\/sites\/9\/2023\/08\/Site-Security-SE.jpg","datePublished":"2021-05-02T08:21:14+00:00","dateModified":"2024-03-18T21:59:04+00:00","description":"Skydda ditt varum\u00e4rkes rykte och minska risken f\u00f6r s\u00e4kerhetsintr\u00e5ng med dessa 5 effektiva s\u00e4tt att st\u00e4rka din webbplats och datas\u00e4kerhet.","breadcrumb":{"@id":"https:\/\/kinqsta.com\/se\/cheat-sheets\/webbplatssakerhet-cheat-sheet\/#breadcrumb"},"inLanguage":"sv-SE","potentialAction":[{"@type":"ReadAction","target":["https:\/\/kinqsta.com\/se\/cheat-sheets\/webbplatssakerhet-cheat-sheet\/"]}]},{"@type":"ImageObject","inLanguage":"sv-SE","@id":"https:\/\/kinqsta.com\/se\/cheat-sheets\/webbplatssakerhet-cheat-sheet\/#primaryimage","url":"https:\/\/kinqsta.com\/se\/wp-content\/uploads\/sites\/9\/2023\/08\/Site-Security-SE.jpg","contentUrl":"https:\/\/kinqsta.com\/se\/wp-content\/uploads\/sites\/9\/2023\/08\/Site-Security-SE.jpg","width":1200,"height":628},{"@type":"BreadcrumbList","@id":"https:\/\/kinqsta.com\/se\/cheat-sheets\/webbplatssakerhet-cheat-sheet\/#breadcrumb","itemListElement":[{"@type":"ListItem","position":1,"name":"Home","item":"https:\/\/kinqsta.com\/se\/"},{"@type":"ListItem","position":2,"name":"Cheat Sheets","item":"https:\/\/kinqsta.com\/se\/cheat-sheets\/"},{"@type":"ListItem","position":3,"name":"Webbplatss\u00e4kerhet cheat sheat"}]},{"@type":"WebSite","@id":"https:\/\/kinqsta.com\/se\/#website","url":"https:\/\/kinqsta.com\/se\/","name":"Kinsta\u00ae","description":"Snabba, s\u00e4kra, premium hosting-l\u00f6sningar","publisher":{"@id":"https:\/\/kinqsta.com\/se\/#organization"},"potentialAction":[{"@type":"SearchAction","target":{"@type":"EntryPoint","urlTemplate":"https:\/\/kinqsta.com\/se\/?s={search_term_string}"},"query-input":{"@type":"PropertyValueSpecification","valueRequired":true,"valueName":"search_term_string"}}],"inLanguage":"sv-SE"},{"@type":"Organization","@id":"https:\/\/kinqsta.com\/se\/#organization","name":"Kinsta","url":"https:\/\/kinqsta.com\/se\/","logo":{"@type":"ImageObject","inLanguage":"sv-SE","@id":"https:\/\/kinqsta.com\/se\/#\/schema\/logo\/image\/","url":"https:\/\/kinqsta.com\/se\/wp-content\/uploads\/sites\/9\/2023\/12\/kinsta-logo.jpeg","contentUrl":"https:\/\/kinqsta.com\/se\/wp-content\/uploads\/sites\/9\/2023\/12\/kinsta-logo.jpeg","width":500,"height":500,"caption":"Kinsta"},"image":{"@id":"https:\/\/kinqsta.com\/se\/#\/schema\/logo\/image\/"},"sameAs":["https:\/\/www.facebook.com\/kinstasweden\/","https:\/\/x.com\/kinsta_se","https:\/\/www.instagram.com\/kinstahosting\/","https:\/\/www.linkedin.com\/company\/kinsta\/","https:\/\/www.pinterest.com\/kinstahosting\/","https:\/\/www.youtube.com\/c\/Kinsta"]}]}},"acf":[],"_links":{"self":[{"href":"https:\/\/kinqsta.com\/se\/wp-json\/wp\/v2\/pages\/38957","targetHints":{"allow":["GET"]}}],"collection":[{"href":"https:\/\/kinqsta.com\/se\/wp-json\/wp\/v2\/pages"}],"about":[{"href":"https:\/\/kinqsta.com\/se\/wp-json\/wp\/v2\/types\/page"}],"author":[{"embeddable":true,"href":"https:\/\/kinqsta.com\/se\/wp-json\/wp\/v2\/users\/155"}],"replies":[{"embeddable":true,"href":"https:\/\/kinqsta.com\/se\/wp-json\/wp\/v2\/comments?post=38957"}],"version-history":[{"count":11,"href":"https:\/\/kinqsta.com\/se\/wp-json\/wp\/v2\/pages\/38957\/revisions"}],"predecessor-version":[{"id":56617,"href":"https:\/\/kinqsta.com\/se\/wp-json\/wp\/v2\/pages\/38957\/revisions\/56617"}],"up":[{"embeddable":true,"href":"https:\/\/kinqsta.com\/se\/wp-json\/wp\/v2\/pages\/38951"}],"alternate":[{"embeddable":true,"hreflang":"en","title":"English","href":"https:\/\/kinqsta.com\/se\/wp-json\/kinsta\/v1\/posts\/38957\/translations\/en"},{"embeddable":true,"hreflang":"da","title":"Danish","href":"https:\/\/kinqsta.com\/se\/wp-json\/kinsta\/v1\/posts\/38957\/translations\/dk"},{"embeddable":true,"hreflang":"nl","title":"Dutch","href":"https:\/\/kinqsta.com\/se\/wp-json\/kinsta\/v1\/posts\/38957\/translations\/nl"},{"embeddable":true,"hreflang":"fr","title":"French","href":"https:\/\/kinqsta.com\/se\/wp-json\/kinsta\/v1\/posts\/38957\/translations\/fr"},{"embeddable":true,"hreflang":"de","title":"German","href":"https:\/\/kinqsta.com\/se\/wp-json\/kinsta\/v1\/posts\/38957\/translations\/de"},{"embeddable":true,"hreflang":"it","title":"Italian","href":"https:\/\/kinqsta.com\/se\/wp-json\/kinsta\/v1\/posts\/38957\/translations\/it"},{"embeddable":true,"hreflang":"ja","title":"Japanese","href":"https:\/\/kinqsta.com\/se\/wp-json\/kinsta\/v1\/posts\/38957\/translations\/jp"},{"embeddable":true,"hreflang":"pt","title":"Portuguese","href":"https:\/\/kinqsta.com\/se\/wp-json\/kinsta\/v1\/posts\/38957\/translations\/pt"},{"embeddable":true,"hreflang":"es","title":"Spanish","href":"https:\/\/kinqsta.com\/se\/wp-json\/kinsta\/v1\/posts\/38957\/translations\/es"},{"embeddable":true,"hreflang":"sv","title":"Swedish","href":"https:\/\/kinqsta.com\/se\/wp-json\/kinsta\/v1\/posts\/38957\/translations\/se"},{"href":"https:\/\/kinqsta.com\/se\/wp-json\/kinsta\/v1\/posts\/38957\/tree"}],"wp:featuredmedia":[{"embeddable":true,"href":"https:\/\/kinqsta.com\/se\/wp-json\/wp\/v2\/media\/54725"}],"wp:attachment":[{"href":"https:\/\/kinqsta.com\/se\/wp-json\/wp\/v2\/media?parent=38957"}],"curies":[{"name":"wp","href":"https:\/\/api.w.org\/{rel}","templated":true}]}}