{"id":61943,"date":"2023-08-09T06:05:57","date_gmt":"2023-08-09T09:05:57","guid":{"rendered":"https:\/\/kinqsta.com\/pt\/?page_id=61943&#038;preview_id=61943"},"modified":"2024-06-21T05:50:24","modified_gmt":"2024-06-21T08:50:24","slug":"termos-de-indicacao","status":"publish","type":"page","link":"https:\/\/kinqsta.com\/pt\/informacoes-legais\/termos-de-indicacao\/","title":{"rendered":"Termos e Condi\u00e7\u00f5es do Programa de Indica\u00e7\u00e3o de Clientes"},"content":{"rendered":"<aside role=\"note\" class=\"wp-block-kinsta-notice is-style-plain\">\n        <p>Esta \u00e9 uma tradu\u00e7\u00e3o original para o portugu\u00eas da se\u00e7\u00e3o jur\u00eddica em ingl\u00eas. Observe que, embora fa\u00e7amos todas as precau\u00e7\u00f5es para garantir que o texto abaixo esteja correto, no caso de qualquer discrep\u00e2ncia entre as duas vers\u00f5es, a vers\u00e3o em ingl\u00eas prevalecer\u00e1. O texto legal original pode ser encontrado <a href=\"https:\/\/kinqsta.com\/legal\/referral-terms\/\" target=\"_blank\" rel=\"noopener noreferrer\" data-no-translate>aqui<\/a>.<\/p>\n<\/aside>\n\n\n\n\n<p>Atualizado em: 7 de agosto de 2023<\/p>\n\n\n\n<h2 class=\"wp-block-heading\" id=\"h-1-introdu-o-escopo-elegibilidade\">1. Introdu\u00e7\u00e3o; Escopo; Elegibilidade.<\/h2>\n\n\n\n<ol start=\"1\" class=\"is-style-lower-alpha wp-block-list\">\n<li>Estes Termos e Condi\u00e7\u00f5es do Programa de Indica\u00e7\u00e3o de Clientes (&#8220;<strong>Termos<\/strong>&#8220;) regem o Programa de Indica\u00e7\u00e3o de Clientes da Kinsta (&#8220;<strong>Programa de Indica\u00e7\u00e3o<\/strong>&#8220;), pelo qual os Clientes ativos podem receber cr\u00e9ditos em seu Plano de Hospedagem em troca da indica\u00e7\u00e3o de um novo cliente para a Kinsta (&#8220;<strong>Cr\u00e9ditos de Indica\u00e7\u00e3o<\/strong>&#8220;). Ao participar do Programa de Indica\u00e7\u00e3o de qualquer forma ou usar os Cr\u00e9ditos de Indica\u00e7\u00e3o, voc\u00ea concorda com estes Termos.<\/li>\n\n\n\n<li>Estes Termos complementam os <a href=\"https:\/\/kinqsta.com\/pt\/informacoes-legais\/termos-servico\/\">Termos de Servi\u00e7o<\/a> (<strong>&#8220;ToS&#8221;<\/strong>). Quando o ToS menciona &#8220;Servi\u00e7os&#8221;, isso tamb\u00e9m inclui \u00e0 sua participa\u00e7\u00e3o no Programa de Indica\u00e7\u00e3o. Qualquer termo em mai\u00fasculas que n\u00e3o est\u00e1 explicado aqui tem seu significado no ToS. Se houver alguma discrep\u00e2ncia entre este documento e o ToS, o que est\u00e1 escrito aqui tem prioridade, mas somente em rela\u00e7\u00e3o ao Programa de Indica\u00e7\u00e3o.<\/li>\n\n\n\n<li>Informa\u00e7\u00f5es adicionais sobre o Programa de Indica\u00e7\u00e3o, incluindo como participar, como ganhar Cr\u00e9ditos de Indica\u00e7\u00e3o e o prazo e os valores dos Cr\u00e9ditos de Indica\u00e7\u00e3o, est\u00e3o dispon\u00edveis em <a href=\"https:\/\/kinqsta.com\/pt\/docs\/informacoes-de-servico\/faq-de-indicacoes\/\">https:\/\/kinqsta.com\/docs\/service-information\/referrals-faq\/<\/a> (&#8220;<strong>P\u00e1gina de Informa\u00e7\u00f5es<\/strong>&#8220;), que poder\u00e1 ser atualizada a qualquer momento, a crit\u00e9rio exclusivo da Kinsta. Se houver conflito entre estes Termos e a P\u00e1gina de Informa\u00e7\u00f5es, as disposi\u00e7\u00f5es destes Termos prevalecer\u00e3o.<\/li>\n\n\n\n<li>A Kinsta se reserva o direito de fazer altera\u00e7\u00f5es nestes Termos a qualquer momento. A Kinsta notificar\u00e1 voc\u00ea sobre tais altera\u00e7\u00f5es, revisando a data na parte superior destes Termos. A continuidade da sua participa\u00e7\u00e3o no Programa de Indica\u00e7\u00e3o ap\u00f3s quaisquer altera\u00e7\u00f5es nestes Termos constituir\u00e1 \u00e0 sua aceita\u00e7\u00e3o de tais altera\u00e7\u00f5es.<\/li>\n\n\n\n<li>Qualquer Cliente com um Plano de Hospedagem ativo no MyKinsta \u00e9 eleg\u00edvel para o Programa de Indica\u00e7\u00e3o.<\/li>\n<\/ol>\n\n\n\n<h2 class=\"wp-block-heading\" id=\"h-2-cr-ditos-de-indica-o\">2. Cr\u00e9ditos de Indica\u00e7\u00e3o.<\/h2>\n\n\n\n<ol start=\"1\" class=\"is-style-lower-alpha wp-block-list\">\n<li>Os Cr\u00e9ditos de Indica\u00e7\u00e3o ser\u00e3o aplicados para compensar as Taxas eleg\u00edveis incorridas para o seu Plano de Hospedagem. Voc\u00ea n\u00e3o pode vender, licenciar, alugar ou transferir um Cr\u00e9dito de Indica\u00e7\u00e3o. Os Cr\u00e9ditos por Indica\u00e7\u00e3o n\u00e3o t\u00eam valor intr\u00ednseco ou em dinheiro, n\u00e3o podem ser resgatados em dinheiro e n\u00e3o s\u00e3o reembols\u00e1veis.<\/li>\n\n\n\n<li>Todos os Cr\u00e9ditos de Indica\u00e7\u00e3o n\u00e3o utilizados ser\u00e3o perdidos e anulados (i) ap\u00f3s a rescis\u00e3o do seu Plano de Hospedagem ou (ii) em caso de fraude ou abuso, ou viola\u00e7\u00e3o do ToS, destes Termos ou de qualquer outra lei, termos, pol\u00edticas ou instru\u00e7\u00f5es aplic\u00e1veis. <\/li>\n\n\n\n<li>A Kinsta reserva-se o direito de cobrar do seu Plano de Hospedagem ou obter o reembolso do valor de quaisquer Cr\u00e9ditos de Indica\u00e7\u00e3o utilizados que tenham sido obtidos de forma fraudulenta, ilegal ou indevida ou que n\u00e3o tenham sido autorizados. <\/li>\n\n\n\n<li>Os Cr\u00e9ditos de Indica\u00e7\u00e3o ser\u00e3o somente aplicados a um Cliente para cada indica\u00e7\u00e3o. As controv\u00e9rsias sobre qual Cliente ou terceiro deve receber um Cr\u00e9dito de Indica\u00e7\u00e3o ser\u00e3o resolvidas a crit\u00e9rio exclusivo da Kinsta.<\/li>\n\n\n\n<li>A Kinsta n\u00e3o \u00e9 respons\u00e1vel por cookies de rastreamento do Programa de Indica\u00e7\u00f5es que tenham sido exclu\u00eddos intencionalmente ou n\u00e3o. Voc\u00ea n\u00e3o receber\u00e1 nenhum Cr\u00e9dito de Indica\u00e7\u00e3o por erros de rastreamento de qualquer tipo.<\/li>\n\n\n\n<li>Voc\u00ea \u00e9 o \u00fanico respons\u00e1vel por quaisquer obriga\u00e7\u00f5es fiscais relacionadas ao seu recebimento e uso de Cr\u00e9ditos de Indica\u00e7\u00e3o.<\/li>\n\n\n\n<li>As indica\u00e7\u00f5es de Servi\u00e7os Beta, hospedagem de sites est\u00e1ticos ou quaisquer outros Servi\u00e7os gratuitos n\u00e3o se qualificam para Cr\u00e9ditos de Indica\u00e7\u00e3o.<\/li>\n<\/ol>\n\n\n\n<h2 class=\"wp-block-heading\" id=\"h-3-m-todos-e-restri-es-promocionais\">3. M\u00e9todos e Restri\u00e7\u00f5es Promocionais.<\/h2>\n\n\n\n<ol start=\"1\" class=\"is-style-lower-alpha wp-block-list\">\n<li>O Cliente \u00e9 respons\u00e1vel por qualquer conte\u00fado utilizado pelo Cliente para promover a Kinsta com o Programa de Indica\u00e7\u00e3o (&#8220;<strong>Conte\u00fado Promocional<\/strong>&#8220;). O Conte\u00fado Promocional poder\u00e1 incluir vers\u00f5es autorizadas das marcas registradas e logos da Kinsta, de acordo com o site <a href=\"https:\/\/kinqsta.com\/pt\/imprensa\/\">https:\/\/kinqsta.com\/press.<\/a><\/li>\n\n\n\n<li>O Cliente dever\u00e1 cumprir prontamente as instru\u00e7\u00f5es da Kinsta para modificar ou remover o Conte\u00fado Promocional.<\/li>\n\n\n\n<li>O Conte\u00fado Promocional dever\u00e1 estar em conformidade com as <a href=\"https:\/\/www.ftc.gov\/business-guidance\/advertising-marketing\/endorsements-influencers-reviews\">regras de endosso da Federal Trade Commission (FTC)<\/a> e quaisquer outras leis aplic\u00e1veis, incluindo uma notifica\u00e7\u00e3o de que o Cliente poder\u00e1 receber um Cr\u00e9dito de Indica\u00e7\u00e3o.<\/li>\n\n\n\n<li>O Conte\u00fado Promocional n\u00e3o poder\u00e1:\n<ol class=\"wp-block-list\">\n<li>Fazer propaganda enganosa dos Servi\u00e7os de qualquer forma, incluindo seus pre\u00e7os, planos, descontos ou funcionalidade;<\/li>\n\n\n\n<li>Oferecer ou fornecer quaisquer garantias, incentivos, recompensas ou indeniza\u00e7\u00f5es, exceto conforme estabelecido em nosso ToS ou aprovado por escrito pela Kinsta;<\/li>\n\n\n\n<li>Desprezar a Kinsta e seus representantes, os Servi\u00e7os ou o Programa de Indica\u00e7\u00e3o;<\/li>\n\n\n\n<li>Usar qualquer m\u00e9todo de publicidade ilegal ou spam;<\/li>\n\n\n\n<li>Competir ou interferir com os esfor\u00e7os de publicidade direta da Kinsta. Periodicamente, a Kinsta poder\u00e1 optar por se envolver em publicidade direta on-line. O Cliente n\u00e3o dever\u00e1 colocar an\u00fancios que visem as marcas registradas e marcas de servi\u00e7o da Kinsta ou colocar an\u00fancios que, de alguma forma, anunciem ou exibam as marcas registradas ou marcas de servi\u00e7o da Kinsta. Isso significa, entre outras coisas, que o Cliente n\u00e3o deve dar lances (em rela\u00e7\u00e3o \u00e0 publicidade on-line, incluindo, mas n\u00e3o limitado a campanhas de Pay per Click ou Pay per Impression) em quaisquer palavras-chave ou frases que contenham marcas registradas, marcas de servi\u00e7o, marcas comerciais registradas ou URLs registrados da Kinsta, ou em quaisquer varia\u00e7\u00f5es, abrevia\u00e7\u00f5es ou erros de digita\u00e7\u00e3o dos mesmos;<\/li>\n\n\n\n<li>Encaminhar tr\u00e1fego para a Kinsta por meio de qualquer sistema de pagamento por leitura, pagamento por clique, troca de banners, trocas de cliques, publicidade PPC, pop-up\/under, comunicados \u00e0 imprensa ou m\u00e9todos semelhantes;<\/li>\n\n\n\n<li>Usar iframes ou qualquer outra t\u00e9cnica, ou tecnologia para adicionar o cookie de rastreamento de Clientes a uma indica\u00e7\u00e3o por qualquer meio que n\u00e3o seja um clique real;<\/li>\n\n\n\n<li>Usar t\u00e9cnicas de camuflagem ou mascaramento com seu link de indica\u00e7\u00e3o;<\/li>\n\n\n\n<li>Exibir Kinsta.com, &#8220;Kinsta&#8221;, logos ou nomes comerciais da Kinsta, ou qualquer varia\u00e7\u00e3o, abrevia\u00e7\u00e3o ou erro ortogr\u00e1fico dos mesmos em qualquer nome de dom\u00ednio ou subdom\u00ednio, perfil de m\u00eddia social ou como parte do nome ou descri\u00e7\u00e3o de qualquer outra presen\u00e7a on-line ou off-line. Para maior clareza, \u00e9 aceit\u00e1vel que &#8220;kinsta&#8221; apare\u00e7a na parte do caminho de um URL de uma p\u00e1gina em um Aplicativo do Cliente. Por exemplo, &#8220;dominio-do-site-do-cliente[.]com[\/]kinsta-review&#8221; \u00e9 aceit\u00e1vel (incluindo &#8220;kinsta&#8221; na parte do caminho da URL), mas &#8220;kinsta-review-site[.]com&#8221; n\u00e3o \u00e9 aceit\u00e1vel (incluindo &#8220;kinsta&#8221; no dom\u00ednio);<\/li>\n\n\n\n<li>Fazer refer\u00eancia a qualquer desconto oferecido pela Kinsta como c\u00f3digos de cupom, ofertas, descontos sazonais ou descontos exclusivos;<\/li>\n\n\n\n<li>Colocar links para a Kinsta ou fazer refer\u00eancia \u00e0 Kinsta de qualquer forma em sites de cupons;<\/li>\n\n\n\n<li>Promover a Kinsta como parte de qualquer programa de incentivo ou qualquer outro esquema de terceiros em que incentivos especiais (por exemplo, pr\u00eamios, descontos, cashback, etc.) sejam oferecidos para atrair e reter clientes;<\/li>\n\n\n\n<li>Autorreferenciar ou referenciar-se de qualquer maneira. Isso inclui a indica\u00e7\u00e3o de qualquer opera\u00e7\u00e3o ou site no qual o Cliente tenha um interesse controlador, propriet\u00e1rio ou equitativo.<\/li>\n<\/ol>\n<\/li>\n<\/ol>\n\n\n\n<h2 class=\"wp-block-heading\" id=\"h-4-solu-o-exclusiva\">4. Solu\u00e7\u00e3o exclusiva<strong>.<\/strong><\/h2>\n\n\n\n<p>Sem restringir outras disposi\u00e7\u00f5es destes Termos ou dos Termos de Servi\u00e7o, caso o Cliente tenha alguma reclama\u00e7\u00e3o ou disputa relacionada ao Programa de Indica\u00e7\u00e3o, a \u00fanica solu\u00e7\u00e3o ser\u00e1 usar seus Cr\u00e9ditos de Indica\u00e7\u00e3o v\u00e1lidos e n\u00e3o utilizados em seu Plano de Hospedagem atual.<\/p>\n","protected":false},"excerpt":{"rendered":"<p>Atualizado em: 7 de agosto de 2023 1. Introdu\u00e7\u00e3o; Escopo; Elegibilidade. 2. Cr\u00e9ditos de Indica\u00e7\u00e3o. 3. M\u00e9todos e Restri\u00e7\u00f5es Promocionais. 4. Solu\u00e7\u00e3o exclusiva. Sem restringir outras &#8230;<\/p>\n","protected":false},"author":230,"featured_media":0,"parent":4579,"menu_order":0,"comment_status":"closed","ping_status":"closed","template":"templates\/template-article.php","meta":{"_kinsta_gated_content":false,"_kinsta_gated_content_redirect":"","footnotes":""},"class_list":["post-61943","page","type-page","status-publish","hentry"],"yoast_head":"<!-- This site is optimized with the Yoast SEO Premium plugin v24.6 (Yoast SEO v24.6) - https:\/\/yoast.com\/wordpress\/plugins\/seo\/ -->\n<title>Termos e Condi\u00e7\u00f5es do Programa de Indica\u00e7\u00e3o de Clientes - Kinsta\u00ae<\/title>\n<meta name=\"robots\" content=\"index, follow, max-snippet:-1, max-image-preview:large, max-video-preview:-1\" \/>\n<link rel=\"canonical\" href=\"https:\/\/kinqsta.com\/pt\/informacoes-legais\/termos-de-indicacao\/\" \/>\n<meta property=\"og:locale\" content=\"pt_PT\" \/>\n<meta property=\"og:type\" content=\"article\" \/>\n<meta property=\"og:title\" content=\"Termos e Condi\u00e7\u00f5es do Programa de Indica\u00e7\u00e3o de Clientes\" \/>\n<meta property=\"og:url\" content=\"https:\/\/kinqsta.com\/pt\/informacoes-legais\/termos-de-indicacao\/\" \/>\n<meta property=\"og:site_name\" content=\"Kinsta\u00ae\" \/>\n<meta property=\"article:publisher\" content=\"https:\/\/www.facebook.com\/kinstapt\/\" \/>\n<meta property=\"article:modified_time\" content=\"2024-06-21T08:50:24+00:00\" \/>\n<meta property=\"og:image\" content=\"https:\/\/kinqsta.com\/pt\/wp-content\/uploads\/sites\/3\/2023\/12\/kinsta-homepage-pt.png\" \/>\n\t<meta property=\"og:image:width\" content=\"1200\" \/>\n\t<meta property=\"og:image:height\" content=\"628\" \/>\n\t<meta property=\"og:image:type\" content=\"image\/png\" \/>\n<meta name=\"twitter:card\" content=\"summary_large_image\" \/>\n<meta name=\"twitter:image\" content=\"https:\/\/kinqsta.com\/pt\/wp-content\/uploads\/sites\/3\/2023\/12\/kinsta-homepage-pt.png\" \/>\n<meta name=\"twitter:site\" content=\"@kinsta_pt\" \/>\n<meta name=\"twitter:label1\" content=\"Tempo estimado de leitura\" \/>\n\t<meta name=\"twitter:data1\" content=\"6 minutos\" \/>\n<script type=\"application\/ld+json\" class=\"yoast-schema-graph\">{\"@context\":\"https:\/\/schema.org\",\"@graph\":[{\"@type\":\"WebPage\",\"@id\":\"https:\/\/kinqsta.com\/pt\/informacoes-legais\/termos-de-indicacao\/\",\"url\":\"https:\/\/kinqsta.com\/pt\/informacoes-legais\/termos-de-indicacao\/\",\"name\":\"Termos e Condi\u00e7\u00f5es do Programa de Indica\u00e7\u00e3o de Clientes - Kinsta\u00ae\",\"isPartOf\":{\"@id\":\"https:\/\/kinqsta.com\/pt\/#website\"},\"datePublished\":\"2023-08-09T09:05:57+00:00\",\"dateModified\":\"2024-06-21T08:50:24+00:00\",\"breadcrumb\":{\"@id\":\"https:\/\/kinqsta.com\/pt\/informacoes-legais\/termos-de-indicacao\/#breadcrumb\"},\"inLanguage\":\"pt-PT\",\"potentialAction\":[{\"@type\":\"ReadAction\",\"target\":[\"https:\/\/kinqsta.com\/pt\/informacoes-legais\/termos-de-indicacao\/\"]}]},{\"@type\":\"BreadcrumbList\",\"@id\":\"https:\/\/kinqsta.com\/pt\/informacoes-legais\/termos-de-indicacao\/#breadcrumb\",\"itemListElement\":[{\"@type\":\"ListItem\",\"position\":1,\"name\":\"Home\",\"item\":\"https:\/\/kinqsta.com\/pt\/\"},{\"@type\":\"ListItem\",\"position\":2,\"name\":\"Informa\u00e7\u00f5es Legais\",\"item\":\"https:\/\/kinqsta.com\/pt\/informacoes-legais\/\"},{\"@type\":\"ListItem\",\"position\":3,\"name\":\"Termos e Condi\u00e7\u00f5es do Programa de Indica\u00e7\u00e3o de Clientes\"}]},{\"@type\":\"WebSite\",\"@id\":\"https:\/\/kinqsta.com\/pt\/#website\",\"url\":\"https:\/\/kinqsta.com\/pt\/\",\"name\":\"Kinsta\u00ae\",\"description\":\"Solu\u00e7\u00f5es de hospedagem Premium, r\u00e1pida e segura\",\"publisher\":{\"@id\":\"https:\/\/kinqsta.com\/pt\/#organization\"},\"potentialAction\":[{\"@type\":\"SearchAction\",\"target\":{\"@type\":\"EntryPoint\",\"urlTemplate\":\"https:\/\/kinqsta.com\/pt\/?s={search_term_string}\"},\"query-input\":{\"@type\":\"PropertyValueSpecification\",\"valueRequired\":true,\"valueName\":\"search_term_string\"}}],\"inLanguage\":\"pt-PT\"},{\"@type\":\"Organization\",\"@id\":\"https:\/\/kinqsta.com\/pt\/#organization\",\"name\":\"Kinsta\",\"url\":\"https:\/\/kinqsta.com\/pt\/\",\"logo\":{\"@type\":\"ImageObject\",\"inLanguage\":\"pt-PT\",\"@id\":\"https:\/\/kinqsta.com\/pt\/#\/schema\/logo\/image\/\",\"url\":\"https:\/\/kinqsta.com\/pt\/wp-content\/uploads\/sites\/3\/2023\/12\/kinsta-logo.jpeg\",\"contentUrl\":\"https:\/\/kinqsta.com\/pt\/wp-content\/uploads\/sites\/3\/2023\/12\/kinsta-logo.jpeg\",\"width\":500,\"height\":500,\"caption\":\"Kinsta\"},\"image\":{\"@id\":\"https:\/\/kinqsta.com\/pt\/#\/schema\/logo\/image\/\"},\"sameAs\":[\"https:\/\/www.facebook.com\/kinstapt\/\",\"https:\/\/x.com\/kinsta_pt\",\"https:\/\/www.instagram.com\/kinstahosting\/\",\"https:\/\/www.linkedin.com\/company\/kinsta\/\",\"https:\/\/www.pinterest.com\/kinstahosting\/\",\"https:\/\/www.youtube.com\/c\/Kinsta\"]}]}<\/script>\n<!-- \/ Yoast SEO Premium plugin. -->","yoast_head_json":{"title":"Termos e Condi\u00e7\u00f5es do Programa de Indica\u00e7\u00e3o de Clientes - Kinsta\u00ae","robots":{"index":"index","follow":"follow","max-snippet":"max-snippet:-1","max-image-preview":"max-image-preview:large","max-video-preview":"max-video-preview:-1"},"canonical":"https:\/\/kinqsta.com\/pt\/informacoes-legais\/termos-de-indicacao\/","og_locale":"pt_PT","og_type":"article","og_title":"Termos e Condi\u00e7\u00f5es do Programa de Indica\u00e7\u00e3o de Clientes","og_url":"https:\/\/kinqsta.com\/pt\/informacoes-legais\/termos-de-indicacao\/","og_site_name":"Kinsta\u00ae","article_publisher":"https:\/\/www.facebook.com\/kinstapt\/","article_modified_time":"2024-06-21T08:50:24+00:00","og_image":[{"width":1200,"height":628,"url":"https:\/\/kinqsta.com\/pt\/wp-content\/uploads\/sites\/3\/2023\/12\/kinsta-homepage-pt.png","type":"image\/png"}],"twitter_card":"summary_large_image","twitter_image":"https:\/\/kinqsta.com\/pt\/wp-content\/uploads\/sites\/3\/2023\/12\/kinsta-homepage-pt.png","twitter_site":"@kinsta_pt","twitter_misc":{"Tempo estimado de leitura":"6 minutos"},"schema":{"@context":"https:\/\/schema.org","@graph":[{"@type":"WebPage","@id":"https:\/\/kinqsta.com\/pt\/informacoes-legais\/termos-de-indicacao\/","url":"https:\/\/kinqsta.com\/pt\/informacoes-legais\/termos-de-indicacao\/","name":"Termos e Condi\u00e7\u00f5es do Programa de Indica\u00e7\u00e3o de Clientes - Kinsta\u00ae","isPartOf":{"@id":"https:\/\/kinqsta.com\/pt\/#website"},"datePublished":"2023-08-09T09:05:57+00:00","dateModified":"2024-06-21T08:50:24+00:00","breadcrumb":{"@id":"https:\/\/kinqsta.com\/pt\/informacoes-legais\/termos-de-indicacao\/#breadcrumb"},"inLanguage":"pt-PT","potentialAction":[{"@type":"ReadAction","target":["https:\/\/kinqsta.com\/pt\/informacoes-legais\/termos-de-indicacao\/"]}]},{"@type":"BreadcrumbList","@id":"https:\/\/kinqsta.com\/pt\/informacoes-legais\/termos-de-indicacao\/#breadcrumb","itemListElement":[{"@type":"ListItem","position":1,"name":"Home","item":"https:\/\/kinqsta.com\/pt\/"},{"@type":"ListItem","position":2,"name":"Informa\u00e7\u00f5es Legais","item":"https:\/\/kinqsta.com\/pt\/informacoes-legais\/"},{"@type":"ListItem","position":3,"name":"Termos e Condi\u00e7\u00f5es do Programa de Indica\u00e7\u00e3o de Clientes"}]},{"@type":"WebSite","@id":"https:\/\/kinqsta.com\/pt\/#website","url":"https:\/\/kinqsta.com\/pt\/","name":"Kinsta\u00ae","description":"Solu\u00e7\u00f5es de hospedagem Premium, r\u00e1pida e segura","publisher":{"@id":"https:\/\/kinqsta.com\/pt\/#organization"},"potentialAction":[{"@type":"SearchAction","target":{"@type":"EntryPoint","urlTemplate":"https:\/\/kinqsta.com\/pt\/?s={search_term_string}"},"query-input":{"@type":"PropertyValueSpecification","valueRequired":true,"valueName":"search_term_string"}}],"inLanguage":"pt-PT"},{"@type":"Organization","@id":"https:\/\/kinqsta.com\/pt\/#organization","name":"Kinsta","url":"https:\/\/kinqsta.com\/pt\/","logo":{"@type":"ImageObject","inLanguage":"pt-PT","@id":"https:\/\/kinqsta.com\/pt\/#\/schema\/logo\/image\/","url":"https:\/\/kinqsta.com\/pt\/wp-content\/uploads\/sites\/3\/2023\/12\/kinsta-logo.jpeg","contentUrl":"https:\/\/kinqsta.com\/pt\/wp-content\/uploads\/sites\/3\/2023\/12\/kinsta-logo.jpeg","width":500,"height":500,"caption":"Kinsta"},"image":{"@id":"https:\/\/kinqsta.com\/pt\/#\/schema\/logo\/image\/"},"sameAs":["https:\/\/www.facebook.com\/kinstapt\/","https:\/\/x.com\/kinsta_pt","https:\/\/www.instagram.com\/kinstahosting\/","https:\/\/www.linkedin.com\/company\/kinsta\/","https:\/\/www.pinterest.com\/kinstahosting\/","https:\/\/www.youtube.com\/c\/Kinsta"]}]}},"acf":[],"_links":{"self":[{"href":"https:\/\/kinqsta.com\/pt\/wp-json\/wp\/v2\/pages\/61943","targetHints":{"allow":["GET"]}}],"collection":[{"href":"https:\/\/kinqsta.com\/pt\/wp-json\/wp\/v2\/pages"}],"about":[{"href":"https:\/\/kinqsta.com\/pt\/wp-json\/wp\/v2\/types\/page"}],"author":[{"embeddable":true,"href":"https:\/\/kinqsta.com\/pt\/wp-json\/wp\/v2\/users\/230"}],"replies":[{"embeddable":true,"href":"https:\/\/kinqsta.com\/pt\/wp-json\/wp\/v2\/comments?post=61943"}],"version-history":[{"count":7,"href":"https:\/\/kinqsta.com\/pt\/wp-json\/wp\/v2\/pages\/61943\/revisions"}],"predecessor-version":[{"id":68747,"href":"https:\/\/kinqsta.com\/pt\/wp-json\/wp\/v2\/pages\/61943\/revisions\/68747"}],"up":[{"embeddable":true,"href":"https:\/\/kinqsta.com\/pt\/wp-json\/wp\/v2\/pages\/4579"}],"alternate":[{"embeddable":true,"hreflang":"en","title":"English","href":"https:\/\/kinqsta.com\/pt\/wp-json\/kinsta\/v1\/posts\/61943\/translations\/en"},{"embeddable":true,"hreflang":"it","title":"Italian","href":"https:\/\/kinqsta.com\/pt\/wp-json\/kinsta\/v1\/posts\/61943\/translations\/it"},{"embeddable":true,"hreflang":"pt","title":"Portuguese","href":"https:\/\/kinqsta.com\/pt\/wp-json\/kinsta\/v1\/posts\/61943\/translations\/pt"},{"embeddable":true,"hreflang":"fr","title":"French","href":"https:\/\/kinqsta.com\/pt\/wp-json\/kinsta\/v1\/posts\/61943\/translations\/fr"},{"embeddable":true,"hreflang":"de","title":"German","href":"https:\/\/kinqsta.com\/pt\/wp-json\/kinsta\/v1\/posts\/61943\/translations\/de"},{"embeddable":true,"hreflang":"ja","title":"Japanese","href":"https:\/\/kinqsta.com\/pt\/wp-json\/kinsta\/v1\/posts\/61943\/translations\/jp"},{"embeddable":true,"hreflang":"nl","title":"Dutch","href":"https:\/\/kinqsta.com\/pt\/wp-json\/kinsta\/v1\/posts\/61943\/translations\/nl"},{"embeddable":true,"hreflang":"es","title":"Spanish","href":"https:\/\/kinqsta.com\/pt\/wp-json\/kinsta\/v1\/posts\/61943\/translations\/es"},{"href":"https:\/\/kinqsta.com\/pt\/wp-json\/kinsta\/v1\/posts\/61943\/tree"}],"wp:attachment":[{"href":"https:\/\/kinqsta.com\/pt\/wp-json\/wp\/v2\/media?parent=61943"}],"curies":[{"name":"wp","href":"https:\/\/api.w.org\/{rel}","templated":true}]}}