{"id":61052,"date":"2023-07-13T04:46:00","date_gmt":"2023-07-13T07:46:00","guid":{"rendered":"https:\/\/kinqsta.com\/pt\/?page_id=61052&#038;preview_id=61052"},"modified":"2025-11-26T06:05:00","modified_gmt":"2025-11-26T09:05:00","slug":"subprocessadores","status":"publish","type":"page","link":"https:\/\/kinqsta.com\/pt\/informacoes-legais\/subprocessadores\/","title":{"rendered":"Lista de Sub-processadores da Kinsta Inc."},"content":{"rendered":"\n<p>Atualizado em: 25 de setembro de 2025<\/p>\n\n\n<aside role=\"note\" class=\"wp-block-kinsta-notice is-style-plain\">\n        <p>Esta \u00e9 uma tradu\u00e7\u00e3o original para o portugu\u00eas da se\u00e7\u00e3o jur\u00eddica em ingl\u00eas. Observe que, embora fa\u00e7amos todas as precau\u00e7\u00f5es para garantir que o texto abaixo esteja correto, no caso de qualquer discrep\u00e2ncia entre as duas vers\u00f5es, a vers\u00e3o em ingl\u00eas prevalecer\u00e1. O texto legal original pode ser encontrado <a href=\"https:\/\/kinqsta.com\/legal\/subprocessors\/\" data-no-translate>aqui<\/a>.<\/p>\n<\/aside>\n\n\n\n\n<figure class=\"wp-block-table is-style-regular\"><table><thead><tr><th class=\"has-text-align-center\" data-align=\"center\"><strong>Nome<\/strong><\/th><th><strong>Descri\u00e7\u00e3o do uso relacionado aos Aplicativos do Cliente<\/strong><\/th><th class=\"has-text-align-center\" data-align=\"center\"><strong>Local de processamento<\/strong><\/th><\/tr><\/thead><tbody><tr><td class=\"has-text-align-center\" data-align=\"center\">Cloudflare Inc.<\/td><td>Seguran\u00e7a e desempenho<\/td><td class=\"has-text-align-center\" data-align=\"center\">Regional &#8211; A Kinsta utiliza o Cloudflare Data Localization Suite. Os centros de dados est\u00e3o localizados ao redor do mundo.<br><br>Para mais informa\u00e7\u00f5es, consulte o <a href=\"https:\/\/www.cloudflare.com\/en-gb\/gdpr\/introduction\/\">compromisso do Cloudflare com a conformidade com o GDPR<\/a> e seu artigo sobre <a href=\"https:\/\/www.cloudflare.com\/data-localization\/\">localiza\u00e7\u00e3o de dados<\/a>.<\/td><\/tr><tr><td class=\"has-text-align-center\" data-align=\"center\">Google LLC \/ Google Ireland Limited<\/td><td>Hospedagem e seguran\u00e7a<\/td><td class=\"has-text-align-center\" data-align=\"center\">Escolha do cliente \u2013 os clientes escolhem o centro de dados onde seus Aplicativos ser\u00e3o hospedados. Os centros de dados est\u00e3o distribu\u00eddos globalmente.<br><br>Observa\u00e7\u00e3o: o cluster de an\u00e1lises da Kinsta, que processa endere\u00e7os IP e outras informa\u00e7\u00f5es de registros de acesso dos Aplicativos do Cliente, \u00e9 hospedado nos Estados Unidos.<br><br>Para mais informa\u00e7\u00f5es, consulte <a href=\"https:\/\/cloud.google.com\/privacy\/gdpr\" target=\"_blank\" rel=\"noreferrer noopener\">https:\/\/cloud.google.com\/privacy\/gdpr<\/a>.<\/td><\/tr><tr><td class=\"has-text-align-center\" data-align=\"center\">Oracle America, Inc<\/td><td>Hospedagem e seguran\u00e7a<\/td><td class=\"has-text-align-center\" data-align=\"center\">Escolha do cliente \u2013 os clientes escolhem o centro de dados onde seus aplicativos ser\u00e3o hospedados. Os centros de dados est\u00e3o distribu\u00eddos globalmente.<br><br>Observa\u00e7\u00e3o: o cluster de an\u00e1lises da Kinsta, que processa endere\u00e7os IP e outras informa\u00e7\u00f5es de registros de acesso dos Aplicativos do Cliente, \u00e9 hospedado nos Estados Unidos.<br><br>Para mais informa\u00e7\u00f5es, consulte <a href=\"https:\/\/www.oracle.com\/security\/gdpr\/\">https:\/\/www.oracle.com\/security\/gdpr\/<\/a>.<\/td><\/tr><tr><td class=\"has-text-align-center\" data-align=\"center\">Amazon Web Services, Inc.<\/td><td>Servi\u00e7os de DNS (Route 53)<\/td><td class=\"has-text-align-center\" data-align=\"center\">Estados Unidos<br><br>Para mais informa\u00e7\u00f5es, consulte <a href=\"https:\/\/aws.amazon.com\/compliance\/data-privacy\/\" target=\"_blank\" rel=\"noreferrer noopener\">https:\/\/aws.amazon.com\/compliance\/data-privacy\/<\/a>.<\/td><\/tr><tr><td class=\"has-text-align-center\" data-align=\"center\">Clickhouse, Inc.<\/td><td>An\u00e1lise e armazenamento de registros<\/td><td class=\"has-text-align-center\" data-align=\"center\">Estados Unidos<br><br>Para mais informa\u00e7\u00f5es, consulte <a href=\"https:\/\/trust.clickhouse.com\/\" target=\"_blank\" rel=\"noreferrer noopener\">https:\/\/trust.clickhouse.com\/<\/a>.<\/td><\/tr><tr><td class=\"has-text-align-center\" data-align=\"center\">Intercom, Inc.<\/td><td>Suporte ao cliente e comunica\u00e7\u00e3o<\/td><td class=\"has-text-align-center\" data-align=\"center\">Estados Unidos<br><br>Para mais informa\u00e7\u00f5es, consulte <a href=\"https:\/\/www.intercom.com\/legal\/security-policy\" target=\"_blank\" rel=\"noreferrer noopener\">https:\/\/www.intercom.com\/legal\/security-policy<\/a>.<\/td><\/tr><tr><td class=\"has-text-align-center\" data-align=\"center\">Hubspot, Inc.<\/td><td>Suporte ao cliente e comunica\u00e7\u00e3o<\/td><td class=\"has-text-align-center\" data-align=\"center\">Estados Unidos<br><br>Para mais informa\u00e7\u00f5es, consulte <a href=\"https:\/\/knowledge.hubspot.com\/account-security\/hubspot-cloud-infrastructure-and-data-hosting-frequently-asked-questions\" target=\"_blank\" rel=\"noreferrer noopener\">https:\/\/knowledge.hubspot.com\/account-security\/hubspot-cloud-infrastructure-and-data-hosting-frequently-asked-questions<\/a>.<\/td><\/tr><tr><td class=\"has-text-align-center\" data-align=\"center\">Mailchannels Corporation<\/td><td>Transmiss\u00e3o de e-mails transacionais<\/td><td class=\"has-text-align-center\" data-align=\"center\">Canad\u00e1, Estados Unidos<br><br>Para mais informa\u00e7\u00f5es, consulte <a href=\"https:\/\/www.mailchannels.com\/gdpr\/\" target=\"_blank\" rel=\"noreferrer noopener\">https:\/\/www.mailchannels.com\/gdpr\/<\/a>.<\/td><\/tr><tr><td class=\"has-text-align-center\" data-align=\"center\">Inactiv.com Media Solutions Private Limited e BlogVault Inc. (Migrate Guru)<\/td><td>Migra\u00e7\u00f5es<\/td><td class=\"has-text-align-center\" data-align=\"center\">Uni\u00e3o Europeia<br><br>Para mais informa\u00e7\u00f5es, consulte <a href=\"https:\/\/migrateguru.com\/gdpr\/\" target=\"_blank\" rel=\"noreferrer noopener\">https:\/\/migrateguru.com\/gdpr\/<\/a>.<\/td><\/tr><\/tbody><\/table><\/figure>\n\n\n\n<h2 class=\"wp-block-heading\" id=\"h-versoes-anteriores\">Vers\u00f5es anteriores<\/h2>\n\n\n\n<div class=\"wp-block-kinsta-buttons\">\n<a class=\"wp-block-kinsta-button\" href=\"https:\/\/kinqsta.com\/wp-content\/uploads\/2025\/11\/Subprocessor-List-July-7-2023-WEBSITE-ARCHIVE.pdf\" target=\"_blank\" rel=\"noreferrer noopener\" download><span class=\"wp-block-kinsta-button_text\">7 de julho de 2023<\/span><\/a>\n<\/div>\n","protected":false},"excerpt":{"rendered":"<p>Atualizado em: 25 de setembro de 2025 Nome Descri\u00e7\u00e3o do uso relacionado aos Aplicativos do Cliente Local de processamento Cloudflare Inc. Seguran\u00e7a e desempenho Regional &#8211; &#8230;<\/p>\n","protected":false},"author":115,"featured_media":0,"parent":4579,"menu_order":0,"comment_status":"closed","ping_status":"closed","template":"templates\/template-article.php","meta":{"_kinsta_gated_content":false,"_kinsta_gated_content_redirect":"","footnotes":""},"class_list":["post-61052","page","type-page","status-publish","hentry"],"yoast_head":"<!-- This site is optimized with the Yoast SEO Premium plugin v24.6 (Yoast SEO v24.6) - https:\/\/yoast.com\/wordpress\/plugins\/seo\/ -->\n<title>Lista de Sub-processadores da Kinsta Inc. - Kinsta\u00ae<\/title>\n<meta name=\"description\" content=\"Nossa p\u00e1gina de sub-processadores explica como a Kinsta se envolve com outros servi\u00e7os para apoiar nossos servi\u00e7os. Veja as fun\u00e7\u00f5es, localiza\u00e7\u00e3o e os dados que eles manipulam.\" \/>\n<meta name=\"robots\" content=\"index, follow, max-snippet:-1, max-image-preview:large, max-video-preview:-1\" \/>\n<link rel=\"canonical\" href=\"https:\/\/kinqsta.com\/pt\/informacoes-legais\/subprocessadores\/\" \/>\n<meta property=\"og:locale\" content=\"pt_PT\" \/>\n<meta property=\"og:type\" content=\"article\" \/>\n<meta property=\"og:title\" content=\"Lista de Sub-processadores da Kinsta Inc.\" \/>\n<meta property=\"og:description\" content=\"Nossa p\u00e1gina de sub-processadores explica como a Kinsta se envolve com outros servi\u00e7os para apoiar nossos servi\u00e7os. Veja as fun\u00e7\u00f5es, localiza\u00e7\u00e3o e os dados que eles manipulam.\" \/>\n<meta property=\"og:url\" content=\"https:\/\/kinqsta.com\/pt\/informacoes-legais\/subprocessadores\/\" \/>\n<meta property=\"og:site_name\" content=\"Kinsta\u00ae\" \/>\n<meta property=\"article:publisher\" content=\"https:\/\/www.facebook.com\/kinstapt\/\" \/>\n<meta property=\"article:modified_time\" content=\"2025-11-26T09:05:00+00:00\" \/>\n<meta property=\"og:image\" content=\"https:\/\/kinqsta.com\/pt\/wp-content\/uploads\/sites\/3\/2023\/12\/kinsta-homepage-pt.png\" \/>\n\t<meta property=\"og:image:width\" content=\"1200\" \/>\n\t<meta property=\"og:image:height\" content=\"628\" \/>\n\t<meta property=\"og:image:type\" content=\"image\/png\" \/>\n<meta name=\"twitter:card\" content=\"summary_large_image\" \/>\n<meta name=\"twitter:description\" content=\"Nossa p\u00e1gina de sub-processadores explica como a Kinsta se envolve com outros servi\u00e7os para apoiar nossos servi\u00e7os. Veja as fun\u00e7\u00f5es, localiza\u00e7\u00e3o e os dados que eles manipulam.\" \/>\n<meta name=\"twitter:image\" content=\"https:\/\/kinqsta.com\/pt\/wp-content\/uploads\/sites\/3\/2023\/12\/kinsta-homepage-pt.png\" \/>\n<meta name=\"twitter:site\" content=\"@kinsta_pt\" \/>\n<meta name=\"twitter:label1\" content=\"Tempo estimado de leitura\" \/>\n\t<meta name=\"twitter:data1\" content=\"2 minutos\" \/>\n<script type=\"application\/ld+json\" class=\"yoast-schema-graph\">{\"@context\":\"https:\/\/schema.org\",\"@graph\":[{\"@type\":\"WebPage\",\"@id\":\"https:\/\/kinqsta.com\/pt\/informacoes-legais\/subprocessadores\/\",\"url\":\"https:\/\/kinqsta.com\/pt\/informacoes-legais\/subprocessadores\/\",\"name\":\"Lista de Sub-processadores da Kinsta Inc. - Kinsta\u00ae\",\"isPartOf\":{\"@id\":\"https:\/\/kinqsta.com\/pt\/#website\"},\"datePublished\":\"2023-07-13T07:46:00+00:00\",\"dateModified\":\"2025-11-26T09:05:00+00:00\",\"description\":\"Nossa p\u00e1gina de sub-processadores explica como a Kinsta se envolve com outros servi\u00e7os para apoiar nossos servi\u00e7os. Veja as fun\u00e7\u00f5es, localiza\u00e7\u00e3o e os dados que eles manipulam.\",\"breadcrumb\":{\"@id\":\"https:\/\/kinqsta.com\/pt\/informacoes-legais\/subprocessadores\/#breadcrumb\"},\"inLanguage\":\"pt-PT\",\"potentialAction\":[{\"@type\":\"ReadAction\",\"target\":[\"https:\/\/kinqsta.com\/pt\/informacoes-legais\/subprocessadores\/\"]}]},{\"@type\":\"BreadcrumbList\",\"@id\":\"https:\/\/kinqsta.com\/pt\/informacoes-legais\/subprocessadores\/#breadcrumb\",\"itemListElement\":[{\"@type\":\"ListItem\",\"position\":1,\"name\":\"Home\",\"item\":\"https:\/\/kinqsta.com\/pt\/\"},{\"@type\":\"ListItem\",\"position\":2,\"name\":\"Informa\u00e7\u00f5es Legais\",\"item\":\"https:\/\/kinqsta.com\/pt\/informacoes-legais\/\"},{\"@type\":\"ListItem\",\"position\":3,\"name\":\"Lista de Sub-processadores da Kinsta Inc.\"}]},{\"@type\":\"WebSite\",\"@id\":\"https:\/\/kinqsta.com\/pt\/#website\",\"url\":\"https:\/\/kinqsta.com\/pt\/\",\"name\":\"Kinsta\u00ae\",\"description\":\"Solu\u00e7\u00f5es de hospedagem Premium, r\u00e1pida e segura\",\"publisher\":{\"@id\":\"https:\/\/kinqsta.com\/pt\/#organization\"},\"potentialAction\":[{\"@type\":\"SearchAction\",\"target\":{\"@type\":\"EntryPoint\",\"urlTemplate\":\"https:\/\/kinqsta.com\/pt\/?s={search_term_string}\"},\"query-input\":{\"@type\":\"PropertyValueSpecification\",\"valueRequired\":true,\"valueName\":\"search_term_string\"}}],\"inLanguage\":\"pt-PT\"},{\"@type\":\"Organization\",\"@id\":\"https:\/\/kinqsta.com\/pt\/#organization\",\"name\":\"Kinsta\",\"url\":\"https:\/\/kinqsta.com\/pt\/\",\"logo\":{\"@type\":\"ImageObject\",\"inLanguage\":\"pt-PT\",\"@id\":\"https:\/\/kinqsta.com\/pt\/#\/schema\/logo\/image\/\",\"url\":\"https:\/\/kinqsta.com\/pt\/wp-content\/uploads\/sites\/3\/2023\/12\/kinsta-logo.jpeg\",\"contentUrl\":\"https:\/\/kinqsta.com\/pt\/wp-content\/uploads\/sites\/3\/2023\/12\/kinsta-logo.jpeg\",\"width\":500,\"height\":500,\"caption\":\"Kinsta\"},\"image\":{\"@id\":\"https:\/\/kinqsta.com\/pt\/#\/schema\/logo\/image\/\"},\"sameAs\":[\"https:\/\/www.facebook.com\/kinstapt\/\",\"https:\/\/x.com\/kinsta_pt\",\"https:\/\/www.instagram.com\/kinstahosting\/\",\"https:\/\/www.linkedin.com\/company\/kinsta\/\",\"https:\/\/www.pinterest.com\/kinstahosting\/\",\"https:\/\/www.youtube.com\/c\/Kinsta\"]}]}<\/script>\n<!-- \/ Yoast SEO Premium plugin. -->","yoast_head_json":{"title":"Lista de Sub-processadores da Kinsta Inc. - Kinsta\u00ae","description":"Nossa p\u00e1gina de sub-processadores explica como a Kinsta se envolve com outros servi\u00e7os para apoiar nossos servi\u00e7os. Veja as fun\u00e7\u00f5es, localiza\u00e7\u00e3o e os dados que eles manipulam.","robots":{"index":"index","follow":"follow","max-snippet":"max-snippet:-1","max-image-preview":"max-image-preview:large","max-video-preview":"max-video-preview:-1"},"canonical":"https:\/\/kinqsta.com\/pt\/informacoes-legais\/subprocessadores\/","og_locale":"pt_PT","og_type":"article","og_title":"Lista de Sub-processadores da Kinsta Inc.","og_description":"Nossa p\u00e1gina de sub-processadores explica como a Kinsta se envolve com outros servi\u00e7os para apoiar nossos servi\u00e7os. Veja as fun\u00e7\u00f5es, localiza\u00e7\u00e3o e os dados que eles manipulam.","og_url":"https:\/\/kinqsta.com\/pt\/informacoes-legais\/subprocessadores\/","og_site_name":"Kinsta\u00ae","article_publisher":"https:\/\/www.facebook.com\/kinstapt\/","article_modified_time":"2025-11-26T09:05:00+00:00","og_image":[{"width":1200,"height":628,"url":"https:\/\/kinqsta.com\/pt\/wp-content\/uploads\/sites\/3\/2023\/12\/kinsta-homepage-pt.png","type":"image\/png"}],"twitter_card":"summary_large_image","twitter_description":"Nossa p\u00e1gina de sub-processadores explica como a Kinsta se envolve com outros servi\u00e7os para apoiar nossos servi\u00e7os. Veja as fun\u00e7\u00f5es, localiza\u00e7\u00e3o e os dados que eles manipulam.","twitter_image":"https:\/\/kinqsta.com\/pt\/wp-content\/uploads\/sites\/3\/2023\/12\/kinsta-homepage-pt.png","twitter_site":"@kinsta_pt","twitter_misc":{"Tempo estimado de leitura":"2 minutos"},"schema":{"@context":"https:\/\/schema.org","@graph":[{"@type":"WebPage","@id":"https:\/\/kinqsta.com\/pt\/informacoes-legais\/subprocessadores\/","url":"https:\/\/kinqsta.com\/pt\/informacoes-legais\/subprocessadores\/","name":"Lista de Sub-processadores da Kinsta Inc. - Kinsta\u00ae","isPartOf":{"@id":"https:\/\/kinqsta.com\/pt\/#website"},"datePublished":"2023-07-13T07:46:00+00:00","dateModified":"2025-11-26T09:05:00+00:00","description":"Nossa p\u00e1gina de sub-processadores explica como a Kinsta se envolve com outros servi\u00e7os para apoiar nossos servi\u00e7os. Veja as fun\u00e7\u00f5es, localiza\u00e7\u00e3o e os dados que eles manipulam.","breadcrumb":{"@id":"https:\/\/kinqsta.com\/pt\/informacoes-legais\/subprocessadores\/#breadcrumb"},"inLanguage":"pt-PT","potentialAction":[{"@type":"ReadAction","target":["https:\/\/kinqsta.com\/pt\/informacoes-legais\/subprocessadores\/"]}]},{"@type":"BreadcrumbList","@id":"https:\/\/kinqsta.com\/pt\/informacoes-legais\/subprocessadores\/#breadcrumb","itemListElement":[{"@type":"ListItem","position":1,"name":"Home","item":"https:\/\/kinqsta.com\/pt\/"},{"@type":"ListItem","position":2,"name":"Informa\u00e7\u00f5es Legais","item":"https:\/\/kinqsta.com\/pt\/informacoes-legais\/"},{"@type":"ListItem","position":3,"name":"Lista de Sub-processadores da Kinsta Inc."}]},{"@type":"WebSite","@id":"https:\/\/kinqsta.com\/pt\/#website","url":"https:\/\/kinqsta.com\/pt\/","name":"Kinsta\u00ae","description":"Solu\u00e7\u00f5es de hospedagem Premium, r\u00e1pida e segura","publisher":{"@id":"https:\/\/kinqsta.com\/pt\/#organization"},"potentialAction":[{"@type":"SearchAction","target":{"@type":"EntryPoint","urlTemplate":"https:\/\/kinqsta.com\/pt\/?s={search_term_string}"},"query-input":{"@type":"PropertyValueSpecification","valueRequired":true,"valueName":"search_term_string"}}],"inLanguage":"pt-PT"},{"@type":"Organization","@id":"https:\/\/kinqsta.com\/pt\/#organization","name":"Kinsta","url":"https:\/\/kinqsta.com\/pt\/","logo":{"@type":"ImageObject","inLanguage":"pt-PT","@id":"https:\/\/kinqsta.com\/pt\/#\/schema\/logo\/image\/","url":"https:\/\/kinqsta.com\/pt\/wp-content\/uploads\/sites\/3\/2023\/12\/kinsta-logo.jpeg","contentUrl":"https:\/\/kinqsta.com\/pt\/wp-content\/uploads\/sites\/3\/2023\/12\/kinsta-logo.jpeg","width":500,"height":500,"caption":"Kinsta"},"image":{"@id":"https:\/\/kinqsta.com\/pt\/#\/schema\/logo\/image\/"},"sameAs":["https:\/\/www.facebook.com\/kinstapt\/","https:\/\/x.com\/kinsta_pt","https:\/\/www.instagram.com\/kinstahosting\/","https:\/\/www.linkedin.com\/company\/kinsta\/","https:\/\/www.pinterest.com\/kinstahosting\/","https:\/\/www.youtube.com\/c\/Kinsta"]}]}},"acf":[],"_links":{"self":[{"href":"https:\/\/kinqsta.com\/pt\/wp-json\/wp\/v2\/pages\/61052","targetHints":{"allow":["GET"]}}],"collection":[{"href":"https:\/\/kinqsta.com\/pt\/wp-json\/wp\/v2\/pages"}],"about":[{"href":"https:\/\/kinqsta.com\/pt\/wp-json\/wp\/v2\/types\/page"}],"author":[{"embeddable":true,"href":"https:\/\/kinqsta.com\/pt\/wp-json\/wp\/v2\/users\/115"}],"replies":[{"embeddable":true,"href":"https:\/\/kinqsta.com\/pt\/wp-json\/wp\/v2\/comments?post=61052"}],"version-history":[{"count":7,"href":"https:\/\/kinqsta.com\/pt\/wp-json\/wp\/v2\/pages\/61052\/revisions"}],"predecessor-version":[{"id":73740,"href":"https:\/\/kinqsta.com\/pt\/wp-json\/wp\/v2\/pages\/61052\/revisions\/73740"}],"up":[{"embeddable":true,"href":"https:\/\/kinqsta.com\/pt\/wp-json\/wp\/v2\/pages\/4579"}],"alternate":[{"embeddable":true,"hreflang":"en","title":"English","href":"https:\/\/kinqsta.com\/pt\/wp-json\/kinsta\/v1\/posts\/61052\/translations\/en"},{"embeddable":true,"hreflang":"it","title":"Italian","href":"https:\/\/kinqsta.com\/pt\/wp-json\/kinsta\/v1\/posts\/61052\/translations\/it"},{"embeddable":true,"hreflang":"pt","title":"Portuguese","href":"https:\/\/kinqsta.com\/pt\/wp-json\/kinsta\/v1\/posts\/61052\/translations\/pt"},{"embeddable":true,"hreflang":"fr","title":"French","href":"https:\/\/kinqsta.com\/pt\/wp-json\/kinsta\/v1\/posts\/61052\/translations\/fr"},{"embeddable":true,"hreflang":"de","title":"German","href":"https:\/\/kinqsta.com\/pt\/wp-json\/kinsta\/v1\/posts\/61052\/translations\/de"},{"embeddable":true,"hreflang":"ja","title":"Japanese","href":"https:\/\/kinqsta.com\/pt\/wp-json\/kinsta\/v1\/posts\/61052\/translations\/jp"},{"embeddable":true,"hreflang":"nl","title":"Dutch","href":"https:\/\/kinqsta.com\/pt\/wp-json\/kinsta\/v1\/posts\/61052\/translations\/nl"},{"embeddable":true,"hreflang":"es","title":"Spanish","href":"https:\/\/kinqsta.com\/pt\/wp-json\/kinsta\/v1\/posts\/61052\/translations\/es"},{"href":"https:\/\/kinqsta.com\/pt\/wp-json\/kinsta\/v1\/posts\/61052\/tree"}],"wp:attachment":[{"href":"https:\/\/kinqsta.com\/pt\/wp-json\/wp\/v2\/media?parent=61052"}],"curies":[{"name":"wp","href":"https:\/\/api.w.org\/{rel}","templated":true}]}}