{"id":42713,"date":"2021-05-02T10:04:47","date_gmt":"2021-05-02T08:04:47","guid":{"rendered":"https:\/\/kinqsta.com\/?page_id=92464"},"modified":"2024-03-18T18:58:39","modified_gmt":"2024-03-18T21:58:39","slug":"checklist-seguranca-do-site","status":"publish","type":"page","link":"https:\/\/kinqsta.com\/pt\/consulta-rapida\/checklist-seguranca-do-site\/","title":{"rendered":"Checklist de Seguran\u00e7a do Site"},"content":{"rendered":"\n<header class=\"wp-block-kinsta-hero-title is-style-center-screenshot alignfull\"><div class=\"wp-block-kinsta-hero-title__inner\">\n<div class=\"wp-block-kinsta-columns is-vertical-center\">\n<div class=\"wp-block-kinsta-column wp-block-kinsta-columns__column\">\n<div class=\"wp-block-kinsta-hero-title-content wp-block-kinsta-hero-title__content\"><h1 class=\"wp-block-kinsta-hero-title__title\">Checklist de Seguran\u00e7a do Site<\/h1>\n<p>Comece a proteger a reputa\u00e7\u00e3o da sua marca e reduza o risco de viola\u00e7\u00f5es de seguran\u00e7a com estas 5 formas poderosas de fortalecer a seguran\u00e7a do seu site e dados.<\/p>\n\n\n\n<div class=\"wp-block-kinsta-buttons alignleft\">\n<a class=\"wp-block-kinsta-button has-turquoise-color\" href=\"#download\">Baixe gratuitamente<\/a>\n\n\n<\/div>\n<\/div>\n<\/div>\n\n\n\n<div class=\"wp-block-kinsta-column wp-block-kinsta-columns__column\">\n<div class=\"wp-block-kinsta-hero-title-secondary wp-block-kinsta-hero-title__secondary\"><\/div>\n<\/div>\n<\/div>\n<\/div><\/header>\n\n\n<dialog  id=\"download\" class=\"dialog\" aria-hidden=\"true\">\n    <header class=\"dialog__header\">\n                    <h2 class=\"dialog__title\">\n                Baixe a Planilha de Dicas            <\/h2>\n            <\/header>\n\n    <div class=\"dialog__content\">\n        <div class=\"signup-modal\">\n    <kinsta-form show-name=\"true\" show-message=\"false\" submit-button-text=\"Baixar\" success-title=\"Obrigado!\" success-message=\"Esperamos que voc\u00ea goste!\" hubspot-source=\"site-security-cheat-sheet\" show-phone=\"false\" show-website=\"false\" show-company=\"true\" show-disk-space=\"false\" show-monthly-visits=\"false\" show-average-project-budget=\"false\" show-services-provided=\"false\" show-number-of-websites=\"false\" submit-button-text-loading=\"Iniciando o download\" success-redirect=\"https:\/\/kinqsta.com\/pt\/wp-content\/uploads\/sites\/3\/2024\/03\/PT-site-security-cheat-sheet.pdf\"><\/kinsta-form>\n<\/div>\n    <\/div>\n\n    <\/dialog>\n\n\n\n<div class=\"wp-block-kinsta-columns is-vertical-center\">\n<div class=\"wp-block-kinsta-column wp-block-kinsta-columns__column\">\n<h2 class=\"wp-block-heading\" id=\"h-aqui-est-como-elevar-ainda-mais-sua-seguran-a\">Aqui est\u00e1 como elevar ainda mais \u00e0 sua seguran\u00e7a<\/h2>\n\n\n\n<p>Pense na nossa <strong>Checklist de Seguran\u00e7a do Site<\/strong> como o trailer do nosso filme completo, ou neste caso, do nosso ebook gratuito. <a href=\"https:\/\/kinqsta.com\/pt\/ebooks\/wordpress\/como-proteger-um-site-wordpress\/\"><strong>O Guia Definitivo para Proteger Sites de Clientes<\/strong><\/a> abrange 11 recomenda\u00e7\u00f5es adicionais que voc\u00ea pode implementar para reduzir a probabilidade de um hack ou viola\u00e7\u00e3o de seguran\u00e7a.<\/p>\n\n\n\n<h3 class=\"wp-block-heading\" id=\"h-o-que-voc-aprender\">O que voc\u00ea aprender\u00e1:<\/h3>\n\n\n\n<ul class=\"wp-block-list\">\n<li>Nomes de usu\u00e1rio e senhas complexas<\/li>\n\n\n\n<li>Usar HTTPS para conex\u00f5es criptografadas, mesmo para sites n\u00e3o relacionados ao eCommerce<\/li>\n\n\n\n<li>Desativar o XML-RPC<\/li>\n\n\n\n<li>Adicionar os cabe\u00e7alhos de seguran\u00e7a HTTP mais recentes<\/li>\n\n\n\n<li>Plugins de seguran\u00e7a<\/li>\n<\/ul>\n\n\n\n<div class=\"wp-block-kinsta-buttons\">\n<a class=\"wp-block-kinsta-button\" href=\"https:\/\/kinqsta.com\/pt\/ebooks\/wordpress\/como-proteger-um-site-wordpress\/\">Baixe o ebook<\/a>\n<\/div>\n<\/div>\n\n\n\n<div class=\"wp-block-kinsta-column wp-block-kinsta-columns__column\">\n<figure class=\"wp-block-image aligncenter size-large is-style-plain\"><a href=\"https:\/\/kinqsta.com\/wp-content\/uploads\/2021\/04\/EBOOK-securing-client-sites.png\"><img decoding=\"async\" src=\"https:\/\/kinqsta.com\/wp-content\/uploads\/2021\/04\/EBOOK-securing-client-sites.png\" alt class=\"wp-image-93936\"><\/a><\/figure>\n<\/div>\n<\/div>\n","protected":false},"excerpt":{"rendered":"","protected":false},"author":155,"featured_media":61899,"parent":42707,"menu_order":0,"comment_status":"closed","ping_status":"closed","template":"","meta":{"_kinsta_gated_content":false,"_kinsta_gated_content_redirect":"\/cheatsheets\/","footnotes":""},"class_list":["post-42713","page","type-page","status-publish","has-post-thumbnail","hentry"],"yoast_head":"<!-- This site is optimized with the Yoast SEO Premium plugin v24.6 (Yoast SEO v24.6) - https:\/\/yoast.com\/wordpress\/plugins\/seo\/ -->\n<title>Checklist de Seguran\u00e7a do Site - Kinsta\u00ae<\/title>\n<meta name=\"description\" content=\"Proteja a reputa\u00e7\u00e3o da sua marca e reduza o risco de viola\u00e7\u00f5es de seguran\u00e7a com estas 5 formas poderosas de fortalecer a seguran\u00e7a do seu site e dados.\" \/>\n<meta name=\"robots\" content=\"index, follow, max-snippet:-1, max-image-preview:large, max-video-preview:-1\" \/>\n<link rel=\"canonical\" href=\"https:\/\/kinqsta.com\/pt\/consulta-rapida\/checklist-seguranca-do-site\/\" \/>\n<meta property=\"og:locale\" content=\"pt_PT\" \/>\n<meta property=\"og:type\" content=\"article\" \/>\n<meta property=\"og:title\" content=\"Checklist de Seguran\u00e7a do Site\" \/>\n<meta property=\"og:description\" content=\"Proteja a reputa\u00e7\u00e3o da sua marca e reduza o risco de viola\u00e7\u00f5es de seguran\u00e7a com estas 5 formas poderosas de fortalecer a seguran\u00e7a do seu site e dados.\" \/>\n<meta property=\"og:url\" content=\"https:\/\/kinqsta.com\/pt\/consulta-rapida\/checklist-seguranca-do-site\/\" \/>\n<meta property=\"og:site_name\" content=\"Kinsta\u00ae\" \/>\n<meta property=\"article:publisher\" content=\"https:\/\/www.facebook.com\/kinstapt\/\" \/>\n<meta property=\"article:modified_time\" content=\"2024-03-18T21:58:39+00:00\" \/>\n<meta property=\"og:image\" content=\"https:\/\/kinqsta.com\/pt\/wp-content\/uploads\/sites\/3\/2023\/08\/Site-Security-PT.jpg\" \/>\n\t<meta property=\"og:image:width\" content=\"1200\" \/>\n\t<meta property=\"og:image:height\" content=\"628\" \/>\n\t<meta property=\"og:image:type\" content=\"image\/jpeg\" \/>\n<meta name=\"twitter:card\" content=\"summary_large_image\" \/>\n<meta name=\"twitter:description\" content=\"Proteja a reputa\u00e7\u00e3o da sua marca e reduza o risco de viola\u00e7\u00f5es de seguran\u00e7a com estas 5 formas poderosas de fortalecer a seguran\u00e7a do seu site e dados.\" \/>\n<meta name=\"twitter:image\" content=\"https:\/\/kinqsta.com\/pt\/wp-content\/uploads\/sites\/3\/2023\/08\/Site-Security-PT.jpg\" \/>\n<meta name=\"twitter:site\" content=\"@kinsta_pt\" \/>\n<meta name=\"twitter:label1\" content=\"Tempo estimado de leitura\" \/>\n\t<meta name=\"twitter:data1\" content=\"1 minuto\" \/>\n<script type=\"application\/ld+json\" class=\"yoast-schema-graph\">{\"@context\":\"https:\/\/schema.org\",\"@graph\":[{\"@type\":\"WebPage\",\"@id\":\"https:\/\/kinqsta.com\/pt\/consulta-rapida\/checklist-seguranca-do-site\/\",\"url\":\"https:\/\/kinqsta.com\/pt\/consulta-rapida\/checklist-seguranca-do-site\/\",\"name\":\"Checklist de Seguran\u00e7a do Site - Kinsta\u00ae\",\"isPartOf\":{\"@id\":\"https:\/\/kinqsta.com\/pt\/#website\"},\"primaryImageOfPage\":{\"@id\":\"https:\/\/kinqsta.com\/pt\/consulta-rapida\/checklist-seguranca-do-site\/#primaryimage\"},\"image\":{\"@id\":\"https:\/\/kinqsta.com\/pt\/consulta-rapida\/checklist-seguranca-do-site\/#primaryimage\"},\"thumbnailUrl\":\"https:\/\/kinqsta.com\/pt\/wp-content\/uploads\/sites\/3\/2023\/08\/Site-Security-PT.jpg\",\"datePublished\":\"2021-05-02T08:04:47+00:00\",\"dateModified\":\"2024-03-18T21:58:39+00:00\",\"description\":\"Proteja a reputa\u00e7\u00e3o da sua marca e reduza o risco de viola\u00e7\u00f5es de seguran\u00e7a com estas 5 formas poderosas de fortalecer a seguran\u00e7a do seu site e dados.\",\"breadcrumb\":{\"@id\":\"https:\/\/kinqsta.com\/pt\/consulta-rapida\/checklist-seguranca-do-site\/#breadcrumb\"},\"inLanguage\":\"pt-PT\",\"potentialAction\":[{\"@type\":\"ReadAction\",\"target\":[\"https:\/\/kinqsta.com\/pt\/consulta-rapida\/checklist-seguranca-do-site\/\"]}]},{\"@type\":\"ImageObject\",\"inLanguage\":\"pt-PT\",\"@id\":\"https:\/\/kinqsta.com\/pt\/consulta-rapida\/checklist-seguranca-do-site\/#primaryimage\",\"url\":\"https:\/\/kinqsta.com\/pt\/wp-content\/uploads\/sites\/3\/2023\/08\/Site-Security-PT.jpg\",\"contentUrl\":\"https:\/\/kinqsta.com\/pt\/wp-content\/uploads\/sites\/3\/2023\/08\/Site-Security-PT.jpg\",\"width\":1200,\"height\":628},{\"@type\":\"BreadcrumbList\",\"@id\":\"https:\/\/kinqsta.com\/pt\/consulta-rapida\/checklist-seguranca-do-site\/#breadcrumb\",\"itemListElement\":[{\"@type\":\"ListItem\",\"position\":1,\"name\":\"Home\",\"item\":\"https:\/\/kinqsta.com\/pt\/\"},{\"@type\":\"ListItem\",\"position\":2,\"name\":\"Checklist\",\"item\":\"https:\/\/kinqsta.com\/pt\/consulta-rapida\/\"},{\"@type\":\"ListItem\",\"position\":3,\"name\":\"Checklist de Seguran\u00e7a do Site\"}]},{\"@type\":\"WebSite\",\"@id\":\"https:\/\/kinqsta.com\/pt\/#website\",\"url\":\"https:\/\/kinqsta.com\/pt\/\",\"name\":\"Kinsta\u00ae\",\"description\":\"Solu\u00e7\u00f5es de hospedagem Premium, r\u00e1pida e segura\",\"publisher\":{\"@id\":\"https:\/\/kinqsta.com\/pt\/#organization\"},\"potentialAction\":[{\"@type\":\"SearchAction\",\"target\":{\"@type\":\"EntryPoint\",\"urlTemplate\":\"https:\/\/kinqsta.com\/pt\/?s={search_term_string}\"},\"query-input\":{\"@type\":\"PropertyValueSpecification\",\"valueRequired\":true,\"valueName\":\"search_term_string\"}}],\"inLanguage\":\"pt-PT\"},{\"@type\":\"Organization\",\"@id\":\"https:\/\/kinqsta.com\/pt\/#organization\",\"name\":\"Kinsta\",\"url\":\"https:\/\/kinqsta.com\/pt\/\",\"logo\":{\"@type\":\"ImageObject\",\"inLanguage\":\"pt-PT\",\"@id\":\"https:\/\/kinqsta.com\/pt\/#\/schema\/logo\/image\/\",\"url\":\"https:\/\/kinqsta.com\/pt\/wp-content\/uploads\/sites\/3\/2023\/12\/kinsta-logo.jpeg\",\"contentUrl\":\"https:\/\/kinqsta.com\/pt\/wp-content\/uploads\/sites\/3\/2023\/12\/kinsta-logo.jpeg\",\"width\":500,\"height\":500,\"caption\":\"Kinsta\"},\"image\":{\"@id\":\"https:\/\/kinqsta.com\/pt\/#\/schema\/logo\/image\/\"},\"sameAs\":[\"https:\/\/www.facebook.com\/kinstapt\/\",\"https:\/\/x.com\/kinsta_pt\",\"https:\/\/www.instagram.com\/kinstahosting\/\",\"https:\/\/www.linkedin.com\/company\/kinsta\/\",\"https:\/\/www.pinterest.com\/kinstahosting\/\",\"https:\/\/www.youtube.com\/c\/Kinsta\"]}]}<\/script>\n<!-- \/ Yoast SEO Premium plugin. -->","yoast_head_json":{"title":"Checklist de Seguran\u00e7a do Site - Kinsta\u00ae","description":"Proteja a reputa\u00e7\u00e3o da sua marca e reduza o risco de viola\u00e7\u00f5es de seguran\u00e7a com estas 5 formas poderosas de fortalecer a seguran\u00e7a do seu site e dados.","robots":{"index":"index","follow":"follow","max-snippet":"max-snippet:-1","max-image-preview":"max-image-preview:large","max-video-preview":"max-video-preview:-1"},"canonical":"https:\/\/kinqsta.com\/pt\/consulta-rapida\/checklist-seguranca-do-site\/","og_locale":"pt_PT","og_type":"article","og_title":"Checklist de Seguran\u00e7a do Site","og_description":"Proteja a reputa\u00e7\u00e3o da sua marca e reduza o risco de viola\u00e7\u00f5es de seguran\u00e7a com estas 5 formas poderosas de fortalecer a seguran\u00e7a do seu site e dados.","og_url":"https:\/\/kinqsta.com\/pt\/consulta-rapida\/checklist-seguranca-do-site\/","og_site_name":"Kinsta\u00ae","article_publisher":"https:\/\/www.facebook.com\/kinstapt\/","article_modified_time":"2024-03-18T21:58:39+00:00","og_image":[{"width":1200,"height":628,"url":"https:\/\/kinqsta.com\/pt\/wp-content\/uploads\/sites\/3\/2023\/08\/Site-Security-PT.jpg","type":"image\/jpeg"}],"twitter_card":"summary_large_image","twitter_description":"Proteja a reputa\u00e7\u00e3o da sua marca e reduza o risco de viola\u00e7\u00f5es de seguran\u00e7a com estas 5 formas poderosas de fortalecer a seguran\u00e7a do seu site e dados.","twitter_image":"https:\/\/kinqsta.com\/pt\/wp-content\/uploads\/sites\/3\/2023\/08\/Site-Security-PT.jpg","twitter_site":"@kinsta_pt","twitter_misc":{"Tempo estimado de leitura":"1 minuto"},"schema":{"@context":"https:\/\/schema.org","@graph":[{"@type":"WebPage","@id":"https:\/\/kinqsta.com\/pt\/consulta-rapida\/checklist-seguranca-do-site\/","url":"https:\/\/kinqsta.com\/pt\/consulta-rapida\/checklist-seguranca-do-site\/","name":"Checklist de Seguran\u00e7a do Site - Kinsta\u00ae","isPartOf":{"@id":"https:\/\/kinqsta.com\/pt\/#website"},"primaryImageOfPage":{"@id":"https:\/\/kinqsta.com\/pt\/consulta-rapida\/checklist-seguranca-do-site\/#primaryimage"},"image":{"@id":"https:\/\/kinqsta.com\/pt\/consulta-rapida\/checklist-seguranca-do-site\/#primaryimage"},"thumbnailUrl":"https:\/\/kinqsta.com\/pt\/wp-content\/uploads\/sites\/3\/2023\/08\/Site-Security-PT.jpg","datePublished":"2021-05-02T08:04:47+00:00","dateModified":"2024-03-18T21:58:39+00:00","description":"Proteja a reputa\u00e7\u00e3o da sua marca e reduza o risco de viola\u00e7\u00f5es de seguran\u00e7a com estas 5 formas poderosas de fortalecer a seguran\u00e7a do seu site e dados.","breadcrumb":{"@id":"https:\/\/kinqsta.com\/pt\/consulta-rapida\/checklist-seguranca-do-site\/#breadcrumb"},"inLanguage":"pt-PT","potentialAction":[{"@type":"ReadAction","target":["https:\/\/kinqsta.com\/pt\/consulta-rapida\/checklist-seguranca-do-site\/"]}]},{"@type":"ImageObject","inLanguage":"pt-PT","@id":"https:\/\/kinqsta.com\/pt\/consulta-rapida\/checklist-seguranca-do-site\/#primaryimage","url":"https:\/\/kinqsta.com\/pt\/wp-content\/uploads\/sites\/3\/2023\/08\/Site-Security-PT.jpg","contentUrl":"https:\/\/kinqsta.com\/pt\/wp-content\/uploads\/sites\/3\/2023\/08\/Site-Security-PT.jpg","width":1200,"height":628},{"@type":"BreadcrumbList","@id":"https:\/\/kinqsta.com\/pt\/consulta-rapida\/checklist-seguranca-do-site\/#breadcrumb","itemListElement":[{"@type":"ListItem","position":1,"name":"Home","item":"https:\/\/kinqsta.com\/pt\/"},{"@type":"ListItem","position":2,"name":"Checklist","item":"https:\/\/kinqsta.com\/pt\/consulta-rapida\/"},{"@type":"ListItem","position":3,"name":"Checklist de Seguran\u00e7a do Site"}]},{"@type":"WebSite","@id":"https:\/\/kinqsta.com\/pt\/#website","url":"https:\/\/kinqsta.com\/pt\/","name":"Kinsta\u00ae","description":"Solu\u00e7\u00f5es de hospedagem Premium, r\u00e1pida e segura","publisher":{"@id":"https:\/\/kinqsta.com\/pt\/#organization"},"potentialAction":[{"@type":"SearchAction","target":{"@type":"EntryPoint","urlTemplate":"https:\/\/kinqsta.com\/pt\/?s={search_term_string}"},"query-input":{"@type":"PropertyValueSpecification","valueRequired":true,"valueName":"search_term_string"}}],"inLanguage":"pt-PT"},{"@type":"Organization","@id":"https:\/\/kinqsta.com\/pt\/#organization","name":"Kinsta","url":"https:\/\/kinqsta.com\/pt\/","logo":{"@type":"ImageObject","inLanguage":"pt-PT","@id":"https:\/\/kinqsta.com\/pt\/#\/schema\/logo\/image\/","url":"https:\/\/kinqsta.com\/pt\/wp-content\/uploads\/sites\/3\/2023\/12\/kinsta-logo.jpeg","contentUrl":"https:\/\/kinqsta.com\/pt\/wp-content\/uploads\/sites\/3\/2023\/12\/kinsta-logo.jpeg","width":500,"height":500,"caption":"Kinsta"},"image":{"@id":"https:\/\/kinqsta.com\/pt\/#\/schema\/logo\/image\/"},"sameAs":["https:\/\/www.facebook.com\/kinstapt\/","https:\/\/x.com\/kinsta_pt","https:\/\/www.instagram.com\/kinstahosting\/","https:\/\/www.linkedin.com\/company\/kinsta\/","https:\/\/www.pinterest.com\/kinstahosting\/","https:\/\/www.youtube.com\/c\/Kinsta"]}]}},"acf":[],"_links":{"self":[{"href":"https:\/\/kinqsta.com\/pt\/wp-json\/wp\/v2\/pages\/42713","targetHints":{"allow":["GET"]}}],"collection":[{"href":"https:\/\/kinqsta.com\/pt\/wp-json\/wp\/v2\/pages"}],"about":[{"href":"https:\/\/kinqsta.com\/pt\/wp-json\/wp\/v2\/types\/page"}],"author":[{"embeddable":true,"href":"https:\/\/kinqsta.com\/pt\/wp-json\/wp\/v2\/users\/155"}],"replies":[{"embeddable":true,"href":"https:\/\/kinqsta.com\/pt\/wp-json\/wp\/v2\/comments?post=42713"}],"version-history":[{"count":14,"href":"https:\/\/kinqsta.com\/pt\/wp-json\/wp\/v2\/pages\/42713\/revisions"}],"predecessor-version":[{"id":67727,"href":"https:\/\/kinqsta.com\/pt\/wp-json\/wp\/v2\/pages\/42713\/revisions\/67727"}],"up":[{"embeddable":true,"href":"https:\/\/kinqsta.com\/pt\/wp-json\/wp\/v2\/pages\/42707"}],"alternate":[{"embeddable":true,"hreflang":"en","title":"English","href":"https:\/\/kinqsta.com\/pt\/wp-json\/kinsta\/v1\/posts\/42713\/translations\/en"},{"embeddable":true,"hreflang":"da","title":"Danish","href":"https:\/\/kinqsta.com\/pt\/wp-json\/kinsta\/v1\/posts\/42713\/translations\/dk"},{"embeddable":true,"hreflang":"nl","title":"Dutch","href":"https:\/\/kinqsta.com\/pt\/wp-json\/kinsta\/v1\/posts\/42713\/translations\/nl"},{"embeddable":true,"hreflang":"fr","title":"French","href":"https:\/\/kinqsta.com\/pt\/wp-json\/kinsta\/v1\/posts\/42713\/translations\/fr"},{"embeddable":true,"hreflang":"de","title":"German","href":"https:\/\/kinqsta.com\/pt\/wp-json\/kinsta\/v1\/posts\/42713\/translations\/de"},{"embeddable":true,"hreflang":"it","title":"Italian","href":"https:\/\/kinqsta.com\/pt\/wp-json\/kinsta\/v1\/posts\/42713\/translations\/it"},{"embeddable":true,"hreflang":"ja","title":"Japanese","href":"https:\/\/kinqsta.com\/pt\/wp-json\/kinsta\/v1\/posts\/42713\/translations\/jp"},{"embeddable":true,"hreflang":"pt","title":"Portuguese","href":"https:\/\/kinqsta.com\/pt\/wp-json\/kinsta\/v1\/posts\/42713\/translations\/pt"},{"embeddable":true,"hreflang":"es","title":"Spanish","href":"https:\/\/kinqsta.com\/pt\/wp-json\/kinsta\/v1\/posts\/42713\/translations\/es"},{"embeddable":true,"hreflang":"sv","title":"Swedish","href":"https:\/\/kinqsta.com\/pt\/wp-json\/kinsta\/v1\/posts\/42713\/translations\/se"},{"href":"https:\/\/kinqsta.com\/pt\/wp-json\/kinsta\/v1\/posts\/42713\/tree"}],"wp:featuredmedia":[{"embeddable":true,"href":"https:\/\/kinqsta.com\/pt\/wp-json\/wp\/v2\/media\/61899"}],"wp:attachment":[{"href":"https:\/\/kinqsta.com\/pt\/wp-json\/wp\/v2\/media?parent=42713"}],"curies":[{"name":"wp","href":"https:\/\/api.w.org\/{rel}","templated":true}]}}