{"id":19363,"date":"2018-06-04T14:27:50","date_gmt":"2018-06-04T14:27:50","guid":{"rendered":"https:\/\/kinqsta.com\/pt\/?page_id=19363"},"modified":"2020-11-19T12:38:50","modified_gmt":"2020-11-19T15:38:50","slug":"configuracoes-cookies","status":"publish","type":"page","link":"https:\/\/kinqsta.com\/pt\/configuracoes-cookies\/","title":{"rendered":"Configura\u00e7\u00f5es de Cookies"},"content":{"rendered":"","protected":false},"excerpt":{"rendered":"","protected":false},"author":40,"featured_media":0,"parent":0,"menu_order":0,"comment_status":"closed","ping_status":"closed","template":"templates\/builtin\/cookie-settings.php","meta":{"_kinsta_gated_content":false,"_kinsta_gated_content_redirect":"","footnotes":""},"class_list":["post-19363","page","type-page","status-publish","hentry"],"yoast_head":"<!-- This site is optimized with the Yoast SEO Premium plugin v24.6 (Yoast SEO v24.6) - https:\/\/yoast.com\/wordpress\/plugins\/seo\/ -->\n<title>Configura\u00e7\u00f5es de Cookies - Kinsta<\/title>\n<meta name=\"description\" content=\"Um cookie \u00e9 uma informa\u00e7\u00e3o que um website armazena no computador de um visitante. Usamos isso para algumas funcionalidades em nosso site para funcionar corretamente.\" \/>\n<meta name=\"robots\" content=\"index, follow, max-snippet:-1, max-image-preview:large, max-video-preview:-1\" \/>\n<link rel=\"canonical\" href=\"https:\/\/kinqsta.com\/pt\/configuracoes-cookies\/\" \/>\n<meta property=\"og:locale\" content=\"pt_PT\" \/>\n<meta property=\"og:type\" content=\"article\" \/>\n<meta property=\"og:title\" content=\"Configura\u00e7\u00f5es de Cookies\" \/>\n<meta property=\"og:description\" content=\"Um cookie \u00e9 uma informa\u00e7\u00e3o que um website armazena no computador de um visitante. Usamos isso para algumas funcionalidades em nosso site para funcionar corretamente.\" \/>\n<meta property=\"og:url\" content=\"https:\/\/kinqsta.com\/pt\/configuracoes-cookies\/\" \/>\n<meta property=\"og:site_name\" content=\"Kinsta\u00ae\" \/>\n<meta property=\"article:publisher\" content=\"https:\/\/www.facebook.com\/kinstapt\/\" \/>\n<meta property=\"article:modified_time\" content=\"2020-11-19T15:38:50+00:00\" \/>\n<meta property=\"og:image\" content=\"https:\/\/kinqsta.com\/pt\/wp-content\/uploads\/sites\/3\/2023\/12\/kinsta-homepage-pt.png\" \/>\n\t<meta property=\"og:image:width\" content=\"1200\" \/>\n\t<meta property=\"og:image:height\" content=\"628\" \/>\n\t<meta property=\"og:image:type\" content=\"image\/png\" \/>\n<meta name=\"twitter:card\" content=\"summary_large_image\" \/>\n<meta name=\"twitter:description\" content=\"Um cookie \u00e9 uma informa\u00e7\u00e3o que um website armazena no computador de um visitante. Usamos isso para algumas funcionalidades em nosso site para funcionar corretamente.\" \/>\n<meta name=\"twitter:image\" content=\"https:\/\/kinqsta.com\/pt\/wp-content\/uploads\/sites\/3\/2023\/12\/kinsta-homepage-pt.png\" \/>\n<meta name=\"twitter:site\" content=\"@kinsta_pt\" \/>\n<script type=\"application\/ld+json\" class=\"yoast-schema-graph\">{\"@context\":\"https:\/\/schema.org\",\"@graph\":[{\"@type\":\"WebPage\",\"@id\":\"https:\/\/kinqsta.com\/pt\/configuracoes-cookies\/\",\"url\":\"https:\/\/kinqsta.com\/pt\/configuracoes-cookies\/\",\"name\":\"Configura\u00e7\u00f5es de Cookies - Kinsta\",\"isPartOf\":{\"@id\":\"https:\/\/kinqsta.com\/pt\/#website\"},\"datePublished\":\"2018-06-04T14:27:50+00:00\",\"dateModified\":\"2020-11-19T15:38:50+00:00\",\"description\":\"Um cookie \u00e9 uma informa\u00e7\u00e3o que um website armazena no computador de um visitante. Usamos isso para algumas funcionalidades em nosso site para funcionar corretamente.\",\"breadcrumb\":{\"@id\":\"https:\/\/kinqsta.com\/pt\/configuracoes-cookies\/#breadcrumb\"},\"inLanguage\":\"pt-PT\",\"potentialAction\":[{\"@type\":\"ReadAction\",\"target\":[\"https:\/\/kinqsta.com\/pt\/configuracoes-cookies\/\"]}]},{\"@type\":\"BreadcrumbList\",\"@id\":\"https:\/\/kinqsta.com\/pt\/configuracoes-cookies\/#breadcrumb\",\"itemListElement\":[{\"@type\":\"ListItem\",\"position\":1,\"name\":\"Home\",\"item\":\"https:\/\/kinqsta.com\/pt\/\"},{\"@type\":\"ListItem\",\"position\":2,\"name\":\"Configura\u00e7\u00f5es de Cookies\"}]},{\"@type\":\"WebSite\",\"@id\":\"https:\/\/kinqsta.com\/pt\/#website\",\"url\":\"https:\/\/kinqsta.com\/pt\/\",\"name\":\"Kinsta\u00ae\",\"description\":\"Solu\u00e7\u00f5es de hospedagem Premium, r\u00e1pida e segura\",\"publisher\":{\"@id\":\"https:\/\/kinqsta.com\/pt\/#organization\"},\"potentialAction\":[{\"@type\":\"SearchAction\",\"target\":{\"@type\":\"EntryPoint\",\"urlTemplate\":\"https:\/\/kinqsta.com\/pt\/?s={search_term_string}\"},\"query-input\":{\"@type\":\"PropertyValueSpecification\",\"valueRequired\":true,\"valueName\":\"search_term_string\"}}],\"inLanguage\":\"pt-PT\"},{\"@type\":\"Organization\",\"@id\":\"https:\/\/kinqsta.com\/pt\/#organization\",\"name\":\"Kinsta\",\"url\":\"https:\/\/kinqsta.com\/pt\/\",\"logo\":{\"@type\":\"ImageObject\",\"inLanguage\":\"pt-PT\",\"@id\":\"https:\/\/kinqsta.com\/pt\/#\/schema\/logo\/image\/\",\"url\":\"https:\/\/kinqsta.com\/pt\/wp-content\/uploads\/sites\/3\/2023\/12\/kinsta-logo.jpeg\",\"contentUrl\":\"https:\/\/kinqsta.com\/pt\/wp-content\/uploads\/sites\/3\/2023\/12\/kinsta-logo.jpeg\",\"width\":500,\"height\":500,\"caption\":\"Kinsta\"},\"image\":{\"@id\":\"https:\/\/kinqsta.com\/pt\/#\/schema\/logo\/image\/\"},\"sameAs\":[\"https:\/\/www.facebook.com\/kinstapt\/\",\"https:\/\/x.com\/kinsta_pt\",\"https:\/\/www.instagram.com\/kinstahosting\/\",\"https:\/\/www.linkedin.com\/company\/kinsta\/\",\"https:\/\/www.pinterest.com\/kinstahosting\/\",\"https:\/\/www.youtube.com\/c\/Kinsta\"]}]}<\/script>\n<!-- \/ Yoast SEO Premium plugin. -->","yoast_head_json":{"title":"Configura\u00e7\u00f5es de Cookies - Kinsta","description":"Um cookie \u00e9 uma informa\u00e7\u00e3o que um website armazena no computador de um visitante. Usamos isso para algumas funcionalidades em nosso site para funcionar corretamente.","robots":{"index":"index","follow":"follow","max-snippet":"max-snippet:-1","max-image-preview":"max-image-preview:large","max-video-preview":"max-video-preview:-1"},"canonical":"https:\/\/kinqsta.com\/pt\/configuracoes-cookies\/","og_locale":"pt_PT","og_type":"article","og_title":"Configura\u00e7\u00f5es de Cookies","og_description":"Um cookie \u00e9 uma informa\u00e7\u00e3o que um website armazena no computador de um visitante. Usamos isso para algumas funcionalidades em nosso site para funcionar corretamente.","og_url":"https:\/\/kinqsta.com\/pt\/configuracoes-cookies\/","og_site_name":"Kinsta\u00ae","article_publisher":"https:\/\/www.facebook.com\/kinstapt\/","article_modified_time":"2020-11-19T15:38:50+00:00","og_image":[{"width":1200,"height":628,"url":"https:\/\/kinqsta.com\/pt\/wp-content\/uploads\/sites\/3\/2023\/12\/kinsta-homepage-pt.png","type":"image\/png"}],"twitter_card":"summary_large_image","twitter_description":"Um cookie \u00e9 uma informa\u00e7\u00e3o que um website armazena no computador de um visitante. Usamos isso para algumas funcionalidades em nosso site para funcionar corretamente.","twitter_image":"https:\/\/kinqsta.com\/pt\/wp-content\/uploads\/sites\/3\/2023\/12\/kinsta-homepage-pt.png","twitter_site":"@kinsta_pt","schema":{"@context":"https:\/\/schema.org","@graph":[{"@type":"WebPage","@id":"https:\/\/kinqsta.com\/pt\/configuracoes-cookies\/","url":"https:\/\/kinqsta.com\/pt\/configuracoes-cookies\/","name":"Configura\u00e7\u00f5es de Cookies - Kinsta","isPartOf":{"@id":"https:\/\/kinqsta.com\/pt\/#website"},"datePublished":"2018-06-04T14:27:50+00:00","dateModified":"2020-11-19T15:38:50+00:00","description":"Um cookie \u00e9 uma informa\u00e7\u00e3o que um website armazena no computador de um visitante. Usamos isso para algumas funcionalidades em nosso site para funcionar corretamente.","breadcrumb":{"@id":"https:\/\/kinqsta.com\/pt\/configuracoes-cookies\/#breadcrumb"},"inLanguage":"pt-PT","potentialAction":[{"@type":"ReadAction","target":["https:\/\/kinqsta.com\/pt\/configuracoes-cookies\/"]}]},{"@type":"BreadcrumbList","@id":"https:\/\/kinqsta.com\/pt\/configuracoes-cookies\/#breadcrumb","itemListElement":[{"@type":"ListItem","position":1,"name":"Home","item":"https:\/\/kinqsta.com\/pt\/"},{"@type":"ListItem","position":2,"name":"Configura\u00e7\u00f5es de Cookies"}]},{"@type":"WebSite","@id":"https:\/\/kinqsta.com\/pt\/#website","url":"https:\/\/kinqsta.com\/pt\/","name":"Kinsta\u00ae","description":"Solu\u00e7\u00f5es de hospedagem Premium, r\u00e1pida e segura","publisher":{"@id":"https:\/\/kinqsta.com\/pt\/#organization"},"potentialAction":[{"@type":"SearchAction","target":{"@type":"EntryPoint","urlTemplate":"https:\/\/kinqsta.com\/pt\/?s={search_term_string}"},"query-input":{"@type":"PropertyValueSpecification","valueRequired":true,"valueName":"search_term_string"}}],"inLanguage":"pt-PT"},{"@type":"Organization","@id":"https:\/\/kinqsta.com\/pt\/#organization","name":"Kinsta","url":"https:\/\/kinqsta.com\/pt\/","logo":{"@type":"ImageObject","inLanguage":"pt-PT","@id":"https:\/\/kinqsta.com\/pt\/#\/schema\/logo\/image\/","url":"https:\/\/kinqsta.com\/pt\/wp-content\/uploads\/sites\/3\/2023\/12\/kinsta-logo.jpeg","contentUrl":"https:\/\/kinqsta.com\/pt\/wp-content\/uploads\/sites\/3\/2023\/12\/kinsta-logo.jpeg","width":500,"height":500,"caption":"Kinsta"},"image":{"@id":"https:\/\/kinqsta.com\/pt\/#\/schema\/logo\/image\/"},"sameAs":["https:\/\/www.facebook.com\/kinstapt\/","https:\/\/x.com\/kinsta_pt","https:\/\/www.instagram.com\/kinstahosting\/","https:\/\/www.linkedin.com\/company\/kinsta\/","https:\/\/www.pinterest.com\/kinstahosting\/","https:\/\/www.youtube.com\/c\/Kinsta"]}]}},"acf":[],"_links":{"self":[{"href":"https:\/\/kinqsta.com\/pt\/wp-json\/wp\/v2\/pages\/19363","targetHints":{"allow":["GET"]}}],"collection":[{"href":"https:\/\/kinqsta.com\/pt\/wp-json\/wp\/v2\/pages"}],"about":[{"href":"https:\/\/kinqsta.com\/pt\/wp-json\/wp\/v2\/types\/page"}],"author":[{"embeddable":true,"href":"https:\/\/kinqsta.com\/pt\/wp-json\/wp\/v2\/users\/40"}],"replies":[{"embeddable":true,"href":"https:\/\/kinqsta.com\/pt\/wp-json\/wp\/v2\/comments?post=19363"}],"version-history":[{"count":1,"href":"https:\/\/kinqsta.com\/pt\/wp-json\/wp\/v2\/pages\/19363\/revisions"}],"predecessor-version":[{"id":19364,"href":"https:\/\/kinqsta.com\/pt\/wp-json\/wp\/v2\/pages\/19363\/revisions\/19364"}],"alternate":[{"embeddable":true,"hreflang":"en","title":"English","href":"https:\/\/kinqsta.com\/pt\/wp-json\/kinsta\/v1\/posts\/19363\/translations\/en"},{"embeddable":true,"hreflang":"es","title":"Spanish","href":"https:\/\/kinqsta.com\/pt\/wp-json\/kinsta\/v1\/posts\/19363\/translations\/es"},{"embeddable":true,"hreflang":"fr","title":"French","href":"https:\/\/kinqsta.com\/pt\/wp-json\/kinsta\/v1\/posts\/19363\/translations\/fr"},{"embeddable":true,"hreflang":"de","title":"German","href":"https:\/\/kinqsta.com\/pt\/wp-json\/kinsta\/v1\/posts\/19363\/translations\/de"},{"embeddable":true,"hreflang":"it","title":"Italian","href":"https:\/\/kinqsta.com\/pt\/wp-json\/kinsta\/v1\/posts\/19363\/translations\/it"},{"embeddable":true,"hreflang":"pt","title":"Portuguese","href":"https:\/\/kinqsta.com\/pt\/wp-json\/kinsta\/v1\/posts\/19363\/translations\/pt"},{"embeddable":true,"hreflang":"nl","title":"Dutch","href":"https:\/\/kinqsta.com\/pt\/wp-json\/kinsta\/v1\/posts\/19363\/translations\/nl"},{"embeddable":true,"hreflang":"ja","title":"Japanese","href":"https:\/\/kinqsta.com\/pt\/wp-json\/kinsta\/v1\/posts\/19363\/translations\/jp"},{"embeddable":true,"hreflang":"sv","title":"Swedish","href":"https:\/\/kinqsta.com\/pt\/wp-json\/kinsta\/v1\/posts\/19363\/translations\/se"},{"embeddable":true,"hreflang":"da","title":"Danish","href":"https:\/\/kinqsta.com\/pt\/wp-json\/kinsta\/v1\/posts\/19363\/translations\/dk"},{"href":"https:\/\/kinqsta.com\/pt\/wp-json\/kinsta\/v1\/posts\/19363\/tree"}],"wp:attachment":[{"href":"https:\/\/kinqsta.com\/pt\/wp-json\/wp\/v2\/media?parent=19363"}],"curies":[{"name":"wp","href":"https:\/\/api.w.org\/{rel}","templated":true}]}}