{"id":36708,"date":"2021-01-18T15:12:16","date_gmt":"2021-01-18T14:12:16","guid":{"rendered":"https:\/\/kinqsta.com\/?page_id=85392"},"modified":"2025-05-21T19:32:55","modified_gmt":"2025-05-21T17:32:55","slug":"features","status":"publish","type":"page","link":"https:\/\/kinqsta.com\/nl\/devkinsta\/features\/","title":{"rendered":"Features DevKinsta"},"content":{"rendered":"\n<header class=\"wp-block-kinsta-hero-title is-style-center-screenshot alignfull\"><div class=\"wp-block-kinsta-hero-title__inner\">\n<div class=\"wp-block-kinsta-columns is-vertical-center\">\n<div class=\"wp-block-kinsta-column wp-block-kinsta-columns__column\">\n<div class=\"wp-block-kinsta-hero-title-content wp-block-kinsta-hero-title__content\"><h1 class=\"wp-block-kinsta-hero-title__title\"><span class=\"wp-block-kinsta-hero-title__title__text\">Features DevKinsta<\/span><\/h1>\n<p>DevKinsta is een gratis suite met tools voor lokale ontwikkeling waarmee je binnen enkele minuten WordPress sites kan bouwen, testen en implementeren. Momenteel beschikbaar voor macOS, Windows en Ubuntu.<\/p>\n\n\n\n<div class=\"wp-block-kinsta-buttons alignleft\">\n\n<\/div>\n<\/div>\n<\/div>\n\n\n\n<div class=\"wp-block-kinsta-column wp-block-kinsta-columns__column\">\n<div class=\"wp-block-kinsta-hero-title-secondary wp-block-kinsta-hero-title__secondary\">\n<div class=\"wp-block-kinsta-illustration alignwide\"><img decoding=\"async\" alt=\"DevKinsta features\" src=\"https:\/\/kinqsta.com\/wp-content\/uploads\/2020\/12\/devkinsta-features-hero.svg\" class=\"wp-block-kinsta-illustration__image\"><\/div>\n<\/div>\n<\/div>\n<\/div>\n<\/div><\/header>\n\n\n\n<h2 class=\"wp-block-heading has-text-align-center\" id=\"h-met-een-klik-lokaal-sites-maken-en-ontwikkelen\"><strong>Met \u00e9\u00e9n klik lokaal sites maken en ontwikkelen<\/strong><\/h2>\n\n\n\n<p class=\"has-text-align-center\">Cre\u00eber met een enkele klik lokale WordPress sites en begin (bijna) meteen met ontwikkelen. Elke site die je maakt wordt automatisch geconfigureerd met Nginx, PHP en MySQL. DevKinsta wordt daarnaast geleverd met ondersteuning voor WordPress Multisite, naast krachtige tools voor database- en e-mailbeheer om je ontwikkelingsworkflow te stroomlijnen.<\/p>\n\n\n\n<div class=\"wp-block-kinsta-buttons aligncenter\">\n<a class=\"wp-block-kinsta-button is-style-inline\" href=\"https:\/\/kinqsta.com\/docs\/devkinsta\/creating-a-site\/\">Lees meer over het maken van sites<\/a>\n<\/div>\n\n\n\n<div class=\"wp-block-kinsta-feature-boxes wp-block-kinsta-feature-boxes--4\">\n<div class=\"wp-block-kinsta-feature-boxes-box wp-block-kinsta-feature-boxes__box\">\n<div class=\"wp-block-kinsta-illustration aligncenter\"><img decoding=\"async\" alt=\"Databasebeheer\" src=\"https:\/\/kinqsta.com\/wp-content\/uploads\/2020\/12\/devkinsta-features-database-picto.svg\" class=\"wp-block-kinsta-illustration__image\"><\/div>\n\n\n\n<h3 class=\"wp-block-heading\" id=\"h-databasebeheer\"><strong>Databasebeheer<\/strong><\/h3>\n\n\n\n<p>DevKinsta maakt gebruik van Adminer, een lichtgewicht en open source tool voor databasebeheer. Met Adminer kan je eenvoudig je databasetabellen bewerken, back-ups importeren, SQL query&#8217;s uitvoeren en meer.<\/p>\n\n\n\n<div class=\"wp-block-kinsta-buttons aligncenter\">\n<a class=\"wp-block-kinsta-button is-style-inline\" href=\"https:\/\/kinqsta.com\/nl\/docs\/devkinsta\/devkinsta-database\/database-manager\/\">Meer over de Database Manager<\/a>\n<\/div>\n<\/div>\n\n\n\n<div class=\"wp-block-kinsta-feature-boxes-box wp-block-kinsta-feature-boxes__box\">\n<div class=\"wp-block-kinsta-illustration aligncenter\"><img decoding=\"async\" alt=\"Lokaal werken met HTTPS\" src=\"https:\/\/kinqsta.com\/wp-content\/uploads\/2020\/12\/devkinsta-features-https-picto.svg\" class=\"wp-block-kinsta-illustration__image\"><\/div>\n\n\n\n<h3 class=\"wp-block-heading\" id=\"h-werk-lokaal-met-https\"><strong>Werk lokaal met HTTPS<\/strong><\/h3>\n\n\n\n<p>66% van de pagina&#8217;s die worden geladen, gebruikt HTTPS. Met de HTTPS ondersteuning van DevKinsta test en bouw je je WordPress sites met het oog op veiligheid.<\/p>\n\n\n\n<div class=\"wp-block-kinsta-buttons aligncenter\">\n<a class=\"wp-block-kinsta-button is-style-inline\" href=\"https:\/\/kinqsta.com\/docs\/devkinsta\/devkinsta-site-management\/#the-site-info-page\">Lees meer<\/a>\n<\/div>\n<\/div>\n\n\n\n<div class=\"wp-block-kinsta-feature-boxes-box wp-block-kinsta-feature-boxes__box\">\n<div class=\"wp-block-kinsta-illustration aligncenter\"><img decoding=\"async\" alt=\"Testen e-mails ingebouwd\" src=\"https:\/\/kinqsta.com\/wp-content\/uploads\/2020\/12\/devkinsta-features-email-picto.svg\" class=\"wp-block-kinsta-illustration__image\"><\/div>\n\n\n\n<h3 class=\"wp-block-heading\" id=\"h-ingebouwde-e-mailtests\"><strong>Ingebouwde e-mailtests<\/strong><\/h3>\n\n\n\n<p>DevKinsta wordt geleverd met een krachtige SMTP server en e-mailinbox waarmee je uitgaande e-mails van je lokale WordPress sites kan analyseren en debuggen.<\/p>\n\n\n\n<div class=\"wp-block-kinsta-buttons aligncenter\">\n<a class=\"wp-block-kinsta-button is-style-inline\" href=\"https:\/\/kinqsta.com\/nl\/docs\/devkinsta\/devkinsta-sitebeheer\/email-inbox\/\">Meer over het testen van e-mails<\/a>\n<\/div>\n<\/div>\n\n\n\n<div class=\"wp-block-kinsta-feature-boxes-box wp-block-kinsta-feature-boxes__box\">\n<div class=\"wp-block-kinsta-illustration aligncenter\"><img decoding=\"async\" alt=\"WordPress errorlogging\" src=\"https:\/\/kinqsta.com\/wp-content\/uploads\/2020\/12\/devkinsta-features-logging.svg\" class=\"wp-block-kinsta-illustration__image\"><\/div>\n\n\n\n<h3 class=\"wp-block-heading\" id=\"h-loggen-van-wordpress-fouten\"><strong>Loggen van WordPress fouten<\/strong><\/h3>\n\n\n\n<p>Met de ingebouwde WP_DEBUG features kan je met DevKinsta de PHP fouten van je site debuggen.<\/p>\n\n\n\n<div class=\"wp-block-kinsta-buttons aligncenter\">\n<a class=\"wp-block-kinsta-button is-style-inline\" href=\"https:\/\/kinqsta.com\/nl\/docs\/devkinsta\/devkinsta-problemen-oplossen\/logging\/\">Meer over het loggen van fouten<\/a>\n<\/div>\n<\/div>\n<\/div>\n\n\n\n<div class=\"wp-block-group devkinsta-features-cta has-secondary-background-color has-background is-layout-constrained wp-block-group-is-layout-constrained\">\n<h2 class=\"wp-block-heading has-text-align-center\" id=\"h-probeer-devkinsta-vandaag-nog\">Probeer DevKinsta vandaag nog!<\/h2>\n\n\n\n<div class=\"wp-block-kinsta-buttons aligncenter\">\n<a class=\"wp-block-kinsta-button\" href=\"https:\/\/kinqsta.com\/nl\/devkinsta\/download\/\">Download nu<\/a>\n<\/div>\n<\/div>\n\n\n\n<figure class=\"wp-block-image aligncenter size-large is-resized is-style-plain\"><img decoding=\"async\" src=\"https:\/\/kinqsta.com\/nl\/wp-content\/uploads\/sites\/7\/2021\/08\/devkinsta-features-deploy.svg\" alt class=\"wp-image-39529\" style=\"width:445px;height:318px\"><\/figure>\n\n\n\n<h2 class=\"wp-block-heading has-text-align-center\" id=\"h-wereldwijde-implementatie\">Wereldwijde implementatie<\/h2>\n\n\n\n<p class=\"has-text-align-center\">Klaar met ontwikkelen? Selecteer dan een van de 27 wereldwijde datacenters van Kinsta. Naadloze integratie met de Kinsta diensten.<\/p>\n\n\n\n<div class=\"wp-block-kinsta-buttons aligncenter\">\n<a class=\"wp-block-kinsta-button is-style-inline\" href=\"https:\/\/kinqsta.com\/nl\/prijzen\/\">Meer over onze hostingpakketten<\/a>\n<\/div>\n\n\n\n<div class=\"wp-block-kinsta-feature-boxes wp-block-kinsta-feature-boxes--3\">\n<div class=\"wp-block-kinsta-feature-boxes-box wp-block-kinsta-feature-boxes__box\">\n<div class=\"wp-block-kinsta-illustration aligncenter\"><img decoding=\"async\" alt=\"DevKinsta beschikbaar in 10 talen\" src=\"https:\/\/kinqsta.com\/wp-content\/uploads\/2020\/12\/devkinsta-features-languages-picto.svg\" class=\"wp-block-kinsta-illustration__image\"><\/div>\n\n\n\n<h3 class=\"wp-block-heading\" id=\"h-beschikbaar-in-10-talen\">Beschikbaar in 10 talen<\/h3>\n\n\n\n<p>DevKinsta ondersteunt de talen Engels, Italiaans, Portugees, Frans, Duits, Japans, Nederlands, Spaans, Zweeds en Deens.<\/p>\n<\/div>\n\n\n\n<div class=\"wp-block-kinsta-feature-boxes-box wp-block-kinsta-feature-boxes__box\">\n<div class=\"wp-block-kinsta-illustration aligncenter\"><img decoding=\"async\" alt=\"PHP versie wisselen in DevKinsta\" src=\"https:\/\/kinqsta.com\/wp-content\/uploads\/2020\/12\/devkinsta-features-version-switching-picto.svg\" class=\"wp-block-kinsta-illustration__image\"><\/div>\n\n\n\n<h3 class=\"wp-block-heading\" id=\"h-wisselen-tussen-php-versies\"><strong>Wisselen tussen PHP versies<\/strong><\/h3>\n\n\n\n<p>Met ondersteuning voor PHP7.2, 7.3, 7.4, 8.0, 8.1 en 8.2 kan je met een enkele klik de nieuwste versies van PHP testen.<\/p>\n<\/div>\n\n\n\n<div class=\"wp-block-kinsta-feature-boxes-box wp-block-kinsta-feature-boxes__box\">\n<div class=\"wp-block-kinsta-illustration aligncenter\"><img decoding=\"async\" alt=\"DevKinsta automatische updates\" src=\"https:\/\/kinqsta.com\/wp-content\/uploads\/2020\/12\/devkinsta-features-updates-picto.svg\" class=\"wp-block-kinsta-illustration__image\"><\/div>\n\n\n\n<h3 class=\"wp-block-heading\" id=\"h-automatische-updates\"><strong>Automatische updates<\/strong><\/h3>\n\n\n\n<p>DevKinsta ondersteunt automatische updates, waardoor je altijd over de nieuwste features beschikt om je lokale ontwikkelingsworkflow te helpen.<\/p>\n<\/div>\n<\/div>\n\n\n\n<div class=\"wp-block-group devkinsta-footer-cta has-primary-background-color has-background is-layout-constrained wp-block-group-is-layout-constrained\">\n<h2 class=\"wp-block-heading has-text-align-center\" id=\"h-probeer-devkinsta-vandaag-nog-0\"><strong>Probeer DevKinsta vandaag nog!<\/strong><\/h2>\n\n\n\n<div class=\"wp-block-kinsta-buttons aligncenter\">\n<a class=\"wp-block-kinsta-button\" href=\"https:\/\/kinqsta.com\/nl\/devkinsta\/download\/\">Download DevKinsta<\/a>\n<\/div>\n<\/div>\n","protected":false},"excerpt":{"rendered":"<p>Met \u00e9\u00e9n klik lokaal sites maken en ontwikkelen Cre\u00eber met een enkele klik lokale WordPress sites en begin (bijna) meteen met ontwikkelen. Elke site die je &#8230;<\/p>\n","protected":false},"author":115,"featured_media":36710,"parent":36712,"menu_order":0,"comment_status":"closed","ping_status":"closed","template":"templates\/page\/devkinsta.php","meta":{"_kinsta_gated_content":false,"_kinsta_gated_content_redirect":"","footnotes":""},"class_list":["post-36708","page","type-page","status-publish","has-post-thumbnail","hentry"],"yoast_head":"<!-- This site is optimized with the Yoast SEO Premium plugin v24.6 (Yoast SEO v24.6) - https:\/\/yoast.com\/wordpress\/plugins\/seo\/ -->\n<title>Features DevKinsta - Kinsta\u00ae<\/title>\n<meta name=\"description\" content=\"Lees meer over de features van DevKinsta waaronder het maken van sites met \u00e9\u00e9n klik, databasebeheer, wisselen van PHP versie, meertalige ondersteuning en meer!\" \/>\n<meta name=\"robots\" content=\"index, follow, max-snippet:-1, max-image-preview:large, max-video-preview:-1\" \/>\n<link rel=\"canonical\" href=\"https:\/\/kinqsta.com\/nl\/devkinsta\/features\/\" \/>\n<meta property=\"og:locale\" content=\"nl_NL\" \/>\n<meta property=\"og:type\" content=\"article\" \/>\n<meta property=\"og:title\" content=\"Features DevKinsta\" \/>\n<meta property=\"og:description\" content=\"Lees meer over de features van DevKinsta waaronder het maken van sites met \u00e9\u00e9n klik, databasebeheer, wisselen van PHP versie, meertalige ondersteuning en meer!\" \/>\n<meta property=\"og:url\" content=\"https:\/\/kinqsta.com\/nl\/devkinsta\/features\/\" \/>\n<meta property=\"og:site_name\" content=\"Kinsta\u00ae\" \/>\n<meta property=\"article:publisher\" content=\"https:\/\/www.facebook.com\/Kinsta-Nederland-476213452787823\/\" \/>\n<meta property=\"article:modified_time\" content=\"2025-05-21T17:32:55+00:00\" \/>\n<meta property=\"og:image\" content=\"https:\/\/kinqsta.com\/nl\/wp-content\/uploads\/sites\/7\/2021\/01\/devkinsta-featured-image.jpg\" \/>\n\t<meta property=\"og:image:width\" content=\"1200\" \/>\n\t<meta property=\"og:image:height\" content=\"628\" \/>\n\t<meta property=\"og:image:type\" content=\"image\/jpeg\" \/>\n<meta name=\"twitter:card\" content=\"summary_large_image\" \/>\n<meta name=\"twitter:description\" content=\"Lees meer over de features van DevKinsta waaronder het maken van sites met \u00e9\u00e9n klik, databasebeheer, wisselen van PHP versie, meertalige ondersteuning en meer!\" \/>\n<meta name=\"twitter:image\" content=\"https:\/\/kinqsta.com\/nl\/wp-content\/uploads\/sites\/7\/2021\/01\/devkinsta-featured-image.jpg\" \/>\n<meta name=\"twitter:site\" content=\"@Kinsta_NL\" \/>\n<meta name=\"twitter:label1\" content=\"Geschatte leestijd\" \/>\n\t<meta name=\"twitter:data1\" content=\"4 minuten\" \/>\n<script type=\"application\/ld+json\" class=\"yoast-schema-graph\">{\"@context\":\"https:\/\/schema.org\",\"@graph\":[{\"@type\":\"WebPage\",\"@id\":\"https:\/\/kinqsta.com\/nl\/devkinsta\/features\/\",\"url\":\"https:\/\/kinqsta.com\/nl\/devkinsta\/features\/\",\"name\":\"Features DevKinsta - Kinsta\u00ae\",\"isPartOf\":{\"@id\":\"https:\/\/kinqsta.com\/nl\/#website\"},\"primaryImageOfPage\":{\"@id\":\"https:\/\/kinqsta.com\/nl\/devkinsta\/features\/#primaryimage\"},\"image\":{\"@id\":\"https:\/\/kinqsta.com\/nl\/devkinsta\/features\/#primaryimage\"},\"thumbnailUrl\":\"https:\/\/kinqsta.com\/nl\/wp-content\/uploads\/sites\/7\/2021\/01\/devkinsta-featured-image.jpg\",\"datePublished\":\"2021-01-18T14:12:16+00:00\",\"dateModified\":\"2025-05-21T17:32:55+00:00\",\"description\":\"Lees meer over de features van DevKinsta waaronder het maken van sites met \u00e9\u00e9n klik, databasebeheer, wisselen van PHP versie, meertalige ondersteuning en meer!\",\"breadcrumb\":{\"@id\":\"https:\/\/kinqsta.com\/nl\/devkinsta\/features\/#breadcrumb\"},\"inLanguage\":\"nl-NL\",\"potentialAction\":[{\"@type\":\"ReadAction\",\"target\":[\"https:\/\/kinqsta.com\/nl\/devkinsta\/features\/\"]}]},{\"@type\":\"ImageObject\",\"inLanguage\":\"nl-NL\",\"@id\":\"https:\/\/kinqsta.com\/nl\/devkinsta\/features\/#primaryimage\",\"url\":\"https:\/\/kinqsta.com\/nl\/wp-content\/uploads\/sites\/7\/2021\/01\/devkinsta-featured-image.jpg\",\"contentUrl\":\"https:\/\/kinqsta.com\/nl\/wp-content\/uploads\/sites\/7\/2021\/01\/devkinsta-featured-image.jpg\",\"width\":1200,\"height\":628,\"caption\":\"Lees meer over de features van DevKinsta waaronder het maken van sites met \u00e9\u00e9n klik, databasebeheer, wisselen van PHP versie, meertalige ondersteuning en meer!\"},{\"@type\":\"BreadcrumbList\",\"@id\":\"https:\/\/kinqsta.com\/nl\/devkinsta\/features\/#breadcrumb\",\"itemListElement\":[{\"@type\":\"ListItem\",\"position\":1,\"name\":\"Home\",\"item\":\"https:\/\/kinqsta.com\/nl\/\"},{\"@type\":\"ListItem\",\"position\":2,\"name\":\"Je gratis suite voor lokale WordPress development\",\"item\":\"https:\/\/kinqsta.com\/nl\/devkinsta\/\"},{\"@type\":\"ListItem\",\"position\":3,\"name\":\"Features DevKinsta\"}]},{\"@type\":\"WebSite\",\"@id\":\"https:\/\/kinqsta.com\/nl\/#website\",\"url\":\"https:\/\/kinqsta.com\/nl\/\",\"name\":\"Kinsta\u00ae\",\"description\":\"Snelle, veilige, premium hostingoplossingen\",\"publisher\":{\"@id\":\"https:\/\/kinqsta.com\/nl\/#organization\"},\"potentialAction\":[{\"@type\":\"SearchAction\",\"target\":{\"@type\":\"EntryPoint\",\"urlTemplate\":\"https:\/\/kinqsta.com\/nl\/?s={search_term_string}\"},\"query-input\":{\"@type\":\"PropertyValueSpecification\",\"valueRequired\":true,\"valueName\":\"search_term_string\"}}],\"inLanguage\":\"nl-NL\"},{\"@type\":\"Organization\",\"@id\":\"https:\/\/kinqsta.com\/nl\/#organization\",\"name\":\"Kinsta\",\"url\":\"https:\/\/kinqsta.com\/nl\/\",\"logo\":{\"@type\":\"ImageObject\",\"inLanguage\":\"nl-NL\",\"@id\":\"https:\/\/kinqsta.com\/nl\/#\/schema\/logo\/image\/\",\"url\":\"https:\/\/kinqsta.com\/nl\/wp-content\/uploads\/sites\/7\/2023\/12\/kinsta-logo.jpeg\",\"contentUrl\":\"https:\/\/kinqsta.com\/nl\/wp-content\/uploads\/sites\/7\/2023\/12\/kinsta-logo.jpeg\",\"width\":500,\"height\":500,\"caption\":\"Kinsta\"},\"image\":{\"@id\":\"https:\/\/kinqsta.com\/nl\/#\/schema\/logo\/image\/\"},\"sameAs\":[\"https:\/\/www.facebook.com\/Kinsta-Nederland-476213452787823\/\",\"https:\/\/x.com\/Kinsta_NL\",\"https:\/\/www.instagram.com\/kinstahosting\/\",\"https:\/\/www.linkedin.com\/company\/kinsta\/\",\"https:\/\/www.pinterest.com\/kinstahosting\/\",\"https:\/\/www.youtube.com\/c\/Kinsta\"]}]}<\/script>\n<!-- \/ Yoast SEO Premium plugin. -->","yoast_head_json":{"title":"Features DevKinsta - Kinsta\u00ae","description":"Lees meer over de features van DevKinsta waaronder het maken van sites met \u00e9\u00e9n klik, databasebeheer, wisselen van PHP versie, meertalige ondersteuning en meer!","robots":{"index":"index","follow":"follow","max-snippet":"max-snippet:-1","max-image-preview":"max-image-preview:large","max-video-preview":"max-video-preview:-1"},"canonical":"https:\/\/kinqsta.com\/nl\/devkinsta\/features\/","og_locale":"nl_NL","og_type":"article","og_title":"Features DevKinsta","og_description":"Lees meer over de features van DevKinsta waaronder het maken van sites met \u00e9\u00e9n klik, databasebeheer, wisselen van PHP versie, meertalige ondersteuning en meer!","og_url":"https:\/\/kinqsta.com\/nl\/devkinsta\/features\/","og_site_name":"Kinsta\u00ae","article_publisher":"https:\/\/www.facebook.com\/Kinsta-Nederland-476213452787823\/","article_modified_time":"2025-05-21T17:32:55+00:00","og_image":[{"width":1200,"height":628,"url":"https:\/\/kinqsta.com\/nl\/wp-content\/uploads\/sites\/7\/2021\/01\/devkinsta-featured-image.jpg","type":"image\/jpeg"}],"twitter_card":"summary_large_image","twitter_description":"Lees meer over de features van DevKinsta waaronder het maken van sites met \u00e9\u00e9n klik, databasebeheer, wisselen van PHP versie, meertalige ondersteuning en meer!","twitter_image":"https:\/\/kinqsta.com\/nl\/wp-content\/uploads\/sites\/7\/2021\/01\/devkinsta-featured-image.jpg","twitter_site":"@Kinsta_NL","twitter_misc":{"Geschatte leestijd":"4 minuten"},"schema":{"@context":"https:\/\/schema.org","@graph":[{"@type":"WebPage","@id":"https:\/\/kinqsta.com\/nl\/devkinsta\/features\/","url":"https:\/\/kinqsta.com\/nl\/devkinsta\/features\/","name":"Features DevKinsta - Kinsta\u00ae","isPartOf":{"@id":"https:\/\/kinqsta.com\/nl\/#website"},"primaryImageOfPage":{"@id":"https:\/\/kinqsta.com\/nl\/devkinsta\/features\/#primaryimage"},"image":{"@id":"https:\/\/kinqsta.com\/nl\/devkinsta\/features\/#primaryimage"},"thumbnailUrl":"https:\/\/kinqsta.com\/nl\/wp-content\/uploads\/sites\/7\/2021\/01\/devkinsta-featured-image.jpg","datePublished":"2021-01-18T14:12:16+00:00","dateModified":"2025-05-21T17:32:55+00:00","description":"Lees meer over de features van DevKinsta waaronder het maken van sites met \u00e9\u00e9n klik, databasebeheer, wisselen van PHP versie, meertalige ondersteuning en meer!","breadcrumb":{"@id":"https:\/\/kinqsta.com\/nl\/devkinsta\/features\/#breadcrumb"},"inLanguage":"nl-NL","potentialAction":[{"@type":"ReadAction","target":["https:\/\/kinqsta.com\/nl\/devkinsta\/features\/"]}]},{"@type":"ImageObject","inLanguage":"nl-NL","@id":"https:\/\/kinqsta.com\/nl\/devkinsta\/features\/#primaryimage","url":"https:\/\/kinqsta.com\/nl\/wp-content\/uploads\/sites\/7\/2021\/01\/devkinsta-featured-image.jpg","contentUrl":"https:\/\/kinqsta.com\/nl\/wp-content\/uploads\/sites\/7\/2021\/01\/devkinsta-featured-image.jpg","width":1200,"height":628,"caption":"Lees meer over de features van DevKinsta waaronder het maken van sites met \u00e9\u00e9n klik, databasebeheer, wisselen van PHP versie, meertalige ondersteuning en meer!"},{"@type":"BreadcrumbList","@id":"https:\/\/kinqsta.com\/nl\/devkinsta\/features\/#breadcrumb","itemListElement":[{"@type":"ListItem","position":1,"name":"Home","item":"https:\/\/kinqsta.com\/nl\/"},{"@type":"ListItem","position":2,"name":"Je gratis suite voor lokale WordPress development","item":"https:\/\/kinqsta.com\/nl\/devkinsta\/"},{"@type":"ListItem","position":3,"name":"Features DevKinsta"}]},{"@type":"WebSite","@id":"https:\/\/kinqsta.com\/nl\/#website","url":"https:\/\/kinqsta.com\/nl\/","name":"Kinsta\u00ae","description":"Snelle, veilige, premium hostingoplossingen","publisher":{"@id":"https:\/\/kinqsta.com\/nl\/#organization"},"potentialAction":[{"@type":"SearchAction","target":{"@type":"EntryPoint","urlTemplate":"https:\/\/kinqsta.com\/nl\/?s={search_term_string}"},"query-input":{"@type":"PropertyValueSpecification","valueRequired":true,"valueName":"search_term_string"}}],"inLanguage":"nl-NL"},{"@type":"Organization","@id":"https:\/\/kinqsta.com\/nl\/#organization","name":"Kinsta","url":"https:\/\/kinqsta.com\/nl\/","logo":{"@type":"ImageObject","inLanguage":"nl-NL","@id":"https:\/\/kinqsta.com\/nl\/#\/schema\/logo\/image\/","url":"https:\/\/kinqsta.com\/nl\/wp-content\/uploads\/sites\/7\/2023\/12\/kinsta-logo.jpeg","contentUrl":"https:\/\/kinqsta.com\/nl\/wp-content\/uploads\/sites\/7\/2023\/12\/kinsta-logo.jpeg","width":500,"height":500,"caption":"Kinsta"},"image":{"@id":"https:\/\/kinqsta.com\/nl\/#\/schema\/logo\/image\/"},"sameAs":["https:\/\/www.facebook.com\/Kinsta-Nederland-476213452787823\/","https:\/\/x.com\/Kinsta_NL","https:\/\/www.instagram.com\/kinstahosting\/","https:\/\/www.linkedin.com\/company\/kinsta\/","https:\/\/www.pinterest.com\/kinstahosting\/","https:\/\/www.youtube.com\/c\/Kinsta"]}]}},"acf":[],"_links":{"self":[{"href":"https:\/\/kinqsta.com\/nl\/wp-json\/wp\/v2\/pages\/36708","targetHints":{"allow":["GET"]}}],"collection":[{"href":"https:\/\/kinqsta.com\/nl\/wp-json\/wp\/v2\/pages"}],"about":[{"href":"https:\/\/kinqsta.com\/nl\/wp-json\/wp\/v2\/types\/page"}],"author":[{"embeddable":true,"href":"https:\/\/kinqsta.com\/nl\/wp-json\/wp\/v2\/users\/115"}],"replies":[{"embeddable":true,"href":"https:\/\/kinqsta.com\/nl\/wp-json\/wp\/v2\/comments?post=36708"}],"version-history":[{"count":9,"href":"https:\/\/kinqsta.com\/nl\/wp-json\/wp\/v2\/pages\/36708\/revisions"}],"predecessor-version":[{"id":62562,"href":"https:\/\/kinqsta.com\/nl\/wp-json\/wp\/v2\/pages\/36708\/revisions\/62562"}],"up":[{"embeddable":true,"href":"https:\/\/kinqsta.com\/nl\/wp-json\/wp\/v2\/pages\/36712"}],"alternate":[{"embeddable":true,"hreflang":"en","title":"English","href":"https:\/\/kinqsta.com\/nl\/wp-json\/kinsta\/v1\/posts\/36708\/translations\/en"},{"embeddable":true,"hreflang":"es","title":"Spanish","href":"https:\/\/kinqsta.com\/nl\/wp-json\/kinsta\/v1\/posts\/36708\/translations\/es"},{"embeddable":true,"hreflang":"de","title":"German","href":"https:\/\/kinqsta.com\/nl\/wp-json\/kinsta\/v1\/posts\/36708\/translations\/de"},{"embeddable":true,"hreflang":"nl","title":"Dutch","href":"https:\/\/kinqsta.com\/nl\/wp-json\/kinsta\/v1\/posts\/36708\/translations\/nl"},{"embeddable":true,"hreflang":"it","title":"Italian","href":"https:\/\/kinqsta.com\/nl\/wp-json\/kinsta\/v1\/posts\/36708\/translations\/it"},{"embeddable":true,"hreflang":"pt","title":"Portuguese","href":"https:\/\/kinqsta.com\/nl\/wp-json\/kinsta\/v1\/posts\/36708\/translations\/pt"},{"embeddable":true,"hreflang":"fr","title":"French","href":"https:\/\/kinqsta.com\/nl\/wp-json\/kinsta\/v1\/posts\/36708\/translations\/fr"},{"embeddable":true,"hreflang":"ja","title":"Japanese","href":"https:\/\/kinqsta.com\/nl\/wp-json\/kinsta\/v1\/posts\/36708\/translations\/jp"},{"embeddable":true,"hreflang":"da","title":"Danish","href":"https:\/\/kinqsta.com\/nl\/wp-json\/kinsta\/v1\/posts\/36708\/translations\/dk"},{"embeddable":true,"hreflang":"sv","title":"Swedish","href":"https:\/\/kinqsta.com\/nl\/wp-json\/kinsta\/v1\/posts\/36708\/translations\/se"},{"href":"https:\/\/kinqsta.com\/nl\/wp-json\/kinsta\/v1\/posts\/36708\/tree"}],"wp:featuredmedia":[{"embeddable":true,"href":"https:\/\/kinqsta.com\/nl\/wp-json\/wp\/v2\/media\/36710"}],"wp:attachment":[{"href":"https:\/\/kinqsta.com\/nl\/wp-json\/wp\/v2\/media?parent=36708"}],"curies":[{"name":"wp","href":"https:\/\/api.w.org\/{rel}","templated":true}]}}