{"id":83331,"date":"2026-03-10T10:15:49","date_gmt":"2026-03-10T09:15:49","guid":{"rendered":"https:\/\/kinqsta.com\/it\/?page_id=83331&#038;preview_id=83331"},"modified":"2026-03-17T10:22:48","modified_gmt":"2026-03-17T09:22:48","slug":"previsioni-soprendenti-agenzie-wordpress","status":"publish","type":"page","link":"https:\/\/kinqsta.com\/it\/agency-growth-insights\/previsioni-soprendenti-agenzie-wordpress\/","title":{"rendered":"Previsioni sorprendenti per l&#8217;anno a venire"},"content":{"rendered":"\n<header class=\"wp-block-kinsta-hero-title has-bg-contained is-small has-show-bg-desktop-only  alignfull\" style=\"background-image:url(https:\/\/kinqsta.com\/wp-content\/uploads\/2026\/02\/predictions-topic.svg);background-position:41% 46%\"><div class=\"wp-block-kinsta-hero-title__inner\">\n<div class=\"wp-block-kinsta-columns is-vertical-top\">\n<div class=\"wp-block-kinsta-column wp-block-kinsta-columns__column\">\n<div class=\"wp-block-kinsta-hero-title-content wp-block-kinsta-hero-title__content\"><h1 class=\"wp-block-kinsta-hero-title__title\"><span class=\"wp-block-kinsta-hero-title__title__text\">Previsioni sorprendenti per l&#8217;anno a venire<\/span><\/h1>\n<p><\/p>\n\n\n\n<div class=\"wp-block-kinsta-buttons alignleft\">\n\n<\/div>\n<\/div>\n<\/div>\n\n\n\n<div class=\"wp-block-kinsta-column wp-block-kinsta-columns__column\">\n<div class=\"wp-block-kinsta-hero-title-secondary wp-block-kinsta-hero-title__secondary\">\n<p>Tutti fanno previsioni su ci\u00f2 che &#8220;rivoluzioner\u00e0&#8221; le agenzie WordPress nel prossimo anno, come &#8220;l&#8217;intelligenza artificiale automatizzer\u00e0 tutto&#8221;, &#8220;lo shopping passer\u00e0 ai chatbot&#8221; o &#8220;le relazioni digitali sostituiranno il networking di persona&#8221;. Ma le agenzie qui non ci credono affatto.<\/p>\n\n\n\n<p>Hanno condiviso ci\u00f2 che secondo loro cambier\u00e0 e ci\u00f2 che invece rimarr\u00e0 immutato nonostante l&#8217;entusiasmo generale: come si stanno adattando e quali aspetti del comportamento umano e delle relazioni commerciali non possono essere sostituiti dagli algoritmi.<\/p>\n<\/div>\n<\/div>\n<\/div>\n<\/div><\/header>\n\n\n\n<div class=\"wp-block-group video-carousel-background pt--0 has-dark-background-color has-background is-layout-constrained wp-block-group-is-layout-constrained\">\n<div class=\"wp-block-group has-transparent-bg alignwide is-layout-constrained wp-block-group-is-layout-constrained\">\n<h2 class=\"wp-block-heading has-text-align-left append-carousel-pagination\" id=\"h-guarda-i-video\">Guarda i video<\/h2>\n\n\n\n<div class=\"wp-block-kinsta-video-carousel has-pagination-in-parent-wp-block-group\" data-gate-after=\"2\" data-gate-cta-title=\"Iscriviti e guarda l'intera serie\" data-gate-cta-button-text=\"Iscriviti\" data-gate-cta-link=\"#video-carousel-gate\" data-gate-hubspot-source=\"agency-content-series\" data-gate-hubspot-form-id=\"4e9bb57d-33c2-4f59-9c4a-6073b7f89c7f\">\n<div class=\"wp-block-kinsta-video-carousel-item\">\n<kinsta-video class=\"wp-block-kinsta-video\" src=\"https:\/\/kinsta.wistia.com\/medias\/1de9cx2lsy\" poster=\"https:\/\/kinqsta.com\/wp-content\/uploads\/2026\/02\/jonny-martin-built-mighty-d.jpg\" autoplay play-button-variant=\"play\" dialog=\"true\"><div slot=\"trigger\" class=\"kinsta-video__trigger\"><img decoding=\"async\" src=\"https:\/\/kinqsta.com\/wp-content\/uploads\/2026\/02\/jonny-martin-built-mighty-d.jpg\" loading=\"lazy\" alt aria-hidden=\"true\" class=\"kinsta-video__trigger__poster\"><\/div><\/kinsta-video>\n\n\n\n<h3 class=\"wp-block-heading\" id=\"getting-personal\">Un tocco personale<\/h3>\n\n\n\n<p>Per alcuni anni, gli eventi digitali sembravano essere il futuro. Ma dopo il COVID, gli eventi dal vivo sono tornati e le persone vogliono stare di nuovo nella stessa stanza. Un fondatore afferma che \u00e8 ora di presentarsi ovunque sia possibile costruire relazioni senza un link Zoom.<\/p>\n<\/div>\n\n\n\n<div class=\"wp-block-kinsta-video-carousel-item\">\n<kinsta-video class=\"wp-block-kinsta-video\" src=\"https:\/\/kinsta.wistia.com\/medias\/uhhcyt0pry\" poster=\"https:\/\/kinqsta.com\/wp-content\/uploads\/2026\/02\/vin-thomas-fixel-a.jpg\" autoplay play-button-variant=\"play\" dialog=\"true\"><div slot=\"trigger\" class=\"kinsta-video__trigger\"><img decoding=\"async\" src=\"https:\/\/kinqsta.com\/wp-content\/uploads\/2026\/02\/vin-thomas-fixel-a.jpg\" loading=\"lazy\" alt aria-hidden=\"true\" class=\"kinsta-video__trigger__poster\"><\/div><\/kinsta-video>\n\n\n\n<h3 class=\"wp-block-heading\" id=\"linked-in-not-so-slimy\">LinkedIn va molto meglio<\/h3>\n\n\n\n<p>Dieci anni fa, il direttore di questa agenzia non avrebbe mai immaginato che LinkedIn sarebbe diventato un punto di riferimento per costruire relazioni commerciali reali. Ora vi trova energia positiva\u2026 e molto meno squallore.<\/p>\n<\/div>\n\n\n\n<div class=\"wp-block-kinsta-video-carousel-item\">\n<kinsta-video class=\"wp-block-kinsta-video\" src=\"https:\/\/kinsta.wistia.com\/medias\/ekzm08w6dv\" poster=\"https:\/\/kinqsta.com\/wp-content\/uploads\/2026\/02\/eddie-wise-40q-c.jpg\" autoplay play-button-variant=\"play\" dialog=\"true\"><div slot=\"trigger\" class=\"kinsta-video__trigger\"><img decoding=\"async\" src=\"https:\/\/kinqsta.com\/wp-content\/uploads\/2026\/02\/eddie-wise-40q-c.jpg\" loading=\"lazy\" alt aria-hidden=\"true\" class=\"kinsta-video__trigger__poster\"><\/div><\/kinsta-video>\n\n\n\n<h3 class=\"wp-block-heading\" id=\"strategic-relaionships\">Relazioni strategiche<\/h3>\n\n\n\n<p>Dieci anni fa, le agenzie si concentravano su tattiche scalabili come SEO, content marketing e pubblicit\u00e0 a pagamento, ma un&#8217;agenzia ha scoperto che la maggior parte dei suoi migliori contatti proviene ora dalle relazioni con aziende in settori adiacenti che le inviano lavoro quando non rientra nel proprio target.<\/p>\n<\/div>\n\n\n\n<div class=\"wp-block-kinsta-video-carousel-item\">\n<kinsta-video class=\"wp-block-kinsta-video\" src=\"https:\/\/kinsta.wistia.com\/medias\/yvh5guahme\" poster=\"https:\/\/kinqsta.com\/wp-content\/uploads\/2026\/02\/tim-kelsey-pronto-b.jpg\" autoplay play-button-variant=\"play\" dialog=\"true\"><div slot=\"trigger\" class=\"kinsta-video__trigger\"><img decoding=\"async\" src=\"https:\/\/kinqsta.com\/wp-content\/uploads\/2026\/02\/tim-kelsey-pronto-b.jpg\" loading=\"lazy\" alt aria-hidden=\"true\" class=\"kinsta-video__trigger__poster\"><\/div><\/kinsta-video>\n\n\n\n<h3 class=\"wp-block-heading\" id=\"puttin-a-face-on-it\">Metterci la faccia<\/h3>\n\n\n\n<p>L&#8217;intelligenza artificiale rende pi\u00f9 facile che mai la creazione di post per blog, newsletter e social media. Ma il pubblico si fida di questi contenuti? Un&#8217;agenzia ritiene che i video siano un modo per raggiungere le persone che vogliono vedere con chi hanno a che fare.<\/p>\n<\/div>\n\n\n\n<div class=\"wp-block-kinsta-video-carousel-item\">\n<kinsta-video class=\"wp-block-kinsta-video\" src=\"https:\/\/kinsta.wistia.com\/medias\/uz02895zxe\" poster=\"https:\/\/kinqsta.com\/wp-content\/uploads\/2026\/02\/jonny-martin-built-mighty-a.jpg\" autoplay play-button-variant=\"play\" dialog=\"true\"><div slot=\"trigger\" class=\"kinsta-video__trigger\"><img decoding=\"async\" src=\"https:\/\/kinqsta.com\/wp-content\/uploads\/2026\/02\/jonny-martin-built-mighty-a.jpg\" loading=\"lazy\" alt aria-hidden=\"true\" class=\"kinsta-video__trigger__poster\"><\/div><\/kinsta-video>\n\n\n\n<h3 class=\"wp-block-heading\" id=\"hire-fast-fire-fast\">Assumere rapidamente, licenziare rapidamente<\/h3>\n\n\n\n<p>Il consiglio &#8220;assumi lentamente, licenzia rapidamente&#8221; potrebbe essere ormai superato. Le persone valide vengono assunte rapidamente. Se impieghi settimane per assumere qualcuno, qualcun altro lo avr\u00e0 gi\u00e0 fatto. Nelle prime due settimane di lavoro insieme puoi imparare pi\u00f9 di quanto potresti fare in cinque colloqui.<\/p>\n<\/div>\n\n\n\n<div class=\"wp-block-kinsta-video-carousel-item\">\n<kinsta-video class=\"wp-block-kinsta-video\" src=\"https:\/\/kinsta.wistia.com\/medias\/fdstlrloxx\" poster=\"https:\/\/kinqsta.com\/wp-content\/uploads\/2026\/02\/eddie-wise-40q-a.jpg\" autoplay play-button-variant=\"play\" dialog=\"true\"><div slot=\"trigger\" class=\"kinsta-video__trigger\"><img decoding=\"async\" src=\"https:\/\/kinqsta.com\/wp-content\/uploads\/2026\/02\/eddie-wise-40q-a.jpg\" loading=\"lazy\" alt aria-hidden=\"true\" class=\"kinsta-video__trigger__poster\"><\/div><\/kinsta-video>\n\n\n\n<h3 class=\"wp-block-heading\" id=\"going-local\">Localizzare<\/h3>\n\n\n\n<p>Mentre tutti si concentrano sulla generazione automatizzata di contenuti WordPress, sui consigli smart e sulle integrazioni dei chatbot, un&#8217;agenzia ritiene che la vera svolta sia rappresentata dall&#8217;integrazione della localizzazione nel core di WordPress. La localizzazione integrata potrebbe cambiare l&#8217;economia dei siti globali.<\/p>\n<\/div>\n<\/div>\n<\/div>\n<\/div>\n\n\n\n<div class=\"wp-block-group has-bg-contained has-dark-background-color has-background is-layout-constrained wp-block-group-is-layout-constrained\" style=\"background-image:url(https:\/\/kinqsta.com\/wp-content\/uploads\/2026\/02\/CTA-background-v2-1-1.png);background-position:50% 100%\">\n<div class=\"wp-block-group aligncenter has-transparent-bg is-layout-constrained wp-block-group-is-layout-constrained\">\n<h2 class=\"wp-block-heading has-text-align-left\" id=\"h-scopri-gli-altri-argomenti\">Scopri gli altri argomenti<\/h2>\n\n\n\n<div class=\"wp-block-kinsta-feature-boxes wp-block-kinsta-feature-boxes--3 linked-boxes--true\">\n<div class=\"wp-block-kinsta-feature-boxes-box wp-block-kinsta-feature-boxes__box\">\n<figure class=\"wp-block-image size-full is-style-rounded alignfull\"><img decoding=\"async\" src=\"https:\/\/kinqsta.com\/wp-content\/uploads\/2026\/02\/topics_1-1.png\" alt class=\"wp-image-206094\"><\/figure>\n\n\n\n<h3 class=\"wp-block-heading has-text-align-left\" id=\"h-l-ai-senza-l-hype\">L&#8217;AI, senza l&#8217;hype<\/h3>\n\n\n\n<div class=\"wp-block-kinsta-buttons alignright\">\n<a class=\"wp-block-kinsta-button is-style-arrow-only\" href=\"https:\/\/kinqsta.com\/it\/agency-growth-insights\/ai-wordpress-senza-hype\/\"><span class=\"wp-block-kinsta-button_text\"><\/span><\/a>\n<\/div>\n<\/div>\n\n\n\n<div class=\"wp-block-kinsta-feature-boxes-box wp-block-kinsta-feature-boxes__box\">\n<figure class=\"wp-block-image size-full alignfull\"><img decoding=\"async\" src=\"https:\/\/kinqsta.com\/wp-content\/uploads\/2026\/02\/topics_2-1.png\" alt class=\"wp-image-206095\"><\/figure>\n\n\n\n<h3 class=\"wp-block-heading has-text-align-left\" id=\"h-gli-errori-che-hanno-determinato-il-successo\">Gli errori che hanno determinato il successo<\/h3>\n\n\n\n<div class=\"wp-block-kinsta-buttons alignright\">\n<a class=\"wp-block-kinsta-button is-style-arrow-only\" href=\"https:\/\/kinqsta.com\/it\/agency-growth-insights\/errori-agenzie\/\"><span class=\"wp-block-kinsta-button_text\"><\/span><\/a>\n<\/div>\n<\/div>\n\n\n\n<div class=\"wp-block-kinsta-feature-boxes-box wp-block-kinsta-feature-boxes__box\">\n<figure class=\"wp-block-image size-full alignfull\"><img decoding=\"async\" src=\"https:\/\/kinqsta.com\/wp-content\/uploads\/2026\/02\/topics_3-1.png\" alt class=\"wp-image-206096\"><\/figure>\n\n\n\n<h3 class=\"wp-block-heading has-text-align-left\" id=\"h-come-hanno-trovato-la-loro-nicchia\">Come hanno trovato la loro nicchia<\/h3>\n\n\n\n<div class=\"wp-block-kinsta-buttons alignright\">\n<a class=\"wp-block-kinsta-button is-style-arrow-only\" href=\"https:\/\/kinqsta.com\/it\/agency-growth-insights\/mantenere-focus-e-crescita-sostenibile\/\"><span class=\"wp-block-kinsta-button_text\"><\/span><\/a>\n<\/div>\n<\/div>\n<\/div>\n<\/div>\n<\/div>\n\n\n\n<div class=\"wp-block-group aligncenter has-offwhite-background-color has-background is-layout-constrained wp-container-core-group-is-layout-5 wp-block-group-is-layout-constrained\" style=\"padding-top:0;padding-right:0;padding-bottom:0;padding-left:0\">\n<div class=\"wp-block-kinsta-columns is-vertical-center\">\n<div class=\"wp-block-kinsta-column wp-block-kinsta-columns__column\">\n<span class=\"wp-block-kinsta-tag wp-block-kinsta-tag--small\">Programma Agenzie Partner<\/span>\n\n\n\n<h2 class=\"wp-block-heading mt--10\" id=\"h-creato-per-agenzie-come-la-tua\">Creato per agenzie <br>come la tua<\/h2>\n\n\n\n<ul class=\"wp-block-list is-style-check-list\">\n<li>Co-marketing<\/li>\n\n\n\n<li>Referral di lead<\/li>\n\n\n\n<li>Commissioni di affiliazione a vita<\/li>\n<\/ul>\n\n\n\n<div class=\"wp-block-kinsta-buttons\">\n<a class=\"wp-block-kinsta-button is-style-cta-arrow\" href=\"https:\/\/kinqsta.com\/it\/programma-agenzie-partner\/\"><span class=\"wp-block-kinsta-button_text\">Scopri di pi\u00f9<\/span><\/a>\n<\/div>\n<\/div>\n\n\n\n<div class=\"wp-block-kinsta-column wp-block-kinsta-columns__column\">\n<figure class=\"wp-block-image size-full is-style-plain has-show-desktop-only\"><img decoding=\"async\" src=\"https:\/\/kinqsta.com\/wp-content\/uploads\/2025\/09\/app-hero.png\" alt=\"Image showing a woman talking on a mobile phone\" class=\"wp-image-199183\"><\/figure>\n<\/div>\n<\/div>\n<\/div>\n","protected":false},"excerpt":{"rendered":"<p>Guarda i video Scopri gli altri argomenti<\/p>\n","protected":false},"author":312,"featured_media":83387,"parent":83323,"menu_order":0,"comment_status":"closed","ping_status":"closed","template":"templates\/page\/agency-secrets.php","meta":{"_kinsta_gated_content":false,"_kinsta_gated_content_redirect":"","footnotes":""},"class_list":["post-83331","page","type-page","status-publish","has-post-thumbnail","hentry"],"yoast_head":"<!-- This site is optimized with the Yoast SEO Premium plugin v24.6 (Yoast SEO v24.6) - https:\/\/yoast.com\/wordpress\/plugins\/seo\/ -->\n<title>Cosa sar\u00e0 importante per le agenzie WordPress nel prossimo anno<\/title>\n<meta name=\"description\" content=\"Queste agenzie puntano sulla fiducia personale, personalit\u00e0 riconoscibili e crescita basata sulla collaborazione invece che sull&#039;AI.\" \/>\n<meta name=\"robots\" content=\"index, follow, max-snippet:-1, max-image-preview:large, max-video-preview:-1\" \/>\n<link rel=\"canonical\" href=\"https:\/\/kinqsta.com\/it\/agency-growth-insights\/previsioni-soprendenti-agenzie-wordpress\/\" \/>\n<meta property=\"og:locale\" content=\"it_IT\" \/>\n<meta property=\"og:type\" content=\"article\" \/>\n<meta property=\"og:title\" content=\"Previsioni sorprendenti per l&#039;anno a venire\" \/>\n<meta property=\"og:description\" content=\"Queste agenzie puntano sulla fiducia personale, personalit\u00e0 riconoscibili e crescita basata sulla collaborazione invece che sull&#039;AI.\" \/>\n<meta property=\"og:url\" content=\"https:\/\/kinqsta.com\/it\/agency-growth-insights\/previsioni-soprendenti-agenzie-wordpress\/\" \/>\n<meta property=\"og:site_name\" content=\"Kinsta\u00ae\" \/>\n<meta property=\"article:publisher\" content=\"https:\/\/www.facebook.com\/kinstaitalia\/\" \/>\n<meta property=\"article:modified_time\" content=\"2026-03-17T09:22:48+00:00\" \/>\n<meta property=\"og:image\" content=\"https:\/\/kinqsta.com\/it\/wp-content\/uploads\/sites\/2\/2026\/02\/IT_featured-image-agency-growth-insights_predictions-1024x536.png\" \/>\n\t<meta property=\"og:image:width\" content=\"1024\" \/>\n\t<meta property=\"og:image:height\" content=\"536\" \/>\n\t<meta property=\"og:image:type\" content=\"image\/png\" \/>\n<meta name=\"twitter:card\" content=\"summary_large_image\" \/>\n<meta name=\"twitter:description\" content=\"Queste agenzie puntano sulla fiducia personale, personalit\u00e0 riconoscibili e crescita basata sulla collaborazione invece che sull&#039;AI.\" \/>\n<meta name=\"twitter:image\" content=\"https:\/\/kinqsta.com\/it\/wp-content\/uploads\/sites\/2\/2026\/02\/IT_featured-image-agency-growth-insights_predictions.png\" \/>\n<meta name=\"twitter:site\" content=\"@Kinsta_IT\" \/>\n<meta name=\"twitter:label1\" content=\"Tempo di lettura stimato\" \/>\n\t<meta name=\"twitter:data1\" content=\"5 minuti\" \/>\n<script type=\"application\/ld+json\" class=\"yoast-schema-graph\">{\"@context\":\"https:\/\/schema.org\",\"@graph\":[{\"@type\":\"WebPage\",\"@id\":\"https:\/\/kinqsta.com\/it\/agency-growth-insights\/previsioni-soprendenti-agenzie-wordpress\/\",\"url\":\"https:\/\/kinqsta.com\/it\/agency-growth-insights\/previsioni-soprendenti-agenzie-wordpress\/\",\"name\":\"Cosa sar\u00e0 importante per le agenzie WordPress nel prossimo anno\",\"isPartOf\":{\"@id\":\"https:\/\/kinqsta.com\/it\/#website\"},\"primaryImageOfPage\":{\"@id\":\"https:\/\/kinqsta.com\/it\/agency-growth-insights\/previsioni-soprendenti-agenzie-wordpress\/#primaryimage\"},\"image\":{\"@id\":\"https:\/\/kinqsta.com\/it\/agency-growth-insights\/previsioni-soprendenti-agenzie-wordpress\/#primaryimage\"},\"thumbnailUrl\":\"https:\/\/kinqsta.com\/it\/wp-content\/uploads\/sites\/2\/2026\/02\/IT_featured-image-agency-growth-insights_predictions.png\",\"datePublished\":\"2026-03-10T09:15:49+00:00\",\"dateModified\":\"2026-03-17T09:22:48+00:00\",\"description\":\"Queste agenzie puntano sulla fiducia personale, personalit\u00e0 riconoscibili e crescita basata sulla collaborazione invece che sull'AI.\",\"breadcrumb\":{\"@id\":\"https:\/\/kinqsta.com\/it\/agency-growth-insights\/previsioni-soprendenti-agenzie-wordpress\/#breadcrumb\"},\"inLanguage\":\"it-IT\",\"potentialAction\":[{\"@type\":\"ReadAction\",\"target\":[\"https:\/\/kinqsta.com\/it\/agency-growth-insights\/previsioni-soprendenti-agenzie-wordpress\/\"]}]},{\"@type\":\"ImageObject\",\"inLanguage\":\"it-IT\",\"@id\":\"https:\/\/kinqsta.com\/it\/agency-growth-insights\/previsioni-soprendenti-agenzie-wordpress\/#primaryimage\",\"url\":\"https:\/\/kinqsta.com\/it\/wp-content\/uploads\/sites\/2\/2026\/02\/IT_featured-image-agency-growth-insights_predictions.png\",\"contentUrl\":\"https:\/\/kinqsta.com\/it\/wp-content\/uploads\/sites\/2\/2026\/02\/IT_featured-image-agency-growth-insights_predictions.png\",\"width\":3600,\"height\":1884},{\"@type\":\"BreadcrumbList\",\"@id\":\"https:\/\/kinqsta.com\/it\/agency-growth-insights\/previsioni-soprendenti-agenzie-wordpress\/#breadcrumb\",\"itemListElement\":[{\"@type\":\"ListItem\",\"position\":1,\"name\":\"Home\",\"item\":\"https:\/\/kinqsta.com\/it\/\"},{\"@type\":\"ListItem\",\"position\":2,\"name\":\"Hanno capito tutto\",\"item\":\"https:\/\/kinqsta.com\/it\/agency-growth-insights\/\"},{\"@type\":\"ListItem\",\"position\":3,\"name\":\"Previsioni sorprendenti per l&#8217;anno a venire\"}]},{\"@type\":\"WebSite\",\"@id\":\"https:\/\/kinqsta.com\/it\/#website\",\"url\":\"https:\/\/kinqsta.com\/it\/\",\"name\":\"Kinsta\u00ae\",\"description\":\"Soluzioni di hosting premium, veloci e sicure\",\"publisher\":{\"@id\":\"https:\/\/kinqsta.com\/it\/#organization\"},\"potentialAction\":[{\"@type\":\"SearchAction\",\"target\":{\"@type\":\"EntryPoint\",\"urlTemplate\":\"https:\/\/kinqsta.com\/it\/?s={search_term_string}\"},\"query-input\":{\"@type\":\"PropertyValueSpecification\",\"valueRequired\":true,\"valueName\":\"search_term_string\"}}],\"inLanguage\":\"it-IT\"},{\"@type\":\"Organization\",\"@id\":\"https:\/\/kinqsta.com\/it\/#organization\",\"name\":\"Kinsta\",\"url\":\"https:\/\/kinqsta.com\/it\/\",\"logo\":{\"@type\":\"ImageObject\",\"inLanguage\":\"it-IT\",\"@id\":\"https:\/\/kinqsta.com\/it\/#\/schema\/logo\/image\/\",\"url\":\"https:\/\/kinqsta.com\/it\/wp-content\/uploads\/sites\/2\/2023\/12\/kinsta-logo.jpeg\",\"contentUrl\":\"https:\/\/kinqsta.com\/it\/wp-content\/uploads\/sites\/2\/2023\/12\/kinsta-logo.jpeg\",\"width\":500,\"height\":500,\"caption\":\"Kinsta\"},\"image\":{\"@id\":\"https:\/\/kinqsta.com\/it\/#\/schema\/logo\/image\/\"},\"sameAs\":[\"https:\/\/www.facebook.com\/kinstaitalia\/\",\"https:\/\/x.com\/Kinsta_IT\",\"https:\/\/www.instagram.com\/kinstahosting\/\",\"https:\/\/www.linkedin.com\/company\/kinsta\/\",\"https:\/\/www.pinterest.com\/kinstahosting\/\",\"https:\/\/www.youtube.com\/c\/Kinsta\"]}]}<\/script>\n<!-- \/ Yoast SEO Premium plugin. -->","yoast_head_json":{"title":"Cosa sar\u00e0 importante per le agenzie WordPress nel prossimo anno","description":"Queste agenzie puntano sulla fiducia personale, personalit\u00e0 riconoscibili e crescita basata sulla collaborazione invece che sull'AI.","robots":{"index":"index","follow":"follow","max-snippet":"max-snippet:-1","max-image-preview":"max-image-preview:large","max-video-preview":"max-video-preview:-1"},"canonical":"https:\/\/kinqsta.com\/it\/agency-growth-insights\/previsioni-soprendenti-agenzie-wordpress\/","og_locale":"it_IT","og_type":"article","og_title":"Previsioni sorprendenti per l'anno a venire","og_description":"Queste agenzie puntano sulla fiducia personale, personalit\u00e0 riconoscibili e crescita basata sulla collaborazione invece che sull'AI.","og_url":"https:\/\/kinqsta.com\/it\/agency-growth-insights\/previsioni-soprendenti-agenzie-wordpress\/","og_site_name":"Kinsta\u00ae","article_publisher":"https:\/\/www.facebook.com\/kinstaitalia\/","article_modified_time":"2026-03-17T09:22:48+00:00","og_image":[{"width":1024,"height":536,"url":"https:\/\/kinqsta.com\/it\/wp-content\/uploads\/sites\/2\/2026\/02\/IT_featured-image-agency-growth-insights_predictions-1024x536.png","type":"image\/png"}],"twitter_card":"summary_large_image","twitter_description":"Queste agenzie puntano sulla fiducia personale, personalit\u00e0 riconoscibili e crescita basata sulla collaborazione invece che sull'AI.","twitter_image":"https:\/\/kinqsta.com\/it\/wp-content\/uploads\/sites\/2\/2026\/02\/IT_featured-image-agency-growth-insights_predictions.png","twitter_site":"@Kinsta_IT","twitter_misc":{"Tempo di lettura stimato":"5 minuti"},"schema":{"@context":"https:\/\/schema.org","@graph":[{"@type":"WebPage","@id":"https:\/\/kinqsta.com\/it\/agency-growth-insights\/previsioni-soprendenti-agenzie-wordpress\/","url":"https:\/\/kinqsta.com\/it\/agency-growth-insights\/previsioni-soprendenti-agenzie-wordpress\/","name":"Cosa sar\u00e0 importante per le agenzie WordPress nel prossimo anno","isPartOf":{"@id":"https:\/\/kinqsta.com\/it\/#website"},"primaryImageOfPage":{"@id":"https:\/\/kinqsta.com\/it\/agency-growth-insights\/previsioni-soprendenti-agenzie-wordpress\/#primaryimage"},"image":{"@id":"https:\/\/kinqsta.com\/it\/agency-growth-insights\/previsioni-soprendenti-agenzie-wordpress\/#primaryimage"},"thumbnailUrl":"https:\/\/kinqsta.com\/it\/wp-content\/uploads\/sites\/2\/2026\/02\/IT_featured-image-agency-growth-insights_predictions.png","datePublished":"2026-03-10T09:15:49+00:00","dateModified":"2026-03-17T09:22:48+00:00","description":"Queste agenzie puntano sulla fiducia personale, personalit\u00e0 riconoscibili e crescita basata sulla collaborazione invece che sull'AI.","breadcrumb":{"@id":"https:\/\/kinqsta.com\/it\/agency-growth-insights\/previsioni-soprendenti-agenzie-wordpress\/#breadcrumb"},"inLanguage":"it-IT","potentialAction":[{"@type":"ReadAction","target":["https:\/\/kinqsta.com\/it\/agency-growth-insights\/previsioni-soprendenti-agenzie-wordpress\/"]}]},{"@type":"ImageObject","inLanguage":"it-IT","@id":"https:\/\/kinqsta.com\/it\/agency-growth-insights\/previsioni-soprendenti-agenzie-wordpress\/#primaryimage","url":"https:\/\/kinqsta.com\/it\/wp-content\/uploads\/sites\/2\/2026\/02\/IT_featured-image-agency-growth-insights_predictions.png","contentUrl":"https:\/\/kinqsta.com\/it\/wp-content\/uploads\/sites\/2\/2026\/02\/IT_featured-image-agency-growth-insights_predictions.png","width":3600,"height":1884},{"@type":"BreadcrumbList","@id":"https:\/\/kinqsta.com\/it\/agency-growth-insights\/previsioni-soprendenti-agenzie-wordpress\/#breadcrumb","itemListElement":[{"@type":"ListItem","position":1,"name":"Home","item":"https:\/\/kinqsta.com\/it\/"},{"@type":"ListItem","position":2,"name":"Hanno capito tutto","item":"https:\/\/kinqsta.com\/it\/agency-growth-insights\/"},{"@type":"ListItem","position":3,"name":"Previsioni sorprendenti per l&#8217;anno a venire"}]},{"@type":"WebSite","@id":"https:\/\/kinqsta.com\/it\/#website","url":"https:\/\/kinqsta.com\/it\/","name":"Kinsta\u00ae","description":"Soluzioni di hosting premium, veloci e sicure","publisher":{"@id":"https:\/\/kinqsta.com\/it\/#organization"},"potentialAction":[{"@type":"SearchAction","target":{"@type":"EntryPoint","urlTemplate":"https:\/\/kinqsta.com\/it\/?s={search_term_string}"},"query-input":{"@type":"PropertyValueSpecification","valueRequired":true,"valueName":"search_term_string"}}],"inLanguage":"it-IT"},{"@type":"Organization","@id":"https:\/\/kinqsta.com\/it\/#organization","name":"Kinsta","url":"https:\/\/kinqsta.com\/it\/","logo":{"@type":"ImageObject","inLanguage":"it-IT","@id":"https:\/\/kinqsta.com\/it\/#\/schema\/logo\/image\/","url":"https:\/\/kinqsta.com\/it\/wp-content\/uploads\/sites\/2\/2023\/12\/kinsta-logo.jpeg","contentUrl":"https:\/\/kinqsta.com\/it\/wp-content\/uploads\/sites\/2\/2023\/12\/kinsta-logo.jpeg","width":500,"height":500,"caption":"Kinsta"},"image":{"@id":"https:\/\/kinqsta.com\/it\/#\/schema\/logo\/image\/"},"sameAs":["https:\/\/www.facebook.com\/kinstaitalia\/","https:\/\/x.com\/Kinsta_IT","https:\/\/www.instagram.com\/kinstahosting\/","https:\/\/www.linkedin.com\/company\/kinsta\/","https:\/\/www.pinterest.com\/kinstahosting\/","https:\/\/www.youtube.com\/c\/Kinsta"]}]}},"acf":[],"_links":{"self":[{"href":"https:\/\/kinqsta.com\/it\/wp-json\/wp\/v2\/pages\/83331","targetHints":{"allow":["GET"]}}],"collection":[{"href":"https:\/\/kinqsta.com\/it\/wp-json\/wp\/v2\/pages"}],"about":[{"href":"https:\/\/kinqsta.com\/it\/wp-json\/wp\/v2\/types\/page"}],"author":[{"embeddable":true,"href":"https:\/\/kinqsta.com\/it\/wp-json\/wp\/v2\/users\/312"}],"replies":[{"embeddable":true,"href":"https:\/\/kinqsta.com\/it\/wp-json\/wp\/v2\/comments?post=83331"}],"version-history":[{"count":4,"href":"https:\/\/kinqsta.com\/it\/wp-json\/wp\/v2\/pages\/83331\/revisions"}],"predecessor-version":[{"id":83542,"href":"https:\/\/kinqsta.com\/it\/wp-json\/wp\/v2\/pages\/83331\/revisions\/83542"}],"up":[{"embeddable":true,"href":"https:\/\/kinqsta.com\/it\/wp-json\/wp\/v2\/pages\/83323"}],"alternate":[{"embeddable":true,"hreflang":"en","title":"English","href":"https:\/\/kinqsta.com\/it\/wp-json\/kinsta\/v1\/posts\/83331\/translations\/en"},{"embeddable":true,"hreflang":"it","title":"Italian","href":"https:\/\/kinqsta.com\/it\/wp-json\/kinsta\/v1\/posts\/83331\/translations\/it"},{"embeddable":true,"hreflang":"fr","title":"French","href":"https:\/\/kinqsta.com\/it\/wp-json\/kinsta\/v1\/posts\/83331\/translations\/fr"},{"embeddable":true,"hreflang":"ja","title":"Japanese","href":"https:\/\/kinqsta.com\/it\/wp-json\/kinsta\/v1\/posts\/83331\/translations\/jp"},{"embeddable":true,"hreflang":"es","title":"Spanish","href":"https:\/\/kinqsta.com\/it\/wp-json\/kinsta\/v1\/posts\/83331\/translations\/es"},{"href":"https:\/\/kinqsta.com\/it\/wp-json\/kinsta\/v1\/posts\/83331\/tree"}],"wp:featuredmedia":[{"embeddable":true,"href":"https:\/\/kinqsta.com\/it\/wp-json\/wp\/v2\/media\/83387"}],"wp:attachment":[{"href":"https:\/\/kinqsta.com\/it\/wp-json\/wp\/v2\/media?parent=83331"}],"curies":[{"name":"wp","href":"https:\/\/api.w.org\/{rel}","templated":true}]}}