{"id":83329,"date":"2026-03-10T10:15:32","date_gmt":"2026-03-10T09:15:32","guid":{"rendered":"https:\/\/kinqsta.com\/it\/?page_id=83329&#038;preview_id=83329"},"modified":"2026-03-17T10:04:51","modified_gmt":"2026-03-17T09:04:51","slug":"mantenere-focus-e-crescita-sostenibile","status":"publish","type":"page","link":"https:\/\/kinqsta.com\/it\/agency-growth-insights\/mantenere-focus-e-crescita-sostenibile\/","title":{"rendered":"Come hanno trovato la loro nicchia"},"content":{"rendered":"\n<header class=\"wp-block-kinsta-hero-title has-bg-contained is-small has-show-bg-desktop-only alignfull\" style=\"background-image:url(https:\/\/kinqsta.com\/wp-content\/uploads\/2026\/02\/work-no-topic-1.jpg);background-position:44% 52%\"><div class=\"wp-block-kinsta-hero-title__inner\">\n<div class=\"wp-block-kinsta-columns is-vertical-top\">\n<div class=\"wp-block-kinsta-column wp-block-kinsta-columns__column\">\n<div class=\"wp-block-kinsta-hero-title-content wp-block-kinsta-hero-title__content\"><h1 class=\"wp-block-kinsta-hero-title__title\"><span class=\"wp-block-kinsta-hero-title__title__text\">Come hanno trovato la loro nicchia<\/span><\/h1>\n<p><\/p>\n\n\n\n<div class=\"wp-block-kinsta-buttons alignleft\">\n\n<\/div>\n<\/div>\n<\/div>\n\n\n\n<div class=\"wp-block-kinsta-column wp-block-kinsta-columns__column\">\n<div class=\"wp-block-kinsta-hero-title-secondary wp-block-kinsta-hero-title__secondary\">\n<p>Molte delle agenzie qui presenti hanno scoperto che restringere il proprio campo d&#8217;azione, a volte per caso, altre per scelta, ha creato maggiori opportunit\u00e0 di crescita rispetto al mantenere un approccio pi\u00f9 ampio. La specializzazione ha reso pi\u00f9 facili le vendite, pi\u00f9 chiaro il posizionamento e pi\u00f9 probabili i passaparola. Trovare una nicchia ha permesso loro di rifiutare lavori al di fuori del proprio ambito senza preoccuparsi di perdere l&#8217;ultima occasione di guadagno.<\/p>\n\n\n\n<p>Il cambiamento non \u00e8 avvenuto dall&#8217;oggi al domani e non \u00e8 sempre stato facile, ma ha cambiato il loro modo di competere.<\/p>\n<\/div>\n<\/div>\n<\/div>\n<\/div><\/header>\n\n\n\n<div class=\"wp-block-group video-carousel-background pt--0 has-dark-background-color has-background is-layout-constrained wp-block-group-is-layout-constrained\">\n<div class=\"wp-block-group video-carousel-background pt--0 has-dark-background-color has-background is-layout-constrained wp-block-group-is-layout-constrained\">\n<div class=\"wp-block-group has-transparent-bg alignwide is-layout-constrained wp-block-group-is-layout-constrained\">\n<h2 class=\"wp-block-heading has-text-align-left append-carousel-pagination\" id=\"h-guarda-i-video\">Guarda i video<\/h2>\n\n\n\n<div class=\"wp-block-kinsta-video-carousel has-pagination-in-parent-wp-block-group\" data-gate-after=\"2\" data-gate-cta-title=\"Iscriviti e guarda l'intera serie\" data-gate-cta-button-text=\"Iscriviti\" data-gate-cta-link=\"#video-carousel-gate\" data-gate-hubspot-source=\"agency-content-series\" data-gate-hubspot-form-id=\"4e9bb57d-33c2-4f59-9c4a-6073b7f89c7f\">\n<div class=\"wp-block-kinsta-video-carousel-item\">\n<kinsta-video class=\"wp-block-kinsta-video\" src=\"https:\/\/kinsta.wistia.com\/medias\/21dzyc4qjk\" poster=\"https:\/\/kinqsta.com\/wp-content\/uploads\/2026\/02\/vin-thomas-fixel-b.jpg\" autoplay play-button-variant=\"play\" dialog=\"true\"><div slot=\"trigger\" class=\"kinsta-video__trigger\"><img decoding=\"async\" src=\"https:\/\/kinqsta.com\/wp-content\/uploads\/2026\/02\/vin-thomas-fixel-b.jpg\" loading=\"lazy\" alt aria-hidden=\"true\" class=\"kinsta-video__trigger__poster\"><\/div><\/kinsta-video>\n\n\n\n<h3 class=\"wp-block-heading\" id=\"accidental-niche\">La nicchia accidentale<\/h3>\n\n\n\n<p>Non tutte le agenzie iniziano con una strategia verticale. Fixel ha collaborato con una startup nel settore della sicurezza informatica per diversi anni. Quando quel cliente \u00e8 stato acquisito, il suo team di marketing si \u00e8 disperso in altre aziende di sicurezza informatica, portando con s\u00e9 Fixel e aprendo nuove porte nello stesso settore.<\/p>\n<\/div>\n\n\n\n<div class=\"wp-block-kinsta-video-carousel-item\">\n<kinsta-video class=\"wp-block-kinsta-video\" src=\"https:\/\/kinsta.wistia.com\/medias\/2mqvtj8jz1\" poster=\"https:\/\/kinqsta.com\/wp-content\/uploads\/2026\/02\/jonny-martin-built-mighty-a.jpg\" autoplay play-button-variant=\"play\" dialog=\"true\"><div slot=\"trigger\" class=\"kinsta-video__trigger\"><img decoding=\"async\" src=\"https:\/\/kinqsta.com\/wp-content\/uploads\/2026\/02\/jonny-martin-built-mighty-a.jpg\" loading=\"lazy\" alt aria-hidden=\"true\" class=\"kinsta-video__trigger__poster\"><\/div><\/kinsta-video>\n\n\n\n<h3 class=\"wp-block-heading\" id=\"failure-to-launch\">Lancio mancato<\/h3>\n\n\n\n<p>Uno dei fondatori si \u00e8 reso conto che nella maggior parte dei casi non era in competizione con altre agenzie di e-commerce. Piuttosto, spesso i progetti falliscono prima ancora di iniziare perch\u00e9 i clienti non riescono a decidere se procedere. Fortunatamente, ci sono molti potenziali clienti che, invece, hanno voglia di fare.<\/p>\n<\/div>\n\n\n\n<div class=\"wp-block-kinsta-video-carousel-item\">\n<kinsta-video class=\"wp-block-kinsta-video\" src=\"https:\/\/kinsta.wistia.com\/medias\/xkuswgckbk\" poster=\"https:\/\/kinqsta.com\/wp-content\/uploads\/2026\/02\/tim-kelsey-pronto-c.jpg\" autoplay play-button-variant=\"play\" dialog=\"true\"><div slot=\"trigger\" class=\"kinsta-video__trigger\"><img decoding=\"async\" src=\"https:\/\/kinqsta.com\/wp-content\/uploads\/2026\/02\/tim-kelsey-pronto-c.jpg\" loading=\"lazy\" alt aria-hidden=\"true\" class=\"kinsta-video__trigger__poster\"><\/div><\/kinsta-video>\n\n\n\n<h3 class=\"wp-block-heading\" id=\"documenting-success\">Documentare il successo<\/h3>\n\n\n\n<p>Un&#8217;agenzia stava perdendo contratti a favore di concorrenti che davano l&#8217;impressione di avere &#8220;pi\u00f9 esperienza&#8221;. Quando finalmente ha creato dei casi di studio convincenti, documentando il lavoro reale con risultati concreti ottenuti da progetti simili, le conversazioni di vendita sono cambiate. I potenziali clienti potevano identificarsi in quelle storie.<\/p>\n<\/div>\n\n\n\n<div class=\"wp-block-kinsta-video-carousel-item\">\n<kinsta-video class=\"wp-block-kinsta-video\" src=\"https:\/\/kinsta.wistia.com\/medias\/66a06ekvhw\" poster=\"https:\/\/kinqsta.com\/wp-content\/uploads\/2026\/02\/eddie-wise-40q-b.jpg\" autoplay play-button-variant=\"play\" dialog=\"true\"><div slot=\"trigger\" class=\"kinsta-video__trigger\"><img decoding=\"async\" src=\"https:\/\/kinqsta.com\/wp-content\/uploads\/2026\/02\/eddie-wise-40q-b.jpg\" loading=\"lazy\" alt aria-hidden=\"true\" class=\"kinsta-video__trigger__poster\"><\/div><\/kinsta-video>\n\n\n\n<h3 class=\"wp-block-heading\" id=\"h-alla-ricerca-dell-allineamento\">Alla ricerca dell&#8217;allineamento<\/h3>\n\n\n\n<p>Il &#8220;triangolo&#8221; decisionale di questa agenzia si basa su un&#8217;offerta di servizi specifica, un tipo di cliente specifico e una cultura aziendale interna. Quando tutti e tre questi elementi sono allineati, il progetto funziona. Quando non lo sono, il team pu\u00f2 abbandonarlo senza sentirsi di aver perso un&#8217;occasione di guadagno.<\/p>\n<\/div>\n\n\n\n<div class=\"wp-block-kinsta-video-carousel-item\">\n<kinsta-video class=\"wp-block-kinsta-video\" src=\"https:\/\/kinsta.wistia.com\/medias\/uvq12lo9fv\" poster=\"https:\/\/kinqsta.com\/wp-content\/uploads\/2026\/02\/vin-thomas-fixel-d.jpg\" autoplay play-button-variant=\"play\" dialog=\"true\"><div slot=\"trigger\" class=\"kinsta-video__trigger\"><img decoding=\"async\" src=\"https:\/\/kinqsta.com\/wp-content\/uploads\/2026\/02\/vin-thomas-fixel-d.jpg\" loading=\"lazy\" alt aria-hidden=\"true\" class=\"kinsta-video__trigger__poster\"><\/div><\/kinsta-video>\n\n\n\n<h3 class=\"wp-block-heading\" id=\"coming-back-for-more\">A volte ritornano<\/h3>\n\n\n\n<p>Uno dei fondatori ha avviato la sua agenzia pensando che i clienti volessero un servizio una tantum. Invece, ha scoperto che molti desideravano un partner a lungo termine in grado di gestire gli aggiornamenti del sito, mantenerne la qualit\u00e0 e allinearlo all&#8217;evoluzione delle loro attivit\u00e0. Questo ha creato una base di entrate ricorrenti.<\/p>\n<\/div>\n\n\n\n<div class=\"wp-block-kinsta-video-carousel-item\">\n<kinsta-video class=\"wp-block-kinsta-video\" src=\"https:\/\/kinsta.wistia.com\/medias\/8ykigxg4pz\" poster=\"https:\/\/kinqsta.com\/wp-content\/uploads\/2026\/02\/jonny-martin-built-mighty-b.jpg\" autoplay play-button-variant=\"play\" dialog=\"true\"><div slot=\"trigger\" class=\"kinsta-video__trigger\"><img decoding=\"async\" src=\"https:\/\/kinqsta.com\/wp-content\/uploads\/2026\/02\/jonny-martin-built-mighty-b.jpg\" loading=\"lazy\" alt aria-hidden=\"true\" class=\"kinsta-video__trigger__poster\"><\/div><\/kinsta-video>\n\n\n\n<h3 class=\"wp-block-heading\" id=\"friends-in-higher-places\">Amici ai &#8220;piani alti&#8221;<\/h3>\n\n\n\n<p>Per avviare la sua attivit\u00e0, questo imprenditore ha fatto un&#8217;offerta alle agenzie pi\u00f9 grandi: &#8220;Mandatemi i clienti che possono permettersi solo 20.000 dollari. Mi occuper\u00f2 io di loro&#8221;. Ha funzionato. Le agenzie pi\u00f9 grandi hanno mantenuto le relazioni e la reputazione senza accettare lavori al di sotto delle loro soglie.<\/p>\n<\/div>\n<\/div>\n<\/div>\n<\/div>\n<\/div>\n\n\n\n<div class=\"wp-block-group has-bg-contained has-dark-background-color has-background is-layout-constrained wp-block-group-is-layout-constrained\" style=\"background-image:url(https:\/\/kinqsta.com\/wp-content\/uploads\/2026\/02\/CTA-background-v2-1-1.png);background-position:50% 100%\">\n<div class=\"wp-block-group aligncenter has-transparent-bg is-layout-constrained wp-block-group-is-layout-constrained\">\n<h2 class=\"wp-block-heading has-text-align-left\" id=\"h-scopri-gli-altri-argomenti\">Scopri gli altri argomenti<\/h2>\n\n\n\n<div class=\"wp-block-kinsta-feature-boxes wp-block-kinsta-feature-boxes--3 linked-boxes--true\">\n<div class=\"wp-block-kinsta-feature-boxes-box wp-block-kinsta-feature-boxes__box\">\n<figure class=\"wp-block-image size-full is-style-rounded alignfull\"><img decoding=\"async\" src=\"https:\/\/kinqsta.com\/wp-content\/uploads\/2026\/02\/topics_1-1.png\" alt class=\"wp-image-206094\"><\/figure>\n\n\n\n<h3 class=\"wp-block-heading has-text-align-left\" id=\"h-l-ai-senza-l-hype\">L&#8217;AI, senza l&#8217;hype<\/h3>\n\n\n\n<div class=\"wp-block-kinsta-buttons alignright\">\n<a class=\"wp-block-kinsta-button is-style-arrow-only\" href=\"https:\/\/kinqsta.com\/it\/agency-growth-insights\/ai-wordpress-senza-hype\/\"><span class=\"wp-block-kinsta-button_text\"><\/span><\/a>\n<\/div>\n<\/div>\n\n\n\n<div class=\"wp-block-kinsta-feature-boxes-box wp-block-kinsta-feature-boxes__box\">\n<figure class=\"wp-block-image size-full alignfull\"><img decoding=\"async\" src=\"https:\/\/kinqsta.com\/wp-content\/uploads\/2026\/02\/topics_2-1.png\" alt class=\"wp-image-206095\"><\/figure>\n\n\n\n<h3 class=\"wp-block-heading has-text-align-left\" id=\"h-gli-errori-che-hanno-determinato-il-successo\">Gli errori che hanno determinato il successo<\/h3>\n\n\n\n<div class=\"wp-block-kinsta-buttons alignright\">\n<a class=\"wp-block-kinsta-button is-style-arrow-only\" href=\"https:\/\/kinqsta.com\/it\/agency-growth-insights\/errori-agenzie\/\"><span class=\"wp-block-kinsta-button_text\"><\/span><\/a>\n<\/div>\n<\/div>\n\n\n\n<div class=\"wp-block-kinsta-feature-boxes-box wp-block-kinsta-feature-boxes__box\">\n<figure class=\"wp-block-image size-full alignfull\"><img decoding=\"async\" src=\"https:\/\/kinqsta.com\/wp-content\/uploads\/2026\/02\/predictions-background-mobile-1.png\" alt class=\"wp-image-206102\"><\/figure>\n\n\n\n<h3 class=\"wp-block-heading has-text-align-left\" id=\"h-predizioni-sorprendenti-per-l-anno-a-venire\">Predizioni sorprendenti per l&#8217;anno a venire<\/h3>\n\n\n\n<div class=\"wp-block-kinsta-buttons alignright\">\n<a class=\"wp-block-kinsta-button is-style-arrow-only\" href=\"https:\/\/kinqsta.com\/it\/agency-growth-insights\/previsioni-soprendenti-agenzie-wordpress\/\"><span class=\"wp-block-kinsta-button_text\"><\/span><\/a>\n<\/div>\n<\/div>\n<\/div>\n<\/div>\n<\/div>\n\n\n\n<div class=\"wp-block-group aligncenter has-offwhite-background-color has-background is-layout-constrained wp-container-core-group-is-layout-6 wp-block-group-is-layout-constrained\" style=\"padding-top:0;padding-right:0;padding-bottom:0;padding-left:0\">\n<div class=\"wp-block-kinsta-columns is-vertical-center\">\n<div class=\"wp-block-kinsta-column wp-block-kinsta-columns__column\">\n<span class=\"wp-block-kinsta-tag wp-block-kinsta-tag--small\">Programma Agenzie Partner<\/span>\n\n\n\n<h2 class=\"wp-block-heading mt--10\" id=\"h-creato-per-agenzie-come-la-tua\">Creato per agenzie <br>come la tua<\/h2>\n\n\n\n<ul class=\"wp-block-list is-style-check-list\">\n<li>Co-marketing<\/li>\n\n\n\n<li>Referral di lead<\/li>\n\n\n\n<li>Commissioni di affiliazione a vita<\/li>\n<\/ul>\n\n\n\n<div class=\"wp-block-kinsta-buttons\">\n<a class=\"wp-block-kinsta-button is-style-cta-arrow\" href=\"https:\/\/kinqsta.com\/it\/programma-agenzie-partner\/\"><span class=\"wp-block-kinsta-button_text\">Scopri di pi\u00f9<\/span><\/a>\n<\/div>\n<\/div>\n\n\n\n<div class=\"wp-block-kinsta-column wp-block-kinsta-columns__column\">\n<figure class=\"wp-block-image size-full is-style-plain has-show-desktop-only\"><img decoding=\"async\" src=\"https:\/\/kinqsta.com\/wp-content\/uploads\/2025\/09\/app-hero.png\" alt=\"Image showing a woman talking on a mobile phone\" class=\"wp-image-199183\"><\/figure>\n<\/div>\n<\/div>\n<\/div>\n","protected":false},"excerpt":{"rendered":"<p>Guarda i video Scopri gli altri argomenti<\/p>\n","protected":false},"author":312,"featured_media":83383,"parent":83323,"menu_order":0,"comment_status":"closed","ping_status":"closed","template":"templates\/page\/agency-secrets.php","meta":{"_kinsta_gated_content":false,"_kinsta_gated_content_redirect":"","footnotes":""},"class_list":["post-83329","page","type-page","status-publish","has-post-thumbnail","hentry"],"yoast_head":"<!-- This site is optimized with the Yoast SEO Premium plugin v24.6 (Yoast SEO v24.6) - https:\/\/yoast.com\/wordpress\/plugins\/seo\/ -->\n<title>Come le agenzie WordPress scelgono focus e crescita sostenibile<\/title>\n<meta name=\"description\" content=\"Come trovare la propria nicchia, fidelizzare i clienti e imparare a dire &quot;no&quot; pu\u00f2 essere pi\u00f9 importante che cercare di aumentare il volume d&#039;affari.\" \/>\n<meta name=\"robots\" content=\"index, follow, max-snippet:-1, max-image-preview:large, max-video-preview:-1\" \/>\n<link rel=\"canonical\" href=\"https:\/\/kinqsta.com\/it\/agency-growth-insights\/mantenere-focus-e-crescita-sostenibile\/\" \/>\n<meta property=\"og:locale\" content=\"it_IT\" \/>\n<meta property=\"og:type\" content=\"article\" \/>\n<meta property=\"og:title\" content=\"Come hanno trovato la loro nicchia\" \/>\n<meta property=\"og:description\" content=\"Come trovare la propria nicchia, fidelizzare i clienti e imparare a dire &quot;no&quot; pu\u00f2 essere pi\u00f9 importante che cercare di aumentare il volume d&#039;affari.\" \/>\n<meta property=\"og:url\" content=\"https:\/\/kinqsta.com\/it\/agency-growth-insights\/mantenere-focus-e-crescita-sostenibile\/\" \/>\n<meta property=\"og:site_name\" content=\"Kinsta\u00ae\" \/>\n<meta property=\"article:publisher\" content=\"https:\/\/www.facebook.com\/kinstaitalia\/\" \/>\n<meta property=\"article:modified_time\" content=\"2026-03-17T09:04:51+00:00\" \/>\n<meta property=\"og:image\" content=\"https:\/\/kinqsta.com\/it\/wp-content\/uploads\/sites\/2\/2026\/02\/IT_featured-image-agency-growth-insights-focus-1024x536.png\" \/>\n\t<meta property=\"og:image:width\" content=\"1024\" \/>\n\t<meta property=\"og:image:height\" content=\"536\" \/>\n\t<meta property=\"og:image:type\" content=\"image\/png\" \/>\n<meta name=\"twitter:card\" content=\"summary_large_image\" \/>\n<meta name=\"twitter:description\" content=\"Come trovare la propria nicchia, fidelizzare i clienti e imparare a dire &quot;no&quot; pu\u00f2 essere pi\u00f9 importante che cercare di aumentare il volume d&#039;affari.\" \/>\n<meta name=\"twitter:image\" content=\"https:\/\/kinqsta.com\/it\/wp-content\/uploads\/sites\/2\/2026\/02\/IT_featured-image-agency-growth-insights-focus.png\" \/>\n<meta name=\"twitter:site\" content=\"@Kinsta_IT\" \/>\n<meta name=\"twitter:label1\" content=\"Tempo di lettura stimato\" \/>\n\t<meta name=\"twitter:data1\" content=\"5 minuti\" \/>\n<script type=\"application\/ld+json\" class=\"yoast-schema-graph\">{\"@context\":\"https:\/\/schema.org\",\"@graph\":[{\"@type\":\"WebPage\",\"@id\":\"https:\/\/kinqsta.com\/it\/agency-growth-insights\/mantenere-focus-e-crescita-sostenibile\/\",\"url\":\"https:\/\/kinqsta.com\/it\/agency-growth-insights\/mantenere-focus-e-crescita-sostenibile\/\",\"name\":\"Come le agenzie WordPress scelgono focus e crescita sostenibile\",\"isPartOf\":{\"@id\":\"https:\/\/kinqsta.com\/it\/#website\"},\"primaryImageOfPage\":{\"@id\":\"https:\/\/kinqsta.com\/it\/agency-growth-insights\/mantenere-focus-e-crescita-sostenibile\/#primaryimage\"},\"image\":{\"@id\":\"https:\/\/kinqsta.com\/it\/agency-growth-insights\/mantenere-focus-e-crescita-sostenibile\/#primaryimage\"},\"thumbnailUrl\":\"https:\/\/kinqsta.com\/it\/wp-content\/uploads\/sites\/2\/2026\/02\/IT_featured-image-agency-growth-insights-focus.png\",\"datePublished\":\"2026-03-10T09:15:32+00:00\",\"dateModified\":\"2026-03-17T09:04:51+00:00\",\"description\":\"Come trovare la propria nicchia, fidelizzare i clienti e imparare a dire \\\"no\\\" pu\u00f2 essere pi\u00f9 importante che cercare di aumentare il volume d'affari.\",\"breadcrumb\":{\"@id\":\"https:\/\/kinqsta.com\/it\/agency-growth-insights\/mantenere-focus-e-crescita-sostenibile\/#breadcrumb\"},\"inLanguage\":\"it-IT\",\"potentialAction\":[{\"@type\":\"ReadAction\",\"target\":[\"https:\/\/kinqsta.com\/it\/agency-growth-insights\/mantenere-focus-e-crescita-sostenibile\/\"]}]},{\"@type\":\"ImageObject\",\"inLanguage\":\"it-IT\",\"@id\":\"https:\/\/kinqsta.com\/it\/agency-growth-insights\/mantenere-focus-e-crescita-sostenibile\/#primaryimage\",\"url\":\"https:\/\/kinqsta.com\/it\/wp-content\/uploads\/sites\/2\/2026\/02\/IT_featured-image-agency-growth-insights-focus.png\",\"contentUrl\":\"https:\/\/kinqsta.com\/it\/wp-content\/uploads\/sites\/2\/2026\/02\/IT_featured-image-agency-growth-insights-focus.png\",\"width\":3600,\"height\":1884},{\"@type\":\"BreadcrumbList\",\"@id\":\"https:\/\/kinqsta.com\/it\/agency-growth-insights\/mantenere-focus-e-crescita-sostenibile\/#breadcrumb\",\"itemListElement\":[{\"@type\":\"ListItem\",\"position\":1,\"name\":\"Home\",\"item\":\"https:\/\/kinqsta.com\/it\/\"},{\"@type\":\"ListItem\",\"position\":2,\"name\":\"Hanno capito tutto\",\"item\":\"https:\/\/kinqsta.com\/it\/agency-growth-insights\/\"},{\"@type\":\"ListItem\",\"position\":3,\"name\":\"Come hanno trovato la loro nicchia\"}]},{\"@type\":\"WebSite\",\"@id\":\"https:\/\/kinqsta.com\/it\/#website\",\"url\":\"https:\/\/kinqsta.com\/it\/\",\"name\":\"Kinsta\u00ae\",\"description\":\"Soluzioni di hosting premium, veloci e sicure\",\"publisher\":{\"@id\":\"https:\/\/kinqsta.com\/it\/#organization\"},\"potentialAction\":[{\"@type\":\"SearchAction\",\"target\":{\"@type\":\"EntryPoint\",\"urlTemplate\":\"https:\/\/kinqsta.com\/it\/?s={search_term_string}\"},\"query-input\":{\"@type\":\"PropertyValueSpecification\",\"valueRequired\":true,\"valueName\":\"search_term_string\"}}],\"inLanguage\":\"it-IT\"},{\"@type\":\"Organization\",\"@id\":\"https:\/\/kinqsta.com\/it\/#organization\",\"name\":\"Kinsta\",\"url\":\"https:\/\/kinqsta.com\/it\/\",\"logo\":{\"@type\":\"ImageObject\",\"inLanguage\":\"it-IT\",\"@id\":\"https:\/\/kinqsta.com\/it\/#\/schema\/logo\/image\/\",\"url\":\"https:\/\/kinqsta.com\/it\/wp-content\/uploads\/sites\/2\/2023\/12\/kinsta-logo.jpeg\",\"contentUrl\":\"https:\/\/kinqsta.com\/it\/wp-content\/uploads\/sites\/2\/2023\/12\/kinsta-logo.jpeg\",\"width\":500,\"height\":500,\"caption\":\"Kinsta\"},\"image\":{\"@id\":\"https:\/\/kinqsta.com\/it\/#\/schema\/logo\/image\/\"},\"sameAs\":[\"https:\/\/www.facebook.com\/kinstaitalia\/\",\"https:\/\/x.com\/Kinsta_IT\",\"https:\/\/www.instagram.com\/kinstahosting\/\",\"https:\/\/www.linkedin.com\/company\/kinsta\/\",\"https:\/\/www.pinterest.com\/kinstahosting\/\",\"https:\/\/www.youtube.com\/c\/Kinsta\"]}]}<\/script>\n<!-- \/ Yoast SEO Premium plugin. -->","yoast_head_json":{"title":"Come le agenzie WordPress scelgono focus e crescita sostenibile","description":"Come trovare la propria nicchia, fidelizzare i clienti e imparare a dire \"no\" pu\u00f2 essere pi\u00f9 importante che cercare di aumentare il volume d'affari.","robots":{"index":"index","follow":"follow","max-snippet":"max-snippet:-1","max-image-preview":"max-image-preview:large","max-video-preview":"max-video-preview:-1"},"canonical":"https:\/\/kinqsta.com\/it\/agency-growth-insights\/mantenere-focus-e-crescita-sostenibile\/","og_locale":"it_IT","og_type":"article","og_title":"Come hanno trovato la loro nicchia","og_description":"Come trovare la propria nicchia, fidelizzare i clienti e imparare a dire \"no\" pu\u00f2 essere pi\u00f9 importante che cercare di aumentare il volume d'affari.","og_url":"https:\/\/kinqsta.com\/it\/agency-growth-insights\/mantenere-focus-e-crescita-sostenibile\/","og_site_name":"Kinsta\u00ae","article_publisher":"https:\/\/www.facebook.com\/kinstaitalia\/","article_modified_time":"2026-03-17T09:04:51+00:00","og_image":[{"width":1024,"height":536,"url":"https:\/\/kinqsta.com\/it\/wp-content\/uploads\/sites\/2\/2026\/02\/IT_featured-image-agency-growth-insights-focus-1024x536.png","type":"image\/png"}],"twitter_card":"summary_large_image","twitter_description":"Come trovare la propria nicchia, fidelizzare i clienti e imparare a dire \"no\" pu\u00f2 essere pi\u00f9 importante che cercare di aumentare il volume d'affari.","twitter_image":"https:\/\/kinqsta.com\/it\/wp-content\/uploads\/sites\/2\/2026\/02\/IT_featured-image-agency-growth-insights-focus.png","twitter_site":"@Kinsta_IT","twitter_misc":{"Tempo di lettura stimato":"5 minuti"},"schema":{"@context":"https:\/\/schema.org","@graph":[{"@type":"WebPage","@id":"https:\/\/kinqsta.com\/it\/agency-growth-insights\/mantenere-focus-e-crescita-sostenibile\/","url":"https:\/\/kinqsta.com\/it\/agency-growth-insights\/mantenere-focus-e-crescita-sostenibile\/","name":"Come le agenzie WordPress scelgono focus e crescita sostenibile","isPartOf":{"@id":"https:\/\/kinqsta.com\/it\/#website"},"primaryImageOfPage":{"@id":"https:\/\/kinqsta.com\/it\/agency-growth-insights\/mantenere-focus-e-crescita-sostenibile\/#primaryimage"},"image":{"@id":"https:\/\/kinqsta.com\/it\/agency-growth-insights\/mantenere-focus-e-crescita-sostenibile\/#primaryimage"},"thumbnailUrl":"https:\/\/kinqsta.com\/it\/wp-content\/uploads\/sites\/2\/2026\/02\/IT_featured-image-agency-growth-insights-focus.png","datePublished":"2026-03-10T09:15:32+00:00","dateModified":"2026-03-17T09:04:51+00:00","description":"Come trovare la propria nicchia, fidelizzare i clienti e imparare a dire \"no\" pu\u00f2 essere pi\u00f9 importante che cercare di aumentare il volume d'affari.","breadcrumb":{"@id":"https:\/\/kinqsta.com\/it\/agency-growth-insights\/mantenere-focus-e-crescita-sostenibile\/#breadcrumb"},"inLanguage":"it-IT","potentialAction":[{"@type":"ReadAction","target":["https:\/\/kinqsta.com\/it\/agency-growth-insights\/mantenere-focus-e-crescita-sostenibile\/"]}]},{"@type":"ImageObject","inLanguage":"it-IT","@id":"https:\/\/kinqsta.com\/it\/agency-growth-insights\/mantenere-focus-e-crescita-sostenibile\/#primaryimage","url":"https:\/\/kinqsta.com\/it\/wp-content\/uploads\/sites\/2\/2026\/02\/IT_featured-image-agency-growth-insights-focus.png","contentUrl":"https:\/\/kinqsta.com\/it\/wp-content\/uploads\/sites\/2\/2026\/02\/IT_featured-image-agency-growth-insights-focus.png","width":3600,"height":1884},{"@type":"BreadcrumbList","@id":"https:\/\/kinqsta.com\/it\/agency-growth-insights\/mantenere-focus-e-crescita-sostenibile\/#breadcrumb","itemListElement":[{"@type":"ListItem","position":1,"name":"Home","item":"https:\/\/kinqsta.com\/it\/"},{"@type":"ListItem","position":2,"name":"Hanno capito tutto","item":"https:\/\/kinqsta.com\/it\/agency-growth-insights\/"},{"@type":"ListItem","position":3,"name":"Come hanno trovato la loro nicchia"}]},{"@type":"WebSite","@id":"https:\/\/kinqsta.com\/it\/#website","url":"https:\/\/kinqsta.com\/it\/","name":"Kinsta\u00ae","description":"Soluzioni di hosting premium, veloci e sicure","publisher":{"@id":"https:\/\/kinqsta.com\/it\/#organization"},"potentialAction":[{"@type":"SearchAction","target":{"@type":"EntryPoint","urlTemplate":"https:\/\/kinqsta.com\/it\/?s={search_term_string}"},"query-input":{"@type":"PropertyValueSpecification","valueRequired":true,"valueName":"search_term_string"}}],"inLanguage":"it-IT"},{"@type":"Organization","@id":"https:\/\/kinqsta.com\/it\/#organization","name":"Kinsta","url":"https:\/\/kinqsta.com\/it\/","logo":{"@type":"ImageObject","inLanguage":"it-IT","@id":"https:\/\/kinqsta.com\/it\/#\/schema\/logo\/image\/","url":"https:\/\/kinqsta.com\/it\/wp-content\/uploads\/sites\/2\/2023\/12\/kinsta-logo.jpeg","contentUrl":"https:\/\/kinqsta.com\/it\/wp-content\/uploads\/sites\/2\/2023\/12\/kinsta-logo.jpeg","width":500,"height":500,"caption":"Kinsta"},"image":{"@id":"https:\/\/kinqsta.com\/it\/#\/schema\/logo\/image\/"},"sameAs":["https:\/\/www.facebook.com\/kinstaitalia\/","https:\/\/x.com\/Kinsta_IT","https:\/\/www.instagram.com\/kinstahosting\/","https:\/\/www.linkedin.com\/company\/kinsta\/","https:\/\/www.pinterest.com\/kinstahosting\/","https:\/\/www.youtube.com\/c\/Kinsta"]}]}},"acf":[],"_links":{"self":[{"href":"https:\/\/kinqsta.com\/it\/wp-json\/wp\/v2\/pages\/83329","targetHints":{"allow":["GET"]}}],"collection":[{"href":"https:\/\/kinqsta.com\/it\/wp-json\/wp\/v2\/pages"}],"about":[{"href":"https:\/\/kinqsta.com\/it\/wp-json\/wp\/v2\/types\/page"}],"author":[{"embeddable":true,"href":"https:\/\/kinqsta.com\/it\/wp-json\/wp\/v2\/users\/312"}],"replies":[{"embeddable":true,"href":"https:\/\/kinqsta.com\/it\/wp-json\/wp\/v2\/comments?post=83329"}],"version-history":[{"count":4,"href":"https:\/\/kinqsta.com\/it\/wp-json\/wp\/v2\/pages\/83329\/revisions"}],"predecessor-version":[{"id":83541,"href":"https:\/\/kinqsta.com\/it\/wp-json\/wp\/v2\/pages\/83329\/revisions\/83541"}],"up":[{"embeddable":true,"href":"https:\/\/kinqsta.com\/it\/wp-json\/wp\/v2\/pages\/83323"}],"alternate":[{"embeddable":true,"hreflang":"en","title":"English","href":"https:\/\/kinqsta.com\/it\/wp-json\/kinsta\/v1\/posts\/83329\/translations\/en"},{"embeddable":true,"hreflang":"it","title":"Italian","href":"https:\/\/kinqsta.com\/it\/wp-json\/kinsta\/v1\/posts\/83329\/translations\/it"},{"embeddable":true,"hreflang":"fr","title":"French","href":"https:\/\/kinqsta.com\/it\/wp-json\/kinsta\/v1\/posts\/83329\/translations\/fr"},{"embeddable":true,"hreflang":"ja","title":"Japanese","href":"https:\/\/kinqsta.com\/it\/wp-json\/kinsta\/v1\/posts\/83329\/translations\/jp"},{"embeddable":true,"hreflang":"es","title":"Spanish","href":"https:\/\/kinqsta.com\/it\/wp-json\/kinsta\/v1\/posts\/83329\/translations\/es"},{"href":"https:\/\/kinqsta.com\/it\/wp-json\/kinsta\/v1\/posts\/83329\/tree"}],"wp:featuredmedia":[{"embeddable":true,"href":"https:\/\/kinqsta.com\/it\/wp-json\/wp\/v2\/media\/83383"}],"wp:attachment":[{"href":"https:\/\/kinqsta.com\/it\/wp-json\/wp\/v2\/media?parent=83329"}],"curies":[{"name":"wp","href":"https:\/\/api.w.org\/{rel}","templated":true}]}}