{"id":70883,"date":"2023-07-13T08:46:36","date_gmt":"2023-07-13T07:46:36","guid":{"rendered":"https:\/\/kinqsta.com\/fr\/?page_id=70883&#038;preview_id=70883"},"modified":"2025-11-20T14:12:28","modified_gmt":"2025-11-20T13:12:28","slug":"sous-traitants","status":"publish","type":"page","link":"https:\/\/kinqsta.com\/fr\/mentions-legales\/sous-traitants\/","title":{"rendered":"Kinsta Inc. Liste des sous-traitants"},"content":{"rendered":"<aside role=\"note\" class=\"wp-block-kinsta-notice is-style-plain\">\n        <p>Ceci est la traduction fran\u00e7aise de la section juridique originale anglaise. Veuillez noter que m\u00eame si nous prenons toutes les pr\u00e9cautions n\u00e9cessaires pour nous assurer que le texte ci-dessous est exact, en cas de divergence entre les deux versions, c&rsquo;est la version anglaise qui pr\u00e9vaut. Le texte juridique original se trouve <a data-no-translate href=\"https:\/\/kinqsta.com\/legal\/subprocessors\/\">ici<\/a>.<\/p>\n<\/aside>\n\n\n\n\n<p>Mis \u00e0 jour le : 25 septembre 2025<\/p>\n\n\n\n<figure class=\"wp-block-table is-style-regular\"><table><thead><tr><th class=\"has-text-align-center\" data-align=\"center\"><strong>Nom<\/strong><\/th><th><strong>Description de l&rsquo;utilisation li\u00e9e aux demandes des clients<\/strong><\/th><th class=\"has-text-align-center\" data-align=\"center\"><strong>Lieu de traitement<\/strong><\/th><\/tr><\/thead><tbody><tr><td class=\"has-text-align-center\" data-align=\"center\">Cloudflare, Inc.<\/td><td>S\u00e9curit\u00e9 et performance<\/td><td class=\"has-text-align-center\" data-align=\"center\">R\u00e9gional &#8211; Kinsta utilise la suite de localisation des donn\u00e9es de Cloudflare. Les centres de donn\u00e9es sont situ\u00e9s dans le monde entier. <br><br>Pour plus d&rsquo;informations, consultez l&rsquo;<a href=\"https:\/\/www.cloudflare.com\/en-gb\/gdpr\/introduction\/\" target=\"_blank\" rel=\"noreferrer noopener\">engagement de Cloudflare en mati\u00e8re de conformit\u00e9 au RGPD<\/a> et leur article sur la <a href=\"https:\/\/www.cloudflare.com\/data-localization\/\" target=\"_blank\" rel=\"noreferrer noopener\">localisation des donn\u00e9es<\/a>.<\/td><\/tr><tr><td class=\"has-text-align-center\" data-align=\"center\">Google LLC \/ Google Ireland Limited<\/td><td>H\u00e9bergement et s\u00e9curit\u00e9<\/td><td class=\"has-text-align-center\" data-align=\"center\">Choix du client &#8211; Les clients choisissent le centre de donn\u00e9es o\u00f9 leurs applications clients seront h\u00e9berg\u00e9es. Les centres de donn\u00e9es sont situ\u00e9s dans le monde entier.<br><br><em>Remarque<\/em>: le cluster analytique de Kinsta, qui traite les adresses IP et d&rsquo;autres informations de journal d&rsquo;acc\u00e8s provenant des applications clients, est h\u00e9berg\u00e9 aux \u00c9tats-Unis.<br><br>Pour plus d&rsquo;informations, consultez <a href=\"https:\/\/cloud.google.com\/privacy\/gdpr\" target=\"_blank\" rel=\"noreferrer noopener\">https:\/\/cloud.google.com\/privacy\/gdpr<\/a>.<\/td><\/tr><tr><td class=\"has-text-align-center\" data-align=\"center\">Oracle America, Inc<\/td><td>H\u00e9bergement et s\u00e9curit\u00e9<\/td><td class=\"has-text-align-center\" data-align=\"center\">Choix du client &#8211; Les clients choisissent le centre de donn\u00e9es o\u00f9 leurs applications clients seront h\u00e9berg\u00e9es. Les centres de donn\u00e9es sont situ\u00e9s dans le monde entier.<br><br><em>Remarque<\/em>: le cluster analytique de Kinsta, qui traite les adresses IP et d&rsquo;autres informations de journal d&rsquo;acc\u00e8s provenant des applications clients, est h\u00e9berg\u00e9 aux \u00c9tats-Unis.<br><br>Pour plus d&rsquo;informations, consultez <a href=\"https:\/\/www.oracle.com\/security\/gdpr\/\">https:\/\/www.oracle.com\/security\/gdpr\/<\/a>.<\/td><\/tr><tr><td class=\"has-text-align-center\" data-align=\"center\">Amazon Web Services, Inc.<\/td><td>Services DNS (Route 53)<\/td><td class=\"has-text-align-center\" data-align=\"center\">\u00c9tats-Unis<br><br>Pour plus d&rsquo;informations, consultez <a href=\"https:\/\/aws.amazon.com\/compliance\/data-privacy\/\" target=\"_blank\" rel=\"noreferrer noopener\">https:\/\/aws.amazon.com\/compliance\/data-privacy\/<\/a>.<\/td><\/tr><tr><td class=\"has-text-align-center\" data-align=\"center\">Clickhouse, Inc.<\/td><td>Analytique et stockage de logs<\/td><td class=\"has-text-align-center\" data-align=\"center\">\u00c9tats-Unis<br><br>Pour plus d&rsquo;informations, consultez <a href=\"https:\/\/trust.clickhouse.com\/\" target=\"_blank\" rel=\"noreferrer noopener\">https:\/\/trust.clickhouse.com\/<\/a>.<\/td><\/tr><tr><td class=\"has-text-align-center\" data-align=\"center\">Intercom, Inc.<\/td><td>Assistance \u00e0 la client\u00e8le et communication<\/td><td class=\"has-text-align-center\" data-align=\"center\">\u00c9tats-Unis<br><br>Pour plus d&rsquo;informations, consultez <a href=\"https:\/\/www.intercom.com\/legal\/security-policy\" target=\"_blank\" rel=\"noreferrer noopener\">https:\/\/www.intercom.com\/legal\/security-policy.<\/a><\/td><\/tr><tr><td class=\"has-text-align-center\" data-align=\"center\">Hubspot, Inc.<\/td><td>Support client et communication<\/td><td class=\"has-text-align-center\" data-align=\"center\">\u00c9tats-Unis<br><br>Pour plus d&rsquo;informations, consultez <a href=\"https:\/\/knowledge.hubspot.com\/account-security\/hubspot-cloud-infrastructure-and-data-hosting-frequently-asked-questions\" target=\"_blank\" rel=\"noreferrer noopener\">https:\/\/knowledge.hubspot.com\/account-security\/hubspot-cloud-infrastructure-and-data-hosting-frequently-asked-questions<\/a>.<\/td><\/tr><tr><td class=\"has-text-align-center\" data-align=\"center\">Mailchannels Corporation<\/td><td>Transmission d&rsquo;e-mails transactionnels<\/td><td class=\"has-text-align-center\" data-align=\"center\">Canada, \u00c9tats-Unis<br><br>Pour plus d&rsquo;informations, consultez <a href=\"https:\/\/www.mailchannels.com\/gdpr\/\" target=\"_blank\" rel=\"noreferrer noopener\">https:\/\/www.mailchannels.com\/gdpr\/<\/a>.<\/td><\/tr><tr><td class=\"has-text-align-center\" data-align=\"center\">Inactiv.com Media Solutions Private Limited et BlogVault Inc. d\/b\/a Migrate Guru<\/td><td>Migrations<\/td><td class=\"has-text-align-center\" data-align=\"center\">Union europ\u00e9enne<br><br>Pour plus d&rsquo;informations, consultez <a href=\"https:\/\/migrateguru.com\/gdpr\/\" target=\"_blank\" rel=\"noreferrer noopener\">https:\/\/migrateguru.com\/gdpr\/<\/a>.<\/td><\/tr><\/tbody><\/table><\/figure>\n\n\n\n<h2 class=\"wp-block-heading\" id=\"h-versions-precedentes\">Versions pr\u00e9c\u00e9dentes<\/h2>\n\n\n\n<div class=\"wp-block-kinsta-buttons\">\n<a class=\"wp-block-kinsta-button\" href=\"https:\/\/kinqsta.com\/wp-content\/uploads\/2025\/11\/Subprocessor-List-July-7-2023-WEBSITE-ARCHIVE.pdf\" target=\"_blank\" rel=\"noreferrer noopener\" download><span class=\"wp-block-kinsta-button_text\">7 juillet 2023<\/span><\/a>\n<\/div>\n","protected":false},"excerpt":{"rendered":"<p>Mis \u00e0 jour le : 25 septembre 2025 Nom Description de l&rsquo;utilisation li\u00e9e aux demandes des clients Lieu de traitement Cloudflare, Inc. S\u00e9curit\u00e9 et performance R\u00e9gional &#8230;<\/p>\n","protected":false},"author":115,"featured_media":0,"parent":4579,"menu_order":0,"comment_status":"closed","ping_status":"closed","template":"templates\/template-article.php","meta":{"_kinsta_gated_content":false,"_kinsta_gated_content_redirect":"","footnotes":""},"class_list":["post-70883","page","type-page","status-publish","hentry"],"yoast_head":"<!-- This site is optimized with the Yoast SEO Premium plugin v24.6 (Yoast SEO v24.6) - https:\/\/yoast.com\/wordpress\/plugins\/seo\/ -->\n<title>Mentions l\u00e9gales Kinsta Inc. Liste sous-traitants - Kinsta\u00ae<\/title>\n<meta name=\"description\" content=\"Notre page sur les sous-traitants explique comment Kinsta g\u00e8re nos services. Consultez leur r\u00f4le, leur localisation et les donn\u00e9es qu&#039;ils traitent.\" \/>\n<meta name=\"robots\" content=\"index, follow, max-snippet:-1, max-image-preview:large, max-video-preview:-1\" \/>\n<link rel=\"canonical\" href=\"https:\/\/kinqsta.com\/fr\/mentions-legales\/sous-traitants\/\" \/>\n<meta property=\"og:locale\" content=\"fr_FR\" \/>\n<meta property=\"og:type\" content=\"article\" \/>\n<meta property=\"og:title\" content=\"Kinsta Inc. Liste des sous-traitants\" \/>\n<meta property=\"og:description\" content=\"Notre page sur les sous-traitants explique comment Kinsta g\u00e8re nos services. Consultez leur r\u00f4le, leur localisation et les donn\u00e9es qu&#039;ils traitent.\" \/>\n<meta property=\"og:url\" content=\"https:\/\/kinqsta.com\/fr\/mentions-legales\/sous-traitants\/\" \/>\n<meta property=\"og:site_name\" content=\"Kinsta\u00ae\" \/>\n<meta property=\"article:publisher\" content=\"https:\/\/www.facebook.com\/kinstafrance\/\" \/>\n<meta property=\"article:modified_time\" content=\"2025-11-20T13:12:28+00:00\" \/>\n<meta property=\"og:image\" content=\"https:\/\/kinqsta.com\/fr\/wp-content\/uploads\/sites\/4\/2023\/12\/kinsta-homepage-fr.png\" \/>\n\t<meta property=\"og:image:width\" content=\"1200\" \/>\n\t<meta property=\"og:image:height\" content=\"628\" \/>\n\t<meta property=\"og:image:type\" content=\"image\/png\" \/>\n<meta name=\"twitter:card\" content=\"summary_large_image\" \/>\n<meta name=\"twitter:description\" content=\"Notre page sur les sous-traitants explique comment Kinsta g\u00e8re nos services. Consultez leur r\u00f4le, leur localisation et les donn\u00e9es qu&#039;ils traitent.\" \/>\n<meta name=\"twitter:image\" content=\"https:\/\/kinqsta.com\/fr\/wp-content\/uploads\/sites\/4\/2023\/12\/kinsta-homepage-fr.png\" \/>\n<meta name=\"twitter:site\" content=\"@kinsta_fr\" \/>\n<meta name=\"twitter:label1\" content=\"Dur\u00e9e de lecture estim\u00e9e\" \/>\n\t<meta name=\"twitter:data1\" content=\"2 minutes\" \/>\n<script type=\"application\/ld+json\" class=\"yoast-schema-graph\">{\"@context\":\"https:\/\/schema.org\",\"@graph\":[{\"@type\":\"WebPage\",\"@id\":\"https:\/\/kinqsta.com\/fr\/mentions-legales\/sous-traitants\/\",\"url\":\"https:\/\/kinqsta.com\/fr\/mentions-legales\/sous-traitants\/\",\"name\":\"Mentions l\u00e9gales Kinsta Inc. Liste sous-traitants - Kinsta\u00ae\",\"isPartOf\":{\"@id\":\"https:\/\/kinqsta.com\/fr\/#website\"},\"datePublished\":\"2023-07-13T07:46:36+00:00\",\"dateModified\":\"2025-11-20T13:12:28+00:00\",\"description\":\"Notre page sur les sous-traitants explique comment Kinsta g\u00e8re nos services. Consultez leur r\u00f4le, leur localisation et les donn\u00e9es qu'ils traitent.\",\"breadcrumb\":{\"@id\":\"https:\/\/kinqsta.com\/fr\/mentions-legales\/sous-traitants\/#breadcrumb\"},\"inLanguage\":\"fr-FR\",\"potentialAction\":[{\"@type\":\"ReadAction\",\"target\":[\"https:\/\/kinqsta.com\/fr\/mentions-legales\/sous-traitants\/\"]}]},{\"@type\":\"BreadcrumbList\",\"@id\":\"https:\/\/kinqsta.com\/fr\/mentions-legales\/sous-traitants\/#breadcrumb\",\"itemListElement\":[{\"@type\":\"ListItem\",\"position\":1,\"name\":\"Home\",\"item\":\"https:\/\/kinqsta.com\/fr\/\"},{\"@type\":\"ListItem\",\"position\":2,\"name\":\"Mentions l\u00e9gales\",\"item\":\"https:\/\/kinqsta.com\/fr\/mentions-legales\/\"},{\"@type\":\"ListItem\",\"position\":3,\"name\":\"Kinsta Inc. Liste des sous-traitants\"}]},{\"@type\":\"WebSite\",\"@id\":\"https:\/\/kinqsta.com\/fr\/#website\",\"url\":\"https:\/\/kinqsta.com\/fr\/\",\"name\":\"Kinsta\u00ae\",\"description\":\"Solutions d&#039;h\u00e9bergement premium, rapides et s\u00e9curis\u00e9es\",\"publisher\":{\"@id\":\"https:\/\/kinqsta.com\/fr\/#organization\"},\"potentialAction\":[{\"@type\":\"SearchAction\",\"target\":{\"@type\":\"EntryPoint\",\"urlTemplate\":\"https:\/\/kinqsta.com\/fr\/?s={search_term_string}\"},\"query-input\":{\"@type\":\"PropertyValueSpecification\",\"valueRequired\":true,\"valueName\":\"search_term_string\"}}],\"inLanguage\":\"fr-FR\"},{\"@type\":\"Organization\",\"@id\":\"https:\/\/kinqsta.com\/fr\/#organization\",\"name\":\"Kinsta\",\"url\":\"https:\/\/kinqsta.com\/fr\/\",\"logo\":{\"@type\":\"ImageObject\",\"inLanguage\":\"fr-FR\",\"@id\":\"https:\/\/kinqsta.com\/fr\/#\/schema\/logo\/image\/\",\"url\":\"https:\/\/kinqsta.com\/fr\/wp-content\/uploads\/sites\/4\/2023\/12\/kinsta-logo.jpeg\",\"contentUrl\":\"https:\/\/kinqsta.com\/fr\/wp-content\/uploads\/sites\/4\/2023\/12\/kinsta-logo.jpeg\",\"width\":500,\"height\":500,\"caption\":\"Kinsta\"},\"image\":{\"@id\":\"https:\/\/kinqsta.com\/fr\/#\/schema\/logo\/image\/\"},\"sameAs\":[\"https:\/\/www.facebook.com\/kinstafrance\/\",\"https:\/\/x.com\/kinsta_fr\",\"https:\/\/www.instagram.com\/kinstahosting\/\",\"https:\/\/www.linkedin.com\/company\/kinsta\/\",\"https:\/\/www.pinterest.com\/kinstahosting\/\",\"https:\/\/www.youtube.com\/c\/Kinsta\"]}]}<\/script>\n<!-- \/ Yoast SEO Premium plugin. -->","yoast_head_json":{"title":"Mentions l\u00e9gales Kinsta Inc. Liste sous-traitants - Kinsta\u00ae","description":"Notre page sur les sous-traitants explique comment Kinsta g\u00e8re nos services. Consultez leur r\u00f4le, leur localisation et les donn\u00e9es qu'ils traitent.","robots":{"index":"index","follow":"follow","max-snippet":"max-snippet:-1","max-image-preview":"max-image-preview:large","max-video-preview":"max-video-preview:-1"},"canonical":"https:\/\/kinqsta.com\/fr\/mentions-legales\/sous-traitants\/","og_locale":"fr_FR","og_type":"article","og_title":"Kinsta Inc. Liste des sous-traitants","og_description":"Notre page sur les sous-traitants explique comment Kinsta g\u00e8re nos services. Consultez leur r\u00f4le, leur localisation et les donn\u00e9es qu'ils traitent.","og_url":"https:\/\/kinqsta.com\/fr\/mentions-legales\/sous-traitants\/","og_site_name":"Kinsta\u00ae","article_publisher":"https:\/\/www.facebook.com\/kinstafrance\/","article_modified_time":"2025-11-20T13:12:28+00:00","og_image":[{"width":1200,"height":628,"url":"https:\/\/kinqsta.com\/fr\/wp-content\/uploads\/sites\/4\/2023\/12\/kinsta-homepage-fr.png","type":"image\/png"}],"twitter_card":"summary_large_image","twitter_description":"Notre page sur les sous-traitants explique comment Kinsta g\u00e8re nos services. Consultez leur r\u00f4le, leur localisation et les donn\u00e9es qu'ils traitent.","twitter_image":"https:\/\/kinqsta.com\/fr\/wp-content\/uploads\/sites\/4\/2023\/12\/kinsta-homepage-fr.png","twitter_site":"@kinsta_fr","twitter_misc":{"Dur\u00e9e de lecture estim\u00e9e":"2 minutes"},"schema":{"@context":"https:\/\/schema.org","@graph":[{"@type":"WebPage","@id":"https:\/\/kinqsta.com\/fr\/mentions-legales\/sous-traitants\/","url":"https:\/\/kinqsta.com\/fr\/mentions-legales\/sous-traitants\/","name":"Mentions l\u00e9gales Kinsta Inc. Liste sous-traitants - Kinsta\u00ae","isPartOf":{"@id":"https:\/\/kinqsta.com\/fr\/#website"},"datePublished":"2023-07-13T07:46:36+00:00","dateModified":"2025-11-20T13:12:28+00:00","description":"Notre page sur les sous-traitants explique comment Kinsta g\u00e8re nos services. Consultez leur r\u00f4le, leur localisation et les donn\u00e9es qu'ils traitent.","breadcrumb":{"@id":"https:\/\/kinqsta.com\/fr\/mentions-legales\/sous-traitants\/#breadcrumb"},"inLanguage":"fr-FR","potentialAction":[{"@type":"ReadAction","target":["https:\/\/kinqsta.com\/fr\/mentions-legales\/sous-traitants\/"]}]},{"@type":"BreadcrumbList","@id":"https:\/\/kinqsta.com\/fr\/mentions-legales\/sous-traitants\/#breadcrumb","itemListElement":[{"@type":"ListItem","position":1,"name":"Home","item":"https:\/\/kinqsta.com\/fr\/"},{"@type":"ListItem","position":2,"name":"Mentions l\u00e9gales","item":"https:\/\/kinqsta.com\/fr\/mentions-legales\/"},{"@type":"ListItem","position":3,"name":"Kinsta Inc. Liste des sous-traitants"}]},{"@type":"WebSite","@id":"https:\/\/kinqsta.com\/fr\/#website","url":"https:\/\/kinqsta.com\/fr\/","name":"Kinsta\u00ae","description":"Solutions d&#039;h\u00e9bergement premium, rapides et s\u00e9curis\u00e9es","publisher":{"@id":"https:\/\/kinqsta.com\/fr\/#organization"},"potentialAction":[{"@type":"SearchAction","target":{"@type":"EntryPoint","urlTemplate":"https:\/\/kinqsta.com\/fr\/?s={search_term_string}"},"query-input":{"@type":"PropertyValueSpecification","valueRequired":true,"valueName":"search_term_string"}}],"inLanguage":"fr-FR"},{"@type":"Organization","@id":"https:\/\/kinqsta.com\/fr\/#organization","name":"Kinsta","url":"https:\/\/kinqsta.com\/fr\/","logo":{"@type":"ImageObject","inLanguage":"fr-FR","@id":"https:\/\/kinqsta.com\/fr\/#\/schema\/logo\/image\/","url":"https:\/\/kinqsta.com\/fr\/wp-content\/uploads\/sites\/4\/2023\/12\/kinsta-logo.jpeg","contentUrl":"https:\/\/kinqsta.com\/fr\/wp-content\/uploads\/sites\/4\/2023\/12\/kinsta-logo.jpeg","width":500,"height":500,"caption":"Kinsta"},"image":{"@id":"https:\/\/kinqsta.com\/fr\/#\/schema\/logo\/image\/"},"sameAs":["https:\/\/www.facebook.com\/kinstafrance\/","https:\/\/x.com\/kinsta_fr","https:\/\/www.instagram.com\/kinstahosting\/","https:\/\/www.linkedin.com\/company\/kinsta\/","https:\/\/www.pinterest.com\/kinstahosting\/","https:\/\/www.youtube.com\/c\/Kinsta"]}]}},"acf":[],"_links":{"self":[{"href":"https:\/\/kinqsta.com\/fr\/wp-json\/wp\/v2\/pages\/70883","targetHints":{"allow":["GET"]}}],"collection":[{"href":"https:\/\/kinqsta.com\/fr\/wp-json\/wp\/v2\/pages"}],"about":[{"href":"https:\/\/kinqsta.com\/fr\/wp-json\/wp\/v2\/types\/page"}],"author":[{"embeddable":true,"href":"https:\/\/kinqsta.com\/fr\/wp-json\/wp\/v2\/users\/115"}],"replies":[{"embeddable":true,"href":"https:\/\/kinqsta.com\/fr\/wp-json\/wp\/v2\/comments?post=70883"}],"version-history":[{"count":6,"href":"https:\/\/kinqsta.com\/fr\/wp-json\/wp\/v2\/pages\/70883\/revisions"}],"predecessor-version":[{"id":81699,"href":"https:\/\/kinqsta.com\/fr\/wp-json\/wp\/v2\/pages\/70883\/revisions\/81699"}],"up":[{"embeddable":true,"href":"https:\/\/kinqsta.com\/fr\/wp-json\/wp\/v2\/pages\/4579"}],"alternate":[{"embeddable":true,"hreflang":"en","title":"English","href":"https:\/\/kinqsta.com\/fr\/wp-json\/kinsta\/v1\/posts\/70883\/translations\/en"},{"embeddable":true,"hreflang":"it","title":"Italian","href":"https:\/\/kinqsta.com\/fr\/wp-json\/kinsta\/v1\/posts\/70883\/translations\/it"},{"embeddable":true,"hreflang":"pt","title":"Portuguese","href":"https:\/\/kinqsta.com\/fr\/wp-json\/kinsta\/v1\/posts\/70883\/translations\/pt"},{"embeddable":true,"hreflang":"fr","title":"French","href":"https:\/\/kinqsta.com\/fr\/wp-json\/kinsta\/v1\/posts\/70883\/translations\/fr"},{"embeddable":true,"hreflang":"de","title":"German","href":"https:\/\/kinqsta.com\/fr\/wp-json\/kinsta\/v1\/posts\/70883\/translations\/de"},{"embeddable":true,"hreflang":"ja","title":"Japanese","href":"https:\/\/kinqsta.com\/fr\/wp-json\/kinsta\/v1\/posts\/70883\/translations\/jp"},{"embeddable":true,"hreflang":"nl","title":"Dutch","href":"https:\/\/kinqsta.com\/fr\/wp-json\/kinsta\/v1\/posts\/70883\/translations\/nl"},{"embeddable":true,"hreflang":"es","title":"Spanish","href":"https:\/\/kinqsta.com\/fr\/wp-json\/kinsta\/v1\/posts\/70883\/translations\/es"},{"href":"https:\/\/kinqsta.com\/fr\/wp-json\/kinsta\/v1\/posts\/70883\/tree"}],"wp:attachment":[{"href":"https:\/\/kinqsta.com\/fr\/wp-json\/wp\/v2\/media?parent=70883"}],"curies":[{"name":"wp","href":"https:\/\/api.w.org\/{rel}","templated":true}]}}