{"id":44362,"date":"2021-01-15T10:21:19","date_gmt":"2021-01-15T18:21:19","guid":{"rendered":"https:\/\/kinqsta.com\/?page_id=85392"},"modified":"2025-09-09T11:22:36","modified_gmt":"2025-09-09T10:22:36","slug":"fonctionnalites","status":"publish","type":"page","link":"https:\/\/kinqsta.com\/fr\/devkinsta\/fonctionnalites\/","title":{"rendered":"Fonctionnalit\u00e9s DevKinsta"},"content":{"rendered":"\n<header class=\"wp-block-kinsta-hero-title is-style-center-screenshot alignfull\"><div class=\"wp-block-kinsta-hero-title__inner\">\n<div class=\"wp-block-kinsta-columns is-vertical-center\">\n<div class=\"wp-block-kinsta-column wp-block-kinsta-columns__column\">\n<div class=\"wp-block-kinsta-hero-title-content wp-block-kinsta-hero-title__content\"><h1 class=\"wp-block-kinsta-hero-title__title\"><span class=\"wp-block-kinsta-hero-title__title__text\">Fonctionnalit\u00e9s DevKinsta<\/span><\/h1>\n<p>DevKinsta est une suite gratuite d&rsquo;outils de d\u00e9veloppement local permettant de construire, tester et d\u00e9ployer des sites WordPress en quelques minutes. Actuellement disponible pour MacOS et Windows.<\/p>\n\n\n\n<div class=\"wp-block-kinsta-buttons alignleft\">\n\n<\/div>\n<\/div>\n<\/div>\n\n\n\n<div class=\"wp-block-kinsta-column wp-block-kinsta-columns__column\">\n<div class=\"wp-block-kinsta-hero-title-secondary wp-block-kinsta-hero-title__secondary\">\n<div class=\"wp-block-kinsta-illustration alignwide\"><img decoding=\"async\" alt=\"DevKinsta Features\" src=\"https:\/\/kinqsta.com\/wp-content\/uploads\/2020\/12\/devkinsta-features-hero.svg\" class=\"wp-block-kinsta-illustration__image\"><\/div>\n<\/div>\n<\/div>\n<\/div>\n<\/div><\/header>\n\n\n\n<h2 class=\"wp-block-heading has-text-align-center\" id=\"h-creation-de-sites-et-developpement-local-en-un-clic\">Cr\u00e9ation de sites et d\u00e9veloppement local en un clic<\/h2>\n\n\n\n<p class=\"has-text-align-center\">Cr\u00e9ez des sites WordPress locaux en un seul clic, et commencez \u00e0 d\u00e9velopper (presque) instantan\u00e9ment. Chaque site que vous cr\u00e9ez est automatiquement configur\u00e9 avec Nginx, PHP et MySQL. DevKinsta est \u00e9galement livr\u00e9 avec une prise en charge de WordPress multi-sites et de puissants outils de gestion des bases de donn\u00e9es et des e-mails pour rationaliser votre flux de d\u00e9veloppement.<\/p>\n\n\n\n<div class=\"wp-block-kinsta-buttons aligncenter\">\n<a class=\"wp-block-kinsta-button is-style-inline\" href=\"https:\/\/kinqsta.com\/fr\/docs\/devkinsta\/premiers-pas-devkinsta\/creer-un-site\/\"><span class=\"wp-block-kinsta-button_text\">En savoir plus sur la cr\u00e9ation de site<\/span><\/a>\n<\/div>\n\n\n\n<div class=\"wp-block-kinsta-feature-boxes wp-block-kinsta-feature-boxes--4 linked-boxes--false\">\n<div class=\"wp-block-kinsta-feature-boxes-box wp-block-kinsta-feature-boxes__box\">\n<div class=\"wp-block-kinsta-illustration aligncenter\"><img decoding=\"async\" alt=\"Database management\" src=\"https:\/\/kinqsta.com\/wp-content\/uploads\/2020\/12\/devkinsta-features-database-picto.svg\" class=\"wp-block-kinsta-illustration__image\"><\/div>\n\n\n\n<h3 class=\"wp-block-heading\" id=\"h-gestion-de-base-de-donnees\"><strong>Gestion de base de donn\u00e9es<\/strong><\/h3>\n\n\n\n<p>DevKinsta utilise Adminer, un outil de gestion de base de donn\u00e9es l\u00e9ger et open source. Gr\u00e2ce \u00e0 Adminer, vous pouvez facilement modifier les tables de votre base de donn\u00e9es, importer et exporter des sauvegardes, ex\u00e9cuter des requ\u00eates SQL, etc.<\/p>\n\n\n\n<div class=\"wp-block-kinsta-buttons aligncenter\">\n<a class=\"wp-block-kinsta-button is-style-inline\" href=\"https:\/\/kinqsta.com\/fr\/docs\/devkinsta\/base-de-donnees-devkinsta\/gestionnaire-base-de-donnees\/\">En savoir plus sur le gestionnaire de base de donn\u00e9es<\/a>\n<\/div>\n<\/div>\n\n\n\n<div class=\"wp-block-kinsta-feature-boxes-box wp-block-kinsta-feature-boxes__box\">\n<div class=\"wp-block-kinsta-illustration aligncenter\"><img decoding=\"async\" alt=\"Work with HTTPS locally\" src=\"https:\/\/kinqsta.com\/wp-content\/uploads\/2020\/12\/devkinsta-features-https-picto.svg\" class=\"wp-block-kinsta-illustration__image\"><\/div>\n\n\n\n<h3 class=\"wp-block-heading\" id=\"h-travailler-en-local-avec-https\">Travailler en local avec HTTPS<\/h3>\n\n\n\n<p>66% des chargements de pages utilisent HTTPS. Avec le support HTTPS de DevKinsta, testez et construisez votre site WordPress en gardant la s\u00e9curit\u00e9 \u00e0 l&rsquo;esprit.<\/p>\n\n\n\n<div class=\"wp-block-kinsta-buttons aligncenter\">\n<a class=\"wp-block-kinsta-button is-style-inline\" href=\"https:\/\/kinqsta.com\/docs\/devkinsta\/devkinsta-site-management\/#the-site-info-page\">En savoir plus<\/a>\n<\/div>\n<\/div>\n\n\n\n<div class=\"wp-block-kinsta-feature-boxes-box wp-block-kinsta-feature-boxes__box\">\n<div class=\"wp-block-kinsta-illustration aligncenter\"><img decoding=\"async\" alt=\"Built-in email testing\" src=\"https:\/\/kinqsta.com\/wp-content\/uploads\/2020\/12\/devkinsta-features-email-picto.svg\" class=\"wp-block-kinsta-illustration__image\"><\/div>\n\n\n\n<h3 class=\"wp-block-heading\" id=\"h-test-d-e-mail-integre\">Test d&rsquo;e-mail int\u00e9gr\u00e9<\/h3>\n\n\n\n<p>DevKinsta est livr\u00e9 avec un puissant serveur SMTP et une bo\u00eete de r\u00e9ception d&rsquo;e-mail qui vous permet d&rsquo;analyser et de d\u00e9boguer les e-mails sortants de vos sites WordPress locaux.<\/p>\n\n\n\n<div class=\"wp-block-kinsta-buttons aligncenter\">\n<a class=\"wp-block-kinsta-button is-style-inline\" href=\"https:\/\/kinqsta.com\/fr\/docs\/devkinsta\/gestion-site-devkinsta\/boite-de-reception\/\">En savoir plus sur les tests d&rsquo;e-mail<\/a>\n<\/div>\n<\/div>\n\n\n\n<div class=\"wp-block-kinsta-feature-boxes-box wp-block-kinsta-feature-boxes__box\">\n<div class=\"wp-block-kinsta-illustration aligncenter\"><img decoding=\"async\" alt=\"WordPress error logging\" src=\"https:\/\/kinqsta.com\/wp-content\/uploads\/2020\/12\/devkinsta-features-logging.svg\" class=\"wp-block-kinsta-illustration__image\"><\/div>\n\n\n\n<h3 class=\"wp-block-heading\" id=\"h-enregistrement-des-erreurs-wordpress\">Enregistrement des erreurs WordPress<\/h3>\n\n\n\n<p>D\u00e9boguez les erreurs PHP de votre site gr\u00e2ce \u00e0 la fonction int\u00e9gr\u00e9e WP_DEBUG de DevKinsta.<\/p>\n\n\n\n<div class=\"wp-block-kinsta-buttons aligncenter\">\n<a class=\"wp-block-kinsta-button is-style-inline\" href=\"https:\/\/kinqsta.com\/fr\/docs\/devkinsta\/depannage-devkinsta\/journalisation\/\">En savoir plus sur l&rsquo;enregistrement des erreurs<\/a>\n<\/div>\n<\/div>\n<\/div>\n\n\n\n<div class=\"wp-block-group devkinsta-features-cta has-secondary-background-color has-background is-layout-constrained wp-block-group-is-layout-constrained\">\n<h2 class=\"wp-block-heading has-text-align-center\" id=\"h-essayez-devkinsta-des-aujourd-hui\">Essayez DevKinsta d\u00e8s aujourd&rsquo;hui !<\/h2>\n\n\n\n<div class=\"wp-block-kinsta-buttons aligncenter\">\n<a class=\"wp-block-kinsta-button\" href=\"https:\/\/kinqsta.com\/fr\/devkinsta\/download\/\">T\u00e9l\u00e9charger maintenant<\/a>\n<\/div>\n<\/div>\n\n\n\n<figure class=\"wp-block-image aligncenter size-large is-resized is-style-plain\"><img decoding=\"async\" src=\"https:\/\/kinqsta.com\/fr\/wp-content\/uploads\/sites\/4\/2021\/08\/devkinsta-features-deploy.svg\" alt class=\"wp-image-47637\" style=\"width:445px;height:318px\"><\/figure>\n\n\n\n<h2 class=\"wp-block-heading has-text-align-center\" id=\"h-deployez-au-niveau-mondial\">D\u00e9ployez au niveau mondial<\/h2>\n\n\n\n<p class=\"has-text-align-center\">S\u00e9lectionnez l&rsquo;un des 27 centres de donn\u00e9es de Kinsta disponibles dans le monde. Int\u00e9gration transparente avec les services de Kinsta.<\/p>\n\n\n\n<div class=\"wp-block-kinsta-buttons aligncenter\">\n<a class=\"wp-block-kinsta-button is-style-inline\" href=\"https:\/\/kinqsta.com\/fr\/tarifs\/\">En savoir plus sur les plans d&rsquo;h\u00e9bergement<\/a>\n<\/div>\n\n\n\n<div class=\"wp-block-kinsta-feature-boxes wp-block-kinsta-feature-boxes--3\">\n\n<div class=\"wp-block-kinsta-feature-boxes-box wp-block-kinsta-feature-boxes__box\">\n\n<div class=\"wp-block-kinsta-illustration aligncenter\"><img decoding=\"async\" alt=\"DevKinsta available in 10 languages\" src=\"https:\/\/kinqsta.com\/wp-content\/uploads\/2020\/12\/devkinsta-features-languages-picto.svg\" class=\"wp-block-kinsta-illustration__image\"><\/div>\n\n\n<h3 class=\"wp-block-heading\" id=\"h-disponible-dans-10-langues\">Disponible dans 10 langues<\/h3>\n\n\n<p>DevKinsta est livr\u00e9 avec une prise en charge pour l&rsquo;anglais, l&rsquo;italien, le portugais, le fran\u00e7ais, l&rsquo;allemand, le japonais, le n\u00e9erlandais, l&rsquo;espagnol, le su\u00e9dois et le danois.<\/p>\n\n<\/div>\n\n\n<div class=\"wp-block-kinsta-feature-boxes-box wp-block-kinsta-feature-boxes__box\">\n\n<div class=\"wp-block-kinsta-illustration aligncenter\"><img decoding=\"async\" alt=\"PHP version switching in DevKinsta\" src=\"https:\/\/kinqsta.com\/wp-content\/uploads\/2020\/12\/devkinsta-features-version-switching-picto.svg\" class=\"wp-block-kinsta-illustration__image\"><\/div>\n\n\n<h3 class=\"wp-block-heading\" id=\"h-changement-de-version-php\">Changement de version PHP<\/h3>\n\n\n<p>Avec le support de PHP 7.2, 7.3, 7.4, 8.0, 8.1 et 8.2, testez votre site avec les derni\u00e8res versions de PHP en un seul clic.<\/p>\n\n<\/div>\n\n\n<div class=\"wp-block-kinsta-feature-boxes-box wp-block-kinsta-feature-boxes__box\">\n\n<div class=\"wp-block-kinsta-illustration aligncenter\"><img decoding=\"async\" alt=\"DevKinsta automatic updates\" src=\"https:\/\/kinqsta.com\/wp-content\/uploads\/2020\/12\/devkinsta-features-updates-picto.svg\" class=\"wp-block-kinsta-illustration__image\"><\/div>\n\n\n<h3 class=\"wp-block-heading\" id=\"h-mises-a-jour-automatiques\">Mises \u00e0 jour automatiques<\/h3>\n\n\n<p>DevKinsta prend en charge les mises \u00e0 jour automatiques, de sorte que vous disposez toujours des derni\u00e8res fonctionnalit\u00e9s pour faciliter votre flux de travail de d\u00e9veloppement local.<\/p>\n\n<\/div>\n\n<\/div>\n\n\n\n<div class=\"wp-block-group devkinsta-footer-cta has-primary-background-color has-background is-layout-constrained wp-block-group-is-layout-constrained\">\n<h2 class=\"wp-block-heading has-text-align-center\" id=\"h-essayez-devkinsta-des-aujourd-hui-0\">Essayez DevKinsta d\u00e8s aujourd&rsquo;hui !<\/h2>\n\n\n\n<div class=\"wp-block-kinsta-buttons aligncenter\">\n<a class=\"wp-block-kinsta-button\" href=\"https:\/\/kinqsta.com\/fr\/devkinsta\/download\/\">T\u00e9l\u00e9charger DevKinsta<\/a>\n<\/div>\n<\/div>\n","protected":false},"excerpt":{"rendered":"<p>Cr\u00e9ation de sites et d\u00e9veloppement local en un clic Cr\u00e9ez des sites WordPress locaux en un seul clic, et commencez \u00e0 d\u00e9velopper (presque) instantan\u00e9ment. Chaque site &#8230;<\/p>\n","protected":false},"author":115,"featured_media":44364,"parent":44366,"menu_order":0,"comment_status":"closed","ping_status":"closed","template":"templates\/page\/devkinsta.php","meta":{"_kinsta_gated_content":false,"_kinsta_gated_content_redirect":"","footnotes":""},"class_list":["post-44362","page","type-page","status-publish","has-post-thumbnail","hentry"],"yoast_head":"<!-- This site is optimized with the Yoast SEO Premium plugin v24.6 (Yoast SEO v24.6) - https:\/\/yoast.com\/wordpress\/plugins\/seo\/ -->\n<title>Fonctionnalit\u00e9s de DevKinsta : suite de d\u00e9veloppement local<\/title>\n<meta name=\"description\" content=\"Fonctionnalit\u00e9s de DevKinsta, cr\u00e9ation de sites en un clic, gestion de bases de donn\u00e9es, changement de version PHP, prise en charge du multilinguisme\" \/>\n<meta name=\"robots\" content=\"index, follow, max-snippet:-1, max-image-preview:large, max-video-preview:-1\" \/>\n<link rel=\"canonical\" href=\"https:\/\/kinqsta.com\/fr\/devkinsta\/fonctionnalites\/\" \/>\n<meta property=\"og:locale\" content=\"fr_FR\" \/>\n<meta property=\"og:type\" content=\"article\" \/>\n<meta property=\"og:title\" content=\"Fonctionnalit\u00e9s DevKinsta\" \/>\n<meta property=\"og:description\" content=\"Fonctionnalit\u00e9s de DevKinsta, cr\u00e9ation de sites en un clic, gestion de bases de donn\u00e9es, changement de version PHP, prise en charge du multilinguisme\" \/>\n<meta property=\"og:url\" content=\"https:\/\/kinqsta.com\/fr\/devkinsta\/fonctionnalites\/\" \/>\n<meta property=\"og:site_name\" content=\"Kinsta\u00ae\" \/>\n<meta property=\"article:publisher\" content=\"https:\/\/www.facebook.com\/kinstafrance\/\" \/>\n<meta property=\"article:modified_time\" content=\"2025-09-09T10:22:36+00:00\" \/>\n<meta property=\"og:image\" content=\"https:\/\/kinqsta.com\/fr\/wp-content\/uploads\/sites\/4\/2021\/01\/devkinsta-featured-image.jpg\" \/>\n\t<meta property=\"og:image:width\" content=\"1200\" \/>\n\t<meta property=\"og:image:height\" content=\"628\" \/>\n\t<meta property=\"og:image:type\" content=\"image\/jpeg\" \/>\n<meta name=\"twitter:card\" content=\"summary_large_image\" \/>\n<meta name=\"twitter:description\" content=\"Fonctionnalit\u00e9s de DevKinsta, cr\u00e9ation de sites en un clic, gestion de bases de donn\u00e9es, changement de version PHP, prise en charge du multilinguisme\" \/>\n<meta name=\"twitter:image\" content=\"https:\/\/kinqsta.com\/fr\/wp-content\/uploads\/sites\/4\/2021\/01\/devkinsta-featured-image.jpg\" \/>\n<meta name=\"twitter:site\" content=\"@kinsta_fr\" \/>\n<meta name=\"twitter:label1\" content=\"Dur\u00e9e de lecture estim\u00e9e\" \/>\n\t<meta name=\"twitter:data1\" content=\"4 minutes\" \/>\n<script type=\"application\/ld+json\" class=\"yoast-schema-graph\">{\"@context\":\"https:\/\/schema.org\",\"@graph\":[{\"@type\":\"WebPage\",\"@id\":\"https:\/\/kinqsta.com\/fr\/devkinsta\/fonctionnalites\/\",\"url\":\"https:\/\/kinqsta.com\/fr\/devkinsta\/fonctionnalites\/\",\"name\":\"Fonctionnalit\u00e9s de DevKinsta : suite de d\u00e9veloppement local\",\"isPartOf\":{\"@id\":\"https:\/\/kinqsta.com\/fr\/#website\"},\"primaryImageOfPage\":{\"@id\":\"https:\/\/kinqsta.com\/fr\/devkinsta\/fonctionnalites\/#primaryimage\"},\"image\":{\"@id\":\"https:\/\/kinqsta.com\/fr\/devkinsta\/fonctionnalites\/#primaryimage\"},\"thumbnailUrl\":\"https:\/\/kinqsta.com\/fr\/wp-content\/uploads\/sites\/4\/2021\/01\/devkinsta-featured-image.jpg\",\"datePublished\":\"2021-01-15T18:21:19+00:00\",\"dateModified\":\"2025-09-09T10:22:36+00:00\",\"description\":\"Fonctionnalit\u00e9s de DevKinsta, cr\u00e9ation de sites en un clic, gestion de bases de donn\u00e9es, changement de version PHP, prise en charge du multilinguisme\",\"breadcrumb\":{\"@id\":\"https:\/\/kinqsta.com\/fr\/devkinsta\/fonctionnalites\/#breadcrumb\"},\"inLanguage\":\"fr-FR\",\"potentialAction\":[{\"@type\":\"ReadAction\",\"target\":[\"https:\/\/kinqsta.com\/fr\/devkinsta\/fonctionnalites\/\"]}]},{\"@type\":\"ImageObject\",\"inLanguage\":\"fr-FR\",\"@id\":\"https:\/\/kinqsta.com\/fr\/devkinsta\/fonctionnalites\/#primaryimage\",\"url\":\"https:\/\/kinqsta.com\/fr\/wp-content\/uploads\/sites\/4\/2021\/01\/devkinsta-featured-image.jpg\",\"contentUrl\":\"https:\/\/kinqsta.com\/fr\/wp-content\/uploads\/sites\/4\/2021\/01\/devkinsta-featured-image.jpg\",\"width\":1200,\"height\":628},{\"@type\":\"BreadcrumbList\",\"@id\":\"https:\/\/kinqsta.com\/fr\/devkinsta\/fonctionnalites\/#breadcrumb\",\"itemListElement\":[{\"@type\":\"ListItem\",\"position\":1,\"name\":\"Home\",\"item\":\"https:\/\/kinqsta.com\/fr\/\"},{\"@type\":\"ListItem\",\"position\":2,\"name\":\"Votre suite gratuite de d\u00e9veloppement local WordPress\",\"item\":\"https:\/\/kinqsta.com\/fr\/devkinsta\/\"},{\"@type\":\"ListItem\",\"position\":3,\"name\":\"Fonctionnalit\u00e9s DevKinsta\"}]},{\"@type\":\"WebSite\",\"@id\":\"https:\/\/kinqsta.com\/fr\/#website\",\"url\":\"https:\/\/kinqsta.com\/fr\/\",\"name\":\"Kinsta\u00ae\",\"description\":\"Solutions d&#039;h\u00e9bergement premium, rapides et s\u00e9curis\u00e9es\",\"publisher\":{\"@id\":\"https:\/\/kinqsta.com\/fr\/#organization\"},\"potentialAction\":[{\"@type\":\"SearchAction\",\"target\":{\"@type\":\"EntryPoint\",\"urlTemplate\":\"https:\/\/kinqsta.com\/fr\/?s={search_term_string}\"},\"query-input\":{\"@type\":\"PropertyValueSpecification\",\"valueRequired\":true,\"valueName\":\"search_term_string\"}}],\"inLanguage\":\"fr-FR\"},{\"@type\":\"Organization\",\"@id\":\"https:\/\/kinqsta.com\/fr\/#organization\",\"name\":\"Kinsta\",\"url\":\"https:\/\/kinqsta.com\/fr\/\",\"logo\":{\"@type\":\"ImageObject\",\"inLanguage\":\"fr-FR\",\"@id\":\"https:\/\/kinqsta.com\/fr\/#\/schema\/logo\/image\/\",\"url\":\"https:\/\/kinqsta.com\/fr\/wp-content\/uploads\/sites\/4\/2023\/12\/kinsta-logo.jpeg\",\"contentUrl\":\"https:\/\/kinqsta.com\/fr\/wp-content\/uploads\/sites\/4\/2023\/12\/kinsta-logo.jpeg\",\"width\":500,\"height\":500,\"caption\":\"Kinsta\"},\"image\":{\"@id\":\"https:\/\/kinqsta.com\/fr\/#\/schema\/logo\/image\/\"},\"sameAs\":[\"https:\/\/www.facebook.com\/kinstafrance\/\",\"https:\/\/x.com\/kinsta_fr\",\"https:\/\/www.instagram.com\/kinstahosting\/\",\"https:\/\/www.linkedin.com\/company\/kinsta\/\",\"https:\/\/www.pinterest.com\/kinstahosting\/\",\"https:\/\/www.youtube.com\/c\/Kinsta\"]}]}<\/script>\n<!-- \/ Yoast SEO Premium plugin. -->","yoast_head_json":{"title":"Fonctionnalit\u00e9s de DevKinsta : suite de d\u00e9veloppement local","description":"Fonctionnalit\u00e9s de DevKinsta, cr\u00e9ation de sites en un clic, gestion de bases de donn\u00e9es, changement de version PHP, prise en charge du multilinguisme","robots":{"index":"index","follow":"follow","max-snippet":"max-snippet:-1","max-image-preview":"max-image-preview:large","max-video-preview":"max-video-preview:-1"},"canonical":"https:\/\/kinqsta.com\/fr\/devkinsta\/fonctionnalites\/","og_locale":"fr_FR","og_type":"article","og_title":"Fonctionnalit\u00e9s DevKinsta","og_description":"Fonctionnalit\u00e9s de DevKinsta, cr\u00e9ation de sites en un clic, gestion de bases de donn\u00e9es, changement de version PHP, prise en charge du multilinguisme","og_url":"https:\/\/kinqsta.com\/fr\/devkinsta\/fonctionnalites\/","og_site_name":"Kinsta\u00ae","article_publisher":"https:\/\/www.facebook.com\/kinstafrance\/","article_modified_time":"2025-09-09T10:22:36+00:00","og_image":[{"width":1200,"height":628,"url":"https:\/\/kinqsta.com\/fr\/wp-content\/uploads\/sites\/4\/2021\/01\/devkinsta-featured-image.jpg","type":"image\/jpeg"}],"twitter_card":"summary_large_image","twitter_description":"Fonctionnalit\u00e9s de DevKinsta, cr\u00e9ation de sites en un clic, gestion de bases de donn\u00e9es, changement de version PHP, prise en charge du multilinguisme","twitter_image":"https:\/\/kinqsta.com\/fr\/wp-content\/uploads\/sites\/4\/2021\/01\/devkinsta-featured-image.jpg","twitter_site":"@kinsta_fr","twitter_misc":{"Dur\u00e9e de lecture estim\u00e9e":"4 minutes"},"schema":{"@context":"https:\/\/schema.org","@graph":[{"@type":"WebPage","@id":"https:\/\/kinqsta.com\/fr\/devkinsta\/fonctionnalites\/","url":"https:\/\/kinqsta.com\/fr\/devkinsta\/fonctionnalites\/","name":"Fonctionnalit\u00e9s de DevKinsta : suite de d\u00e9veloppement local","isPartOf":{"@id":"https:\/\/kinqsta.com\/fr\/#website"},"primaryImageOfPage":{"@id":"https:\/\/kinqsta.com\/fr\/devkinsta\/fonctionnalites\/#primaryimage"},"image":{"@id":"https:\/\/kinqsta.com\/fr\/devkinsta\/fonctionnalites\/#primaryimage"},"thumbnailUrl":"https:\/\/kinqsta.com\/fr\/wp-content\/uploads\/sites\/4\/2021\/01\/devkinsta-featured-image.jpg","datePublished":"2021-01-15T18:21:19+00:00","dateModified":"2025-09-09T10:22:36+00:00","description":"Fonctionnalit\u00e9s de DevKinsta, cr\u00e9ation de sites en un clic, gestion de bases de donn\u00e9es, changement de version PHP, prise en charge du multilinguisme","breadcrumb":{"@id":"https:\/\/kinqsta.com\/fr\/devkinsta\/fonctionnalites\/#breadcrumb"},"inLanguage":"fr-FR","potentialAction":[{"@type":"ReadAction","target":["https:\/\/kinqsta.com\/fr\/devkinsta\/fonctionnalites\/"]}]},{"@type":"ImageObject","inLanguage":"fr-FR","@id":"https:\/\/kinqsta.com\/fr\/devkinsta\/fonctionnalites\/#primaryimage","url":"https:\/\/kinqsta.com\/fr\/wp-content\/uploads\/sites\/4\/2021\/01\/devkinsta-featured-image.jpg","contentUrl":"https:\/\/kinqsta.com\/fr\/wp-content\/uploads\/sites\/4\/2021\/01\/devkinsta-featured-image.jpg","width":1200,"height":628},{"@type":"BreadcrumbList","@id":"https:\/\/kinqsta.com\/fr\/devkinsta\/fonctionnalites\/#breadcrumb","itemListElement":[{"@type":"ListItem","position":1,"name":"Home","item":"https:\/\/kinqsta.com\/fr\/"},{"@type":"ListItem","position":2,"name":"Votre suite gratuite de d\u00e9veloppement local WordPress","item":"https:\/\/kinqsta.com\/fr\/devkinsta\/"},{"@type":"ListItem","position":3,"name":"Fonctionnalit\u00e9s DevKinsta"}]},{"@type":"WebSite","@id":"https:\/\/kinqsta.com\/fr\/#website","url":"https:\/\/kinqsta.com\/fr\/","name":"Kinsta\u00ae","description":"Solutions d&#039;h\u00e9bergement premium, rapides et s\u00e9curis\u00e9es","publisher":{"@id":"https:\/\/kinqsta.com\/fr\/#organization"},"potentialAction":[{"@type":"SearchAction","target":{"@type":"EntryPoint","urlTemplate":"https:\/\/kinqsta.com\/fr\/?s={search_term_string}"},"query-input":{"@type":"PropertyValueSpecification","valueRequired":true,"valueName":"search_term_string"}}],"inLanguage":"fr-FR"},{"@type":"Organization","@id":"https:\/\/kinqsta.com\/fr\/#organization","name":"Kinsta","url":"https:\/\/kinqsta.com\/fr\/","logo":{"@type":"ImageObject","inLanguage":"fr-FR","@id":"https:\/\/kinqsta.com\/fr\/#\/schema\/logo\/image\/","url":"https:\/\/kinqsta.com\/fr\/wp-content\/uploads\/sites\/4\/2023\/12\/kinsta-logo.jpeg","contentUrl":"https:\/\/kinqsta.com\/fr\/wp-content\/uploads\/sites\/4\/2023\/12\/kinsta-logo.jpeg","width":500,"height":500,"caption":"Kinsta"},"image":{"@id":"https:\/\/kinqsta.com\/fr\/#\/schema\/logo\/image\/"},"sameAs":["https:\/\/www.facebook.com\/kinstafrance\/","https:\/\/x.com\/kinsta_fr","https:\/\/www.instagram.com\/kinstahosting\/","https:\/\/www.linkedin.com\/company\/kinsta\/","https:\/\/www.pinterest.com\/kinstahosting\/","https:\/\/www.youtube.com\/c\/Kinsta"]}]}},"acf":[],"_links":{"self":[{"href":"https:\/\/kinqsta.com\/fr\/wp-json\/wp\/v2\/pages\/44362","targetHints":{"allow":["GET"]}}],"collection":[{"href":"https:\/\/kinqsta.com\/fr\/wp-json\/wp\/v2\/pages"}],"about":[{"href":"https:\/\/kinqsta.com\/fr\/wp-json\/wp\/v2\/types\/page"}],"author":[{"embeddable":true,"href":"https:\/\/kinqsta.com\/fr\/wp-json\/wp\/v2\/users\/115"}],"replies":[{"embeddable":true,"href":"https:\/\/kinqsta.com\/fr\/wp-json\/wp\/v2\/comments?post=44362"}],"version-history":[{"count":7,"href":"https:\/\/kinqsta.com\/fr\/wp-json\/wp\/v2\/pages\/44362\/revisions"}],"predecessor-version":[{"id":80792,"href":"https:\/\/kinqsta.com\/fr\/wp-json\/wp\/v2\/pages\/44362\/revisions\/80792"}],"up":[{"embeddable":true,"href":"https:\/\/kinqsta.com\/fr\/wp-json\/wp\/v2\/pages\/44366"}],"alternate":[{"embeddable":true,"hreflang":"en","title":"English","href":"https:\/\/kinqsta.com\/fr\/wp-json\/kinsta\/v1\/posts\/44362\/translations\/en"},{"embeddable":true,"hreflang":"es","title":"Spanish","href":"https:\/\/kinqsta.com\/fr\/wp-json\/kinsta\/v1\/posts\/44362\/translations\/es"},{"embeddable":true,"hreflang":"de","title":"German","href":"https:\/\/kinqsta.com\/fr\/wp-json\/kinsta\/v1\/posts\/44362\/translations\/de"},{"embeddable":true,"hreflang":"nl","title":"Dutch","href":"https:\/\/kinqsta.com\/fr\/wp-json\/kinsta\/v1\/posts\/44362\/translations\/nl"},{"embeddable":true,"hreflang":"it","title":"Italian","href":"https:\/\/kinqsta.com\/fr\/wp-json\/kinsta\/v1\/posts\/44362\/translations\/it"},{"embeddable":true,"hreflang":"pt","title":"Portuguese","href":"https:\/\/kinqsta.com\/fr\/wp-json\/kinsta\/v1\/posts\/44362\/translations\/pt"},{"embeddable":true,"hreflang":"fr","title":"French","href":"https:\/\/kinqsta.com\/fr\/wp-json\/kinsta\/v1\/posts\/44362\/translations\/fr"},{"embeddable":true,"hreflang":"ja","title":"Japanese","href":"https:\/\/kinqsta.com\/fr\/wp-json\/kinsta\/v1\/posts\/44362\/translations\/jp"},{"embeddable":true,"hreflang":"da","title":"Danish","href":"https:\/\/kinqsta.com\/fr\/wp-json\/kinsta\/v1\/posts\/44362\/translations\/dk"},{"embeddable":true,"hreflang":"sv","title":"Swedish","href":"https:\/\/kinqsta.com\/fr\/wp-json\/kinsta\/v1\/posts\/44362\/translations\/se"},{"href":"https:\/\/kinqsta.com\/fr\/wp-json\/kinsta\/v1\/posts\/44362\/tree"}],"wp:featuredmedia":[{"embeddable":true,"href":"https:\/\/kinqsta.com\/fr\/wp-json\/wp\/v2\/media\/44364"}],"wp:attachment":[{"href":"https:\/\/kinqsta.com\/fr\/wp-json\/wp\/v2\/media?parent=44362"}],"curies":[{"name":"wp","href":"https:\/\/api.w.org\/{rel}","templated":true}]}}