{"id":19524,"date":"2018-05-30T10:49:54","date_gmt":"2018-05-30T10:49:54","guid":{"rendered":"https:\/\/kinqsta.com\/fr\/?page_id=19524"},"modified":"2020-11-17T11:55:48","modified_gmt":"2020-11-17T10:55:48","slug":"parametres-cookies","status":"publish","type":"page","link":"https:\/\/kinqsta.com\/fr\/parametres-cookies\/","title":{"rendered":"Param\u00e8tres des cookies"},"content":{"rendered":"","protected":false},"excerpt":{"rendered":"","protected":false},"author":39,"featured_media":0,"parent":0,"menu_order":0,"comment_status":"closed","ping_status":"closed","template":"templates\/builtin\/cookie-settings.php","meta":{"_kinsta_gated_content":false,"_kinsta_gated_content_redirect":"","footnotes":""},"class_list":["post-19524","page","type-page","status-publish","hentry"],"yoast_head":"<!-- This site is optimized with the Yoast SEO Premium plugin v24.6 (Yoast SEO v24.6) - https:\/\/yoast.com\/wordpress\/plugins\/seo\/ -->\n<title>Param\u00e8tres des cookies - Kinsta<\/title>\n<meta name=\"description\" content=\"Un cookie est un \u00e9l\u00e9ment d&#039;information qu&#039;un site web stocke sur l&#039;ordinateur d&#039;un visiteur. Nous l&#039;utilisons pour que certaines fonctionnalit\u00e9s de notre site Web fonctionnent correctement.\" \/>\n<meta name=\"robots\" content=\"index, follow, max-snippet:-1, max-image-preview:large, max-video-preview:-1\" \/>\n<link rel=\"canonical\" href=\"https:\/\/kinqsta.com\/fr\/parametres-cookies\/\" \/>\n<meta property=\"og:locale\" content=\"fr_FR\" \/>\n<meta property=\"og:type\" content=\"article\" \/>\n<meta property=\"og:title\" content=\"Param\u00e8tres des cookies\" \/>\n<meta property=\"og:description\" content=\"Un cookie est un \u00e9l\u00e9ment d&#039;information qu&#039;un site web stocke sur l&#039;ordinateur d&#039;un visiteur. Nous l&#039;utilisons pour que certaines fonctionnalit\u00e9s de notre site Web fonctionnent correctement.\" \/>\n<meta property=\"og:url\" content=\"https:\/\/kinqsta.com\/fr\/parametres-cookies\/\" \/>\n<meta property=\"og:site_name\" content=\"Kinsta\u00ae\" \/>\n<meta property=\"article:publisher\" content=\"https:\/\/www.facebook.com\/kinstafrance\/\" \/>\n<meta property=\"article:modified_time\" content=\"2020-11-17T10:55:48+00:00\" \/>\n<meta property=\"og:image\" content=\"https:\/\/kinqsta.com\/fr\/wp-content\/uploads\/sites\/4\/2023\/12\/kinsta-homepage-fr.png\" \/>\n\t<meta property=\"og:image:width\" content=\"1200\" \/>\n\t<meta property=\"og:image:height\" content=\"628\" \/>\n\t<meta property=\"og:image:type\" content=\"image\/png\" \/>\n<meta name=\"twitter:card\" content=\"summary_large_image\" \/>\n<meta name=\"twitter:description\" content=\"Un cookie est un \u00e9l\u00e9ment d&#039;information qu&#039;un site web stocke sur l&#039;ordinateur d&#039;un visiteur. Nous l&#039;utilisons pour que certaines fonctionnalit\u00e9s de notre site Web fonctionnent correctement.\" \/>\n<meta name=\"twitter:image\" content=\"https:\/\/kinqsta.com\/fr\/wp-content\/uploads\/sites\/4\/2023\/12\/kinsta-homepage-fr.png\" \/>\n<meta name=\"twitter:site\" content=\"@kinsta_fr\" \/>\n<script type=\"application\/ld+json\" class=\"yoast-schema-graph\">{\"@context\":\"https:\/\/schema.org\",\"@graph\":[{\"@type\":\"WebPage\",\"@id\":\"https:\/\/kinqsta.com\/fr\/parametres-cookies\/\",\"url\":\"https:\/\/kinqsta.com\/fr\/parametres-cookies\/\",\"name\":\"Param\u00e8tres des cookies - Kinsta\",\"isPartOf\":{\"@id\":\"https:\/\/kinqsta.com\/fr\/#website\"},\"datePublished\":\"2018-05-30T10:49:54+00:00\",\"dateModified\":\"2020-11-17T10:55:48+00:00\",\"description\":\"Un cookie est un \u00e9l\u00e9ment d'information qu'un site web stocke sur l'ordinateur d'un visiteur. Nous l'utilisons pour que certaines fonctionnalit\u00e9s de notre site Web fonctionnent correctement.\",\"breadcrumb\":{\"@id\":\"https:\/\/kinqsta.com\/fr\/parametres-cookies\/#breadcrumb\"},\"inLanguage\":\"fr-FR\",\"potentialAction\":[{\"@type\":\"ReadAction\",\"target\":[\"https:\/\/kinqsta.com\/fr\/parametres-cookies\/\"]}]},{\"@type\":\"BreadcrumbList\",\"@id\":\"https:\/\/kinqsta.com\/fr\/parametres-cookies\/#breadcrumb\",\"itemListElement\":[{\"@type\":\"ListItem\",\"position\":1,\"name\":\"Home\",\"item\":\"https:\/\/kinqsta.com\/fr\/\"},{\"@type\":\"ListItem\",\"position\":2,\"name\":\"Param\u00e8tres des cookies\"}]},{\"@type\":\"WebSite\",\"@id\":\"https:\/\/kinqsta.com\/fr\/#website\",\"url\":\"https:\/\/kinqsta.com\/fr\/\",\"name\":\"Kinsta\u00ae\",\"description\":\"Solutions d&#039;h\u00e9bergement premium, rapides et s\u00e9curis\u00e9es\",\"publisher\":{\"@id\":\"https:\/\/kinqsta.com\/fr\/#organization\"},\"potentialAction\":[{\"@type\":\"SearchAction\",\"target\":{\"@type\":\"EntryPoint\",\"urlTemplate\":\"https:\/\/kinqsta.com\/fr\/?s={search_term_string}\"},\"query-input\":{\"@type\":\"PropertyValueSpecification\",\"valueRequired\":true,\"valueName\":\"search_term_string\"}}],\"inLanguage\":\"fr-FR\"},{\"@type\":\"Organization\",\"@id\":\"https:\/\/kinqsta.com\/fr\/#organization\",\"name\":\"Kinsta\",\"url\":\"https:\/\/kinqsta.com\/fr\/\",\"logo\":{\"@type\":\"ImageObject\",\"inLanguage\":\"fr-FR\",\"@id\":\"https:\/\/kinqsta.com\/fr\/#\/schema\/logo\/image\/\",\"url\":\"https:\/\/kinqsta.com\/fr\/wp-content\/uploads\/sites\/4\/2023\/12\/kinsta-logo.jpeg\",\"contentUrl\":\"https:\/\/kinqsta.com\/fr\/wp-content\/uploads\/sites\/4\/2023\/12\/kinsta-logo.jpeg\",\"width\":500,\"height\":500,\"caption\":\"Kinsta\"},\"image\":{\"@id\":\"https:\/\/kinqsta.com\/fr\/#\/schema\/logo\/image\/\"},\"sameAs\":[\"https:\/\/www.facebook.com\/kinstafrance\/\",\"https:\/\/x.com\/kinsta_fr\",\"https:\/\/www.instagram.com\/kinstahosting\/\",\"https:\/\/www.linkedin.com\/company\/kinsta\/\",\"https:\/\/www.pinterest.com\/kinstahosting\/\",\"https:\/\/www.youtube.com\/c\/Kinsta\"]}]}<\/script>\n<!-- \/ Yoast SEO Premium plugin. -->","yoast_head_json":{"title":"Param\u00e8tres des cookies - Kinsta","description":"Un cookie est un \u00e9l\u00e9ment d'information qu'un site web stocke sur l'ordinateur d'un visiteur. Nous l'utilisons pour que certaines fonctionnalit\u00e9s de notre site Web fonctionnent correctement.","robots":{"index":"index","follow":"follow","max-snippet":"max-snippet:-1","max-image-preview":"max-image-preview:large","max-video-preview":"max-video-preview:-1"},"canonical":"https:\/\/kinqsta.com\/fr\/parametres-cookies\/","og_locale":"fr_FR","og_type":"article","og_title":"Param\u00e8tres des cookies","og_description":"Un cookie est un \u00e9l\u00e9ment d'information qu'un site web stocke sur l'ordinateur d'un visiteur. Nous l'utilisons pour que certaines fonctionnalit\u00e9s de notre site Web fonctionnent correctement.","og_url":"https:\/\/kinqsta.com\/fr\/parametres-cookies\/","og_site_name":"Kinsta\u00ae","article_publisher":"https:\/\/www.facebook.com\/kinstafrance\/","article_modified_time":"2020-11-17T10:55:48+00:00","og_image":[{"width":1200,"height":628,"url":"https:\/\/kinqsta.com\/fr\/wp-content\/uploads\/sites\/4\/2023\/12\/kinsta-homepage-fr.png","type":"image\/png"}],"twitter_card":"summary_large_image","twitter_description":"Un cookie est un \u00e9l\u00e9ment d'information qu'un site web stocke sur l'ordinateur d'un visiteur. Nous l'utilisons pour que certaines fonctionnalit\u00e9s de notre site Web fonctionnent correctement.","twitter_image":"https:\/\/kinqsta.com\/fr\/wp-content\/uploads\/sites\/4\/2023\/12\/kinsta-homepage-fr.png","twitter_site":"@kinsta_fr","schema":{"@context":"https:\/\/schema.org","@graph":[{"@type":"WebPage","@id":"https:\/\/kinqsta.com\/fr\/parametres-cookies\/","url":"https:\/\/kinqsta.com\/fr\/parametres-cookies\/","name":"Param\u00e8tres des cookies - Kinsta","isPartOf":{"@id":"https:\/\/kinqsta.com\/fr\/#website"},"datePublished":"2018-05-30T10:49:54+00:00","dateModified":"2020-11-17T10:55:48+00:00","description":"Un cookie est un \u00e9l\u00e9ment d'information qu'un site web stocke sur l'ordinateur d'un visiteur. Nous l'utilisons pour que certaines fonctionnalit\u00e9s de notre site Web fonctionnent correctement.","breadcrumb":{"@id":"https:\/\/kinqsta.com\/fr\/parametres-cookies\/#breadcrumb"},"inLanguage":"fr-FR","potentialAction":[{"@type":"ReadAction","target":["https:\/\/kinqsta.com\/fr\/parametres-cookies\/"]}]},{"@type":"BreadcrumbList","@id":"https:\/\/kinqsta.com\/fr\/parametres-cookies\/#breadcrumb","itemListElement":[{"@type":"ListItem","position":1,"name":"Home","item":"https:\/\/kinqsta.com\/fr\/"},{"@type":"ListItem","position":2,"name":"Param\u00e8tres des cookies"}]},{"@type":"WebSite","@id":"https:\/\/kinqsta.com\/fr\/#website","url":"https:\/\/kinqsta.com\/fr\/","name":"Kinsta\u00ae","description":"Solutions d&#039;h\u00e9bergement premium, rapides et s\u00e9curis\u00e9es","publisher":{"@id":"https:\/\/kinqsta.com\/fr\/#organization"},"potentialAction":[{"@type":"SearchAction","target":{"@type":"EntryPoint","urlTemplate":"https:\/\/kinqsta.com\/fr\/?s={search_term_string}"},"query-input":{"@type":"PropertyValueSpecification","valueRequired":true,"valueName":"search_term_string"}}],"inLanguage":"fr-FR"},{"@type":"Organization","@id":"https:\/\/kinqsta.com\/fr\/#organization","name":"Kinsta","url":"https:\/\/kinqsta.com\/fr\/","logo":{"@type":"ImageObject","inLanguage":"fr-FR","@id":"https:\/\/kinqsta.com\/fr\/#\/schema\/logo\/image\/","url":"https:\/\/kinqsta.com\/fr\/wp-content\/uploads\/sites\/4\/2023\/12\/kinsta-logo.jpeg","contentUrl":"https:\/\/kinqsta.com\/fr\/wp-content\/uploads\/sites\/4\/2023\/12\/kinsta-logo.jpeg","width":500,"height":500,"caption":"Kinsta"},"image":{"@id":"https:\/\/kinqsta.com\/fr\/#\/schema\/logo\/image\/"},"sameAs":["https:\/\/www.facebook.com\/kinstafrance\/","https:\/\/x.com\/kinsta_fr","https:\/\/www.instagram.com\/kinstahosting\/","https:\/\/www.linkedin.com\/company\/kinsta\/","https:\/\/www.pinterest.com\/kinstahosting\/","https:\/\/www.youtube.com\/c\/Kinsta"]}]}},"acf":[],"_links":{"self":[{"href":"https:\/\/kinqsta.com\/fr\/wp-json\/wp\/v2\/pages\/19524","targetHints":{"allow":["GET"]}}],"collection":[{"href":"https:\/\/kinqsta.com\/fr\/wp-json\/wp\/v2\/pages"}],"about":[{"href":"https:\/\/kinqsta.com\/fr\/wp-json\/wp\/v2\/types\/page"}],"author":[{"embeddable":true,"href":"https:\/\/kinqsta.com\/fr\/wp-json\/wp\/v2\/users\/39"}],"replies":[{"embeddable":true,"href":"https:\/\/kinqsta.com\/fr\/wp-json\/wp\/v2\/comments?post=19524"}],"version-history":[{"count":2,"href":"https:\/\/kinqsta.com\/fr\/wp-json\/wp\/v2\/pages\/19524\/revisions"}],"predecessor-version":[{"id":19531,"href":"https:\/\/kinqsta.com\/fr\/wp-json\/wp\/v2\/pages\/19524\/revisions\/19531"}],"alternate":[{"embeddable":true,"hreflang":"en","title":"English","href":"https:\/\/kinqsta.com\/fr\/wp-json\/kinsta\/v1\/posts\/19524\/translations\/en"},{"embeddable":true,"hreflang":"es","title":"Spanish","href":"https:\/\/kinqsta.com\/fr\/wp-json\/kinsta\/v1\/posts\/19524\/translations\/es"},{"embeddable":true,"hreflang":"fr","title":"French","href":"https:\/\/kinqsta.com\/fr\/wp-json\/kinsta\/v1\/posts\/19524\/translations\/fr"},{"embeddable":true,"hreflang":"de","title":"German","href":"https:\/\/kinqsta.com\/fr\/wp-json\/kinsta\/v1\/posts\/19524\/translations\/de"},{"embeddable":true,"hreflang":"it","title":"Italian","href":"https:\/\/kinqsta.com\/fr\/wp-json\/kinsta\/v1\/posts\/19524\/translations\/it"},{"embeddable":true,"hreflang":"pt","title":"Portuguese","href":"https:\/\/kinqsta.com\/fr\/wp-json\/kinsta\/v1\/posts\/19524\/translations\/pt"},{"embeddable":true,"hreflang":"nl","title":"Dutch","href":"https:\/\/kinqsta.com\/fr\/wp-json\/kinsta\/v1\/posts\/19524\/translations\/nl"},{"embeddable":true,"hreflang":"ja","title":"Japanese","href":"https:\/\/kinqsta.com\/fr\/wp-json\/kinsta\/v1\/posts\/19524\/translations\/jp"},{"embeddable":true,"hreflang":"sv","title":"Swedish","href":"https:\/\/kinqsta.com\/fr\/wp-json\/kinsta\/v1\/posts\/19524\/translations\/se"},{"embeddable":true,"hreflang":"da","title":"Danish","href":"https:\/\/kinqsta.com\/fr\/wp-json\/kinsta\/v1\/posts\/19524\/translations\/dk"},{"href":"https:\/\/kinqsta.com\/fr\/wp-json\/kinsta\/v1\/posts\/19524\/tree"}],"wp:attachment":[{"href":"https:\/\/kinqsta.com\/fr\/wp-json\/wp\/v2\/media?parent=19524"}],"curies":[{"name":"wp","href":"https:\/\/api.w.org\/{rel}","templated":true}]}}