{"id":82217,"date":"2026-02-24T13:26:00","date_gmt":"2026-02-24T12:26:00","guid":{"rendered":"https:\/\/kinqsta.com\/es\/?page_id=82217&#038;preview_id=82217"},"modified":"2026-03-17T10:14:23","modified_gmt":"2026-03-17T09:14:23","slug":"agencias-wordpress-futuro","status":"publish","type":"page","link":"https:\/\/kinqsta.com\/es\/claves-de-crecimiento-de-agencias\/agencias-wordpress-futuro\/","title":{"rendered":"Predicciones sorprendentes para el a\u00f1o que viene"},"content":{"rendered":"\n<header class=\"wp-block-kinsta-hero-title has-bg-contained is-small has-show-bg-desktop-only  alignfull\" style=\"background-image:url(https:\/\/kinqsta.com\/wp-content\/uploads\/2026\/02\/predictions-topic.svg);background-position:41% 46%\"><div class=\"wp-block-kinsta-hero-title__inner\">\n<div class=\"wp-block-kinsta-columns is-vertical-top\">\n<div class=\"wp-block-kinsta-column wp-block-kinsta-columns__column\">\n<div class=\"wp-block-kinsta-hero-title-content wp-block-kinsta-hero-title__content\"><h1 class=\"wp-block-kinsta-hero-title__title\"><span class=\"wp-block-kinsta-hero-title__title__text\">Predicciones sorprendentes para el a\u00f1o que viene<\/span><\/h1>\n<p><\/p>\n\n\n\n<div class=\"wp-block-kinsta-buttons alignleft\">\n\n<\/div>\n<\/div>\n<\/div>\n\n\n\n<div class=\"wp-block-kinsta-column wp-block-kinsta-columns__column\">\n<div class=\"wp-block-kinsta-hero-title-secondary wp-block-kinsta-hero-title__secondary\">\n<p>Hay un mont\u00f3n de predicciones sobre lo que \u00abrevolucionar\u00e1\u00bb las agencias de WordPress el a\u00f1o que viene, como \u00abla IA lo automatizar\u00e1 todo\u00bb, \u00ablas compras se har\u00e1n a trav\u00e9s de chatbots\u00bb o \u00ablas relaciones digitales sustituir\u00e1n a las redes de contactos presenciales\u00bb. Pero las agencias aqu\u00ed presentes no se lo creen del todo.<\/p>\n\n\n\n<p>Compartieron lo que creen que cambiar\u00e1 y lo que no cambiar\u00e1 a pesar del revuelo: c\u00f3mo se est\u00e1n adaptando y las partes del comportamiento humano y las relaciones comerciales que los algoritmos no pueden reemplazar.<\/p>\n<\/div>\n<\/div>\n<\/div>\n<\/div><\/header>\n\n\n\n<div class=\"wp-block-group video-carousel-background pt--0 has-dark-background-color has-background is-layout-constrained wp-block-group-is-layout-constrained\">\n<div class=\"wp-block-group has-transparent-bg alignwide is-layout-constrained wp-block-group-is-layout-constrained\">\n<h2 class=\"wp-block-heading has-text-align-left append-carousel-pagination\" id=\"h-empieza-a-ver\">Empieza a ver<\/h2>\n\n\n\n<div class=\"wp-block-kinsta-video-carousel has-pagination-in-parent-wp-block-group\" data-gate-after=\"2\" data-gate-cta-title=\"Suscr\u00edbete para desbloquear la serie completa\" data-gate-cta-button-text=\"Suscr\u00edbete\" data-gate-cta-link=\"#video-carousel-gate\" data-gate-hubspot-source=\"agency-content-series\" data-gate-hubspot-form-id=\"1cfbe463-6614-4b41-8505-cdcb4f3a7da0\">\n<div class=\"wp-block-kinsta-video-carousel-item\">\n<kinsta-video class=\"wp-block-kinsta-video\" src=\"https:\/\/kinsta.wistia.com\/medias\/05n2vtffyj\" poster=\"https:\/\/kinqsta.com\/wp-content\/uploads\/2026\/02\/jonny-martin-built-mighty-d.jpg\" autoplay play-button-variant=\"play\" dialog=\"true\"><div slot=\"trigger\" class=\"kinsta-video__trigger\"><img decoding=\"async\" src=\"https:\/\/kinqsta.com\/wp-content\/uploads\/2026\/02\/jonny-martin-built-mighty-d.jpg\" loading=\"lazy\" alt aria-hidden=\"true\" class=\"kinsta-video__trigger__poster\"><\/div><\/kinsta-video>\n\n\n\n<h3 class=\"wp-block-heading\" id=\"getting-personal\">Hablando de cosas personales<\/h3>\n\n\n\n<p>Durante unos a\u00f1os, los eventos digitales parec\u00edan ser el futuro. Pero despu\u00e9s del COVID, los eventos en directo han vuelto y la gente quiere volver a reunirse en la misma sala. Un fundador afirma que es hora de acudir a cualquier lugar donde se puedan establecer relaciones sin necesidad de un enlace de Zoom.<\/p>\n<\/div>\n\n\n\n<div class=\"wp-block-kinsta-video-carousel-item\">\n<kinsta-video class=\"wp-block-kinsta-video\" src=\"https:\/\/kinsta.wistia.com\/medias\/rd6k4cwkol\" poster=\"https:\/\/kinqsta.com\/wp-content\/uploads\/2026\/02\/vin-thomas-fixel-a.jpg\" autoplay play-button-variant=\"play\" dialog=\"true\"><div slot=\"trigger\" class=\"kinsta-video__trigger\"><img decoding=\"async\" src=\"https:\/\/kinqsta.com\/wp-content\/uploads\/2026\/02\/vin-thomas-fixel-a.jpg\" loading=\"lazy\" alt aria-hidden=\"true\" class=\"kinsta-video__trigger__poster\"><\/div><\/kinsta-video>\n\n\n\n<h3 class=\"wp-block-heading\" id=\"linked-in-not-so-slimy\">LinkedIn: No est\u00e1 tan mal<\/h3>\n\n\n\n<p>Hace una d\u00e9cada, el director de esta agencia no habr\u00eda imaginado que LinkedIn se convertir\u00eda en el lugar de referencia para establecer relaciones comerciales reales. Ahora encuentra all\u00ed energ\u00eda positiva\u2026 y mucha menos maldad.<\/p>\n<\/div>\n\n\n\n<div class=\"wp-block-kinsta-video-carousel-item\">\n<kinsta-video class=\"wp-block-kinsta-video\" src=\"https:\/\/kinsta.wistia.com\/medias\/1wtcyz8vyc\" poster=\"https:\/\/kinqsta.com\/wp-content\/uploads\/2026\/02\/eddie-wise-40q-c.jpg\" autoplay play-button-variant=\"play\" dialog=\"true\"><div slot=\"trigger\" class=\"kinsta-video__trigger\"><img decoding=\"async\" src=\"https:\/\/kinqsta.com\/wp-content\/uploads\/2026\/02\/eddie-wise-40q-c.jpg\" loading=\"lazy\" alt aria-hidden=\"true\" class=\"kinsta-video__trigger__poster\"><\/div><\/kinsta-video>\n\n\n\n<h3 class=\"wp-block-heading\" id=\"strategic-relaionships\">Relaciones estrat\u00e9gicas<\/h3>\n\n\n\n<p>Hace diez a\u00f1os, las agencias se centraban en t\u00e1cticas escalables como el SEO, el marketing de contenidos y los anuncios pagados, pero una agencia descubri\u00f3 que la mayor\u00eda de sus mejores clientes potenciales ahora provienen de relaciones con empresas de sectores afines que les env\u00edan trabajo cuando no se ajusta a su modelo.<\/p>\n<\/div>\n\n\n\n<div class=\"wp-block-kinsta-video-carousel-item\">\n<kinsta-video class=\"wp-block-kinsta-video\" src=\"https:\/\/kinsta.wistia.com\/medias\/wx5tl9gl3c\" poster=\"https:\/\/kinqsta.com\/wp-content\/uploads\/2026\/02\/tim-kelsey-pronto-b.jpg\" autoplay play-button-variant=\"play\" dialog=\"true\"><div slot=\"trigger\" class=\"kinsta-video__trigger\"><img decoding=\"async\" src=\"https:\/\/kinqsta.com\/wp-content\/uploads\/2026\/02\/tim-kelsey-pronto-b.jpg\" loading=\"lazy\" alt aria-hidden=\"true\" class=\"kinsta-video__trigger__poster\"><\/div><\/kinsta-video>\n\n\n\n<h3 class=\"wp-block-heading\" id=\"puttin-a-face-on-it\">Ponle cara<\/h3>\n\n\n\n<p>La inteligencia artificial hace que crear entradas de blog, newsletters y redes sociales sea m\u00e1s f\u00e1cil que nunca. Pero, \u00bfconf\u00edan las audiencias en ese contenido? Una agencia cree que el v\u00eddeo es una forma de llegar a las personas que quieren ver con qui\u00e9n est\u00e1n tratando.<\/p>\n<\/div>\n\n\n\n<div class=\"wp-block-kinsta-video-carousel-item\">\n<kinsta-video class=\"wp-block-kinsta-video\" src=\"https:\/\/kinsta.wistia.com\/medias\/tecs3ztv3n\" poster=\"https:\/\/kinqsta.com\/wp-content\/uploads\/2026\/02\/jonny-martin-built-mighty-a.jpg\" autoplay play-button-variant=\"play\" dialog=\"true\"><div slot=\"trigger\" class=\"kinsta-video__trigger\"><img decoding=\"async\" src=\"https:\/\/kinqsta.com\/wp-content\/uploads\/2026\/02\/jonny-martin-built-mighty-a.jpg\" loading=\"lazy\" alt aria-hidden=\"true\" class=\"kinsta-video__trigger__poster\"><\/div><\/kinsta-video>\n\n\n\n<h3 class=\"wp-block-heading\" id=\"hire-fast-fire-fast\">Contrata r\u00e1pido, despide r\u00e1pido<\/h3>\n\n\n\n<p>El consejo \u00abcontrata despacio, despide r\u00e1pido\u00bb puede estar desfasado. Las personas competentes se contratan r\u00e1pidamente. Si tardas semanas en contratar a alguien, otra persona ya se lo habr\u00e1 quedado. Se puede aprender m\u00e1s en las dos primeras semanas de trabajo conjunto que en cinco rondas de entrevistas.<\/p>\n<\/div>\n\n\n\n<div class=\"wp-block-kinsta-video-carousel-item\">\n<kinsta-video class=\"wp-block-kinsta-video\" src=\"https:\/\/kinsta.wistia.com\/medias\/vmcj47jotv\" poster=\"https:\/\/kinqsta.com\/wp-content\/uploads\/2026\/02\/eddie-wise-40q-a.jpg\" autoplay play-button-variant=\"play\" dialog=\"true\"><div slot=\"trigger\" class=\"kinsta-video__trigger\"><img decoding=\"async\" src=\"https:\/\/kinqsta.com\/wp-content\/uploads\/2026\/02\/eddie-wise-40q-a.jpg\" loading=\"lazy\" alt aria-hidden=\"true\" class=\"kinsta-video__trigger__poster\"><\/div><\/kinsta-video>\n\n\n\n<h3 class=\"wp-block-heading\" id=\"going-local\">Apostar por lo local<\/h3>\n\n\n\n<p>Mientras todo el mundo se centra en la generaci\u00f3n automatizada de contenido de WordPress, las recomendaciones inteligentes y las integraciones de chatbots, una de las agencias cree que la mayor novedad es la localizaci\u00f3n que llega al n\u00facleo de WordPress. La localizaci\u00f3n integrada podr\u00eda cambiar la econom\u00eda de los sitios web globales.<\/p>\n<\/div>\n<\/div>\n<\/div>\n<\/div>\n\n\n\n<div class=\"wp-block-group has-bg-contained has-dark-background-color has-background is-layout-constrained wp-block-group-is-layout-constrained\" style=\"background-image:url(https:\/\/kinqsta.com\/wp-content\/uploads\/2026\/02\/CTA-background-v2-1-1.png);background-position:50% 100%\">\n<div class=\"wp-block-group aligncenter has-transparent-bg is-layout-constrained wp-block-group-is-layout-constrained\">\n<h2 class=\"wp-block-heading has-text-align-left\" id=\"h-explora-otros-temas\">Explora otros temas<\/h2>\n\n\n\n<div class=\"wp-block-kinsta-feature-boxes wp-block-kinsta-feature-boxes--3 linked-boxes--true\">\n<div class=\"wp-block-kinsta-feature-boxes-box wp-block-kinsta-feature-boxes__box\">\n<figure class=\"wp-block-image size-full is-style-rounded alignfull\"><img decoding=\"async\" src=\"https:\/\/kinqsta.com\/wp-content\/uploads\/2026\/02\/topics_1-1.png\" alt class=\"wp-image-206094\"><\/figure>\n\n\n\n<h3 class=\"wp-block-heading has-text-align-left\" id=\"h-la-ia-sin-exageraciones\">La IA, sin exageraciones<\/h3>\n\n\n\n<div class=\"wp-block-kinsta-buttons alignright\">\n<a class=\"wp-block-kinsta-button is-style-arrow-only\" href=\"https:\/\/kinqsta.com\/es\/claves-de-crecimiento-de-agencias\/ia-sin-exageraciones-wordpress\/\"><span class=\"wp-block-kinsta-button_text\"><\/span><\/a>\n<\/div>\n<\/div>\n\n\n\n<div class=\"wp-block-kinsta-feature-boxes-box wp-block-kinsta-feature-boxes__box\">\n<figure class=\"wp-block-image size-full alignfull\"><img decoding=\"async\" src=\"https:\/\/kinqsta.com\/wp-content\/uploads\/2026\/02\/topics_2-1.png\" alt class=\"wp-image-206095\"><\/figure>\n\n\n\n<h3 class=\"wp-block-heading has-text-align-left\" id=\"h-los-errores-que-forjaron-el-exito\">Los errores que forjaron el \u00e9xito<\/h3>\n\n\n\n<div class=\"wp-block-kinsta-buttons alignright\">\n<a class=\"wp-block-kinsta-button is-style-arrow-only\" href=\"https:\/\/kinqsta.com\/es\/claves-de-crecimiento-de-agencias\/errores-de-las-agencias\/\"><span class=\"wp-block-kinsta-button_text\"><\/span><\/a>\n<\/div>\n<\/div>\n\n\n\n<div class=\"wp-block-kinsta-feature-boxes-box wp-block-kinsta-feature-boxes__box\">\n<figure class=\"wp-block-image size-full alignfull\"><img decoding=\"async\" src=\"https:\/\/kinqsta.com\/wp-content\/uploads\/2026\/02\/topics_3-1.png\" alt class=\"wp-image-206096\"><\/figure>\n\n\n\n<h3 class=\"wp-block-heading has-text-align-left\" id=\"h-como-encontraron-su-nicho\">C\u00f3mo encontraron su nicho<\/h3>\n\n\n\n<div class=\"wp-block-kinsta-buttons alignright\">\n<a class=\"wp-block-kinsta-button is-style-arrow-only\" href=\"https:\/\/kinqsta.com\/es\/claves-de-crecimiento-de-agencias\/enfoque-retencion-y-crecimiento-sostenible\/\"><span class=\"wp-block-kinsta-button_text\"><\/span><\/a>\n<\/div>\n<\/div>\n<\/div>\n<\/div>\n<\/div>\n\n\n\n<div class=\"wp-block-group aligncenter has-offwhite-background-color has-background is-layout-constrained wp-container-core-group-is-layout-5 wp-block-group-is-layout-constrained\" style=\"padding-top:0;padding-right:0;padding-bottom:0;padding-left:0\">\n<div class=\"wp-block-kinsta-columns is-vertical-center\">\n<div class=\"wp-block-kinsta-column wp-block-kinsta-columns__column\">\n<span class=\"wp-block-kinsta-tag wp-block-kinsta-tag--small\">Programa para Socios de Agencias<\/span>\n\n\n\n<h2 class=\"wp-block-heading mt--10\" id=\"h-creado-para-agencias-como-la-tuya\">Creado para agencias<br>como la tuya<\/h2>\n\n\n\n<ul class=\"wp-block-list is-style-check-list\">\n<li>Co-marketing<\/li>\n\n\n\n<li>Recomendaciones de clientes<\/li>\n\n\n\n<li>Comisiones de afiliado de por vida<\/li>\n<\/ul>\n\n\n\n<div class=\"wp-block-kinsta-buttons\">\n<a class=\"wp-block-kinsta-button is-style-cta-arrow\" href=\"https:\/\/kinqsta.com\/es\/programa-socios-agencia\/\"><span class=\"wp-block-kinsta-button_text\">Explorar<\/span><\/a>\n<\/div>\n<\/div>\n\n\n\n<div class=\"wp-block-kinsta-column wp-block-kinsta-columns__column\">\n<figure class=\"wp-block-image size-full is-style-plain has-show-desktop-only\"><img decoding=\"async\" src=\"https:\/\/kinqsta.com\/wp-content\/uploads\/2025\/09\/app-hero.png\" alt=\"Imagen que muestra a una mujer hablando por tel\u00e9fono m\u00f3vil.\" class=\"wp-image-199183\"><\/figure>\n<\/div>\n<\/div>\n<\/div>\n","protected":false},"excerpt":{"rendered":"<p>Empieza a ver Explora otros temas<\/p>\n","protected":false},"author":312,"featured_media":82317,"parent":82209,"menu_order":0,"comment_status":"closed","ping_status":"closed","template":"templates\/page\/agency-secrets.php","meta":{"_kinsta_gated_content":false,"_kinsta_gated_content_redirect":"","footnotes":""},"class_list":["post-82217","page","type-page","status-publish","has-post-thumbnail","hentry"],"yoast_head":"<!-- This site is optimized with the Yoast SEO Premium plugin v24.6 (Yoast SEO v24.6) - https:\/\/yoast.com\/wordpress\/plugins\/seo\/ -->\n<title>Lo que marcar\u00e1 la diferencia para agencias WordPress este a\u00f1o<\/title>\n<meta name=\"description\" content=\"Frente a la automatizaci\u00f3n de la IA y lo digital, estas agencias apuestan por la confianza personal, las personas y el crecimiento basado en la colaboraci\u00f3n\" \/>\n<meta name=\"robots\" content=\"index, follow, max-snippet:-1, max-image-preview:large, max-video-preview:-1\" \/>\n<link rel=\"canonical\" href=\"https:\/\/kinqsta.com\/es\/claves-de-crecimiento-de-agencias\/agencias-wordpress-futuro\/\" \/>\n<meta property=\"og:locale\" content=\"es_ES\" \/>\n<meta property=\"og:type\" content=\"article\" \/>\n<meta property=\"og:title\" content=\"Predicciones sorprendentes para el a\u00f1o que viene\" \/>\n<meta property=\"og:description\" content=\"Frente a la automatizaci\u00f3n de la IA y lo digital, estas agencias apuestan por la confianza personal, las personas y el crecimiento basado en la colaboraci\u00f3n\" \/>\n<meta property=\"og:url\" content=\"https:\/\/kinqsta.com\/es\/claves-de-crecimiento-de-agencias\/agencias-wordpress-futuro\/\" \/>\n<meta property=\"og:site_name\" content=\"Kinsta\u00ae\" \/>\n<meta property=\"article:publisher\" content=\"https:\/\/www.facebook.com\/kinsta.es\/\" \/>\n<meta property=\"article:modified_time\" content=\"2026-03-17T09:14:23+00:00\" \/>\n<meta property=\"og:image\" content=\"https:\/\/kinqsta.com\/es\/wp-content\/uploads\/sites\/8\/2026\/02\/ES_featured-image-agency-growth-insights_predictions-1024x536.png\" \/>\n\t<meta property=\"og:image:width\" content=\"1024\" \/>\n\t<meta property=\"og:image:height\" content=\"536\" \/>\n\t<meta property=\"og:image:type\" content=\"image\/png\" \/>\n<meta name=\"twitter:card\" content=\"summary_large_image\" \/>\n<meta name=\"twitter:description\" content=\"Frente a la automatizaci\u00f3n de la IA y lo digital, estas agencias apuestan por la confianza personal, las personas y el crecimiento basado en la colaboraci\u00f3n\" \/>\n<meta name=\"twitter:image\" content=\"https:\/\/kinqsta.com\/es\/wp-content\/uploads\/sites\/8\/2026\/02\/ES_featured-image-agency-growth-insights_predictions-1024x536.png\" \/>\n<meta name=\"twitter:site\" content=\"@Kinsta_ES\" \/>\n<meta name=\"twitter:label1\" content=\"Tiempo de lectura\" \/>\n\t<meta name=\"twitter:data1\" content=\"2 minutos\" \/>\n<script type=\"application\/ld+json\" class=\"yoast-schema-graph\">{\"@context\":\"https:\/\/schema.org\",\"@graph\":[{\"@type\":\"WebPage\",\"@id\":\"https:\/\/kinqsta.com\/es\/claves-de-crecimiento-de-agencias\/agencias-wordpress-futuro\/\",\"url\":\"https:\/\/kinqsta.com\/es\/claves-de-crecimiento-de-agencias\/agencias-wordpress-futuro\/\",\"name\":\"Lo que marcar\u00e1 la diferencia para agencias WordPress este a\u00f1o\",\"isPartOf\":{\"@id\":\"https:\/\/kinqsta.com\/es\/#website\"},\"primaryImageOfPage\":{\"@id\":\"https:\/\/kinqsta.com\/es\/claves-de-crecimiento-de-agencias\/agencias-wordpress-futuro\/#primaryimage\"},\"image\":{\"@id\":\"https:\/\/kinqsta.com\/es\/claves-de-crecimiento-de-agencias\/agencias-wordpress-futuro\/#primaryimage\"},\"thumbnailUrl\":\"https:\/\/kinqsta.com\/es\/wp-content\/uploads\/sites\/8\/2026\/02\/ES_featured-image-agency-growth-insights_predictions.png\",\"datePublished\":\"2026-02-24T12:26:00+00:00\",\"dateModified\":\"2026-03-17T09:14:23+00:00\",\"description\":\"Frente a la automatizaci\u00f3n de la IA y lo digital, estas agencias apuestan por la confianza personal, las personas y el crecimiento basado en la colaboraci\u00f3n\",\"breadcrumb\":{\"@id\":\"https:\/\/kinqsta.com\/es\/claves-de-crecimiento-de-agencias\/agencias-wordpress-futuro\/#breadcrumb\"},\"inLanguage\":\"es\",\"potentialAction\":[{\"@type\":\"ReadAction\",\"target\":[\"https:\/\/kinqsta.com\/es\/claves-de-crecimiento-de-agencias\/agencias-wordpress-futuro\/\"]}]},{\"@type\":\"ImageObject\",\"inLanguage\":\"es\",\"@id\":\"https:\/\/kinqsta.com\/es\/claves-de-crecimiento-de-agencias\/agencias-wordpress-futuro\/#primaryimage\",\"url\":\"https:\/\/kinqsta.com\/es\/wp-content\/uploads\/sites\/8\/2026\/02\/ES_featured-image-agency-growth-insights_predictions.png\",\"contentUrl\":\"https:\/\/kinqsta.com\/es\/wp-content\/uploads\/sites\/8\/2026\/02\/ES_featured-image-agency-growth-insights_predictions.png\",\"width\":3600,\"height\":1884},{\"@type\":\"BreadcrumbList\",\"@id\":\"https:\/\/kinqsta.com\/es\/claves-de-crecimiento-de-agencias\/agencias-wordpress-futuro\/#breadcrumb\",\"itemListElement\":[{\"@type\":\"ListItem\",\"position\":1,\"name\":\"Home\",\"item\":\"https:\/\/kinqsta.com\/es\/\"},{\"@type\":\"ListItem\",\"position\":2,\"name\":\"Lo descubrieron\",\"item\":\"https:\/\/kinqsta.com\/es\/claves-de-crecimiento-de-agencias\/\"},{\"@type\":\"ListItem\",\"position\":3,\"name\":\"Predicciones sorprendentes para el a\u00f1o que viene\"}]},{\"@type\":\"WebSite\",\"@id\":\"https:\/\/kinqsta.com\/es\/#website\",\"url\":\"https:\/\/kinqsta.com\/es\/\",\"name\":\"Kinsta\u00ae\",\"description\":\"Soluciones de alojamiento premium, r\u00e1pidas y seguras\",\"publisher\":{\"@id\":\"https:\/\/kinqsta.com\/es\/#organization\"},\"potentialAction\":[{\"@type\":\"SearchAction\",\"target\":{\"@type\":\"EntryPoint\",\"urlTemplate\":\"https:\/\/kinqsta.com\/es\/?s={search_term_string}\"},\"query-input\":{\"@type\":\"PropertyValueSpecification\",\"valueRequired\":true,\"valueName\":\"search_term_string\"}}],\"inLanguage\":\"es\"},{\"@type\":\"Organization\",\"@id\":\"https:\/\/kinqsta.com\/es\/#organization\",\"name\":\"Kinsta\",\"url\":\"https:\/\/kinqsta.com\/es\/\",\"logo\":{\"@type\":\"ImageObject\",\"inLanguage\":\"es\",\"@id\":\"https:\/\/kinqsta.com\/es\/#\/schema\/logo\/image\/\",\"url\":\"https:\/\/kinqsta.com\/es\/wp-content\/uploads\/sites\/8\/2023\/12\/kinsta-logo.jpeg\",\"contentUrl\":\"https:\/\/kinqsta.com\/es\/wp-content\/uploads\/sites\/8\/2023\/12\/kinsta-logo.jpeg\",\"width\":500,\"height\":500,\"caption\":\"Kinsta\"},\"image\":{\"@id\":\"https:\/\/kinqsta.com\/es\/#\/schema\/logo\/image\/\"},\"sameAs\":[\"https:\/\/www.facebook.com\/kinsta.es\/\",\"https:\/\/x.com\/Kinsta_ES\",\"https:\/\/www.instagram.com\/kinstahosting\/\",\"https:\/\/www.linkedin.com\/company\/kinsta\/\",\"https:\/\/www.pinterest.com\/kinstahosting\/\",\"https:\/\/www.youtube.com\/c\/Kinsta\"]}]}<\/script>\n<!-- \/ Yoast SEO Premium plugin. -->","yoast_head_json":{"title":"Lo que marcar\u00e1 la diferencia para agencias WordPress este a\u00f1o","description":"Frente a la automatizaci\u00f3n de la IA y lo digital, estas agencias apuestan por la confianza personal, las personas y el crecimiento basado en la colaboraci\u00f3n","robots":{"index":"index","follow":"follow","max-snippet":"max-snippet:-1","max-image-preview":"max-image-preview:large","max-video-preview":"max-video-preview:-1"},"canonical":"https:\/\/kinqsta.com\/es\/claves-de-crecimiento-de-agencias\/agencias-wordpress-futuro\/","og_locale":"es_ES","og_type":"article","og_title":"Predicciones sorprendentes para el a\u00f1o que viene","og_description":"Frente a la automatizaci\u00f3n de la IA y lo digital, estas agencias apuestan por la confianza personal, las personas y el crecimiento basado en la colaboraci\u00f3n","og_url":"https:\/\/kinqsta.com\/es\/claves-de-crecimiento-de-agencias\/agencias-wordpress-futuro\/","og_site_name":"Kinsta\u00ae","article_publisher":"https:\/\/www.facebook.com\/kinsta.es\/","article_modified_time":"2026-03-17T09:14:23+00:00","og_image":[{"width":1024,"height":536,"url":"https:\/\/kinqsta.com\/es\/wp-content\/uploads\/sites\/8\/2026\/02\/ES_featured-image-agency-growth-insights_predictions-1024x536.png","type":"image\/png"}],"twitter_card":"summary_large_image","twitter_description":"Frente a la automatizaci\u00f3n de la IA y lo digital, estas agencias apuestan por la confianza personal, las personas y el crecimiento basado en la colaboraci\u00f3n","twitter_image":"https:\/\/kinqsta.com\/es\/wp-content\/uploads\/sites\/8\/2026\/02\/ES_featured-image-agency-growth-insights_predictions-1024x536.png","twitter_site":"@Kinsta_ES","twitter_misc":{"Tiempo de lectura":"2 minutos"},"schema":{"@context":"https:\/\/schema.org","@graph":[{"@type":"WebPage","@id":"https:\/\/kinqsta.com\/es\/claves-de-crecimiento-de-agencias\/agencias-wordpress-futuro\/","url":"https:\/\/kinqsta.com\/es\/claves-de-crecimiento-de-agencias\/agencias-wordpress-futuro\/","name":"Lo que marcar\u00e1 la diferencia para agencias WordPress este a\u00f1o","isPartOf":{"@id":"https:\/\/kinqsta.com\/es\/#website"},"primaryImageOfPage":{"@id":"https:\/\/kinqsta.com\/es\/claves-de-crecimiento-de-agencias\/agencias-wordpress-futuro\/#primaryimage"},"image":{"@id":"https:\/\/kinqsta.com\/es\/claves-de-crecimiento-de-agencias\/agencias-wordpress-futuro\/#primaryimage"},"thumbnailUrl":"https:\/\/kinqsta.com\/es\/wp-content\/uploads\/sites\/8\/2026\/02\/ES_featured-image-agency-growth-insights_predictions.png","datePublished":"2026-02-24T12:26:00+00:00","dateModified":"2026-03-17T09:14:23+00:00","description":"Frente a la automatizaci\u00f3n de la IA y lo digital, estas agencias apuestan por la confianza personal, las personas y el crecimiento basado en la colaboraci\u00f3n","breadcrumb":{"@id":"https:\/\/kinqsta.com\/es\/claves-de-crecimiento-de-agencias\/agencias-wordpress-futuro\/#breadcrumb"},"inLanguage":"es","potentialAction":[{"@type":"ReadAction","target":["https:\/\/kinqsta.com\/es\/claves-de-crecimiento-de-agencias\/agencias-wordpress-futuro\/"]}]},{"@type":"ImageObject","inLanguage":"es","@id":"https:\/\/kinqsta.com\/es\/claves-de-crecimiento-de-agencias\/agencias-wordpress-futuro\/#primaryimage","url":"https:\/\/kinqsta.com\/es\/wp-content\/uploads\/sites\/8\/2026\/02\/ES_featured-image-agency-growth-insights_predictions.png","contentUrl":"https:\/\/kinqsta.com\/es\/wp-content\/uploads\/sites\/8\/2026\/02\/ES_featured-image-agency-growth-insights_predictions.png","width":3600,"height":1884},{"@type":"BreadcrumbList","@id":"https:\/\/kinqsta.com\/es\/claves-de-crecimiento-de-agencias\/agencias-wordpress-futuro\/#breadcrumb","itemListElement":[{"@type":"ListItem","position":1,"name":"Home","item":"https:\/\/kinqsta.com\/es\/"},{"@type":"ListItem","position":2,"name":"Lo descubrieron","item":"https:\/\/kinqsta.com\/es\/claves-de-crecimiento-de-agencias\/"},{"@type":"ListItem","position":3,"name":"Predicciones sorprendentes para el a\u00f1o que viene"}]},{"@type":"WebSite","@id":"https:\/\/kinqsta.com\/es\/#website","url":"https:\/\/kinqsta.com\/es\/","name":"Kinsta\u00ae","description":"Soluciones de alojamiento premium, r\u00e1pidas y seguras","publisher":{"@id":"https:\/\/kinqsta.com\/es\/#organization"},"potentialAction":[{"@type":"SearchAction","target":{"@type":"EntryPoint","urlTemplate":"https:\/\/kinqsta.com\/es\/?s={search_term_string}"},"query-input":{"@type":"PropertyValueSpecification","valueRequired":true,"valueName":"search_term_string"}}],"inLanguage":"es"},{"@type":"Organization","@id":"https:\/\/kinqsta.com\/es\/#organization","name":"Kinsta","url":"https:\/\/kinqsta.com\/es\/","logo":{"@type":"ImageObject","inLanguage":"es","@id":"https:\/\/kinqsta.com\/es\/#\/schema\/logo\/image\/","url":"https:\/\/kinqsta.com\/es\/wp-content\/uploads\/sites\/8\/2023\/12\/kinsta-logo.jpeg","contentUrl":"https:\/\/kinqsta.com\/es\/wp-content\/uploads\/sites\/8\/2023\/12\/kinsta-logo.jpeg","width":500,"height":500,"caption":"Kinsta"},"image":{"@id":"https:\/\/kinqsta.com\/es\/#\/schema\/logo\/image\/"},"sameAs":["https:\/\/www.facebook.com\/kinsta.es\/","https:\/\/x.com\/Kinsta_ES","https:\/\/www.instagram.com\/kinstahosting\/","https:\/\/www.linkedin.com\/company\/kinsta\/","https:\/\/www.pinterest.com\/kinstahosting\/","https:\/\/www.youtube.com\/c\/Kinsta"]}]}},"acf":[],"_links":{"self":[{"href":"https:\/\/kinqsta.com\/es\/wp-json\/wp\/v2\/pages\/82217","targetHints":{"allow":["GET"]}}],"collection":[{"href":"https:\/\/kinqsta.com\/es\/wp-json\/wp\/v2\/pages"}],"about":[{"href":"https:\/\/kinqsta.com\/es\/wp-json\/wp\/v2\/types\/page"}],"author":[{"embeddable":true,"href":"https:\/\/kinqsta.com\/es\/wp-json\/wp\/v2\/users\/312"}],"replies":[{"embeddable":true,"href":"https:\/\/kinqsta.com\/es\/wp-json\/wp\/v2\/comments?post=82217"}],"version-history":[{"count":6,"href":"https:\/\/kinqsta.com\/es\/wp-json\/wp\/v2\/pages\/82217\/revisions"}],"predecessor-version":[{"id":82448,"href":"https:\/\/kinqsta.com\/es\/wp-json\/wp\/v2\/pages\/82217\/revisions\/82448"}],"up":[{"embeddable":true,"href":"https:\/\/kinqsta.com\/es\/wp-json\/wp\/v2\/pages\/82209"}],"alternate":[{"embeddable":true,"hreflang":"en","title":"English","href":"https:\/\/kinqsta.com\/es\/wp-json\/kinsta\/v1\/posts\/82217\/translations\/en"},{"embeddable":true,"hreflang":"it","title":"Italian","href":"https:\/\/kinqsta.com\/es\/wp-json\/kinsta\/v1\/posts\/82217\/translations\/it"},{"embeddable":true,"hreflang":"fr","title":"French","href":"https:\/\/kinqsta.com\/es\/wp-json\/kinsta\/v1\/posts\/82217\/translations\/fr"},{"embeddable":true,"hreflang":"ja","title":"Japanese","href":"https:\/\/kinqsta.com\/es\/wp-json\/kinsta\/v1\/posts\/82217\/translations\/jp"},{"embeddable":true,"hreflang":"es","title":"Spanish","href":"https:\/\/kinqsta.com\/es\/wp-json\/kinsta\/v1\/posts\/82217\/translations\/es"},{"href":"https:\/\/kinqsta.com\/es\/wp-json\/kinsta\/v1\/posts\/82217\/tree"}],"wp:featuredmedia":[{"embeddable":true,"href":"https:\/\/kinqsta.com\/es\/wp-json\/wp\/v2\/media\/82317"}],"wp:attachment":[{"href":"https:\/\/kinqsta.com\/es\/wp-json\/wp\/v2\/media?parent=82217"}],"curies":[{"name":"wp","href":"https:\/\/api.w.org\/{rel}","templated":true}]}}