{"id":82213,"date":"2026-02-24T13:25:29","date_gmt":"2026-02-24T12:25:29","guid":{"rendered":"https:\/\/kinqsta.com\/es\/?page_id=82213&#038;preview_id=82213"},"modified":"2026-03-16T15:24:29","modified_gmt":"2026-03-16T14:24:29","slug":"errores-de-las-agencias","status":"publish","type":"page","link":"https:\/\/kinqsta.com\/es\/claves-de-crecimiento-de-agencias\/errores-de-las-agencias\/","title":{"rendered":"Los errores que forjaron el \u00e9xito"},"content":{"rendered":"\n<header class=\"wp-block-kinsta-hero-title has-bg-contained is-small has-show-bg-desktop-only alignfull\" style=\"background-image:url(https:\/\/kinqsta.com\/wp-content\/uploads\/2026\/02\/mistakes-background.png);background-position:63% 43%\"><div class=\"wp-block-kinsta-hero-title__inner\">\n<div class=\"wp-block-kinsta-columns is-vertical-top\">\n<div class=\"wp-block-kinsta-column wp-block-kinsta-columns__column\">\n<div class=\"wp-block-kinsta-hero-title-content wp-block-kinsta-hero-title__content\"><h1 class=\"wp-block-kinsta-hero-title__title\"><span class=\"wp-block-kinsta-hero-title__title__text\">Los errores que forjaron el \u00e9xito<\/span><\/h1>\n<p><\/p>\n\n\n\n<div class=\"wp-block-kinsta-buttons alignleft\">\n\n<\/div>\n<\/div>\n<\/div>\n\n\n\n<div class=\"wp-block-kinsta-column wp-block-kinsta-columns__column\">\n<div class=\"wp-block-kinsta-hero-title-secondary wp-block-kinsta-hero-title__secondary\">\n<p>Todas las agencias pueden se\u00f1alar momentos en los que desear\u00edan haber actuado de otra manera.<\/p>\n\n\n\n<p>Tardar demasiado en contratar, cobrar por debajo de lo debido, decir \u201cs\u00ed\u201d cuando deber\u00edan haber dicho \u201cno\u201d; decisiones que primero generaron estr\u00e9s y solo despu\u00e9s claridad.<\/p>\n\n\n\n<p>Aqu\u00ed comparten m\u00e1s experiencias vividas que consejos, las decisiones que reconsiderar\u00edan y las que no repetir\u00edan.<\/p>\n<\/div>\n<\/div>\n<\/div>\n<\/div><\/header>\n\n\n\n<div class=\"wp-block-group video-carousel-background pt--0 has-dark-background-color has-background is-layout-constrained wp-block-group-is-layout-constrained\">\n<div class=\"wp-block-group has-transparent-bg alignwide is-layout-constrained wp-block-group-is-layout-constrained\">\n<h2 class=\"wp-block-heading has-text-align-left append-carousel-pagination\" id=\"h-empieza-a-ver\">Empieza a ver<\/h2>\n\n\n\n<div class=\"wp-block-kinsta-video-carousel has-pagination-in-parent-wp-block-group\" data-gate-after=\"2\" data-gate-cta-title=\"Suscr\u00edbete para desbloquear la serie completa\" data-gate-cta-button-text=\"Suscr\u00edbete\" data-gate-cta-link=\"#video-carousel-gate\" data-gate-hubspot-source=\"agency-content-series\" data-gate-hubspot-form-id=\"1cfbe463-6614-4b41-8505-cdcb4f3a7da0\">\n<div class=\"wp-block-kinsta-video-carousel-item\">\n<kinsta-video class=\"wp-block-kinsta-video\" src=\"https:\/\/kinsta.wistia.com\/medias\/gbaebx01lz\" poster=\"https:\/\/kinqsta.com\/wp-content\/uploads\/2026\/02\/tim-kelsey-pronto-a.jpg\" autoplay play-button-variant=\"play\" dialog=\"true\"><div slot=\"trigger\" class=\"kinsta-video__trigger\"><img decoding=\"async\" src=\"https:\/\/kinqsta.com\/wp-content\/uploads\/2026\/02\/tim-kelsey-pronto-a.jpg\" loading=\"lazy\" alt aria-hidden=\"true\" class=\"kinsta-video__trigger__poster\"><\/div><\/kinsta-video>\n\n\n\n<h3 class=\"wp-block-heading\" id=\"bigger-too-big\">Cuando lo grande se hizo demasiado grande<\/h3>\n\n\n\n<p>El crecimiento suele ser bueno, pero cuando este fundador se dio cuenta de que ya no pod\u00eda reconocer a todos los miembros del equipo, se pregunt\u00f3 si una empresa m\u00e1s grande tambi\u00e9n podr\u00eda estar perdiendo el enfoque. As\u00ed que decidieron dividirse para conquistar.<\/p>\n<\/div>\n\n\n\n<div class=\"wp-block-kinsta-video-carousel-item\">\n<kinsta-video class=\"wp-block-kinsta-video\" src=\"https:\/\/kinsta.wistia.com\/medias\/bial75ywfp\" poster=\"https:\/\/kinqsta.com\/wp-content\/uploads\/2026\/02\/eddie-wise-40q-c.jpg\" autoplay play-button-variant=\"play\" dialog=\"true\"><div slot=\"trigger\" class=\"kinsta-video__trigger\"><img decoding=\"async\" src=\"https:\/\/kinqsta.com\/wp-content\/uploads\/2026\/02\/eddie-wise-40q-c.jpg\" loading=\"lazy\" alt aria-hidden=\"true\" class=\"kinsta-video__trigger__poster\"><\/div><\/kinsta-video>\n\n\n\n<h3 class=\"wp-block-heading\" id=\"herding-talented-cats\">Gestionar talentos independientes<\/h3>\n\n\n\n<p>Despu\u00e9s de algunos intentos y (unos pocos) errores, el director de esta agencia se dio cuenta de lo siguiente: realmente hay que encontrar a personas que no solo sean excelentes en lo que hacen, sino que tambi\u00e9n sean responsables y puntuales.<\/p>\n<\/div>\n\n\n\n<div class=\"wp-block-kinsta-video-carousel-item\">\n<kinsta-video class=\"wp-block-kinsta-video\" src=\"https:\/\/kinsta.wistia.com\/medias\/6sg7he49ek\" poster=\"https:\/\/kinqsta.com\/wp-content\/uploads\/2026\/02\/jonny-martin-built-mighty-b.jpg\" autoplay play-button-variant=\"play\" dialog=\"true\"><div slot=\"trigger\" class=\"kinsta-video__trigger\"><img decoding=\"async\" src=\"https:\/\/kinqsta.com\/wp-content\/uploads\/2026\/02\/jonny-martin-built-mighty-b.jpg\" loading=\"lazy\" alt aria-hidden=\"true\" class=\"kinsta-video__trigger__poster\"><\/div><\/kinsta-video>\n\n\n\n<h3 class=\"wp-block-heading\" id=\"the-numbers-crunch\">El procesamiento de datos<\/h3>\n\n\n\n<p>Dar prioridad a las m\u00e9tricas podr\u00eda haber ralentizado el crecimiento de esta agencia. Al final, result\u00f3 que el mejor enfoque era dar prioridad a hacer a\u00fan m\u00e1s por los clientes existentes.<\/p>\n<\/div>\n\n\n\n<div class=\"wp-block-kinsta-video-carousel-item\">\n<kinsta-video class=\"wp-block-kinsta-video\" src=\"https:\/\/kinsta.wistia.com\/medias\/8jrgeb6ci2\" poster=\"https:\/\/kinqsta.com\/wp-content\/uploads\/2026\/02\/tim-kelsey-pronto-c.jpg\" autoplay play-button-variant=\"play\" dialog=\"true\"><div slot=\"trigger\" class=\"kinsta-video__trigger\"><img decoding=\"async\" src=\"https:\/\/kinqsta.com\/wp-content\/uploads\/2026\/02\/tim-kelsey-pronto-c.jpg\" loading=\"lazy\" alt aria-hidden=\"true\" class=\"kinsta-video__trigger__poster\"><\/div><\/kinsta-video>\n\n\n\n<h3 class=\"wp-block-heading\" id=\"on-a-mission\">Tenemos una misi\u00f3n<\/h3>\n\n\n\n<p>Redactar una misi\u00f3n y documentar la cultura y los valores de la empresa no son solo ejercicios para sentirse bien en esta agencia. Es un trabajo que, seg\u00fan han descubierto, ayuda a mantener el rumbo de una empresa en crecimiento.<\/p>\n<\/div>\n\n\n\n<div class=\"wp-block-kinsta-video-carousel-item\">\n<kinsta-video class=\"wp-block-kinsta-video\" src=\"https:\/\/kinsta.wistia.com\/medias\/z7qf4n0kri\" poster=\"https:\/\/kinqsta.com\/wp-content\/uploads\/2026\/02\/vin-thomas-fixel-a.jpg\" autoplay play-button-variant=\"play\" dialog=\"true\"><div slot=\"trigger\" class=\"kinsta-video__trigger\"><img decoding=\"async\" src=\"https:\/\/kinqsta.com\/wp-content\/uploads\/2026\/02\/vin-thomas-fixel-a.jpg\" loading=\"lazy\" alt aria-hidden=\"true\" class=\"kinsta-video__trigger__poster\"><\/div><\/kinsta-video>\n\n\n\n<h3 class=\"wp-block-heading\" id=\"h-aprender-a-decir-no\">Aprender a decir no<\/h3>\n\n\n\n<p>Al principio, parec\u00eda necesario aceptar cualquier servicio nuevo, excepci\u00f3n o solicitud puntual. Con el tiempo, esas decisiones se acumularon y el coste se tradujo en complejidad, estr\u00e9s y p\u00e9rdida de enfoque.<\/p>\n<\/div>\n\n\n\n<div class=\"wp-block-kinsta-video-carousel-item\">\n<kinsta-video class=\"wp-block-kinsta-video\" src=\"https:\/\/kinsta.wistia.com\/medias\/5qxkubml1q\" poster=\"https:\/\/kinqsta.com\/wp-content\/uploads\/2026\/02\/jonny-martin-built-mighty-a.jpg\" autoplay play-button-variant=\"play\" dialog=\"true\"><div slot=\"trigger\" class=\"kinsta-video__trigger\"><img decoding=\"async\" src=\"https:\/\/kinqsta.com\/wp-content\/uploads\/2026\/02\/jonny-martin-built-mighty-a.jpg\" loading=\"lazy\" alt aria-hidden=\"true\" class=\"kinsta-video__trigger__poster\"><\/div><\/kinsta-video>\n\n\n\n<h3 class=\"wp-block-heading\" id=\"where-is-woocommerce\">\u00bfD\u00f3nde est\u00e1 Woo?<\/h3>\n\n\n\n<p>Para los especialistas en comercio electr\u00f3nico, era frustrante que WooCommerce pareciera ser el secreto mejor guardado de la comunidad de WordPress. Eso parece estar cambiando con la ayuda de la gente de Automatic.<\/p>\n<\/div>\n\n\n\n<div class=\"wp-block-kinsta-video-carousel-item\">\n<kinsta-video class=\"wp-block-kinsta-video\" src=\"https:\/\/kinsta.wistia.com\/medias\/lgr5i43c03\" poster=\"https:\/\/kinqsta.com\/wp-content\/uploads\/2026\/02\/tim-kelsey-pronto-b.jpg\" autoplay play-button-variant=\"play\" dialog=\"true\"><div slot=\"trigger\" class=\"kinsta-video__trigger\"><img decoding=\"async\" src=\"https:\/\/kinqsta.com\/wp-content\/uploads\/2026\/02\/tim-kelsey-pronto-b.jpg\" loading=\"lazy\" alt aria-hidden=\"true\" class=\"kinsta-video__trigger__poster\"><\/div><\/kinsta-video>\n\n\n\n<h3 class=\"wp-block-heading\" id=\"h-atreverse-a-subir-precios\"><strong>Atreverse a subir precios<\/strong><\/h3>\n\n\n\n<p>Los precios no se estancaron porque las agencias no supieran hacer c\u00e1lculos, sino porque tem\u00edan lo que podr\u00eda suceder si aumentaban los costes para los clientes. Pero quiz\u00e1 no hab\u00eda nada que temer salvo al miedo mismo.<\/p>\n<\/div>\n<\/div>\n<\/div>\n<\/div>\n\n\n\n<div class=\"wp-block-group has-bg-contained has-dark-background-color has-background is-layout-constrained wp-block-group-is-layout-constrained\" style=\"background-image:url(https:\/\/kinqsta.com\/wp-content\/uploads\/2026\/02\/CTA-background-v2-1-1.png);background-position:50% 100%\">\n<div class=\"wp-block-group aligncenter has-transparent-bg is-layout-constrained wp-block-group-is-layout-constrained\">\n<h2 class=\"wp-block-heading has-text-align-left\" id=\"h-explora-otros-temas\">Explora otros temas<\/h2>\n\n\n\n<div class=\"wp-block-kinsta-feature-boxes wp-block-kinsta-feature-boxes--3 linked-boxes--true\">\n<div class=\"wp-block-kinsta-feature-boxes-box wp-block-kinsta-feature-boxes__box\">\n<figure class=\"wp-block-image size-full is-style-rounded alignfull\"><img decoding=\"async\" src=\"https:\/\/kinqsta.com\/wp-content\/uploads\/2026\/02\/topics_1-1.png\" alt class=\"wp-image-206094\"><\/figure>\n\n\n\n<h3 class=\"wp-block-heading has-text-align-left\" id=\"h-la-ia-sin-exageraciones\">La IA, sin exageraciones<\/h3>\n\n\n\n<div class=\"wp-block-kinsta-buttons alignright\">\n<a class=\"wp-block-kinsta-button is-style-arrow-only\" href=\"https:\/\/kinqsta.com\/es\/claves-de-crecimiento-de-agencias\/ia-sin-exageraciones-wordpress\/\"><span class=\"wp-block-kinsta-button_text\"><\/span><\/a>\n<\/div>\n<\/div>\n\n\n\n<div class=\"wp-block-kinsta-feature-boxes-box wp-block-kinsta-feature-boxes__box\">\n<figure class=\"wp-block-image size-full alignfull\"><img decoding=\"async\" src=\"https:\/\/kinqsta.com\/wp-content\/uploads\/2026\/02\/predictions-background-mobile-1.png\" alt class=\"wp-image-206102\"><\/figure>\n\n\n\n<h3 class=\"wp-block-heading has-text-align-left\" id=\"h-predicciones-sorprendentes-para-el-ano-que-viene\">Predicciones sorprendentes para el a\u00f1o que viene<\/h3>\n\n\n\n<div class=\"wp-block-kinsta-buttons alignright\">\n<a class=\"wp-block-kinsta-button is-style-arrow-only\" href=\"https:\/\/kinqsta.com\/es\/claves-de-crecimiento-de-agencias\/agencias-wordpress-futuro\/\"><span class=\"wp-block-kinsta-button_text\"><\/span><\/a>\n<\/div>\n<\/div>\n\n\n\n<div class=\"wp-block-kinsta-feature-boxes-box wp-block-kinsta-feature-boxes__box\">\n<figure class=\"wp-block-image size-full alignfull\"><img decoding=\"async\" src=\"https:\/\/kinqsta.com\/wp-content\/uploads\/2026\/02\/topics_3-1.png\" alt class=\"wp-image-206096\"><\/figure>\n\n\n\n<h3 class=\"wp-block-heading has-text-align-left\" id=\"h-como-encontraron-su-nicho\">C\u00f3mo encontraron su nicho<\/h3>\n\n\n\n<div class=\"wp-block-kinsta-buttons alignright\">\n<a class=\"wp-block-kinsta-button is-style-arrow-only\" href=\"https:\/\/kinqsta.com\/es\/claves-de-crecimiento-de-agencias\/enfoque-retencion-y-crecimiento-sostenible\/\"><span class=\"wp-block-kinsta-button_text\"><\/span><\/a>\n<\/div>\n<\/div>\n<\/div>\n<\/div>\n<\/div>\n\n\n\n<div class=\"wp-block-group aligncenter has-offwhite-background-color has-background is-layout-constrained wp-container-core-group-is-layout-5 wp-block-group-is-layout-constrained\" style=\"padding-top:0;padding-right:0;padding-bottom:0;padding-left:0\">\n<div class=\"wp-block-kinsta-columns is-vertical-center\">\n<div class=\"wp-block-kinsta-column wp-block-kinsta-columns__column\">\n<span class=\"wp-block-kinsta-tag wp-block-kinsta-tag--small\">Programa para Socios de Agencia<\/span>\n\n\n\n<h2 class=\"wp-block-heading mt--10\" id=\"h-creado-para-agencias-como-la-tuya\">Creado para agencias<br>como la tuya<\/h2>\n\n\n\n<ul class=\"wp-block-list is-style-check-list\">\n<li>Co-marketing<\/li>\n\n\n\n<li>Recomendaciones de clientes<\/li>\n\n\n\n<li>Comisiones de afiliado de por vida<\/li>\n<\/ul>\n\n\n\n<div class=\"wp-block-kinsta-buttons\">\n<a class=\"wp-block-kinsta-button is-style-cta-arrow\" href=\"https:\/\/kinqsta.com\/es\/programa-socios-agencia\/\"><span class=\"wp-block-kinsta-button_text\">Explorar<\/span><\/a>\n<\/div>\n<\/div>\n\n\n\n<div class=\"wp-block-kinsta-column wp-block-kinsta-columns__column\">\n<figure class=\"wp-block-image size-full is-style-plain has-show-desktop-only\"><img decoding=\"async\" src=\"https:\/\/kinqsta.com\/wp-content\/uploads\/2025\/09\/app-hero.png\" alt=\"Imagen que muestra a una mujer hablando por tel\u00e9fono m\u00f3vil.\" class=\"wp-image-199183\"><\/figure>\n<\/div>\n<\/div>\n<\/div>\n","protected":false},"excerpt":{"rendered":"<p>Empieza a ver Explora otros temas<\/p>\n","protected":false},"author":312,"featured_media":82299,"parent":82209,"menu_order":0,"comment_status":"closed","ping_status":"closed","template":"templates\/page\/agency-secrets.php","meta":{"_kinsta_gated_content":false,"_kinsta_gated_content_redirect":"","footnotes":""},"class_list":["post-82213","page","type-page","status-publish","has-post-thumbnail","hentry"],"yoast_head":"<!-- This site is optimized with the Yoast SEO Premium plugin v24.6 (Yoast SEO v24.6) - https:\/\/yoast.com\/wordpress\/plugins\/seo\/ -->\n<title>Errores de las agencias: lo que har\u00edan de otra manera sus l\u00edderes<\/title>\n<meta name=\"description\" content=\"Lecciones de agencias sobre contrataci\u00f3n excesiva, clientes inadecuados y precios. Decisiones que los l\u00edderes reconsiderar\u00edan si empezaran de nuevo.\" \/>\n<meta name=\"robots\" content=\"index, follow, max-snippet:-1, max-image-preview:large, max-video-preview:-1\" \/>\n<link rel=\"canonical\" href=\"https:\/\/kinqsta.com\/es\/claves-de-crecimiento-de-agencias\/errores-de-las-agencias\/\" \/>\n<meta property=\"og:locale\" content=\"es_ES\" \/>\n<meta property=\"og:type\" content=\"article\" \/>\n<meta property=\"og:title\" content=\"Los errores que forjaron el \u00e9xito\" \/>\n<meta property=\"og:description\" content=\"Lecciones de agencias sobre contrataci\u00f3n excesiva, clientes inadecuados y precios. Decisiones que los l\u00edderes reconsiderar\u00edan si empezaran de nuevo.\" \/>\n<meta property=\"og:url\" content=\"https:\/\/kinqsta.com\/es\/claves-de-crecimiento-de-agencias\/errores-de-las-agencias\/\" \/>\n<meta property=\"og:site_name\" content=\"Kinsta\u00ae\" \/>\n<meta property=\"article:publisher\" content=\"https:\/\/www.facebook.com\/kinsta.es\/\" \/>\n<meta property=\"article:modified_time\" content=\"2026-03-16T14:24:29+00:00\" \/>\n<meta property=\"og:image\" content=\"https:\/\/kinqsta.com\/es\/wp-content\/uploads\/sites\/8\/2026\/02\/ES_featured-image-agency-growth-insights-mistakes-1024x536.png\" \/>\n\t<meta property=\"og:image:width\" content=\"1024\" \/>\n\t<meta property=\"og:image:height\" content=\"536\" \/>\n\t<meta property=\"og:image:type\" content=\"image\/png\" \/>\n<meta name=\"twitter:card\" content=\"summary_large_image\" \/>\n<meta name=\"twitter:description\" content=\"Lecciones de agencias sobre contrataci\u00f3n excesiva, clientes inadecuados y precios. Decisiones que los l\u00edderes reconsiderar\u00edan si empezaran de nuevo.\" \/>\n<meta name=\"twitter:image\" content=\"https:\/\/kinqsta.com\/es\/wp-content\/uploads\/sites\/8\/2026\/02\/ES_featured-image-agency-growth-insights-mistakes-1024x536.png\" \/>\n<meta name=\"twitter:site\" content=\"@Kinsta_ES\" \/>\n<meta name=\"twitter:label1\" content=\"Tiempo de lectura\" \/>\n\t<meta name=\"twitter:data1\" content=\"2 minutos\" \/>\n<script type=\"application\/ld+json\" class=\"yoast-schema-graph\">{\"@context\":\"https:\/\/schema.org\",\"@graph\":[{\"@type\":\"WebPage\",\"@id\":\"https:\/\/kinqsta.com\/es\/claves-de-crecimiento-de-agencias\/errores-de-las-agencias\/\",\"url\":\"https:\/\/kinqsta.com\/es\/claves-de-crecimiento-de-agencias\/errores-de-las-agencias\/\",\"name\":\"Errores de las agencias: lo que har\u00edan de otra manera sus l\u00edderes\",\"isPartOf\":{\"@id\":\"https:\/\/kinqsta.com\/es\/#website\"},\"primaryImageOfPage\":{\"@id\":\"https:\/\/kinqsta.com\/es\/claves-de-crecimiento-de-agencias\/errores-de-las-agencias\/#primaryimage\"},\"image\":{\"@id\":\"https:\/\/kinqsta.com\/es\/claves-de-crecimiento-de-agencias\/errores-de-las-agencias\/#primaryimage\"},\"thumbnailUrl\":\"https:\/\/kinqsta.com\/es\/wp-content\/uploads\/sites\/8\/2026\/02\/ES_featured-image-agency-growth-insights-mistakes.png\",\"datePublished\":\"2026-02-24T12:25:29+00:00\",\"dateModified\":\"2026-03-16T14:24:29+00:00\",\"description\":\"Lecciones de agencias sobre contrataci\u00f3n excesiva, clientes inadecuados y precios. Decisiones que los l\u00edderes reconsiderar\u00edan si empezaran de nuevo.\",\"breadcrumb\":{\"@id\":\"https:\/\/kinqsta.com\/es\/claves-de-crecimiento-de-agencias\/errores-de-las-agencias\/#breadcrumb\"},\"inLanguage\":\"es\",\"potentialAction\":[{\"@type\":\"ReadAction\",\"target\":[\"https:\/\/kinqsta.com\/es\/claves-de-crecimiento-de-agencias\/errores-de-las-agencias\/\"]}]},{\"@type\":\"ImageObject\",\"inLanguage\":\"es\",\"@id\":\"https:\/\/kinqsta.com\/es\/claves-de-crecimiento-de-agencias\/errores-de-las-agencias\/#primaryimage\",\"url\":\"https:\/\/kinqsta.com\/es\/wp-content\/uploads\/sites\/8\/2026\/02\/ES_featured-image-agency-growth-insights-mistakes.png\",\"contentUrl\":\"https:\/\/kinqsta.com\/es\/wp-content\/uploads\/sites\/8\/2026\/02\/ES_featured-image-agency-growth-insights-mistakes.png\",\"width\":3600,\"height\":1884},{\"@type\":\"BreadcrumbList\",\"@id\":\"https:\/\/kinqsta.com\/es\/claves-de-crecimiento-de-agencias\/errores-de-las-agencias\/#breadcrumb\",\"itemListElement\":[{\"@type\":\"ListItem\",\"position\":1,\"name\":\"Home\",\"item\":\"https:\/\/kinqsta.com\/es\/\"},{\"@type\":\"ListItem\",\"position\":2,\"name\":\"Lo descubrieron\",\"item\":\"https:\/\/kinqsta.com\/es\/claves-de-crecimiento-de-agencias\/\"},{\"@type\":\"ListItem\",\"position\":3,\"name\":\"Los errores que forjaron el \u00e9xito\"}]},{\"@type\":\"WebSite\",\"@id\":\"https:\/\/kinqsta.com\/es\/#website\",\"url\":\"https:\/\/kinqsta.com\/es\/\",\"name\":\"Kinsta\u00ae\",\"description\":\"Soluciones de alojamiento premium, r\u00e1pidas y seguras\",\"publisher\":{\"@id\":\"https:\/\/kinqsta.com\/es\/#organization\"},\"potentialAction\":[{\"@type\":\"SearchAction\",\"target\":{\"@type\":\"EntryPoint\",\"urlTemplate\":\"https:\/\/kinqsta.com\/es\/?s={search_term_string}\"},\"query-input\":{\"@type\":\"PropertyValueSpecification\",\"valueRequired\":true,\"valueName\":\"search_term_string\"}}],\"inLanguage\":\"es\"},{\"@type\":\"Organization\",\"@id\":\"https:\/\/kinqsta.com\/es\/#organization\",\"name\":\"Kinsta\",\"url\":\"https:\/\/kinqsta.com\/es\/\",\"logo\":{\"@type\":\"ImageObject\",\"inLanguage\":\"es\",\"@id\":\"https:\/\/kinqsta.com\/es\/#\/schema\/logo\/image\/\",\"url\":\"https:\/\/kinqsta.com\/es\/wp-content\/uploads\/sites\/8\/2023\/12\/kinsta-logo.jpeg\",\"contentUrl\":\"https:\/\/kinqsta.com\/es\/wp-content\/uploads\/sites\/8\/2023\/12\/kinsta-logo.jpeg\",\"width\":500,\"height\":500,\"caption\":\"Kinsta\"},\"image\":{\"@id\":\"https:\/\/kinqsta.com\/es\/#\/schema\/logo\/image\/\"},\"sameAs\":[\"https:\/\/www.facebook.com\/kinsta.es\/\",\"https:\/\/x.com\/Kinsta_ES\",\"https:\/\/www.instagram.com\/kinstahosting\/\",\"https:\/\/www.linkedin.com\/company\/kinsta\/\",\"https:\/\/www.pinterest.com\/kinstahosting\/\",\"https:\/\/www.youtube.com\/c\/Kinsta\"]}]}<\/script>\n<!-- \/ Yoast SEO Premium plugin. -->","yoast_head_json":{"title":"Errores de las agencias: lo que har\u00edan de otra manera sus l\u00edderes","description":"Lecciones de agencias sobre contrataci\u00f3n excesiva, clientes inadecuados y precios. Decisiones que los l\u00edderes reconsiderar\u00edan si empezaran de nuevo.","robots":{"index":"index","follow":"follow","max-snippet":"max-snippet:-1","max-image-preview":"max-image-preview:large","max-video-preview":"max-video-preview:-1"},"canonical":"https:\/\/kinqsta.com\/es\/claves-de-crecimiento-de-agencias\/errores-de-las-agencias\/","og_locale":"es_ES","og_type":"article","og_title":"Los errores que forjaron el \u00e9xito","og_description":"Lecciones de agencias sobre contrataci\u00f3n excesiva, clientes inadecuados y precios. Decisiones que los l\u00edderes reconsiderar\u00edan si empezaran de nuevo.","og_url":"https:\/\/kinqsta.com\/es\/claves-de-crecimiento-de-agencias\/errores-de-las-agencias\/","og_site_name":"Kinsta\u00ae","article_publisher":"https:\/\/www.facebook.com\/kinsta.es\/","article_modified_time":"2026-03-16T14:24:29+00:00","og_image":[{"width":1024,"height":536,"url":"https:\/\/kinqsta.com\/es\/wp-content\/uploads\/sites\/8\/2026\/02\/ES_featured-image-agency-growth-insights-mistakes-1024x536.png","type":"image\/png"}],"twitter_card":"summary_large_image","twitter_description":"Lecciones de agencias sobre contrataci\u00f3n excesiva, clientes inadecuados y precios. Decisiones que los l\u00edderes reconsiderar\u00edan si empezaran de nuevo.","twitter_image":"https:\/\/kinqsta.com\/es\/wp-content\/uploads\/sites\/8\/2026\/02\/ES_featured-image-agency-growth-insights-mistakes-1024x536.png","twitter_site":"@Kinsta_ES","twitter_misc":{"Tiempo de lectura":"2 minutos"},"schema":{"@context":"https:\/\/schema.org","@graph":[{"@type":"WebPage","@id":"https:\/\/kinqsta.com\/es\/claves-de-crecimiento-de-agencias\/errores-de-las-agencias\/","url":"https:\/\/kinqsta.com\/es\/claves-de-crecimiento-de-agencias\/errores-de-las-agencias\/","name":"Errores de las agencias: lo que har\u00edan de otra manera sus l\u00edderes","isPartOf":{"@id":"https:\/\/kinqsta.com\/es\/#website"},"primaryImageOfPage":{"@id":"https:\/\/kinqsta.com\/es\/claves-de-crecimiento-de-agencias\/errores-de-las-agencias\/#primaryimage"},"image":{"@id":"https:\/\/kinqsta.com\/es\/claves-de-crecimiento-de-agencias\/errores-de-las-agencias\/#primaryimage"},"thumbnailUrl":"https:\/\/kinqsta.com\/es\/wp-content\/uploads\/sites\/8\/2026\/02\/ES_featured-image-agency-growth-insights-mistakes.png","datePublished":"2026-02-24T12:25:29+00:00","dateModified":"2026-03-16T14:24:29+00:00","description":"Lecciones de agencias sobre contrataci\u00f3n excesiva, clientes inadecuados y precios. Decisiones que los l\u00edderes reconsiderar\u00edan si empezaran de nuevo.","breadcrumb":{"@id":"https:\/\/kinqsta.com\/es\/claves-de-crecimiento-de-agencias\/errores-de-las-agencias\/#breadcrumb"},"inLanguage":"es","potentialAction":[{"@type":"ReadAction","target":["https:\/\/kinqsta.com\/es\/claves-de-crecimiento-de-agencias\/errores-de-las-agencias\/"]}]},{"@type":"ImageObject","inLanguage":"es","@id":"https:\/\/kinqsta.com\/es\/claves-de-crecimiento-de-agencias\/errores-de-las-agencias\/#primaryimage","url":"https:\/\/kinqsta.com\/es\/wp-content\/uploads\/sites\/8\/2026\/02\/ES_featured-image-agency-growth-insights-mistakes.png","contentUrl":"https:\/\/kinqsta.com\/es\/wp-content\/uploads\/sites\/8\/2026\/02\/ES_featured-image-agency-growth-insights-mistakes.png","width":3600,"height":1884},{"@type":"BreadcrumbList","@id":"https:\/\/kinqsta.com\/es\/claves-de-crecimiento-de-agencias\/errores-de-las-agencias\/#breadcrumb","itemListElement":[{"@type":"ListItem","position":1,"name":"Home","item":"https:\/\/kinqsta.com\/es\/"},{"@type":"ListItem","position":2,"name":"Lo descubrieron","item":"https:\/\/kinqsta.com\/es\/claves-de-crecimiento-de-agencias\/"},{"@type":"ListItem","position":3,"name":"Los errores que forjaron el \u00e9xito"}]},{"@type":"WebSite","@id":"https:\/\/kinqsta.com\/es\/#website","url":"https:\/\/kinqsta.com\/es\/","name":"Kinsta\u00ae","description":"Soluciones de alojamiento premium, r\u00e1pidas y seguras","publisher":{"@id":"https:\/\/kinqsta.com\/es\/#organization"},"potentialAction":[{"@type":"SearchAction","target":{"@type":"EntryPoint","urlTemplate":"https:\/\/kinqsta.com\/es\/?s={search_term_string}"},"query-input":{"@type":"PropertyValueSpecification","valueRequired":true,"valueName":"search_term_string"}}],"inLanguage":"es"},{"@type":"Organization","@id":"https:\/\/kinqsta.com\/es\/#organization","name":"Kinsta","url":"https:\/\/kinqsta.com\/es\/","logo":{"@type":"ImageObject","inLanguage":"es","@id":"https:\/\/kinqsta.com\/es\/#\/schema\/logo\/image\/","url":"https:\/\/kinqsta.com\/es\/wp-content\/uploads\/sites\/8\/2023\/12\/kinsta-logo.jpeg","contentUrl":"https:\/\/kinqsta.com\/es\/wp-content\/uploads\/sites\/8\/2023\/12\/kinsta-logo.jpeg","width":500,"height":500,"caption":"Kinsta"},"image":{"@id":"https:\/\/kinqsta.com\/es\/#\/schema\/logo\/image\/"},"sameAs":["https:\/\/www.facebook.com\/kinsta.es\/","https:\/\/x.com\/Kinsta_ES","https:\/\/www.instagram.com\/kinstahosting\/","https:\/\/www.linkedin.com\/company\/kinsta\/","https:\/\/www.pinterest.com\/kinstahosting\/","https:\/\/www.youtube.com\/c\/Kinsta"]}]}},"acf":[],"_links":{"self":[{"href":"https:\/\/kinqsta.com\/es\/wp-json\/wp\/v2\/pages\/82213","targetHints":{"allow":["GET"]}}],"collection":[{"href":"https:\/\/kinqsta.com\/es\/wp-json\/wp\/v2\/pages"}],"about":[{"href":"https:\/\/kinqsta.com\/es\/wp-json\/wp\/v2\/types\/page"}],"author":[{"embeddable":true,"href":"https:\/\/kinqsta.com\/es\/wp-json\/wp\/v2\/users\/312"}],"replies":[{"embeddable":true,"href":"https:\/\/kinqsta.com\/es\/wp-json\/wp\/v2\/comments?post=82213"}],"version-history":[{"count":7,"href":"https:\/\/kinqsta.com\/es\/wp-json\/wp\/v2\/pages\/82213\/revisions"}],"predecessor-version":[{"id":82444,"href":"https:\/\/kinqsta.com\/es\/wp-json\/wp\/v2\/pages\/82213\/revisions\/82444"}],"up":[{"embeddable":true,"href":"https:\/\/kinqsta.com\/es\/wp-json\/wp\/v2\/pages\/82209"}],"alternate":[{"embeddable":true,"hreflang":"en","title":"English","href":"https:\/\/kinqsta.com\/es\/wp-json\/kinsta\/v1\/posts\/82213\/translations\/en"},{"embeddable":true,"hreflang":"it","title":"Italian","href":"https:\/\/kinqsta.com\/es\/wp-json\/kinsta\/v1\/posts\/82213\/translations\/it"},{"embeddable":true,"hreflang":"fr","title":"French","href":"https:\/\/kinqsta.com\/es\/wp-json\/kinsta\/v1\/posts\/82213\/translations\/fr"},{"embeddable":true,"hreflang":"ja","title":"Japanese","href":"https:\/\/kinqsta.com\/es\/wp-json\/kinsta\/v1\/posts\/82213\/translations\/jp"},{"embeddable":true,"hreflang":"es","title":"Spanish","href":"https:\/\/kinqsta.com\/es\/wp-json\/kinsta\/v1\/posts\/82213\/translations\/es"},{"href":"https:\/\/kinqsta.com\/es\/wp-json\/kinsta\/v1\/posts\/82213\/tree"}],"wp:featuredmedia":[{"embeddable":true,"href":"https:\/\/kinqsta.com\/es\/wp-json\/wp\/v2\/media\/82299"}],"wp:attachment":[{"href":"https:\/\/kinqsta.com\/es\/wp-json\/wp\/v2\/media?parent=82213"}],"curies":[{"name":"wp","href":"https:\/\/api.w.org\/{rel}","templated":true}]}}