{"id":74848,"date":"2024-05-06T15:37:07","date_gmt":"2024-05-06T13:37:07","guid":{"rendered":"https:\/\/kinqsta.com\/es\/?page_id=74848&#038;preview_id=74848"},"modified":"2026-01-30T13:41:27","modified_gmt":"2026-01-30T12:41:27","slug":"contactar-con-ventas","status":"publish","type":"page","link":"https:\/\/kinqsta.com\/es\/contactar-con-ventas\/","title":{"rendered":"Habla con ventas"},"content":{"rendered":"\n<div class=\"wp-block-kinsta-columns is-vertical-top\">\n<div class=\"wp-block-kinsta-column wp-block-kinsta-columns__column\">\n<h1 class=\"wp-block-heading\" id=\"h-habla-con-ventas\">Habla con ventas<\/h1>\n\n\n\n<p>Habla con uno de nuestros cualificados expertos en alojamiento, con m\u00e1s de 100 a\u00f1os de experiencia combinada en el sector. Inf\u00f3rmanos sobre tus necesidades de alojamiento y recibir\u00e1s una recomendaci\u00f3n adaptada a ellas.<\/p>\n\n\n\n<p><strong>Aprender m\u00e1s acerca de:<\/strong><\/p>\n\n\n\n<ul class=\"wp-block-list\">\n<li>Proceso de migraci\u00f3n de Kinsta<\/li>\n\n\n\n<li>Administraci\u00f3n de sitios WordPress y otros servicios de alojamiento<\/li>\n\n\n\n<li>Equipo de colaboraci\u00f3n en MyKinsta<\/li>\n\n\n\n<li>Seguimiento y anal\u00edticas<\/li>\n\n\n\n<li>Kinsta&#8217;s 24\/7\/365 expert support<\/li>\n\n\n\n<li>Funciones (APM, copias de seguridad, CDN, cach\u00e9, staging y muchas m\u00e1s)<\/li>\n\n\n\n<li>Nuestro proceso de aumento y reducci\u00f3n sin fisuras<\/li>\n<\/ul>\n\n\n\n<aside class=\"wp-block-kinsta-sales-team\">\n    <ul class=\"sales-team-list\">\n        <li><img loading=\"lazy\" decoding=\"async\" src=\"https:\/\/kinqsta.com\/es\/wp-content\/themes\/kinsta\/images\/sales-team\/avatar1.png\" alt=\"Bence Farkas\" width=\"50\" height=\"50\" \/><\/li>\n        <li><img loading=\"lazy\" decoding=\"async\" src=\"https:\/\/kinqsta.com\/es\/wp-content\/themes\/kinsta\/images\/sales-team\/avatar2.png\" alt=\"Ella Mabrito\" width=\"50\" height=\"50\" \/><\/li>\n        <li><img loading=\"lazy\" decoding=\"async\" src=\"https:\/\/kinqsta.com\/es\/wp-content\/themes\/kinsta\/images\/sales-team\/avatar3.png\" alt=\"Christophe Asselin de Beauville\" width=\"50\" height=\"50\" \/><\/li>\n        <li><img loading=\"lazy\" decoding=\"async\" src=\"https:\/\/kinqsta.com\/es\/wp-content\/themes\/kinsta\/images\/sales-team\/avatar4.png\" alt=\"Megan Hall\" width=\"50\" height=\"50\" \/><\/li>\n    <\/ul>\n            <p>Nuestros expertos en ventas est\u00e1n preparados para responder a todas tus preguntas.<\/p>\n    <\/aside>\n\n\n<\/div>\n\n\n\n<div class=\"wp-block-kinsta-column wp-block-kinsta-columns__column show-sm-up\">\n<figure class=\"wp-block-image size-full\"><img decoding=\"async\" width=\"2040\" height=\"2040\" loading=\"eager\" fetchpriority=\"high\" src=\"https:\/\/kinqsta.com\/es\/wp-content\/uploads\/sites\/8\/2026\/01\/ES_asset_talk-to-sales.png\" alt=\"Presentaci\u00f3n comercial con el personal de Kinsta\" class=\"wp-image-81854\" srcset=\"https:\/\/kinqsta.com\/es\/wp-content\/uploads\/sites\/8\/2026\/01\/ES_asset_talk-to-sales.png 2040w, https:\/\/kinqsta.com\/es\/wp-content\/uploads\/sites\/8\/2026\/01\/ES_asset_talk-to-sales-300x300.png 300w, https:\/\/kinqsta.com\/es\/wp-content\/uploads\/sites\/8\/2026\/01\/ES_asset_talk-to-sales-1024x1024.png 1024w, https:\/\/kinqsta.com\/es\/wp-content\/uploads\/sites\/8\/2026\/01\/ES_asset_talk-to-sales-150x150.png 150w, https:\/\/kinqsta.com\/es\/wp-content\/uploads\/sites\/8\/2026\/01\/ES_asset_talk-to-sales-768x768.png 768w, https:\/\/kinqsta.com\/es\/wp-content\/uploads\/sites\/8\/2026\/01\/ES_asset_talk-to-sales-1536x1536.png 1536w\" sizes=\"(max-width: 2040px) 100vw, 2040px\" \/><\/figure>\n<\/div>\n<\/div>\n\n\n\n<div style=\"height:50px\" aria-hidden=\"true\" class=\"wp-block-spacer\"><\/div>\n\n\n\n<div class=\"wp-block-kinsta-columns is-vertical-top\">\n<div class=\"wp-block-kinsta-column wp-block-kinsta-columns__column\">\n<div class=\"wp-block-kinsta-tabs is-style-pricing\"><div class=\"wp-block-kinsta-tabs__nav\"><ul><li><a id=\"book-a-call-tab\" href=\"#book-a-call\" class=\"wp-block-kinsta-tabs__tab\"><img decoding=\"async\" alt loading=\"lazy\" class=\"wp-block-kinsta-tabs__tab__icon\" src=\"\/wp-content\/themes\/kinsta\/images\/duos\/small\/star.svg\" aria-hidden=\"true\" width=\"40\" height=\"40\"><span class=\"wp-block-kinsta-tabs__tab__title tab__title_long\">Agenda una llamada<\/span><\/a><\/li><li><a id=\"message-us-tab\" href=\"#message-us\" class=\"wp-block-kinsta-tabs__tab\"><img decoding=\"async\" alt loading=\"lazy\" class=\"wp-block-kinsta-tabs__tab__icon\" src=\"\/wp-content\/themes\/kinsta\/images\/duos\/small\/star.svg\" aria-hidden=\"true\" width=\"40\" height=\"40\"><span class=\"wp-block-kinsta-tabs__tab__title tab__title_long\">Env\u00edanos un mensaje<\/span><\/a><\/li><\/ul><\/div><div class=\"wp-block-kinsta-tabs__container\">\n<div class=\"wp-block-kinsta-tabs-tab wp-block-kinsta-tabs__content\" id=\"book-a-call\">\n<h3 class=\"wp-block-heading\" id=\"h-\"><\/h3>\n\n\n\n<div data-interface=\"Appointment\"><\/div>\n<\/div>\n\n\n\n<div class=\"wp-block-kinsta-tabs-tab wp-block-kinsta-tabs__content\" id=\"message-us\">\n<h3 class=\"wp-block-heading\" id=\"h-\"><\/h3>\n\n\n\n<div data-interface=\"Message\"><\/div>\n<\/div>\n<\/div><\/div>\n<\/div>\n\n\n\n<div class=\"wp-block-kinsta-column wp-block-kinsta-columns__column\">\n<h2 class=\"wp-block-heading\" id=\"h-faq\">FAQ:<\/h2>\n\n\n\n<div class=\"wp-block-kinsta-accordion\">\n<details class=\"wp-block-kinsta-accordion-item wp-block-kinsta-accordion__item\"><summary class=\"wp-block-kinsta-accordion__title\">\u00bfMe presionar\u00e1n para que me registre?<\/summary>\n<p>\u00a1No! Nuestro equipo est\u00e1 aqu\u00ed para aconsejarte, no para presionarte para que aceptes una soluci\u00f3n. No se requiere ning\u00fan compromiso.<\/p>\n<\/details>\n\n\n\n<details class=\"wp-block-kinsta-accordion-item wp-block-kinsta-accordion__item\"><summary class=\"wp-block-kinsta-accordion__title\">\u00bfTengo que ser t\u00e9cnico para participar en la llamada?<\/summary>\n<p>No tienes por qu\u00e9 preocuparte. Estaremos encantados de hablar tanto del aspecto empresarial como de los aspectos t\u00e9cnicos. Ind\u00edcanos tus preferencias y nos prepararemos para ello.<\/p>\n<\/details>\n\n\n\n<details class=\"wp-block-kinsta-accordion-item wp-block-kinsta-accordion__item\"><summary class=\"wp-block-kinsta-accordion__title\">\u00bfDebo tener mi sitio listo para la migraci\u00f3n ahora mismo?<\/summary>\n<p>No. Estaremos encantados de ayudar con las migraciones de alta prioridad, por supuesto, pero tambi\u00e9n estaremos encantados de intercambiar ideas juntos sobre futuros proyectos.<\/p>\n<\/details>\n\n\n\n<details class=\"wp-block-kinsta-accordion-item wp-block-kinsta-accordion__item\"><summary class=\"wp-block-kinsta-accordion__title\">\u00bfTambi\u00e9n pod\u00e9is ayudar con proyectos que no sean de WordPress?<\/summary>\n<p>\u00bfUtilizas alg\u00fan otro framework adem\u00e1s de WordPress o no utilizas WordPress en absoluto? Tambi\u00e9n estaremos encantados de ayudarte. D\u00ednoslo en tu mensaje y nos aseguraremos de ponerte en contacto con los expertos adecuados.<\/p>\n<\/details>\n\n\n\n<details class=\"wp-block-kinsta-accordion-item wp-block-kinsta-accordion__item\"><summary class=\"wp-block-kinsta-accordion__title\">\u00bfSer\u00e1 un argumento de venta estandarizado?<\/summary>\n<p>Puedes programar el horario seg\u00fan tus preferencias. Si quieres escuchar nuestro \u00abdiscurso\u00bb, estaremos encantados de hacerlo. Si s\u00f3lo quieres intercambiar ideas sobre un proyecto, no dudes en hacerlo. Tienes un mont\u00f3n de preguntas que necesitas responder, estamos a tu disposici\u00f3n.<\/p>\n<\/details>\n\n\n\n<details class=\"wp-block-kinsta-accordion-item wp-block-kinsta-accordion__item\"><summary class=\"wp-block-kinsta-accordion__title\">\u00bfPuedo obtener un presupuesto inmediatamente despu\u00e9s de la llamada?<\/summary>\n<p>Estaremos encantados de compartir contigo nuestras recomendaciones y un presupuesto personalizado. Por favor, prepara y comparte las m\u00e9tricas de tu sitio durante la llamada para que podamos hacerte la oferta m\u00e1s precisa y adaptada a ti.<\/p>\n<\/details>\n<\/div>\n<\/div>\n<\/div>\n\n\n\n<div style=\"height:50px\" aria-hidden=\"true\" class=\"wp-block-spacer\"><\/div>\n\n\n\n<p class=\"has-text-align-center\">M\u00e1s de 230.000 empresas y marcas de todo el mundo conf\u00edan en nosotros<\/p>\n\n\n<div class=\"wp-block-kinsta-template-part--client-logos wp-block-kinsta-template-part--client-logos--scrolling alignwide alignwide wp-block-kinsta-template-part\" ><div class=\"logos is-scrolling\" style=\"\n    --logos-count: 6;\n    --logos-individual-max-width: 200px;\n    --logos-height: 50px;\n    --logos-width-total: 836.14467408585;\n;\">\n    <div class=\"logos__inner\">\n                    <img decoding=\"async\"  src=\"https:\/\/kinqsta.com\/es\/wp-content\/themes\/kinsta\/images\/components\/client-logos\/nasa.svg?v=2026-02-23\" width=\"62\" height=\"51\" alt=\"Logotipo de la empresa NASA\" loading=\"lazy\" class=\"logos__logo logos__logo--has-shades\" \/>\n                    <img decoding=\"async\"  src=\"https:\/\/kinqsta.com\/es\/wp-content\/themes\/kinsta\/images\/components\/client-logos\/tripadvisor.svg?v=2026-02-23\" width=\"275\" height=\"50\" alt=\"Logotipo de la empresa TripAdvisor\" loading=\"lazy\" class=\"logos__logo\" \/>\n                    <img decoding=\"async\"  src=\"https:\/\/kinqsta.com\/es\/wp-content\/themes\/kinsta\/images\/components\/client-logos\/hootsuite.svg?v=2026-02-23\" width=\"225\" height=\"74\" alt=\"Logotipo de la empresa Hootsuite\" loading=\"lazy\" class=\"logos__logo\" \/>\n                    <img decoding=\"async\"  src=\"https:\/\/kinqsta.com\/es\/wp-content\/themes\/kinsta\/images\/components\/client-logos\/calm.svg?v=2026-02-23\" width=\"50\" height=\"50\" alt=\"Logotipo de la empresa Calm\" loading=\"lazy\" class=\"logos__logo logos__logo--has-shades\" \/>\n                    <img decoding=\"async\"  src=\"https:\/\/kinqsta.com\/es\/wp-content\/themes\/kinsta\/images\/components\/client-logos\/saona.png?v=2026-02-23\" width=\"520\" height=\"150\" alt=\"Logotipo de la empresa Saona\" loading=\"lazy\" class=\"logos__logo\" \/>\n                    <img decoding=\"async\"  src=\"https:\/\/kinqsta.com\/es\/wp-content\/themes\/kinsta\/images\/components\/client-logos\/mercado-pago.svg?v=2026-02-23\" width=\"600\" height=\"125\" alt=\"Logotipo de la empresa Mercado Pago\" loading=\"lazy\" class=\"logos__logo logos__logo--has-shades\" \/>\n            <\/div>\n<\/div>\n<\/div>\n\n\n<p><\/p>\n","protected":false},"excerpt":{"rendered":"<p>M\u00e1s de empresas y marcas de todo el mundo conf\u00edan en nosotros<\/p>\n","protected":false},"author":187,"featured_media":0,"parent":0,"menu_order":0,"comment_status":"closed","ping_status":"closed","template":"templates\/template-full-width.php","meta":{"_kinsta_gated_content":false,"_kinsta_gated_content_redirect":"","footnotes":""},"class_list":["post-74848","page","type-page","status-publish","hentry"],"yoast_head":"<!-- This site is optimized with the Yoast SEO Premium plugin v24.6 (Yoast SEO v24.6) - https:\/\/yoast.com\/wordpress\/plugins\/seo\/ -->\n<title>Hablar con Ventas - Kinsta\u00ae<\/title>\n<meta name=\"description\" content=\"Asesoramiento experto en alojamiento de WordPress adaptado a ti. Benef\u00edciate de m\u00e1s de 100 a\u00f1os de experiencia, soporte 24\/7 y migraci\u00f3n sin problemas.\" \/>\n<meta name=\"robots\" content=\"index, follow, max-snippet:-1, max-image-preview:large, max-video-preview:-1\" \/>\n<link rel=\"canonical\" href=\"https:\/\/kinqsta.com\/es\/contactar-con-ventas\/\" \/>\n<meta property=\"og:locale\" content=\"es_ES\" \/>\n<meta property=\"og:type\" content=\"article\" \/>\n<meta property=\"og:title\" content=\"Habla con ventas\" \/>\n<meta property=\"og:description\" content=\"Asesoramiento experto en alojamiento de WordPress adaptado a ti. Benef\u00edciate de m\u00e1s de 100 a\u00f1os de experiencia, soporte 24\/7 y migraci\u00f3n sin problemas.\" \/>\n<meta property=\"og:url\" content=\"https:\/\/kinqsta.com\/es\/contactar-con-ventas\/\" \/>\n<meta property=\"og:site_name\" content=\"Kinsta\u00ae\" \/>\n<meta property=\"article:publisher\" content=\"https:\/\/www.facebook.com\/kinsta.es\/\" \/>\n<meta property=\"article:modified_time\" content=\"2026-01-30T12:41:27+00:00\" \/>\n<meta property=\"og:image\" content=\"https:\/\/kinqsta.com\/es\/wp-content\/uploads\/sites\/8\/2026\/01\/ES_asset_talk-to-sales.png\" \/>\n<meta name=\"twitter:card\" content=\"summary_large_image\" \/>\n<meta name=\"twitter:description\" content=\"Asesoramiento experto en alojamiento de WordPress adaptado a ti. Benef\u00edciate de m\u00e1s de 100 a\u00f1os de experiencia, soporte 24\/7 y migraci\u00f3n sin problemas.\" \/>\n<meta name=\"twitter:image\" content=\"https:\/\/kinqsta.com\/es\/wp-content\/uploads\/sites\/8\/2023\/12\/kinsta-homepage-es.png\" \/>\n<meta name=\"twitter:site\" content=\"@Kinsta_ES\" \/>\n<meta name=\"twitter:label1\" content=\"Tiempo de lectura\" \/>\n\t<meta name=\"twitter:data1\" content=\"2 minutos\" \/>\n<script type=\"application\/ld+json\" class=\"yoast-schema-graph\">{\"@context\":\"https:\/\/schema.org\",\"@graph\":[{\"@type\":\"WebPage\",\"@id\":\"https:\/\/kinqsta.com\/es\/contactar-con-ventas\/\",\"url\":\"https:\/\/kinqsta.com\/es\/contactar-con-ventas\/\",\"name\":\"Hablar con Ventas - Kinsta\u00ae\",\"isPartOf\":{\"@id\":\"https:\/\/kinqsta.com\/es\/#website\"},\"primaryImageOfPage\":{\"@id\":\"https:\/\/kinqsta.com\/es\/contactar-con-ventas\/#primaryimage\"},\"image\":{\"@id\":\"https:\/\/kinqsta.com\/es\/contactar-con-ventas\/#primaryimage\"},\"thumbnailUrl\":\"https:\/\/kinqsta.com\/es\/wp-content\/uploads\/sites\/8\/2026\/01\/ES_asset_talk-to-sales.png\",\"datePublished\":\"2024-05-06T13:37:07+00:00\",\"dateModified\":\"2026-01-30T12:41:27+00:00\",\"description\":\"Asesoramiento experto en alojamiento de WordPress adaptado a ti. Benef\u00edciate de m\u00e1s de 100 a\u00f1os de experiencia, soporte 24\/7 y migraci\u00f3n sin problemas.\",\"breadcrumb\":{\"@id\":\"https:\/\/kinqsta.com\/es\/contactar-con-ventas\/#breadcrumb\"},\"inLanguage\":\"es\",\"potentialAction\":[{\"@type\":\"ReadAction\",\"target\":[\"https:\/\/kinqsta.com\/es\/contactar-con-ventas\/\"]}]},{\"@type\":\"ImageObject\",\"inLanguage\":\"es\",\"@id\":\"https:\/\/kinqsta.com\/es\/contactar-con-ventas\/#primaryimage\",\"url\":\"https:\/\/kinqsta.com\/es\/wp-content\/uploads\/sites\/8\/2026\/01\/ES_asset_talk-to-sales.png\",\"contentUrl\":\"https:\/\/kinqsta.com\/es\/wp-content\/uploads\/sites\/8\/2026\/01\/ES_asset_talk-to-sales.png\",\"width\":2040,\"height\":2040},{\"@type\":\"BreadcrumbList\",\"@id\":\"https:\/\/kinqsta.com\/es\/contactar-con-ventas\/#breadcrumb\",\"itemListElement\":[{\"@type\":\"ListItem\",\"position\":1,\"name\":\"Home\",\"item\":\"https:\/\/kinqsta.com\/es\/\"},{\"@type\":\"ListItem\",\"position\":2,\"name\":\"Habla con ventas\"}]},{\"@type\":\"WebSite\",\"@id\":\"https:\/\/kinqsta.com\/es\/#website\",\"url\":\"https:\/\/kinqsta.com\/es\/\",\"name\":\"Kinsta\u00ae\",\"description\":\"Soluciones de alojamiento premium, r\u00e1pidas y seguras\",\"publisher\":{\"@id\":\"https:\/\/kinqsta.com\/es\/#organization\"},\"potentialAction\":[{\"@type\":\"SearchAction\",\"target\":{\"@type\":\"EntryPoint\",\"urlTemplate\":\"https:\/\/kinqsta.com\/es\/?s={search_term_string}\"},\"query-input\":{\"@type\":\"PropertyValueSpecification\",\"valueRequired\":true,\"valueName\":\"search_term_string\"}}],\"inLanguage\":\"es\"},{\"@type\":\"Organization\",\"@id\":\"https:\/\/kinqsta.com\/es\/#organization\",\"name\":\"Kinsta\",\"url\":\"https:\/\/kinqsta.com\/es\/\",\"logo\":{\"@type\":\"ImageObject\",\"inLanguage\":\"es\",\"@id\":\"https:\/\/kinqsta.com\/es\/#\/schema\/logo\/image\/\",\"url\":\"https:\/\/kinqsta.com\/es\/wp-content\/uploads\/sites\/8\/2023\/12\/kinsta-logo.jpeg\",\"contentUrl\":\"https:\/\/kinqsta.com\/es\/wp-content\/uploads\/sites\/8\/2023\/12\/kinsta-logo.jpeg\",\"width\":500,\"height\":500,\"caption\":\"Kinsta\"},\"image\":{\"@id\":\"https:\/\/kinqsta.com\/es\/#\/schema\/logo\/image\/\"},\"sameAs\":[\"https:\/\/www.facebook.com\/kinsta.es\/\",\"https:\/\/x.com\/Kinsta_ES\",\"https:\/\/www.instagram.com\/kinstahosting\/\",\"https:\/\/www.linkedin.com\/company\/kinsta\/\",\"https:\/\/www.pinterest.com\/kinstahosting\/\",\"https:\/\/www.youtube.com\/c\/Kinsta\"]}]}<\/script>\n<!-- \/ Yoast SEO Premium plugin. -->","yoast_head_json":{"title":"Hablar con Ventas - Kinsta\u00ae","description":"Asesoramiento experto en alojamiento de WordPress adaptado a ti. Benef\u00edciate de m\u00e1s de 100 a\u00f1os de experiencia, soporte 24\/7 y migraci\u00f3n sin problemas.","robots":{"index":"index","follow":"follow","max-snippet":"max-snippet:-1","max-image-preview":"max-image-preview:large","max-video-preview":"max-video-preview:-1"},"canonical":"https:\/\/kinqsta.com\/es\/contactar-con-ventas\/","og_locale":"es_ES","og_type":"article","og_title":"Habla con ventas","og_description":"Asesoramiento experto en alojamiento de WordPress adaptado a ti. Benef\u00edciate de m\u00e1s de 100 a\u00f1os de experiencia, soporte 24\/7 y migraci\u00f3n sin problemas.","og_url":"https:\/\/kinqsta.com\/es\/contactar-con-ventas\/","og_site_name":"Kinsta\u00ae","article_publisher":"https:\/\/www.facebook.com\/kinsta.es\/","article_modified_time":"2026-01-30T12:41:27+00:00","og_image":[{"url":"https:\/\/kinqsta.com\/es\/wp-content\/uploads\/sites\/8\/2026\/01\/ES_asset_talk-to-sales.png","type":"","width":"","height":""}],"twitter_card":"summary_large_image","twitter_description":"Asesoramiento experto en alojamiento de WordPress adaptado a ti. Benef\u00edciate de m\u00e1s de 100 a\u00f1os de experiencia, soporte 24\/7 y migraci\u00f3n sin problemas.","twitter_image":"https:\/\/kinqsta.com\/es\/wp-content\/uploads\/sites\/8\/2023\/12\/kinsta-homepage-es.png","twitter_site":"@Kinsta_ES","twitter_misc":{"Tiempo de lectura":"2 minutos"},"schema":{"@context":"https:\/\/schema.org","@graph":[{"@type":"WebPage","@id":"https:\/\/kinqsta.com\/es\/contactar-con-ventas\/","url":"https:\/\/kinqsta.com\/es\/contactar-con-ventas\/","name":"Hablar con Ventas - Kinsta\u00ae","isPartOf":{"@id":"https:\/\/kinqsta.com\/es\/#website"},"primaryImageOfPage":{"@id":"https:\/\/kinqsta.com\/es\/contactar-con-ventas\/#primaryimage"},"image":{"@id":"https:\/\/kinqsta.com\/es\/contactar-con-ventas\/#primaryimage"},"thumbnailUrl":"https:\/\/kinqsta.com\/es\/wp-content\/uploads\/sites\/8\/2026\/01\/ES_asset_talk-to-sales.png","datePublished":"2024-05-06T13:37:07+00:00","dateModified":"2026-01-30T12:41:27+00:00","description":"Asesoramiento experto en alojamiento de WordPress adaptado a ti. Benef\u00edciate de m\u00e1s de 100 a\u00f1os de experiencia, soporte 24\/7 y migraci\u00f3n sin problemas.","breadcrumb":{"@id":"https:\/\/kinqsta.com\/es\/contactar-con-ventas\/#breadcrumb"},"inLanguage":"es","potentialAction":[{"@type":"ReadAction","target":["https:\/\/kinqsta.com\/es\/contactar-con-ventas\/"]}]},{"@type":"ImageObject","inLanguage":"es","@id":"https:\/\/kinqsta.com\/es\/contactar-con-ventas\/#primaryimage","url":"https:\/\/kinqsta.com\/es\/wp-content\/uploads\/sites\/8\/2026\/01\/ES_asset_talk-to-sales.png","contentUrl":"https:\/\/kinqsta.com\/es\/wp-content\/uploads\/sites\/8\/2026\/01\/ES_asset_talk-to-sales.png","width":2040,"height":2040},{"@type":"BreadcrumbList","@id":"https:\/\/kinqsta.com\/es\/contactar-con-ventas\/#breadcrumb","itemListElement":[{"@type":"ListItem","position":1,"name":"Home","item":"https:\/\/kinqsta.com\/es\/"},{"@type":"ListItem","position":2,"name":"Habla con ventas"}]},{"@type":"WebSite","@id":"https:\/\/kinqsta.com\/es\/#website","url":"https:\/\/kinqsta.com\/es\/","name":"Kinsta\u00ae","description":"Soluciones de alojamiento premium, r\u00e1pidas y seguras","publisher":{"@id":"https:\/\/kinqsta.com\/es\/#organization"},"potentialAction":[{"@type":"SearchAction","target":{"@type":"EntryPoint","urlTemplate":"https:\/\/kinqsta.com\/es\/?s={search_term_string}"},"query-input":{"@type":"PropertyValueSpecification","valueRequired":true,"valueName":"search_term_string"}}],"inLanguage":"es"},{"@type":"Organization","@id":"https:\/\/kinqsta.com\/es\/#organization","name":"Kinsta","url":"https:\/\/kinqsta.com\/es\/","logo":{"@type":"ImageObject","inLanguage":"es","@id":"https:\/\/kinqsta.com\/es\/#\/schema\/logo\/image\/","url":"https:\/\/kinqsta.com\/es\/wp-content\/uploads\/sites\/8\/2023\/12\/kinsta-logo.jpeg","contentUrl":"https:\/\/kinqsta.com\/es\/wp-content\/uploads\/sites\/8\/2023\/12\/kinsta-logo.jpeg","width":500,"height":500,"caption":"Kinsta"},"image":{"@id":"https:\/\/kinqsta.com\/es\/#\/schema\/logo\/image\/"},"sameAs":["https:\/\/www.facebook.com\/kinsta.es\/","https:\/\/x.com\/Kinsta_ES","https:\/\/www.instagram.com\/kinstahosting\/","https:\/\/www.linkedin.com\/company\/kinsta\/","https:\/\/www.pinterest.com\/kinstahosting\/","https:\/\/www.youtube.com\/c\/Kinsta"]}]}},"acf":[],"_links":{"self":[{"href":"https:\/\/kinqsta.com\/es\/wp-json\/wp\/v2\/pages\/74848","targetHints":{"allow":["GET"]}}],"collection":[{"href":"https:\/\/kinqsta.com\/es\/wp-json\/wp\/v2\/pages"}],"about":[{"href":"https:\/\/kinqsta.com\/es\/wp-json\/wp\/v2\/types\/page"}],"author":[{"embeddable":true,"href":"https:\/\/kinqsta.com\/es\/wp-json\/wp\/v2\/users\/187"}],"replies":[{"embeddable":true,"href":"https:\/\/kinqsta.com\/es\/wp-json\/wp\/v2\/comments?post=74848"}],"version-history":[{"count":3,"href":"https:\/\/kinqsta.com\/es\/wp-json\/wp\/v2\/pages\/74848\/revisions"}],"predecessor-version":[{"id":81855,"href":"https:\/\/kinqsta.com\/es\/wp-json\/wp\/v2\/pages\/74848\/revisions\/81855"}],"alternate":[{"embeddable":true,"hreflang":"en","title":"English","href":"https:\/\/kinqsta.com\/es\/wp-json\/kinsta\/v1\/posts\/74848\/translations\/en"},{"embeddable":true,"hreflang":"it","title":"Italian","href":"https:\/\/kinqsta.com\/es\/wp-json\/kinsta\/v1\/posts\/74848\/translations\/it"},{"embeddable":true,"hreflang":"pt","title":"Portuguese","href":"https:\/\/kinqsta.com\/es\/wp-json\/kinsta\/v1\/posts\/74848\/translations\/pt"},{"embeddable":true,"hreflang":"fr","title":"French","href":"https:\/\/kinqsta.com\/es\/wp-json\/kinsta\/v1\/posts\/74848\/translations\/fr"},{"embeddable":true,"hreflang":"de","title":"German","href":"https:\/\/kinqsta.com\/es\/wp-json\/kinsta\/v1\/posts\/74848\/translations\/de"},{"embeddable":true,"hreflang":"ja","title":"Japanese","href":"https:\/\/kinqsta.com\/es\/wp-json\/kinsta\/v1\/posts\/74848\/translations\/jp"},{"embeddable":true,"hreflang":"nl","title":"Dutch","href":"https:\/\/kinqsta.com\/es\/wp-json\/kinsta\/v1\/posts\/74848\/translations\/nl"},{"embeddable":true,"hreflang":"es","title":"Spanish","href":"https:\/\/kinqsta.com\/es\/wp-json\/kinsta\/v1\/posts\/74848\/translations\/es"},{"embeddable":true,"hreflang":"sv","title":"Swedish","href":"https:\/\/kinqsta.com\/es\/wp-json\/kinsta\/v1\/posts\/74848\/translations\/se"},{"embeddable":true,"hreflang":"da","title":"Danish","href":"https:\/\/kinqsta.com\/es\/wp-json\/kinsta\/v1\/posts\/74848\/translations\/dk"},{"href":"https:\/\/kinqsta.com\/es\/wp-json\/kinsta\/v1\/posts\/74848\/tree"}],"wp:attachment":[{"href":"https:\/\/kinqsta.com\/es\/wp-json\/wp\/v2\/media?parent=74848"}],"curies":[{"name":"wp","href":"https:\/\/api.w.org\/{rel}","templated":true}]}}