{"id":25960,"date":"2018-05-28T08:00:05","date_gmt":"2018-05-28T15:00:05","guid":{"rendered":"https:\/\/kinqsta.com\/?page_id=25960"},"modified":"2019-11-07T03:02:15","modified_gmt":"2019-11-07T02:02:15","slug":"wordpress-nyhedsbrev","status":"publish","type":"page","link":"https:\/\/kinqsta.com\/dk\/wordpress-nyhedsbrev\/","title":{"rendered":"Nyhedsbrev"},"content":{"rendered":"","protected":false},"excerpt":{"rendered":"","protected":false},"author":18,"featured_media":0,"parent":0,"menu_order":0,"comment_status":"closed","ping_status":"closed","template":"templates\/builtin\/newsletter.php","meta":{"_kinsta_gated_content":false,"_kinsta_gated_content_redirect":"","footnotes":""},"class_list":["post-25960","page","type-page","status-publish","hentry"],"yoast_head":"<!-- This site is optimized with the Yoast SEO Premium plugin v24.6 (Yoast SEO v24.6) - https:\/\/yoast.com\/wordpress\/plugins\/seo\/ -->\n<title>Kinsta WordPress Nyhedsbrev - For\u00f8g din trafik og indtjening<\/title>\n<meta name=\"description\" content=\"Bliv medlem af 20.000+ andre, der f\u00e5r vores GRATIS nyhedsbrev med WordPress-tips og strategier, vi selv bruger, til hvordan du k\u00f8rer mere trafik og indt\u00e6gter til din virksomhed!\" \/>\n<meta name=\"robots\" content=\"index, follow, max-snippet:-1, max-image-preview:large, max-video-preview:-1\" \/>\n<link rel=\"canonical\" href=\"https:\/\/kinqsta.com\/dk\/wordpress-nyhedsbrev\/\" \/>\n<meta property=\"og:locale\" content=\"da_DK\" \/>\n<meta property=\"og:type\" content=\"article\" \/>\n<meta property=\"og:title\" content=\"Nyhedsbrev\" \/>\n<meta property=\"og:description\" content=\"Bliv medlem af 20.000+ andre, der f\u00e5r vores GRATIS nyhedsbrev med WordPress-tips og strategier, vi selv bruger, til hvordan du k\u00f8rer mere trafik og indt\u00e6gter til din virksomhed!\" \/>\n<meta property=\"og:url\" content=\"https:\/\/kinqsta.com\/dk\/wordpress-nyhedsbrev\/\" \/>\n<meta property=\"og:site_name\" content=\"Kinsta\u00ae\" \/>\n<meta property=\"article:publisher\" content=\"https:\/\/www.facebook.com\/Kinsta-Danmark-122855885298660\/\" \/>\n<meta property=\"article:modified_time\" content=\"2019-11-07T02:02:15+00:00\" \/>\n<meta property=\"og:image\" content=\"https:\/\/kinqsta.com\/dk\/wp-content\/uploads\/sites\/12\/2023\/12\/kinsta-homepage-dk.png\" \/>\n\t<meta property=\"og:image:width\" content=\"1200\" \/>\n\t<meta property=\"og:image:height\" content=\"628\" \/>\n\t<meta property=\"og:image:type\" content=\"image\/png\" \/>\n<meta name=\"twitter:card\" content=\"summary_large_image\" \/>\n<meta name=\"twitter:description\" content=\"Bliv medlem af 20.000+ andre, der f\u00e5r vores GRATIS nyhedsbrev med WordPress-tips og strategier, vi selv bruger, til hvordan du k\u00f8rer mere trafik og indt\u00e6gter til din virksomhed!\" \/>\n<meta name=\"twitter:image\" content=\"https:\/\/kinqsta.com\/dk\/wp-content\/uploads\/sites\/12\/2023\/12\/kinsta-homepage-dk.png\" \/>\n<meta name=\"twitter:site\" content=\"@kinsta_dk\" \/>\n<script type=\"application\/ld+json\" class=\"yoast-schema-graph\">{\"@context\":\"https:\/\/schema.org\",\"@graph\":[{\"@type\":\"WebPage\",\"@id\":\"https:\/\/kinqsta.com\/dk\/wordpress-nyhedsbrev\/\",\"url\":\"https:\/\/kinqsta.com\/dk\/wordpress-nyhedsbrev\/\",\"name\":\"Kinsta WordPress Nyhedsbrev - For\u00f8g din trafik og indtjening\",\"isPartOf\":{\"@id\":\"https:\/\/kinqsta.com\/dk\/#website\"},\"datePublished\":\"2018-05-28T15:00:05+00:00\",\"dateModified\":\"2019-11-07T02:02:15+00:00\",\"description\":\"Bliv medlem af 20.000+ andre, der f\u00e5r vores GRATIS nyhedsbrev med WordPress-tips og strategier, vi selv bruger, til hvordan du k\u00f8rer mere trafik og indt\u00e6gter til din virksomhed!\",\"breadcrumb\":{\"@id\":\"https:\/\/kinqsta.com\/dk\/wordpress-nyhedsbrev\/#breadcrumb\"},\"inLanguage\":\"da-DK\",\"potentialAction\":[{\"@type\":\"ReadAction\",\"target\":[\"https:\/\/kinqsta.com\/dk\/wordpress-nyhedsbrev\/\"]}]},{\"@type\":\"BreadcrumbList\",\"@id\":\"https:\/\/kinqsta.com\/dk\/wordpress-nyhedsbrev\/#breadcrumb\",\"itemListElement\":[{\"@type\":\"ListItem\",\"position\":1,\"name\":\"Home\",\"item\":\"https:\/\/kinqsta.com\/dk\/\"},{\"@type\":\"ListItem\",\"position\":2,\"name\":\"Nyhedsbrev\"}]},{\"@type\":\"WebSite\",\"@id\":\"https:\/\/kinqsta.com\/dk\/#website\",\"url\":\"https:\/\/kinqsta.com\/dk\/\",\"name\":\"Kinsta\u00ae\",\"description\":\"Hurtig, sikker, premium hostingl\u00f8sninger\",\"publisher\":{\"@id\":\"https:\/\/kinqsta.com\/dk\/#organization\"},\"potentialAction\":[{\"@type\":\"SearchAction\",\"target\":{\"@type\":\"EntryPoint\",\"urlTemplate\":\"https:\/\/kinqsta.com\/dk\/?s={search_term_string}\"},\"query-input\":{\"@type\":\"PropertyValueSpecification\",\"valueRequired\":true,\"valueName\":\"search_term_string\"}}],\"inLanguage\":\"da-DK\"},{\"@type\":\"Organization\",\"@id\":\"https:\/\/kinqsta.com\/dk\/#organization\",\"name\":\"Kinsta\",\"url\":\"https:\/\/kinqsta.com\/dk\/\",\"logo\":{\"@type\":\"ImageObject\",\"inLanguage\":\"da-DK\",\"@id\":\"https:\/\/kinqsta.com\/dk\/#\/schema\/logo\/image\/\",\"url\":\"https:\/\/kinqsta.com\/dk\/wp-content\/uploads\/sites\/12\/2023\/12\/kinsta-logo.jpeg\",\"contentUrl\":\"https:\/\/kinqsta.com\/dk\/wp-content\/uploads\/sites\/12\/2023\/12\/kinsta-logo.jpeg\",\"width\":500,\"height\":500,\"caption\":\"Kinsta\"},\"image\":{\"@id\":\"https:\/\/kinqsta.com\/dk\/#\/schema\/logo\/image\/\"},\"sameAs\":[\"https:\/\/www.facebook.com\/Kinsta-Danmark-122855885298660\/\",\"https:\/\/x.com\/kinsta_dk\",\"https:\/\/www.instagram.com\/kinstahosting\/\",\"https:\/\/www.linkedin.com\/company\/kinsta\/\",\"https:\/\/www.pinterest.com\/kinstahosting\/\",\"https:\/\/www.youtube.com\/c\/Kinsta\"]}]}<\/script>\n<!-- \/ Yoast SEO Premium plugin. -->","yoast_head_json":{"title":"Kinsta WordPress Nyhedsbrev - For\u00f8g din trafik og indtjening","description":"Bliv medlem af 20.000+ andre, der f\u00e5r vores GRATIS nyhedsbrev med WordPress-tips og strategier, vi selv bruger, til hvordan du k\u00f8rer mere trafik og indt\u00e6gter til din virksomhed!","robots":{"index":"index","follow":"follow","max-snippet":"max-snippet:-1","max-image-preview":"max-image-preview:large","max-video-preview":"max-video-preview:-1"},"canonical":"https:\/\/kinqsta.com\/dk\/wordpress-nyhedsbrev\/","og_locale":"da_DK","og_type":"article","og_title":"Nyhedsbrev","og_description":"Bliv medlem af 20.000+ andre, der f\u00e5r vores GRATIS nyhedsbrev med WordPress-tips og strategier, vi selv bruger, til hvordan du k\u00f8rer mere trafik og indt\u00e6gter til din virksomhed!","og_url":"https:\/\/kinqsta.com\/dk\/wordpress-nyhedsbrev\/","og_site_name":"Kinsta\u00ae","article_publisher":"https:\/\/www.facebook.com\/Kinsta-Danmark-122855885298660\/","article_modified_time":"2019-11-07T02:02:15+00:00","og_image":[{"width":1200,"height":628,"url":"https:\/\/kinqsta.com\/dk\/wp-content\/uploads\/sites\/12\/2023\/12\/kinsta-homepage-dk.png","type":"image\/png"}],"twitter_card":"summary_large_image","twitter_description":"Bliv medlem af 20.000+ andre, der f\u00e5r vores GRATIS nyhedsbrev med WordPress-tips og strategier, vi selv bruger, til hvordan du k\u00f8rer mere trafik og indt\u00e6gter til din virksomhed!","twitter_image":"https:\/\/kinqsta.com\/dk\/wp-content\/uploads\/sites\/12\/2023\/12\/kinsta-homepage-dk.png","twitter_site":"@kinsta_dk","schema":{"@context":"https:\/\/schema.org","@graph":[{"@type":"WebPage","@id":"https:\/\/kinqsta.com\/dk\/wordpress-nyhedsbrev\/","url":"https:\/\/kinqsta.com\/dk\/wordpress-nyhedsbrev\/","name":"Kinsta WordPress Nyhedsbrev - For\u00f8g din trafik og indtjening","isPartOf":{"@id":"https:\/\/kinqsta.com\/dk\/#website"},"datePublished":"2018-05-28T15:00:05+00:00","dateModified":"2019-11-07T02:02:15+00:00","description":"Bliv medlem af 20.000+ andre, der f\u00e5r vores GRATIS nyhedsbrev med WordPress-tips og strategier, vi selv bruger, til hvordan du k\u00f8rer mere trafik og indt\u00e6gter til din virksomhed!","breadcrumb":{"@id":"https:\/\/kinqsta.com\/dk\/wordpress-nyhedsbrev\/#breadcrumb"},"inLanguage":"da-DK","potentialAction":[{"@type":"ReadAction","target":["https:\/\/kinqsta.com\/dk\/wordpress-nyhedsbrev\/"]}]},{"@type":"BreadcrumbList","@id":"https:\/\/kinqsta.com\/dk\/wordpress-nyhedsbrev\/#breadcrumb","itemListElement":[{"@type":"ListItem","position":1,"name":"Home","item":"https:\/\/kinqsta.com\/dk\/"},{"@type":"ListItem","position":2,"name":"Nyhedsbrev"}]},{"@type":"WebSite","@id":"https:\/\/kinqsta.com\/dk\/#website","url":"https:\/\/kinqsta.com\/dk\/","name":"Kinsta\u00ae","description":"Hurtig, sikker, premium hostingl\u00f8sninger","publisher":{"@id":"https:\/\/kinqsta.com\/dk\/#organization"},"potentialAction":[{"@type":"SearchAction","target":{"@type":"EntryPoint","urlTemplate":"https:\/\/kinqsta.com\/dk\/?s={search_term_string}"},"query-input":{"@type":"PropertyValueSpecification","valueRequired":true,"valueName":"search_term_string"}}],"inLanguage":"da-DK"},{"@type":"Organization","@id":"https:\/\/kinqsta.com\/dk\/#organization","name":"Kinsta","url":"https:\/\/kinqsta.com\/dk\/","logo":{"@type":"ImageObject","inLanguage":"da-DK","@id":"https:\/\/kinqsta.com\/dk\/#\/schema\/logo\/image\/","url":"https:\/\/kinqsta.com\/dk\/wp-content\/uploads\/sites\/12\/2023\/12\/kinsta-logo.jpeg","contentUrl":"https:\/\/kinqsta.com\/dk\/wp-content\/uploads\/sites\/12\/2023\/12\/kinsta-logo.jpeg","width":500,"height":500,"caption":"Kinsta"},"image":{"@id":"https:\/\/kinqsta.com\/dk\/#\/schema\/logo\/image\/"},"sameAs":["https:\/\/www.facebook.com\/Kinsta-Danmark-122855885298660\/","https:\/\/x.com\/kinsta_dk","https:\/\/www.instagram.com\/kinstahosting\/","https:\/\/www.linkedin.com\/company\/kinsta\/","https:\/\/www.pinterest.com\/kinstahosting\/","https:\/\/www.youtube.com\/c\/Kinsta"]}]}},"acf":[],"_links":{"self":[{"href":"https:\/\/kinqsta.com\/dk\/wp-json\/wp\/v2\/pages\/25960","targetHints":{"allow":["GET"]}}],"collection":[{"href":"https:\/\/kinqsta.com\/dk\/wp-json\/wp\/v2\/pages"}],"about":[{"href":"https:\/\/kinqsta.com\/dk\/wp-json\/wp\/v2\/types\/page"}],"author":[{"embeddable":true,"href":"https:\/\/kinqsta.com\/dk\/wp-json\/wp\/v2\/users\/18"}],"replies":[{"embeddable":true,"href":"https:\/\/kinqsta.com\/dk\/wp-json\/wp\/v2\/comments?post=25960"}],"version-history":[{"count":2,"href":"https:\/\/kinqsta.com\/dk\/wp-json\/wp\/v2\/pages\/25960\/revisions"}],"predecessor-version":[{"id":29188,"href":"https:\/\/kinqsta.com\/dk\/wp-json\/wp\/v2\/pages\/25960\/revisions\/29188"}],"alternate":[{"embeddable":true,"hreflang":"es","title":"Spanish","href":"https:\/\/kinqsta.com\/dk\/wp-json\/kinsta\/v1\/posts\/25960\/translations\/es"},{"embeddable":true,"hreflang":"en","title":"English","href":"https:\/\/kinqsta.com\/dk\/wp-json\/kinsta\/v1\/posts\/25960\/translations\/en"},{"embeddable":true,"hreflang":"fr","title":"French","href":"https:\/\/kinqsta.com\/dk\/wp-json\/kinsta\/v1\/posts\/25960\/translations\/fr"},{"embeddable":true,"hreflang":"it","title":"Italian","href":"https:\/\/kinqsta.com\/dk\/wp-json\/kinsta\/v1\/posts\/25960\/translations\/it"},{"embeddable":true,"hreflang":"de","title":"German","href":"https:\/\/kinqsta.com\/dk\/wp-json\/kinsta\/v1\/posts\/25960\/translations\/de"},{"embeddable":true,"hreflang":"pt","title":"Portuguese","href":"https:\/\/kinqsta.com\/dk\/wp-json\/kinsta\/v1\/posts\/25960\/translations\/pt"},{"embeddable":true,"hreflang":"nl","title":"Dutch","href":"https:\/\/kinqsta.com\/dk\/wp-json\/kinsta\/v1\/posts\/25960\/translations\/nl"},{"embeddable":true,"hreflang":"sv","title":"Swedish","href":"https:\/\/kinqsta.com\/dk\/wp-json\/kinsta\/v1\/posts\/25960\/translations\/se"},{"embeddable":true,"hreflang":"ja","title":"Japanese","href":"https:\/\/kinqsta.com\/dk\/wp-json\/kinsta\/v1\/posts\/25960\/translations\/jp"},{"embeddable":true,"hreflang":"da","title":"Danish","href":"https:\/\/kinqsta.com\/dk\/wp-json\/kinsta\/v1\/posts\/25960\/translations\/dk"},{"href":"https:\/\/kinqsta.com\/dk\/wp-json\/kinsta\/v1\/posts\/25960\/tree"}],"wp:attachment":[{"href":"https:\/\/kinqsta.com\/dk\/wp-json\/wp\/v2\/media?parent=25960"}],"curies":[{"name":"wp","href":"https:\/\/api.w.org\/{rel}","templated":true}]}}