{"id":63707,"date":"2023-07-13T08:47:02","date_gmt":"2023-07-13T07:47:02","guid":{"rendered":"https:\/\/kinqsta.com\/de\/?page_id=63707&#038;preview_id=63707"},"modified":"2025-11-24T12:42:04","modified_gmt":"2025-11-24T11:42:04","slug":"unterauftragnehmer","status":"publish","type":"page","link":"https:\/\/kinqsta.com\/de\/legal\/unterauftragnehmer\/","title":{"rendered":"Kinsta Inc. Unterauftragnehmer-Liste"},"content":{"rendered":"<aside role=\"note\" class=\"wp-block-kinsta-notice is-style-plain\">\n        <p>Dies ist eine \u00dcbersetzung der englischen Originalfassung unserer Rechtsdokumente. Obwohl wir alle m\u00f6glichen Vorsichtsma\u00dfnahmen getroffen haben, eine genaue \u00dcbersetzung anzufertigen, ist die englische Fassung ma\u00dfgebend, wenn es zwischen den zwei Versionen Abweichungen bestehen. Der original Rechtstexte kann <a href=\"https:\/\/kinqsta.com\/legal\/subprocessors\/\" data-no-translate>hier<\/a> gefunden werden.<\/p>\n<\/aside>\n\n\n\n\n<p>Aktualisiert am: 25. September, 2025<\/p>\n\n\n\n<figure class=\"wp-block-table is-style-regular\"><table><thead><tr><th class=\"has-text-align-center\" data-align=\"center\"><strong>Name<\/strong><\/th><th><strong>Beschreibung der Verwendung in Bezug auf Kundenantr\u00e4ge<\/strong><\/th><th class=\"has-text-align-center\" data-align=\"center\"><strong>Ort der Verarbeitung<\/strong><\/th><\/tr><\/thead><tbody><tr><td class=\"has-text-align-center\" data-align=\"center\">Cloudflare, Inc.<\/td><td>Sicherheit und Leistung<\/td><td class=\"has-text-align-center\" data-align=\"center\">Regional &#8211; Kinsta nutzt die Cloudflare Data Localization Suite. Die Rechenzentren befinden sich auf der ganzen Welt. <br><br>Weitere Informationen findest du in <a href=\"https:\/\/www.cloudflare.com\/en-gb\/gdpr\/introduction\/\" target=\"_blank\" rel=\"noreferrer noopener\">Cloudflare&#8217;s Verpflichtung zur Einhaltung der GDPR<\/a> und in ihrem Artikel \u00fcber <a href=\"https:\/\/www.cloudflare.com\/data-localization\/\" target=\"_blank\" rel=\"noreferrer noopener\">Datenlokalisierung<\/a>.<\/td><\/tr><tr><td class=\"has-text-align-center\" data-align=\"center\">Google LLC \/ Google Ireland Limited<\/td><td>Hosting und Sicherheit<\/td><td class=\"has-text-align-center\" data-align=\"center\">Wahl des Kunden &#8211; Kunden w\u00e4hlen das Rechenzentrum, in dem ihre Kundenanwendungen gehostet werden. Die Rechenzentren befinden sich auf der ganzen Welt.<br><br><em>Hinweis<\/em>: Der Analyse-Cluster von Kinsta, der IP-Adressen und andere Zugriffsprotokolldaten von Kundenanwendungen verarbeitet, wird in den Vereinigten Staaten gehostet.<br><br>Weitere Informationen findest du unter <a href=\"https:\/\/cloud.google.com\/privacy\/gdpr\" target=\"_blank\" rel=\"noreferrer noopener\">https:\/\/cloud.google.com\/privacy\/gdpr.<\/a><\/td><\/tr><tr><td class=\"has-text-align-center\" data-align=\"center\">Oracle America, Inc.<\/td><td>Hosting und Sicherheit<\/td><td class=\"has-text-align-center\" data-align=\"center\">Wahl des Kunden &#8211; Kunden w\u00e4hlen das Rechenzentrum aus, in dem ihre Kundenanwendungen gehostet werden sollen. Die Rechenzentren befinden sich auf der ganzen Welt.<br><br><em>Hinweis<\/em>: Der Analyse-Cluster von Kinsta, der IP-Adressen und andere Zugriffsprotokolldaten von Kundenanwendungen verarbeitet, wird in den Vereinigten Staaten gehostet.<br><br>Weitere Informationen findest du unter <a href=\"https:\/\/www.oracle.com\/security\/gdpr\/\">https:\/\/www.oracle.com\/security\/gdpr\/<\/a>.<\/td><\/tr><tr><td class=\"has-text-align-center\" data-align=\"center\">Amazon Web Services, Inc.<\/td><td>DNS-Dienste (Route 53)<\/td><td class=\"has-text-align-center\" data-align=\"center\">Vereinigte Staaten<br><br>Weitere Informationen findest du unter <a href=\"https:\/\/aws.amazon.com\/compliance\/data-privacy\/\" target=\"_blank\" rel=\"noreferrer noopener\">https:\/\/aws.amazon.com\/compliance\/data-privacy\/<\/a>.<\/td><\/tr><tr><td class=\"has-text-align-center\" data-align=\"center\">Clickhouse, Inc.<\/td><td>Analytics und Protokollspeicherung<\/td><td class=\"has-text-align-center\" data-align=\"center\">Vereinigte Staaten<br><br>Weitere Informationen findest du unter <a href=\"https:\/\/trust.clickhouse.com\/\" target=\"_blank\" rel=\"noreferrer noopener\">https:\/\/trust.clickhouse.com\/<\/a>.<\/td><\/tr><tr><td class=\"has-text-align-center\" data-align=\"center\">Intercom, Inc.<\/td><td>Kundensupport und Kommunikation<\/td><td class=\"has-text-align-center\" data-align=\"center\">Vereinigte Staaten<br><br>Weitere Informationen findest du unter <a href=\"https:\/\/www.intercom.com\/legal\/security-policy\" target=\"_blank\" rel=\"noreferrer noopener\">https:\/\/www.intercom.com\/legal\/security-policy<\/a>.<\/td><\/tr><tr><td class=\"has-text-align-center\" data-align=\"center\">Hubspot, Inc.<\/td><td>Kundenbetreuung und Kommunikation<\/td><td class=\"has-text-align-center\" data-align=\"center\">Vereinigte Staaten<br><br>Weitere Informationen findest du unter <a href=\"https:\/\/knowledge.hubspot.com\/account-security\/hubspot-cloud-infrastructure-and-data-hosting-frequently-asked-questions\" target=\"_blank\" rel=\"noreferrer noopener\">https:\/\/knowledge.hubspot.com\/account-security\/hubspot-cloud-infrastructure-and-data-hosting-frequently-asked-questions<\/a>.<\/td><\/tr><tr><td class=\"has-text-align-center\" data-align=\"center\">Mailchannels Corporation<\/td><td>\u00dcbermittlung von Transaktions-E-Mails<\/td><td class=\"has-text-align-center\" data-align=\"center\">Kanada, Vereinigte Staaten<br><br>Weitere Informationen finden Sie unter <a href=\"https:\/\/www.mailchannels.com\/gdpr\/\" target=\"_blank\" rel=\"noreferrer noopener\">https:\/\/www.mailchannels.com\/gdpr\/<\/a>.<\/td><\/tr><tr><td class=\"has-text-align-center\" data-align=\"center\">Inactiv.com Media Solutions Private Limited und BlogVault Inc. d\/b\/a Migrate Guru<\/td><td>Migrationen<\/td><td class=\"has-text-align-center\" data-align=\"center\">Europ\u00e4ische Union<br><br>Weitere Informationen findest du unter <a href=\"https:\/\/migrateguru.com\/gdpr\/\" target=\"_blank\" rel=\"noreferrer noopener\">https:\/\/migrateguru.com\/gdpr\/<\/a>.<\/td><\/tr><\/tbody><\/table><\/figure>\n\n\n\n<h2 class=\"wp-block-heading\" id=\"h-fruhere-versionen\">Fr\u00fchere Versionen<\/h2>\n\n\n\n<div class=\"wp-block-kinsta-buttons\">\n<a class=\"wp-block-kinsta-button\" href=\"https:\/\/kinqsta.com\/wp-content\/uploads\/2025\/11\/Subprocessor-List-July-7-2023-WEBSITE-ARCHIVE.pdf\" target=\"_blank\" rel=\"noreferrer noopener\" download><span class=\"wp-block-kinsta-button_text\">7. Juli 2023<\/span><\/a>\n<\/div>\n","protected":false},"excerpt":{"rendered":"<p>Aktualisiert am: 25. September, 2025 Name Beschreibung der Verwendung in Bezug auf Kundenantr\u00e4ge Ort der Verarbeitung Cloudflare, Inc. Sicherheit und Leistung Regional &#8211; Kinsta nutzt die &#8230;<\/p>\n","protected":false},"author":115,"featured_media":0,"parent":4579,"menu_order":0,"comment_status":"closed","ping_status":"closed","template":"templates\/template-article.php","meta":{"_kinsta_gated_content":false,"_kinsta_gated_content_redirect":"","footnotes":""},"class_list":["post-63707","page","type-page","status-publish","hentry"],"yoast_head":"<!-- This site is optimized with the Yoast SEO Premium plugin v24.6 (Yoast SEO v24.6) - https:\/\/yoast.com\/wordpress\/plugins\/seo\/ -->\n<title>Kinsta Inc. Unterauftragnehmer-Liste - Kinsta\u00ae<\/title>\n<meta name=\"description\" content=\"Auf unserer Seite \u00fcber Unterauftragsverarbeiter erfahren Sie, wie Kinsta mit ihnen zusammenarbeitet, um unsere Leistungen zu unterst\u00fctzen. Sehen Sie sich ihre Aufgaben, ihren Standort und die Daten an, die sie verarbeiten.\" \/>\n<meta name=\"robots\" content=\"index, follow, max-snippet:-1, max-image-preview:large, max-video-preview:-1\" \/>\n<link rel=\"canonical\" href=\"https:\/\/kinqsta.com\/de\/legal\/unterauftragnehmer\/\" \/>\n<meta property=\"og:locale\" content=\"de_DE\" \/>\n<meta property=\"og:type\" content=\"article\" \/>\n<meta property=\"og:title\" content=\"Kinsta Inc. Unterauftragnehmer-Liste\" \/>\n<meta property=\"og:description\" content=\"Auf unserer Seite \u00fcber Unterauftragsverarbeiter erfahren Sie, wie Kinsta mit ihnen zusammenarbeitet, um unsere Leistungen zu unterst\u00fctzen. Sehen Sie sich ihre Aufgaben, ihren Standort und die Daten an, die sie verarbeiten.\" \/>\n<meta property=\"og:url\" content=\"https:\/\/kinqsta.com\/de\/legal\/unterauftragnehmer\/\" \/>\n<meta property=\"og:site_name\" content=\"Kinsta\u00ae\" \/>\n<meta property=\"article:publisher\" content=\"https:\/\/www.facebook.com\/Kinsta-Deutschland-207459890108303\/\" \/>\n<meta property=\"article:modified_time\" content=\"2025-11-24T11:42:04+00:00\" \/>\n<meta property=\"og:image\" content=\"https:\/\/kinqsta.com\/de\/wp-content\/uploads\/sites\/5\/2023\/12\/kinsta-homepage-de.png\" \/>\n\t<meta property=\"og:image:width\" content=\"1200\" \/>\n\t<meta property=\"og:image:height\" content=\"628\" \/>\n\t<meta property=\"og:image:type\" content=\"image\/png\" \/>\n<meta name=\"twitter:card\" content=\"summary_large_image\" \/>\n<meta name=\"twitter:description\" content=\"Auf unserer Seite \u00fcber Unterauftragsverarbeiter erfahren Sie, wie Kinsta mit ihnen zusammenarbeitet, um unsere Leistungen zu unterst\u00fctzen. Sehen Sie sich ihre Aufgaben, ihren Standort und die Daten an, die sie verarbeiten.\" \/>\n<meta name=\"twitter:image\" content=\"https:\/\/kinqsta.com\/de\/wp-content\/uploads\/sites\/5\/2023\/12\/kinsta-homepage-de.png\" \/>\n<meta name=\"twitter:site\" content=\"@Kinsta_DE\" \/>\n<meta name=\"twitter:label1\" content=\"Gesch\u00e4tzte Lesezeit\" \/>\n\t<meta name=\"twitter:data1\" content=\"1\u00a0Minute\" \/>\n<script type=\"application\/ld+json\" class=\"yoast-schema-graph\">{\"@context\":\"https:\/\/schema.org\",\"@graph\":[{\"@type\":\"WebPage\",\"@id\":\"https:\/\/kinqsta.com\/de\/legal\/unterauftragnehmer\/\",\"url\":\"https:\/\/kinqsta.com\/de\/legal\/unterauftragnehmer\/\",\"name\":\"Kinsta Inc. Unterauftragnehmer-Liste - Kinsta\u00ae\",\"isPartOf\":{\"@id\":\"https:\/\/kinqsta.com\/de\/#website\"},\"datePublished\":\"2023-07-13T07:47:02+00:00\",\"dateModified\":\"2025-11-24T11:42:04+00:00\",\"description\":\"Auf unserer Seite \u00fcber Unterauftragsverarbeiter erfahren Sie, wie Kinsta mit ihnen zusammenarbeitet, um unsere Leistungen zu unterst\u00fctzen. Sehen Sie sich ihre Aufgaben, ihren Standort und die Daten an, die sie verarbeiten.\",\"breadcrumb\":{\"@id\":\"https:\/\/kinqsta.com\/de\/legal\/unterauftragnehmer\/#breadcrumb\"},\"inLanguage\":\"de\",\"potentialAction\":[{\"@type\":\"ReadAction\",\"target\":[\"https:\/\/kinqsta.com\/de\/legal\/unterauftragnehmer\/\"]}]},{\"@type\":\"BreadcrumbList\",\"@id\":\"https:\/\/kinqsta.com\/de\/legal\/unterauftragnehmer\/#breadcrumb\",\"itemListElement\":[{\"@type\":\"ListItem\",\"position\":1,\"name\":\"Home\",\"item\":\"https:\/\/kinqsta.com\/de\/\"},{\"@type\":\"ListItem\",\"position\":2,\"name\":\"Rechtliche Informationen\",\"item\":\"https:\/\/kinqsta.com\/de\/legal\/\"},{\"@type\":\"ListItem\",\"position\":3,\"name\":\"Kinsta Inc. Unterauftragnehmer-Liste\"}]},{\"@type\":\"WebSite\",\"@id\":\"https:\/\/kinqsta.com\/de\/#website\",\"url\":\"https:\/\/kinqsta.com\/de\/\",\"name\":\"Kinsta\u00ae\",\"description\":\"Schnelle, sichere und hochwertige Hosting-L\u00f6sungen\",\"publisher\":{\"@id\":\"https:\/\/kinqsta.com\/de\/#organization\"},\"potentialAction\":[{\"@type\":\"SearchAction\",\"target\":{\"@type\":\"EntryPoint\",\"urlTemplate\":\"https:\/\/kinqsta.com\/de\/?s={search_term_string}\"},\"query-input\":{\"@type\":\"PropertyValueSpecification\",\"valueRequired\":true,\"valueName\":\"search_term_string\"}}],\"inLanguage\":\"de\"},{\"@type\":\"Organization\",\"@id\":\"https:\/\/kinqsta.com\/de\/#organization\",\"name\":\"Kinsta\",\"url\":\"https:\/\/kinqsta.com\/de\/\",\"logo\":{\"@type\":\"ImageObject\",\"inLanguage\":\"de\",\"@id\":\"https:\/\/kinqsta.com\/de\/#\/schema\/logo\/image\/\",\"url\":\"https:\/\/kinqsta.com\/de\/wp-content\/uploads\/sites\/5\/2023\/12\/kinsta-logo.jpeg\",\"contentUrl\":\"https:\/\/kinqsta.com\/de\/wp-content\/uploads\/sites\/5\/2023\/12\/kinsta-logo.jpeg\",\"width\":500,\"height\":500,\"caption\":\"Kinsta\"},\"image\":{\"@id\":\"https:\/\/kinqsta.com\/de\/#\/schema\/logo\/image\/\"},\"sameAs\":[\"https:\/\/www.facebook.com\/Kinsta-Deutschland-207459890108303\/\",\"https:\/\/x.com\/Kinsta_DE\",\"https:\/\/www.instagram.com\/kinstahosting\/\",\"https:\/\/www.linkedin.com\/company\/kinsta\/\",\"https:\/\/www.pinterest.com\/kinstahosting\/\",\"https:\/\/www.youtube.com\/c\/Kinsta\"]}]}<\/script>\n<!-- \/ Yoast SEO Premium plugin. -->","yoast_head_json":{"title":"Kinsta Inc. Unterauftragnehmer-Liste - Kinsta\u00ae","description":"Auf unserer Seite \u00fcber Unterauftragsverarbeiter erfahren Sie, wie Kinsta mit ihnen zusammenarbeitet, um unsere Leistungen zu unterst\u00fctzen. Sehen Sie sich ihre Aufgaben, ihren Standort und die Daten an, die sie verarbeiten.","robots":{"index":"index","follow":"follow","max-snippet":"max-snippet:-1","max-image-preview":"max-image-preview:large","max-video-preview":"max-video-preview:-1"},"canonical":"https:\/\/kinqsta.com\/de\/legal\/unterauftragnehmer\/","og_locale":"de_DE","og_type":"article","og_title":"Kinsta Inc. Unterauftragnehmer-Liste","og_description":"Auf unserer Seite \u00fcber Unterauftragsverarbeiter erfahren Sie, wie Kinsta mit ihnen zusammenarbeitet, um unsere Leistungen zu unterst\u00fctzen. Sehen Sie sich ihre Aufgaben, ihren Standort und die Daten an, die sie verarbeiten.","og_url":"https:\/\/kinqsta.com\/de\/legal\/unterauftragnehmer\/","og_site_name":"Kinsta\u00ae","article_publisher":"https:\/\/www.facebook.com\/Kinsta-Deutschland-207459890108303\/","article_modified_time":"2025-11-24T11:42:04+00:00","og_image":[{"width":1200,"height":628,"url":"https:\/\/kinqsta.com\/de\/wp-content\/uploads\/sites\/5\/2023\/12\/kinsta-homepage-de.png","type":"image\/png"}],"twitter_card":"summary_large_image","twitter_description":"Auf unserer Seite \u00fcber Unterauftragsverarbeiter erfahren Sie, wie Kinsta mit ihnen zusammenarbeitet, um unsere Leistungen zu unterst\u00fctzen. Sehen Sie sich ihre Aufgaben, ihren Standort und die Daten an, die sie verarbeiten.","twitter_image":"https:\/\/kinqsta.com\/de\/wp-content\/uploads\/sites\/5\/2023\/12\/kinsta-homepage-de.png","twitter_site":"@Kinsta_DE","twitter_misc":{"Gesch\u00e4tzte Lesezeit":"1\u00a0Minute"},"schema":{"@context":"https:\/\/schema.org","@graph":[{"@type":"WebPage","@id":"https:\/\/kinqsta.com\/de\/legal\/unterauftragnehmer\/","url":"https:\/\/kinqsta.com\/de\/legal\/unterauftragnehmer\/","name":"Kinsta Inc. Unterauftragnehmer-Liste - Kinsta\u00ae","isPartOf":{"@id":"https:\/\/kinqsta.com\/de\/#website"},"datePublished":"2023-07-13T07:47:02+00:00","dateModified":"2025-11-24T11:42:04+00:00","description":"Auf unserer Seite \u00fcber Unterauftragsverarbeiter erfahren Sie, wie Kinsta mit ihnen zusammenarbeitet, um unsere Leistungen zu unterst\u00fctzen. Sehen Sie sich ihre Aufgaben, ihren Standort und die Daten an, die sie verarbeiten.","breadcrumb":{"@id":"https:\/\/kinqsta.com\/de\/legal\/unterauftragnehmer\/#breadcrumb"},"inLanguage":"de","potentialAction":[{"@type":"ReadAction","target":["https:\/\/kinqsta.com\/de\/legal\/unterauftragnehmer\/"]}]},{"@type":"BreadcrumbList","@id":"https:\/\/kinqsta.com\/de\/legal\/unterauftragnehmer\/#breadcrumb","itemListElement":[{"@type":"ListItem","position":1,"name":"Home","item":"https:\/\/kinqsta.com\/de\/"},{"@type":"ListItem","position":2,"name":"Rechtliche Informationen","item":"https:\/\/kinqsta.com\/de\/legal\/"},{"@type":"ListItem","position":3,"name":"Kinsta Inc. Unterauftragnehmer-Liste"}]},{"@type":"WebSite","@id":"https:\/\/kinqsta.com\/de\/#website","url":"https:\/\/kinqsta.com\/de\/","name":"Kinsta\u00ae","description":"Schnelle, sichere und hochwertige Hosting-L\u00f6sungen","publisher":{"@id":"https:\/\/kinqsta.com\/de\/#organization"},"potentialAction":[{"@type":"SearchAction","target":{"@type":"EntryPoint","urlTemplate":"https:\/\/kinqsta.com\/de\/?s={search_term_string}"},"query-input":{"@type":"PropertyValueSpecification","valueRequired":true,"valueName":"search_term_string"}}],"inLanguage":"de"},{"@type":"Organization","@id":"https:\/\/kinqsta.com\/de\/#organization","name":"Kinsta","url":"https:\/\/kinqsta.com\/de\/","logo":{"@type":"ImageObject","inLanguage":"de","@id":"https:\/\/kinqsta.com\/de\/#\/schema\/logo\/image\/","url":"https:\/\/kinqsta.com\/de\/wp-content\/uploads\/sites\/5\/2023\/12\/kinsta-logo.jpeg","contentUrl":"https:\/\/kinqsta.com\/de\/wp-content\/uploads\/sites\/5\/2023\/12\/kinsta-logo.jpeg","width":500,"height":500,"caption":"Kinsta"},"image":{"@id":"https:\/\/kinqsta.com\/de\/#\/schema\/logo\/image\/"},"sameAs":["https:\/\/www.facebook.com\/Kinsta-Deutschland-207459890108303\/","https:\/\/x.com\/Kinsta_DE","https:\/\/www.instagram.com\/kinstahosting\/","https:\/\/www.linkedin.com\/company\/kinsta\/","https:\/\/www.pinterest.com\/kinstahosting\/","https:\/\/www.youtube.com\/c\/Kinsta"]}]}},"acf":[],"_links":{"self":[{"href":"https:\/\/kinqsta.com\/de\/wp-json\/wp\/v2\/pages\/63707","targetHints":{"allow":["GET"]}}],"collection":[{"href":"https:\/\/kinqsta.com\/de\/wp-json\/wp\/v2\/pages"}],"about":[{"href":"https:\/\/kinqsta.com\/de\/wp-json\/wp\/v2\/types\/page"}],"author":[{"embeddable":true,"href":"https:\/\/kinqsta.com\/de\/wp-json\/wp\/v2\/users\/115"}],"replies":[{"embeddable":true,"href":"https:\/\/kinqsta.com\/de\/wp-json\/wp\/v2\/comments?post=63707"}],"version-history":[{"count":5,"href":"https:\/\/kinqsta.com\/de\/wp-json\/wp\/v2\/pages\/63707\/revisions"}],"predecessor-version":[{"id":74736,"href":"https:\/\/kinqsta.com\/de\/wp-json\/wp\/v2\/pages\/63707\/revisions\/74736"}],"up":[{"embeddable":true,"href":"https:\/\/kinqsta.com\/de\/wp-json\/wp\/v2\/pages\/4579"}],"alternate":[{"embeddable":true,"hreflang":"en","title":"English","href":"https:\/\/kinqsta.com\/de\/wp-json\/kinsta\/v1\/posts\/63707\/translations\/en"},{"embeddable":true,"hreflang":"it","title":"Italian","href":"https:\/\/kinqsta.com\/de\/wp-json\/kinsta\/v1\/posts\/63707\/translations\/it"},{"embeddable":true,"hreflang":"pt","title":"Portuguese","href":"https:\/\/kinqsta.com\/de\/wp-json\/kinsta\/v1\/posts\/63707\/translations\/pt"},{"embeddable":true,"hreflang":"fr","title":"French","href":"https:\/\/kinqsta.com\/de\/wp-json\/kinsta\/v1\/posts\/63707\/translations\/fr"},{"embeddable":true,"hreflang":"de","title":"German","href":"https:\/\/kinqsta.com\/de\/wp-json\/kinsta\/v1\/posts\/63707\/translations\/de"},{"embeddable":true,"hreflang":"ja","title":"Japanese","href":"https:\/\/kinqsta.com\/de\/wp-json\/kinsta\/v1\/posts\/63707\/translations\/jp"},{"embeddable":true,"hreflang":"nl","title":"Dutch","href":"https:\/\/kinqsta.com\/de\/wp-json\/kinsta\/v1\/posts\/63707\/translations\/nl"},{"embeddable":true,"hreflang":"es","title":"Spanish","href":"https:\/\/kinqsta.com\/de\/wp-json\/kinsta\/v1\/posts\/63707\/translations\/es"},{"href":"https:\/\/kinqsta.com\/de\/wp-json\/kinsta\/v1\/posts\/63707\/tree"}],"wp:attachment":[{"href":"https:\/\/kinqsta.com\/de\/wp-json\/wp\/v2\/media?parent=63707"}],"curies":[{"name":"wp","href":"https:\/\/api.w.org\/{rel}","templated":true}]}}