{"id":41380,"date":"2021-05-02T09:03:55","date_gmt":"2021-05-02T07:03:55","guid":{"rendered":"https:\/\/kinqsta.com\/?page_id=91727"},"modified":"2024-03-18T22:48:12","modified_gmt":"2024-03-18T21:48:12","slug":"seitengeschwindigkeit-cheat-sheet","status":"publish","type":"page","link":"https:\/\/kinqsta.com\/de\/cheat-sheets\/seitengeschwindigkeit-cheat-sheet\/","title":{"rendered":"Seitengeschwindigkeit Cheat Sheet"},"content":{"rendered":"\n<header class=\"wp-block-kinsta-hero-title is-style-center-screenshot alignfull\"><div class=\"wp-block-kinsta-hero-title__inner\">\n<div class=\"wp-block-kinsta-columns is-vertical-center\">\n<div class=\"wp-block-kinsta-column wp-block-kinsta-columns__column\">\n<div class=\"wp-block-kinsta-hero-title-content wp-block-kinsta-hero-title__content\"><h1 class=\"wp-block-kinsta-hero-title__title\">Seitengeschwindigkeit Cheat Sheet<\/h1>\n<p>Eine schnelle Seite ist entscheidend f\u00fcr das Wachstum deines Unternehmens. Sie wirkt sich auf die Suchmaschinenoptimierung aus, verringert die Absprungrate und maximiert die Conversions. Du wei\u00dft nicht, wo du anfangen sollst? Hier sind 5 Dinge, die sich auf die Geschwindigkeit deiner Seite auswirken und die du sofort in Angriff nehmen kannst.<\/p>\n\n\n\n<div class=\"wp-block-kinsta-buttons alignleft\">\n<a class=\"wp-block-kinsta-button has-turquoise-color\" href=\"#download\">Kostenlos herunterladen<\/a>\n\n\n<\/div>\n<\/div>\n<\/div>\n\n\n\n<div class=\"wp-block-kinsta-column wp-block-kinsta-columns__column\">\n<div class=\"wp-block-kinsta-hero-title-secondary wp-block-kinsta-hero-title__secondary\"><\/div>\n<\/div>\n<\/div>\n<\/div><\/header>\n\n\n<dialog  id=\"download\" class=\"dialog\" aria-hidden=\"true\">\n    <header class=\"dialog__header\">\n                    <h2 class=\"dialog__title\">\n                Lade das Cheatsheet herunter            <\/h2>\n            <\/header>\n\n    <div class=\"dialog__content\">\n        <div class=\"signup-modal\">\n    <kinsta-form show-name=\"true\" show-message=\"false\" submit-button-text=\"Jetzt Zugang erhalten\" success-title=\"Danke!\" success-message=\"Wir hoffen, Sie genie\u00dfen es!\" hubspot-source=\"site-speed-cheat-sheet\" show-phone=\"false\" show-website=\"false\" show-company=\"true\" show-disk-space=\"false\" show-monthly-visits=\"false\" show-average-project-budget=\"false\" show-services-provided=\"false\" show-number-of-websites=\"false\" submit-button-text-loading=\"Daten \u00fcbermitteln\" success-redirect=\"https:\/\/kinqsta.com\/de\/wp-content\/uploads\/sites\/5\/2024\/03\/DE-site-speed-cheat-sheet-2.pdf\"><\/kinsta-form>\n<\/div>\n    <\/div>\n\n    <\/dialog>\n\n\n\n<div class=\"wp-block-kinsta-columns is-reverse is-vertical-center\">\n<div class=\"wp-block-kinsta-column wp-block-kinsta-columns__column\">\n<figure class=\"wp-block-image aligncenter size-large is-style-plain\"><img loading=\"lazy\" decoding=\"async\" width=\"445\" height=\"519\" src=\"https:\/\/kinqsta.com\/de\/wp-content\/uploads\/sites\/5\/2021\/05\/EBOOK-Speed-DE.png\" alt class=\"wp-image-41460\" srcset=\"https:\/\/kinqsta.com\/de\/wp-content\/uploads\/sites\/5\/2021\/05\/EBOOK-Speed-DE.png 445w, https:\/\/kinqsta.com\/de\/wp-content\/uploads\/sites\/5\/2021\/05\/EBOOK-Speed-DE-257x300.png 257w\" sizes=\"auto, (max-width: 445px) 100vw, 445px\" \/><\/figure>\n<\/div>\n\n\n\n<div class=\"wp-block-kinsta-column wp-block-kinsta-columns__column\">\n<h2 class=\"wp-block-heading\" id=\"h-vielleicht-gef-llt-dir-auch-dieses-ebook\">Vielleicht gef\u00e4llt dir auch dieses eBook<\/h2>\n\n\n\n<p><mark class=\"has-inline-color has-dark-blue-color\">Wir teilen alles, was wir dar\u00fcber wissen, wie man eine WordPress-Seite beschleunigt, in diesem kostenlosen eBook. Es enth\u00e4lt 15 Jahre Erfahrung, 200+ bew\u00e4hrte Tipps und eine Schritt-f\u00fcr-Schritt-Anleitung, wie du deine Seite schneller machst.<\/mark><\/p>\n\n\n\n<h3 class=\"wp-block-heading\" id=\"h-lade-das-e-book-herunter-und-lerne\">Lade das E-Book herunter und lerne:<\/h3>\n\n\n\n<ul class=\"wp-block-list\">\n<li><mark class=\"has-inline-color has-dark-blue-color\">Unterschiedliche WordPress-Seiten-Typen<\/mark><\/li>\n\n\n\n<li><mark class=\"has-inline-color has-dark-blue-color\">Auswahl und Verwaltung eines leistungsstarken Hosts<\/mark><\/li>\n\n\n\n<li><mark class=\"has-inline-color has-dark-blue-color\">Das Wichtigste \u00fcber WordPress Themes und Plugins<\/mark><\/li>\n\n\n\n<li><mark class=\"has-inline-color has-dark-blue-color\">Feinabstimmung der WordPress-Einstellungen<\/mark><\/li>\n\n\n\n<li><mark class=\"has-inline-color has-dark-blue-color\">Fehlerbehebung bei Langsamkeit<\/mark><\/li>\n\n\n\n<li><mark class=\"has-inline-color has-dark-blue-color\">Front-End- und Back-End-Optimierung<\/mark><\/li>\n\n\n\n<li><mark class=\"has-inline-color has-dark-blue-color\">Und vieles mehr!<\/mark><\/li>\n<\/ul>\n\n\n\n<div class=\"wp-block-kinsta-buttons\">\n<a class=\"wp-block-kinsta-button\" href=\"https:\/\/kinqsta.com\/de\/ebooks\/wordpress\/wordpress-beschleunigen\/\">Lade das eBook herunter<\/a>\n<\/div>\n<\/div>\n<\/div>\n","protected":false},"excerpt":{"rendered":"","protected":false},"author":115,"featured_media":64707,"parent":41378,"menu_order":0,"comment_status":"closed","ping_status":"closed","template":"","meta":{"_kinsta_gated_content":false,"_kinsta_gated_content_redirect":"https:\/\/kinqsta.com\/cheatsheets\/","footnotes":""},"class_list":["post-41380","page","type-page","status-publish","has-post-thumbnail","hentry"],"yoast_head":"<!-- This site is optimized with the Yoast SEO Premium plugin v24.6 (Yoast SEO v24.6) - https:\/\/yoast.com\/wordpress\/plugins\/seo\/ -->\n<title>Seitengeschwindigkeit Cheat Sheet - Kinsta\u00ae<\/title>\n<meta name=\"description\" content=\"Die Geschwindigkeit einer Seite ist entscheidend f\u00fcr die Suchmaschinenoptimierung und die Maximierung der Conversions, aber es ist nicht immer klar, wo man anfangen soll. Finde die h\u00e4ufigsten Probleme, um die Geschwindigkeit deiner Seite zu verbessern.\" \/>\n<meta name=\"robots\" content=\"index, follow, max-snippet:-1, max-image-preview:large, max-video-preview:-1\" \/>\n<link rel=\"canonical\" href=\"https:\/\/kinqsta.com\/de\/cheat-sheets\/seitengeschwindigkeit-cheat-sheet\/\" \/>\n<meta property=\"og:locale\" content=\"de_DE\" \/>\n<meta property=\"og:type\" content=\"article\" \/>\n<meta property=\"og:title\" content=\"Seitengeschwindigkeit Cheat Sheet\" \/>\n<meta property=\"og:description\" content=\"Die Geschwindigkeit einer Seite ist entscheidend f\u00fcr die Suchmaschinenoptimierung und die Maximierung der Conversions, aber es ist nicht immer klar, wo man anfangen soll. Finde die h\u00e4ufigsten Probleme, um die Geschwindigkeit deiner Seite zu verbessern.\" \/>\n<meta property=\"og:url\" content=\"https:\/\/kinqsta.com\/de\/cheat-sheets\/seitengeschwindigkeit-cheat-sheet\/\" \/>\n<meta property=\"og:site_name\" content=\"Kinsta\u00ae\" \/>\n<meta property=\"article:publisher\" content=\"https:\/\/www.facebook.com\/Kinsta-Deutschland-207459890108303\/\" \/>\n<meta property=\"article:modified_time\" content=\"2024-03-18T21:48:12+00:00\" \/>\n<meta property=\"og:image\" content=\"https:\/\/kinqsta.com\/de\/wp-content\/uploads\/sites\/5\/2023\/08\/Site-Speed-DE.jpg\" \/>\n\t<meta property=\"og:image:width\" content=\"1200\" \/>\n\t<meta property=\"og:image:height\" content=\"628\" \/>\n\t<meta property=\"og:image:type\" content=\"image\/jpeg\" \/>\n<meta name=\"twitter:card\" content=\"summary_large_image\" \/>\n<meta name=\"twitter:description\" content=\"Die Geschwindigkeit einer Seite ist entscheidend f\u00fcr die Suchmaschinenoptimierung und die Maximierung der Conversions, aber es ist nicht immer klar, wo man anfangen soll. Finde die h\u00e4ufigsten Probleme, um die Geschwindigkeit deiner Seite zu verbessern.\" \/>\n<meta name=\"twitter:image\" content=\"https:\/\/kinqsta.com\/de\/wp-content\/uploads\/sites\/5\/2023\/08\/Site-Speed-DE.jpg\" \/>\n<meta name=\"twitter:site\" content=\"@Kinsta_DE\" \/>\n<meta name=\"twitter:label1\" content=\"Gesch\u00e4tzte Lesezeit\" \/>\n\t<meta name=\"twitter:data1\" content=\"1\u00a0Minute\" \/>\n<script type=\"application\/ld+json\" class=\"yoast-schema-graph\">{\"@context\":\"https:\/\/schema.org\",\"@graph\":[{\"@type\":\"WebPage\",\"@id\":\"https:\/\/kinqsta.com\/de\/cheat-sheets\/seitengeschwindigkeit-cheat-sheet\/\",\"url\":\"https:\/\/kinqsta.com\/de\/cheat-sheets\/seitengeschwindigkeit-cheat-sheet\/\",\"name\":\"Seitengeschwindigkeit Cheat Sheet - Kinsta\u00ae\",\"isPartOf\":{\"@id\":\"https:\/\/kinqsta.com\/de\/#website\"},\"primaryImageOfPage\":{\"@id\":\"https:\/\/kinqsta.com\/de\/cheat-sheets\/seitengeschwindigkeit-cheat-sheet\/#primaryimage\"},\"image\":{\"@id\":\"https:\/\/kinqsta.com\/de\/cheat-sheets\/seitengeschwindigkeit-cheat-sheet\/#primaryimage\"},\"thumbnailUrl\":\"https:\/\/kinqsta.com\/de\/wp-content\/uploads\/sites\/5\/2023\/08\/Site-Speed-DE.jpg\",\"datePublished\":\"2021-05-02T07:03:55+00:00\",\"dateModified\":\"2024-03-18T21:48:12+00:00\",\"description\":\"Die Geschwindigkeit einer Seite ist entscheidend f\u00fcr die Suchmaschinenoptimierung und die Maximierung der Conversions, aber es ist nicht immer klar, wo man anfangen soll. Finde die h\u00e4ufigsten Probleme, um die Geschwindigkeit deiner Seite zu verbessern.\",\"breadcrumb\":{\"@id\":\"https:\/\/kinqsta.com\/de\/cheat-sheets\/seitengeschwindigkeit-cheat-sheet\/#breadcrumb\"},\"inLanguage\":\"de\",\"potentialAction\":[{\"@type\":\"ReadAction\",\"target\":[\"https:\/\/kinqsta.com\/de\/cheat-sheets\/seitengeschwindigkeit-cheat-sheet\/\"]}]},{\"@type\":\"ImageObject\",\"inLanguage\":\"de\",\"@id\":\"https:\/\/kinqsta.com\/de\/cheat-sheets\/seitengeschwindigkeit-cheat-sheet\/#primaryimage\",\"url\":\"https:\/\/kinqsta.com\/de\/wp-content\/uploads\/sites\/5\/2023\/08\/Site-Speed-DE.jpg\",\"contentUrl\":\"https:\/\/kinqsta.com\/de\/wp-content\/uploads\/sites\/5\/2023\/08\/Site-Speed-DE.jpg\",\"width\":1200,\"height\":628},{\"@type\":\"BreadcrumbList\",\"@id\":\"https:\/\/kinqsta.com\/de\/cheat-sheets\/seitengeschwindigkeit-cheat-sheet\/#breadcrumb\",\"itemListElement\":[{\"@type\":\"ListItem\",\"position\":1,\"name\":\"Home\",\"item\":\"https:\/\/kinqsta.com\/de\/\"},{\"@type\":\"ListItem\",\"position\":2,\"name\":\"Cheat Sheets\",\"item\":\"https:\/\/kinqsta.com\/de\/cheat-sheets\/\"},{\"@type\":\"ListItem\",\"position\":3,\"name\":\"Seitengeschwindigkeit Cheat Sheet\"}]},{\"@type\":\"WebSite\",\"@id\":\"https:\/\/kinqsta.com\/de\/#website\",\"url\":\"https:\/\/kinqsta.com\/de\/\",\"name\":\"Kinsta\u00ae\",\"description\":\"Schnelle, sichere und hochwertige Hosting-L\u00f6sungen\",\"publisher\":{\"@id\":\"https:\/\/kinqsta.com\/de\/#organization\"},\"potentialAction\":[{\"@type\":\"SearchAction\",\"target\":{\"@type\":\"EntryPoint\",\"urlTemplate\":\"https:\/\/kinqsta.com\/de\/?s={search_term_string}\"},\"query-input\":{\"@type\":\"PropertyValueSpecification\",\"valueRequired\":true,\"valueName\":\"search_term_string\"}}],\"inLanguage\":\"de\"},{\"@type\":\"Organization\",\"@id\":\"https:\/\/kinqsta.com\/de\/#organization\",\"name\":\"Kinsta\",\"url\":\"https:\/\/kinqsta.com\/de\/\",\"logo\":{\"@type\":\"ImageObject\",\"inLanguage\":\"de\",\"@id\":\"https:\/\/kinqsta.com\/de\/#\/schema\/logo\/image\/\",\"url\":\"https:\/\/kinqsta.com\/de\/wp-content\/uploads\/sites\/5\/2023\/12\/kinsta-logo.jpeg\",\"contentUrl\":\"https:\/\/kinqsta.com\/de\/wp-content\/uploads\/sites\/5\/2023\/12\/kinsta-logo.jpeg\",\"width\":500,\"height\":500,\"caption\":\"Kinsta\"},\"image\":{\"@id\":\"https:\/\/kinqsta.com\/de\/#\/schema\/logo\/image\/\"},\"sameAs\":[\"https:\/\/www.facebook.com\/Kinsta-Deutschland-207459890108303\/\",\"https:\/\/x.com\/Kinsta_DE\",\"https:\/\/www.instagram.com\/kinstahosting\/\",\"https:\/\/www.linkedin.com\/company\/kinsta\/\",\"https:\/\/www.pinterest.com\/kinstahosting\/\",\"https:\/\/www.youtube.com\/c\/Kinsta\"]}]}<\/script>\n<!-- \/ Yoast SEO Premium plugin. -->","yoast_head_json":{"title":"Seitengeschwindigkeit Cheat Sheet - Kinsta\u00ae","description":"Die Geschwindigkeit einer Seite ist entscheidend f\u00fcr die Suchmaschinenoptimierung und die Maximierung der Conversions, aber es ist nicht immer klar, wo man anfangen soll. Finde die h\u00e4ufigsten Probleme, um die Geschwindigkeit deiner Seite zu verbessern.","robots":{"index":"index","follow":"follow","max-snippet":"max-snippet:-1","max-image-preview":"max-image-preview:large","max-video-preview":"max-video-preview:-1"},"canonical":"https:\/\/kinqsta.com\/de\/cheat-sheets\/seitengeschwindigkeit-cheat-sheet\/","og_locale":"de_DE","og_type":"article","og_title":"Seitengeschwindigkeit Cheat Sheet","og_description":"Die Geschwindigkeit einer Seite ist entscheidend f\u00fcr die Suchmaschinenoptimierung und die Maximierung der Conversions, aber es ist nicht immer klar, wo man anfangen soll. Finde die h\u00e4ufigsten Probleme, um die Geschwindigkeit deiner Seite zu verbessern.","og_url":"https:\/\/kinqsta.com\/de\/cheat-sheets\/seitengeschwindigkeit-cheat-sheet\/","og_site_name":"Kinsta\u00ae","article_publisher":"https:\/\/www.facebook.com\/Kinsta-Deutschland-207459890108303\/","article_modified_time":"2024-03-18T21:48:12+00:00","og_image":[{"width":1200,"height":628,"url":"https:\/\/kinqsta.com\/de\/wp-content\/uploads\/sites\/5\/2023\/08\/Site-Speed-DE.jpg","type":"image\/jpeg"}],"twitter_card":"summary_large_image","twitter_description":"Die Geschwindigkeit einer Seite ist entscheidend f\u00fcr die Suchmaschinenoptimierung und die Maximierung der Conversions, aber es ist nicht immer klar, wo man anfangen soll. Finde die h\u00e4ufigsten Probleme, um die Geschwindigkeit deiner Seite zu verbessern.","twitter_image":"https:\/\/kinqsta.com\/de\/wp-content\/uploads\/sites\/5\/2023\/08\/Site-Speed-DE.jpg","twitter_site":"@Kinsta_DE","twitter_misc":{"Gesch\u00e4tzte Lesezeit":"1\u00a0Minute"},"schema":{"@context":"https:\/\/schema.org","@graph":[{"@type":"WebPage","@id":"https:\/\/kinqsta.com\/de\/cheat-sheets\/seitengeschwindigkeit-cheat-sheet\/","url":"https:\/\/kinqsta.com\/de\/cheat-sheets\/seitengeschwindigkeit-cheat-sheet\/","name":"Seitengeschwindigkeit Cheat Sheet - Kinsta\u00ae","isPartOf":{"@id":"https:\/\/kinqsta.com\/de\/#website"},"primaryImageOfPage":{"@id":"https:\/\/kinqsta.com\/de\/cheat-sheets\/seitengeschwindigkeit-cheat-sheet\/#primaryimage"},"image":{"@id":"https:\/\/kinqsta.com\/de\/cheat-sheets\/seitengeschwindigkeit-cheat-sheet\/#primaryimage"},"thumbnailUrl":"https:\/\/kinqsta.com\/de\/wp-content\/uploads\/sites\/5\/2023\/08\/Site-Speed-DE.jpg","datePublished":"2021-05-02T07:03:55+00:00","dateModified":"2024-03-18T21:48:12+00:00","description":"Die Geschwindigkeit einer Seite ist entscheidend f\u00fcr die Suchmaschinenoptimierung und die Maximierung der Conversions, aber es ist nicht immer klar, wo man anfangen soll. Finde die h\u00e4ufigsten Probleme, um die Geschwindigkeit deiner Seite zu verbessern.","breadcrumb":{"@id":"https:\/\/kinqsta.com\/de\/cheat-sheets\/seitengeschwindigkeit-cheat-sheet\/#breadcrumb"},"inLanguage":"de","potentialAction":[{"@type":"ReadAction","target":["https:\/\/kinqsta.com\/de\/cheat-sheets\/seitengeschwindigkeit-cheat-sheet\/"]}]},{"@type":"ImageObject","inLanguage":"de","@id":"https:\/\/kinqsta.com\/de\/cheat-sheets\/seitengeschwindigkeit-cheat-sheet\/#primaryimage","url":"https:\/\/kinqsta.com\/de\/wp-content\/uploads\/sites\/5\/2023\/08\/Site-Speed-DE.jpg","contentUrl":"https:\/\/kinqsta.com\/de\/wp-content\/uploads\/sites\/5\/2023\/08\/Site-Speed-DE.jpg","width":1200,"height":628},{"@type":"BreadcrumbList","@id":"https:\/\/kinqsta.com\/de\/cheat-sheets\/seitengeschwindigkeit-cheat-sheet\/#breadcrumb","itemListElement":[{"@type":"ListItem","position":1,"name":"Home","item":"https:\/\/kinqsta.com\/de\/"},{"@type":"ListItem","position":2,"name":"Cheat Sheets","item":"https:\/\/kinqsta.com\/de\/cheat-sheets\/"},{"@type":"ListItem","position":3,"name":"Seitengeschwindigkeit Cheat Sheet"}]},{"@type":"WebSite","@id":"https:\/\/kinqsta.com\/de\/#website","url":"https:\/\/kinqsta.com\/de\/","name":"Kinsta\u00ae","description":"Schnelle, sichere und hochwertige Hosting-L\u00f6sungen","publisher":{"@id":"https:\/\/kinqsta.com\/de\/#organization"},"potentialAction":[{"@type":"SearchAction","target":{"@type":"EntryPoint","urlTemplate":"https:\/\/kinqsta.com\/de\/?s={search_term_string}"},"query-input":{"@type":"PropertyValueSpecification","valueRequired":true,"valueName":"search_term_string"}}],"inLanguage":"de"},{"@type":"Organization","@id":"https:\/\/kinqsta.com\/de\/#organization","name":"Kinsta","url":"https:\/\/kinqsta.com\/de\/","logo":{"@type":"ImageObject","inLanguage":"de","@id":"https:\/\/kinqsta.com\/de\/#\/schema\/logo\/image\/","url":"https:\/\/kinqsta.com\/de\/wp-content\/uploads\/sites\/5\/2023\/12\/kinsta-logo.jpeg","contentUrl":"https:\/\/kinqsta.com\/de\/wp-content\/uploads\/sites\/5\/2023\/12\/kinsta-logo.jpeg","width":500,"height":500,"caption":"Kinsta"},"image":{"@id":"https:\/\/kinqsta.com\/de\/#\/schema\/logo\/image\/"},"sameAs":["https:\/\/www.facebook.com\/Kinsta-Deutschland-207459890108303\/","https:\/\/x.com\/Kinsta_DE","https:\/\/www.instagram.com\/kinstahosting\/","https:\/\/www.linkedin.com\/company\/kinsta\/","https:\/\/www.pinterest.com\/kinstahosting\/","https:\/\/www.youtube.com\/c\/Kinsta"]}]}},"acf":[],"_links":{"self":[{"href":"https:\/\/kinqsta.com\/de\/wp-json\/wp\/v2\/pages\/41380","targetHints":{"allow":["GET"]}}],"collection":[{"href":"https:\/\/kinqsta.com\/de\/wp-json\/wp\/v2\/pages"}],"about":[{"href":"https:\/\/kinqsta.com\/de\/wp-json\/wp\/v2\/types\/page"}],"author":[{"embeddable":true,"href":"https:\/\/kinqsta.com\/de\/wp-json\/wp\/v2\/users\/115"}],"replies":[{"embeddable":true,"href":"https:\/\/kinqsta.com\/de\/wp-json\/wp\/v2\/comments?post=41380"}],"version-history":[{"count":12,"href":"https:\/\/kinqsta.com\/de\/wp-json\/wp\/v2\/pages\/41380\/revisions"}],"predecessor-version":[{"id":69525,"href":"https:\/\/kinqsta.com\/de\/wp-json\/wp\/v2\/pages\/41380\/revisions\/69525"}],"up":[{"embeddable":true,"href":"https:\/\/kinqsta.com\/de\/wp-json\/wp\/v2\/pages\/41378"}],"alternate":[{"embeddable":true,"hreflang":"en","title":"English","href":"https:\/\/kinqsta.com\/de\/wp-json\/kinsta\/v1\/posts\/41380\/translations\/en"},{"embeddable":true,"hreflang":"da","title":"Danish","href":"https:\/\/kinqsta.com\/de\/wp-json\/kinsta\/v1\/posts\/41380\/translations\/dk"},{"embeddable":true,"hreflang":"nl","title":"Dutch","href":"https:\/\/kinqsta.com\/de\/wp-json\/kinsta\/v1\/posts\/41380\/translations\/nl"},{"embeddable":true,"hreflang":"fr","title":"French","href":"https:\/\/kinqsta.com\/de\/wp-json\/kinsta\/v1\/posts\/41380\/translations\/fr"},{"embeddable":true,"hreflang":"de","title":"German","href":"https:\/\/kinqsta.com\/de\/wp-json\/kinsta\/v1\/posts\/41380\/translations\/de"},{"embeddable":true,"hreflang":"it","title":"Italian","href":"https:\/\/kinqsta.com\/de\/wp-json\/kinsta\/v1\/posts\/41380\/translations\/it"},{"embeddable":true,"hreflang":"ja","title":"Japanese","href":"https:\/\/kinqsta.com\/de\/wp-json\/kinsta\/v1\/posts\/41380\/translations\/jp"},{"embeddable":true,"hreflang":"pt","title":"Portuguese","href":"https:\/\/kinqsta.com\/de\/wp-json\/kinsta\/v1\/posts\/41380\/translations\/pt"},{"embeddable":true,"hreflang":"es","title":"Spanish","href":"https:\/\/kinqsta.com\/de\/wp-json\/kinsta\/v1\/posts\/41380\/translations\/es"},{"embeddable":true,"hreflang":"sv","title":"Swedish","href":"https:\/\/kinqsta.com\/de\/wp-json\/kinsta\/v1\/posts\/41380\/translations\/se"},{"href":"https:\/\/kinqsta.com\/de\/wp-json\/kinsta\/v1\/posts\/41380\/tree"}],"wp:featuredmedia":[{"embeddable":true,"href":"https:\/\/kinqsta.com\/de\/wp-json\/wp\/v2\/media\/64707"}],"wp:attachment":[{"href":"https:\/\/kinqsta.com\/de\/wp-json\/wp\/v2\/media?parent=41380"}],"curies":[{"name":"wp","href":"https:\/\/api.w.org\/{rel}","templated":true}]}}